{"id":1002,"date":"2022-11-08T18:45:51","date_gmt":"2022-11-08T21:45:51","guid":{"rendered":"https:\/\/promocaododia.com.br\/site\/?post_type=product&#038;p=1002"},"modified":"2022-11-08T18:53:17","modified_gmt":"2022-11-08T21:53:17","slug":"conjunto-frigideira-antiaderente-color-n16-18-e-22-1-espatula-de-nylon-marcolar","status":"publish","type":"product","link":"https:\/\/promocaododia.com.br\/site\/produto\/conjunto-frigideira-antiaderente-color-n16-18-e-22-1-espatula-de-nylon-marcolar\/","title":{"rendered":"Conjunto Frigideira Antiaderente Color n16, 18 e 22 + 1 Esp\u00e1tula de Nylon- &#8211; Marcolar"},"content":{"rendered":"<p>Bem vindo a loja Coisas &amp; Trecos, aqui voc\u00ea encontra de tudo para sua cozinha todos os produtos a pronta entrega com garantia total. Caracter\u00edsticas principais Marca Marcolar Modelo Frigideira Antiaderente n\u00b0 16, 18 e 22 Cor Preta , Cereja, Vermelha e Turquesa (Teflon Antiaderente) Outras caracter\u00edsticas \u00c9 kit: sim Descri\u00e7\u00e3o CARACTER\u00cdSTICAS: Longa durabilidade; N\u00e3o enferruja; F\u00e1cil higieniza\u00e7\u00e3o e manuseio; Simples, seguro e pr\u00e1tico; Material do corpo em alum\u00ednio refor\u00e7ado; Cor predominante: Preto, Cereja, Vermelho e Turquesa Antiaderente. ITENS INCLUSOS: 01 UND &#8211; FRIGIDEIRA ANTIADERENTE N\u00b016 01 UND &#8211; FRIGIDEIRA ANTIADERENTE N\u00b018 01 UND &#8211; FRIGIDEIRA ANTIADERENTE N\u00b022 01 UND- ESPATULA DE NYLON ESPECIFICA\u00c7\u00d5ES T\u00c9CNICAS: .FRIGIDEIRA ATIADERENTE &#8211; N\u00b016 Di\u00e2metro: 16 cm; Altura: 3 cm; Peso vazio: 0,131 Kg; .FRIGIDEIRA ANTIADERENTE &#8211; N\u00b018 Di\u00e2metro: 18 cm; Altura: 4 cm; Peso vazio: 0,148 Kg; .FRIGIDEIRA ANTIADERENTE &#8211; N\u00b022 Di\u00e2metro: 22 cm; Altura: 4 cm; Peso vazio: 0,161 Kg *ATEN\u00c7\u00c3O* Instru\u00e7\u00f5es De Uso: As panelas com antiaderente Teflon ter\u00e3o maior durabilidade se as instru\u00e7\u00f5es abaixo forem seguidas. * Evite a imers\u00e3o da panela quente em \u00e1gua fria. Deixe esfriar antes de lavar * Lave interna e externamente usando apenas uma esponja macia, sab\u00e3o neutro ou detergente l\u00edquido. Enxugue bem com um pano seco. * Evite esquentar demais a panela vazia. Use em fogo baixo ou m\u00e9dio para reter o valor nutritivo dos alimentos e conservar o antiaderente. * Evite aquecer a temperaturas superiores a 350\u00b0C. * Para mexer ou tirar o alimento, use somente utens\u00edlios de nylon ou silicone. * Nunca corte alimentos diretamente no revestimento antiaderente. * Nunca utilize produtos abrasivos na lavagem, como sapon\u00e1ceos ou palhas de a\u00e7o. * Se deixar queimar alimentos, deixe seu produto de molho em \u00e1gua para soltar durante algum tempo antes de lav\u00e1-lo. D\u00favidas Frequentes &#8212;&#8212;&#8212;&#8212;&#8212;&#8212;&#8212;&#8212;&#8212;&#8212;&#8212;&#8212;&#8212;&#8212;&#8212;&#8212;&#8212;&#8212;&#8212;&#8212;&#8212;&#8212;&#8212;&#8212;&#8212;&#8212;&#8212;&#8212;&#8212;&#8212;&#8212;&#8212;- 1 &#8211; Os produtos s\u00e3o novos? R: Todos os produtos que comercializamos s\u00e3o produtos novos e com garantia. 2 &#8211; A mercadoria est\u00e1 dispon\u00edvel \u00e0 pronta entrega? R: Todas as mercadorias s\u00e3o para pronta entrega. 3 &#8211; O produto acompanha nota fiscal? R: Toda a mercadoria \u00e9 acompanhada de nota fiscal emitida para o CPF\/CNPJ informado na compra. 4 &#8211; Como s\u00e3o realizadas as entregas? R: As entregas poder\u00e3o ser realizadas via Correios ou Transportadoras. As entregas realizadas via transportadora podem n\u00e3o ter c\u00f3digo de rastreio. 5 &#8211; O produto pode ser retirado? R: Sim, nos an\u00fancios que exibirem essa op\u00e7\u00e3o. 6 &#8211; Os produtos possuem garantia? R: Todos os produtos possuem garantia m\u00ednima de 30 dias. &#8212;&#8212;&#8212;&#8212;&#8212;&#8212;&#8212;&#8212;&#8212;&#8212;&#8212;&#8212;&#8212;&#8212;&#8212;&#8212;&#8212;&#8212;&#8212;&#8212;&#8212;&#8212;&#8212;&#8212;&#8212;&#8212;&#8212;&#8212;&#8212;&#8212;&#8212;&#8212;- &#8211; ATEN\u00c7\u00c3O PARA OS DADOS DE ENTREGA: BOAS COMPRAS!<\/p>\n","protected":false},"excerpt":{"rendered":"<p>Bem vindo a loja Coisas &amp; Trecos, aqui voc\u00ea encontra de tudo para sua cozinha todos os produtos a pronta entrega com garantia total. Caracter\u00edsticas principais Marca Marcolar Modelo Frigideira Antiaderente n\u00b0 16, 18 e 22 Cor Preta , Cereja, Vermelha e Turquesa (Teflon Antiaderente) Outras caracter\u00edsticas \u00c9 kit: sim Descri\u00e7\u00e3o CARACTER\u00cdSTICAS: Longa durabilidade; N\u00e3o enferruja; F\u00e1cil higieniza\u00e7\u00e3o e manuseio; Simples, seguro e pr\u00e1tico; Material do corpo em alum\u00ednio refor\u00e7ado; Cor predominante: Preto, Cereja, Vermelho e Turquesa Antiaderente. ITENS INCLUSOS: 01 UND &#8211; FRIGIDEIRA ANTIADERENTE N\u00b016 01 UND &#8211; FRIGIDEIRA ANTIADERENTE N\u00b018 01 UND &#8211; FRIGIDEIRA ANTIADERENTE N\u00b022 01 UND- ESPATULA DE NYLON ESPECIFICA\u00c7\u00d5ES T\u00c9CNICAS: .FRIGIDEIRA ATIADERENTE &#8211; N\u00b016 Di\u00e2metro: 16 cm; Altura: 3 cm; Peso vazio: 0,131 Kg; .FRIGIDEIRA ANTIADERENTE &#8211; N\u00b018 Di\u00e2metro: 18 cm; Altura: 4 cm; Peso vazio: 0,148 Kg; .FRIGIDEIRA ANTIADERENTE &#8211; N\u00b022 Di\u00e2metro: 22 cm; Altura: 4 cm; Peso vazio: 0,161 Kg *ATEN\u00c7\u00c3O* Instru\u00e7\u00f5es De Uso: As panelas com antiaderente Teflon ter\u00e3o maior durabilidade se as instru\u00e7\u00f5es abaixo forem seguidas. * Evite a imers\u00e3o da panela quente em \u00e1gua fria. Deixe esfriar antes de lavar * Lave interna e externamente usando apenas uma esponja macia, sab\u00e3o neutro ou detergente l\u00edquido. Enxugue bem com um pano seco. * Evite esquentar demais a panela vazia. Use em fogo baixo ou m\u00e9dio para reter o valor nutritivo dos alimentos e conservar o antiaderente. * Evite aquecer a temperaturas superiores a 350\u00b0C. * Para mexer ou tirar o alimento, use somente utens\u00edlios de nylon ou silicone. * Nunca corte alimentos diretamente no revestimento antiaderente. * Nunca utilize produtos abrasivos na lavagem, como sapon\u00e1ceos ou palhas de a\u00e7o. * Se deixar queimar alimentos, deixe seu produto de molho em \u00e1gua para soltar durante algum tempo antes de lav\u00e1-lo. D\u00favidas Frequentes &#8212;&#8212;&#8212;&#8212;&#8212;&#8212;&#8212;&#8212;&#8212;&#8212;&#8212;&#8212;&#8212;&#8212;&#8212;&#8212;&#8212;&#8212;&#8212;&#8212;&#8212;&#8212;&#8212;&#8212;&#8212;&#8212;&#8212;&#8212;&#8212;&#8212;&#8212;&#8212;- 1 &#8211; Os produtos s\u00e3o novos? R: Todos os produtos que comercializamos s\u00e3o produtos novos e com garantia. 2 &#8211; A mercadoria est\u00e1 dispon\u00edvel \u00e0 pronta entrega? R: Todas as mercadorias s\u00e3o para pronta entrega. 3 &#8211; O produto acompanha nota fiscal? R: Toda a mercadoria \u00e9 acompanhada de nota fiscal emitida para o CPF\/CNPJ informado na compra. 4 &#8211; Como s\u00e3o realizadas as entregas? R: As entregas poder\u00e3o ser realizadas via Correios ou Transportadoras. As entregas realizadas via transportadora podem n\u00e3o ter c\u00f3digo de rastreio. 5 &#8211; O produto pode ser retirado? R: Sim, nos an\u00fancios que exibirem essa op\u00e7\u00e3o. 6 &#8211; Os produtos possuem garantia? R: Todos os produtos possuem garantia m\u00ednima de 30 dias. &#8212;&#8212;&#8212;&#8212;&#8212;&#8212;&#8212;&#8212;&#8212;&#8212;&#8212;&#8212;&#8212;&#8212;&#8212;&#8212;&#8212;&#8212;&#8212;&#8212;&#8212;&#8212;&#8212;&#8212;&#8212;&#8212;&#8212;&#8212;&#8212;&#8212;&#8212;&#8212;- &#8211; ATEN\u00c7\u00c3O PARA OS DADOS DE ENTREGA: BOAS COMPRAS!<\/p>\n","protected":false},"featured_media":1005,"template":"","meta":{"_uag_custom_page_level_css":"","site-sidebar-layout":"default","site-content-layout":"default","ast-site-content-layout":"default","site-content-style":"default","site-sidebar-style":"default","ast-global-header-display":"","ast-banner-title-visibility":"","ast-main-header-display":"","ast-hfb-above-header-display":"","ast-hfb-below-header-display":"","ast-hfb-mobile-header-display":"","site-post-title":"","ast-breadcrumbs-content":"","ast-featured-img":"","footer-sml-layout":"","theme-transparent-header-meta":"default","adv-header-id-meta":"","stick-header-meta":"","header-above-stick-meta":"","header-main-stick-meta":"","header-below-stick-meta":"","astra-migrate-meta-layouts":"default","ast-page-background-enabled":"default","ast-page-background-meta":{"desktop":{"background-color":"","background-image":"","background-repeat":"repeat","background-position":"center center","background-size":"auto","background-attachment":"scroll","background-type":"","background-media":"","overlay-type":"","overlay-color":"","overlay-opacity":"","overlay-gradient":""},"tablet":{"background-color":"","background-image":"","background-repeat":"repeat","background-position":"center center","background-size":"auto","background-attachment":"scroll","background-type":"","background-media":"","overlay-type":"","overlay-color":"","overlay-opacity":"","overlay-gradient":""},"mobile":{"background-color":"","background-image":"","background-repeat":"repeat","background-position":"center center","background-size":"auto","background-attachment":"scroll","background-type":"","background-media":"","overlay-type":"","overlay-color":"","overlay-opacity":"","overlay-gradient":""}},"ast-content-background-meta":{"desktop":{"background-color":"var(--ast-global-color-5)","background-image":"","background-repeat":"repeat","background-position":"center center","background-size":"auto","background-attachment":"scroll","background-type":"","background-media":"","overlay-type":"","overlay-color":"","overlay-opacity":"","overlay-gradient":""},"tablet":{"background-color":"var(--ast-global-color-5)","background-image":"","background-repeat":"repeat","background-position":"center center","background-size":"auto","background-attachment":"scroll","background-type":"","background-media":"","overlay-type":"","overlay-color":"","overlay-opacity":"","overlay-gradient":""},"mobile":{"background-color":"var(--ast-global-color-5)","background-image":"","background-repeat":"repeat","background-position":"center center","background-size":"auto","background-attachment":"scroll","background-type":"","background-media":"","overlay-type":"","overlay-color":"","overlay-opacity":"","overlay-gradient":""}}},"product_brand":[],"product_cat":[19,18],"product_tag":[206,117,119],"class_list":{"0":"post-1002","1":"product","2":"type-product","3":"status-publish","4":"has-post-thumbnail","6":"product_cat-conjunto-de-panelas","7":"product_cat-utensilios-para-cozinhar","8":"product_tag-conjunto-de-panelas","9":"product_tag-cozinha","10":"product_tag-kit","11":"desktop-align-center","12":"tablet-align-left","13":"mobile-align-center","15":"first","16":"instock","17":"sale","18":"shipping-taxable","19":"product-type-external"},"uagb_featured_image_src":{"full":["https:\/\/promocaododia.com.br\/site\/wp-content\/uploads\/2022\/11\/Conjunto-Frigideira-Antiaderente-Color-n16-18-e-22-1-Espatula-de-Nylon-Marcolar-1.jpg",600,600,false],"thumbnail":["https:\/\/promocaododia.com.br\/site\/wp-content\/uploads\/2022\/11\/Conjunto-Frigideira-Antiaderente-Color-n16-18-e-22-1-Espatula-de-Nylon-Marcolar-1-150x150.jpg",150,150,true],"medium":["https:\/\/promocaododia.com.br\/site\/wp-content\/uploads\/2022\/11\/Conjunto-Frigideira-Antiaderente-Color-n16-18-e-22-1-Espatula-de-Nylon-Marcolar-1-300x300.jpg",300,300,true],"medium_large":["https:\/\/promocaododia.com.br\/site\/wp-content\/uploads\/2022\/11\/Conjunto-Frigideira-Antiaderente-Color-n16-18-e-22-1-Espatula-de-Nylon-Marcolar-1.jpg",600,600,false],"large":["https:\/\/promocaododia.com.br\/site\/wp-content\/uploads\/2022\/11\/Conjunto-Frigideira-Antiaderente-Color-n16-18-e-22-1-Espatula-de-Nylon-Marcolar-1.jpg",600,600,false],"1536x1536":["https:\/\/promocaododia.com.br\/site\/wp-content\/uploads\/2022\/11\/Conjunto-Frigideira-Antiaderente-Color-n16-18-e-22-1-Espatula-de-Nylon-Marcolar-1.jpg",600,600,false],"2048x2048":["https:\/\/promocaododia.com.br\/site\/wp-content\/uploads\/2022\/11\/Conjunto-Frigideira-Antiaderente-Color-n16-18-e-22-1-Espatula-de-Nylon-Marcolar-1.jpg",600,600,false],"woocommerce_thumbnail":["https:\/\/promocaododia.com.br\/site\/wp-content\/uploads\/2022\/11\/Conjunto-Frigideira-Antiaderente-Color-n16-18-e-22-1-Espatula-de-Nylon-Marcolar-1-250x250.jpg",250,250,true],"woocommerce_single":["https:\/\/promocaododia.com.br\/site\/wp-content\/uploads\/2022\/11\/Conjunto-Frigideira-Antiaderente-Color-n16-18-e-22-1-Espatula-de-Nylon-Marcolar-1-250x250.jpg",250,250,true],"woocommerce_gallery_thumbnail":["https:\/\/promocaododia.com.br\/site\/wp-content\/uploads\/2022\/11\/Conjunto-Frigideira-Antiaderente-Color-n16-18-e-22-1-Espatula-de-Nylon-Marcolar-1-100x100.jpg",100,100,true]},"uagb_author_info":{"display_name":"danilo.gbr","author_link":"https:\/\/promocaododia.com.br\/site\/author\/"},"uagb_comment_info":0,"uagb_excerpt":"Bem vindo a loja Coisas &amp; Trecos, aqui voc\u00ea encontra de tudo para sua cozinha todos os produtos a pronta entrega com garantia total. Caracter\u00edsticas principais Marca Marcolar Modelo Frigideira Antiaderente n\u00b0 16, 18 e 22 Cor Preta , Cereja, Vermelha e Turquesa (Teflon Antiaderente) Outras caracter\u00edsticas \u00c9 kit: sim Descri\u00e7\u00e3o CARACTER\u00cdSTICAS: Longa durabilidade; N\u00e3o&hellip;","_links":{"self":[{"href":"https:\/\/promocaododia.com.br\/site\/wp-json\/wp\/v2\/product\/1002","targetHints":{"allow":["GET"]}}],"collection":[{"href":"https:\/\/promocaododia.com.br\/site\/wp-json\/wp\/v2\/product"}],"about":[{"href":"https:\/\/promocaododia.com.br\/site\/wp-json\/wp\/v2\/types\/product"}],"wp:featuredmedia":[{"embeddable":true,"href":"https:\/\/promocaododia.com.br\/site\/wp-json\/wp\/v2\/media\/1005"}],"wp:attachment":[{"href":"https:\/\/promocaododia.com.br\/site\/wp-json\/wp\/v2\/media?parent=1002"}],"wp:term":[{"taxonomy":"product_brand","embeddable":true,"href":"https:\/\/promocaododia.com.br\/site\/wp-json\/wp\/v2\/product_brand?post=1002"},{"taxonomy":"product_cat","embeddable":true,"href":"https:\/\/promocaododia.com.br\/site\/wp-json\/wp\/v2\/product_cat?post=1002"},{"taxonomy":"product_tag","embeddable":true,"href":"https:\/\/promocaododia.com.br\/site\/wp-json\/wp\/v2\/product_tag?post=1002"}],"curies":[{"name":"wp","href":"https:\/\/api.w.org\/{rel}","templated":true}]}}