{"id":1004,"date":"2022-11-08T18:52:52","date_gmt":"2022-11-08T21:52:52","guid":{"rendered":"https:\/\/promocaododia.com.br\/site\/?post_type=product&#038;p=1004"},"modified":"2022-11-08T23:02:06","modified_gmt":"2022-11-09T02:02:06","slug":"mop-easy-floor-com-5-lencos-wipes-eletrostaticos-mop0177-flash-limp","status":"publish","type":"product","link":"https:\/\/promocaododia.com.br\/site\/produto\/mop-easy-floor-com-5-lencos-wipes-eletrostaticos-mop0177-flash-limp\/","title":{"rendered":"Mop Easy Floor com 5 Len\u00e7os Wipes eletrost\u00e1ticos, MOP0177, Flash Limp"},"content":{"rendered":"<ul class=\"a-unordered-list a-vertical a-spacing-mini\">\n<li><span class=\"a-list-item\">Economia inteligente, n\u00e3o usa \u00e1gua<\/span><\/li>\n<li><span class=\"a-list-item\">Refis eletrost\u00e1ticos, aderem e n\u00e3o espalham a sujeira<\/span><\/li>\n<li><span class=\"a-list-item\">Indicado para pisos de madeira, laminados, porcelanatos, cer\u00e2micas, vidros e superf\u00edcies lisas<\/span><\/li>\n<li><span class=\"a-list-item\">Acompanha 5 refis, Cabo desmont\u00e1vel em alum\u00ednio extremamente leve, altura 129 cm<\/span><\/li>\n<li><span class=\"a-list-item\">Medidas individuais: Sweeper &#8211; 26 cm x 12 cm x 129 cm<\/span><\/li>\n<\/ul>\n","protected":false},"excerpt":{"rendered":"<p>Economia inteligente, n\u00e3o usa \u00e1gua Refis eletrost\u00e1ticos, aderem e n\u00e3o espalham a sujeira Indicado para pisos de madeira, laminados, porcelanatos, cer\u00e2micas, vidros e superf\u00edcies lisas Acompanha 5 refis, Cabo desmont\u00e1vel em alum\u00ednio extremamente leve, altura 129 cm Medidas individuais: Sweeper &#8211; 26 cm x 12 cm x 129 cm<\/p>\n","protected":false},"featured_media":1015,"template":"","meta":{"_uag_custom_page_level_css":"","site-sidebar-layout":"default","site-content-layout":"default","ast-site-content-layout":"default","site-content-style":"default","site-sidebar-style":"default","ast-global-header-display":"","ast-banner-title-visibility":"","ast-main-header-display":"","ast-hfb-above-header-display":"","ast-hfb-below-header-display":"","ast-hfb-mobile-header-display":"","site-post-title":"","ast-breadcrumbs-content":"","ast-featured-img":"","footer-sml-layout":"","theme-transparent-header-meta":"default","adv-header-id-meta":"","stick-header-meta":"","header-above-stick-meta":"","header-main-stick-meta":"","header-below-stick-meta":"","astra-migrate-meta-layouts":"default","ast-page-background-enabled":"default","ast-page-background-meta":{"desktop":{"background-color":"","background-image":"","background-repeat":"repeat","background-position":"center center","background-size":"auto","background-attachment":"scroll","background-type":"","background-media":"","overlay-type":"","overlay-color":"","overlay-opacity":"","overlay-gradient":""},"tablet":{"background-color":"","background-image":"","background-repeat":"repeat","background-position":"center center","background-size":"auto","background-attachment":"scroll","background-type":"","background-media":"","overlay-type":"","overlay-color":"","overlay-opacity":"","overlay-gradient":""},"mobile":{"background-color":"","background-image":"","background-repeat":"repeat","background-position":"center center","background-size":"auto","background-attachment":"scroll","background-type":"","background-media":"","overlay-type":"","overlay-color":"","overlay-opacity":"","overlay-gradient":""}},"ast-content-background-meta":{"desktop":{"background-color":"var(--ast-global-color-5)","background-image":"","background-repeat":"repeat","background-position":"center center","background-size":"auto","background-attachment":"scroll","background-type":"","background-media":"","overlay-type":"","overlay-color":"","overlay-opacity":"","overlay-gradient":""},"tablet":{"background-color":"var(--ast-global-color-5)","background-image":"","background-repeat":"repeat","background-position":"center center","background-size":"auto","background-attachment":"scroll","background-type":"","background-media":"","overlay-type":"","overlay-color":"","overlay-opacity":"","overlay-gradient":""},"mobile":{"background-color":"var(--ast-global-color-5)","background-image":"","background-repeat":"repeat","background-position":"center center","background-size":"auto","background-attachment":"scroll","background-type":"","background-media":"","overlay-type":"","overlay-color":"","overlay-opacity":"","overlay-gradient":""}}},"product_brand":[],"product_cat":[93,84],"product_tag":[228,85,472],"class_list":{"0":"post-1004","1":"product","2":"type-product","3":"status-publish","4":"has-post-thumbnail","6":"product_cat-limpeza","7":"product_cat-mercado","8":"product_tag-limpeza","9":"product_tag-mercado","10":"product_tag-mop","11":"desktop-align-center","12":"tablet-align-left","13":"mobile-align-center","15":"first","16":"instock","17":"sale","18":"shipping-taxable","19":"product-type-external"},"uagb_featured_image_src":{"full":["https:\/\/promocaododia.com.br\/site\/wp-content\/uploads\/2022\/11\/Mop-Easy-Floor-com-5-Lencos-Wipes-eletrostaticos-MOP0177-Flash-Limp-1.jpg",600,600,false],"thumbnail":["https:\/\/promocaododia.com.br\/site\/wp-content\/uploads\/2022\/11\/Mop-Easy-Floor-com-5-Lencos-Wipes-eletrostaticos-MOP0177-Flash-Limp-1-150x150.jpg",150,150,true],"medium":["https:\/\/promocaododia.com.br\/site\/wp-content\/uploads\/2022\/11\/Mop-Easy-Floor-com-5-Lencos-Wipes-eletrostaticos-MOP0177-Flash-Limp-1-300x300.jpg",300,300,true],"medium_large":["https:\/\/promocaododia.com.br\/site\/wp-content\/uploads\/2022\/11\/Mop-Easy-Floor-com-5-Lencos-Wipes-eletrostaticos-MOP0177-Flash-Limp-1.jpg",600,600,false],"large":["https:\/\/promocaododia.com.br\/site\/wp-content\/uploads\/2022\/11\/Mop-Easy-Floor-com-5-Lencos-Wipes-eletrostaticos-MOP0177-Flash-Limp-1.jpg",600,600,false],"1536x1536":["https:\/\/promocaododia.com.br\/site\/wp-content\/uploads\/2022\/11\/Mop-Easy-Floor-com-5-Lencos-Wipes-eletrostaticos-MOP0177-Flash-Limp-1.jpg",600,600,false],"2048x2048":["https:\/\/promocaododia.com.br\/site\/wp-content\/uploads\/2022\/11\/Mop-Easy-Floor-com-5-Lencos-Wipes-eletrostaticos-MOP0177-Flash-Limp-1.jpg",600,600,false],"woocommerce_thumbnail":["https:\/\/promocaododia.com.br\/site\/wp-content\/uploads\/2022\/11\/Mop-Easy-Floor-com-5-Lencos-Wipes-eletrostaticos-MOP0177-Flash-Limp-1-250x250.jpg",250,250,true],"woocommerce_single":["https:\/\/promocaododia.com.br\/site\/wp-content\/uploads\/2022\/11\/Mop-Easy-Floor-com-5-Lencos-Wipes-eletrostaticos-MOP0177-Flash-Limp-1-250x250.jpg",250,250,true],"woocommerce_gallery_thumbnail":["https:\/\/promocaododia.com.br\/site\/wp-content\/uploads\/2022\/11\/Mop-Easy-Floor-com-5-Lencos-Wipes-eletrostaticos-MOP0177-Flash-Limp-1-100x100.jpg",100,100,true]},"uagb_author_info":{"display_name":"danilo.gbr","author_link":"https:\/\/promocaododia.com.br\/site\/author\/"},"uagb_comment_info":0,"uagb_excerpt":"Economia inteligente, n\u00e3o usa \u00e1gua Refis eletrost\u00e1ticos, aderem e n\u00e3o espalham a sujeira Indicado para pisos de madeira, laminados, porcelanatos, cer\u00e2micas, vidros e superf\u00edcies lisas Acompanha 5 refis, Cabo desmont\u00e1vel em alum\u00ednio extremamente leve, altura 129 cm Medidas individuais: Sweeper &#8211; 26 cm x 12 cm x 129 cm","_links":{"self":[{"href":"https:\/\/promocaododia.com.br\/site\/wp-json\/wp\/v2\/product\/1004","targetHints":{"allow":["GET"]}}],"collection":[{"href":"https:\/\/promocaododia.com.br\/site\/wp-json\/wp\/v2\/product"}],"about":[{"href":"https:\/\/promocaododia.com.br\/site\/wp-json\/wp\/v2\/types\/product"}],"wp:featuredmedia":[{"embeddable":true,"href":"https:\/\/promocaododia.com.br\/site\/wp-json\/wp\/v2\/media\/1015"}],"wp:attachment":[{"href":"https:\/\/promocaododia.com.br\/site\/wp-json\/wp\/v2\/media?parent=1004"}],"wp:term":[{"taxonomy":"product_brand","embeddable":true,"href":"https:\/\/promocaododia.com.br\/site\/wp-json\/wp\/v2\/product_brand?post=1004"},{"taxonomy":"product_cat","embeddable":true,"href":"https:\/\/promocaododia.com.br\/site\/wp-json\/wp\/v2\/product_cat?post=1004"},{"taxonomy":"product_tag","embeddable":true,"href":"https:\/\/promocaododia.com.br\/site\/wp-json\/wp\/v2\/product_tag?post=1004"}],"curies":[{"name":"wp","href":"https:\/\/api.w.org\/{rel}","templated":true}]}}