{"id":1011,"date":"2022-11-08T19:11:21","date_gmt":"2022-11-08T22:11:21","guid":{"rendered":"https:\/\/promocaododia.com.br\/site\/?post_type=product&#038;p=1011"},"modified":"2022-11-08T19:11:21","modified_gmt":"2022-11-08T22:11:21","slug":"kit-8-calcinha-power-fitness-cos-alto-compressao-para-barriga-vieresomente-hoje-08-11-2022","status":"publish","type":"product","link":"https:\/\/promocaododia.com.br\/site\/produto\/kit-8-calcinha-power-fitness-cos-alto-compressao-para-barriga-vieresomente-hoje-08-11-2022\/","title":{"rendered":"Kit 8 Calcinha Power Fitness C\u00f3s Alto Compress\u00e3o Para Barriga Vi\u00e9re<\/BR>Somente Hoje 08\/11\/2022"},"content":{"rendered":"<ul class=\"a-unordered-list a-vertical a-spacing-mini\">\n<li><span class=\"a-list-item\">C\u00f3s Alto e duplo na frente pra mais compress\u00e3o<\/span><\/li>\n<li><span class=\"a-list-item\">Kit com 8 calcinhas<\/span><\/li>\n<li><span class=\"a-list-item\">Cor Mescla e Vi\u00e9s em cores sortidas<\/span><\/li>\n<li><span class=\"a-list-item\">M pra quem veste Jeans 40, G\/42, GG\/44, xgg\/ 46 \u00e1 48<\/span><\/li>\n<li><span class=\"a-list-item\">90% Poliester 10% Elastano<\/span><\/li>\n<li><span class=\"a-list-item\">Forro 100% Algod\u00e3o<\/span><\/li>\n<li><span class=\"a-list-item\">Muito confort\u00e1vel e segura<\/span><\/li>\n<\/ul>\n","protected":false},"excerpt":{"rendered":"<p>C\u00f3s Alto e duplo na frente pra mais compress\u00e3o Kit com 8 calcinhas Cor Mescla e Vi\u00e9s em cores sortidas M pra quem veste Jeans 40, G\/42, GG\/44, xgg\/ 46 \u00e1 48 90% Poliester 10% Elastano Forro 100% Algod\u00e3o Muito confort\u00e1vel e segura<\/p>\n","protected":false},"featured_media":1012,"template":"","meta":{"_uag_custom_page_level_css":"","site-sidebar-layout":"default","site-content-layout":"default","ast-site-content-layout":"default","site-content-style":"default","site-sidebar-style":"default","ast-global-header-display":"","ast-banner-title-visibility":"","ast-main-header-display":"","ast-hfb-above-header-display":"","ast-hfb-below-header-display":"","ast-hfb-mobile-header-display":"","site-post-title":"","ast-breadcrumbs-content":"","ast-featured-img":"","footer-sml-layout":"","theme-transparent-header-meta":"default","adv-header-id-meta":"","stick-header-meta":"","header-above-stick-meta":"","header-main-stick-meta":"","header-below-stick-meta":"","astra-migrate-meta-layouts":"default","ast-page-background-enabled":"default","ast-page-background-meta":{"desktop":{"background-color":"","background-image":"","background-repeat":"repeat","background-position":"center center","background-size":"auto","background-attachment":"scroll","background-type":"","background-media":"","overlay-type":"","overlay-color":"","overlay-opacity":"","overlay-gradient":""},"tablet":{"background-color":"","background-image":"","background-repeat":"repeat","background-position":"center center","background-size":"auto","background-attachment":"scroll","background-type":"","background-media":"","overlay-type":"","overlay-color":"","overlay-opacity":"","overlay-gradient":""},"mobile":{"background-color":"","background-image":"","background-repeat":"repeat","background-position":"center center","background-size":"auto","background-attachment":"scroll","background-type":"","background-media":"","overlay-type":"","overlay-color":"","overlay-opacity":"","overlay-gradient":""}},"ast-content-background-meta":{"desktop":{"background-color":"var(--ast-global-color-5)","background-image":"","background-repeat":"repeat","background-position":"center center","background-size":"auto","background-attachment":"scroll","background-type":"","background-media":"","overlay-type":"","overlay-color":"","overlay-opacity":"","overlay-gradient":""},"tablet":{"background-color":"var(--ast-global-color-5)","background-image":"","background-repeat":"repeat","background-position":"center center","background-size":"auto","background-attachment":"scroll","background-type":"","background-media":"","overlay-type":"","overlay-color":"","overlay-opacity":"","overlay-gradient":""},"mobile":{"background-color":"var(--ast-global-color-5)","background-image":"","background-repeat":"repeat","background-position":"center center","background-size":"auto","background-attachment":"scroll","background-type":"","background-media":"","overlay-type":"","overlay-color":"","overlay-opacity":"","overlay-gradient":""}}},"product_brand":[],"product_cat":[58,478,30,477],"product_tag":[182,480,184,479,481],"class_list":{"0":"post-1011","1":"product","2":"type-product","3":"status-publish","4":"has-post-thumbnail","6":"product_cat-feminina","7":"product_cat-lingeries-e-roupas-intimas","8":"product_cat-moda","9":"product_cat-pijamas","10":"product_tag-feminina","11":"product_tag-lingeries","12":"product_tag-moda","13":"product_tag-pijamas","14":"product_tag-roupas-intimas","15":"desktop-align-center","16":"tablet-align-left","17":"mobile-align-center","19":"first","20":"instock","21":"sale","22":"shipping-taxable","23":"product-type-external"},"uagb_featured_image_src":{"full":["https:\/\/promocaododia.com.br\/site\/wp-content\/uploads\/2022\/11\/Kit-8-Calcinha-Power-Fitness-Cos-Alto-Compressao-Para-Barriga-Viere.jpg",600,600,false],"thumbnail":["https:\/\/promocaododia.com.br\/site\/wp-content\/uploads\/2022\/11\/Kit-8-Calcinha-Power-Fitness-Cos-Alto-Compressao-Para-Barriga-Viere-150x150.jpg",150,150,true],"medium":["https:\/\/promocaododia.com.br\/site\/wp-content\/uploads\/2022\/11\/Kit-8-Calcinha-Power-Fitness-Cos-Alto-Compressao-Para-Barriga-Viere-300x300.jpg",300,300,true],"medium_large":["https:\/\/promocaododia.com.br\/site\/wp-content\/uploads\/2022\/11\/Kit-8-Calcinha-Power-Fitness-Cos-Alto-Compressao-Para-Barriga-Viere.jpg",600,600,false],"large":["https:\/\/promocaododia.com.br\/site\/wp-content\/uploads\/2022\/11\/Kit-8-Calcinha-Power-Fitness-Cos-Alto-Compressao-Para-Barriga-Viere.jpg",600,600,false],"1536x1536":["https:\/\/promocaododia.com.br\/site\/wp-content\/uploads\/2022\/11\/Kit-8-Calcinha-Power-Fitness-Cos-Alto-Compressao-Para-Barriga-Viere.jpg",600,600,false],"2048x2048":["https:\/\/promocaododia.com.br\/site\/wp-content\/uploads\/2022\/11\/Kit-8-Calcinha-Power-Fitness-Cos-Alto-Compressao-Para-Barriga-Viere.jpg",600,600,false],"woocommerce_thumbnail":["https:\/\/promocaododia.com.br\/site\/wp-content\/uploads\/2022\/11\/Kit-8-Calcinha-Power-Fitness-Cos-Alto-Compressao-Para-Barriga-Viere-250x250.jpg",250,250,true],"woocommerce_single":["https:\/\/promocaododia.com.br\/site\/wp-content\/uploads\/2022\/11\/Kit-8-Calcinha-Power-Fitness-Cos-Alto-Compressao-Para-Barriga-Viere-250x250.jpg",250,250,true],"woocommerce_gallery_thumbnail":["https:\/\/promocaododia.com.br\/site\/wp-content\/uploads\/2022\/11\/Kit-8-Calcinha-Power-Fitness-Cos-Alto-Compressao-Para-Barriga-Viere-100x100.jpg",100,100,true]},"uagb_author_info":{"display_name":"danilo.gbr","author_link":"https:\/\/promocaododia.com.br\/site\/author\/"},"uagb_comment_info":0,"uagb_excerpt":"C\u00f3s Alto e duplo na frente pra mais compress\u00e3o Kit com 8 calcinhas Cor Mescla e Vi\u00e9s em cores sortidas M pra quem veste Jeans 40, G\/42, GG\/44, xgg\/ 46 \u00e1 48 90% Poliester 10% Elastano Forro 100% Algod\u00e3o Muito confort\u00e1vel e segura","_links":{"self":[{"href":"https:\/\/promocaododia.com.br\/site\/wp-json\/wp\/v2\/product\/1011","targetHints":{"allow":["GET"]}}],"collection":[{"href":"https:\/\/promocaododia.com.br\/site\/wp-json\/wp\/v2\/product"}],"about":[{"href":"https:\/\/promocaododia.com.br\/site\/wp-json\/wp\/v2\/types\/product"}],"wp:featuredmedia":[{"embeddable":true,"href":"https:\/\/promocaododia.com.br\/site\/wp-json\/wp\/v2\/media\/1012"}],"wp:attachment":[{"href":"https:\/\/promocaododia.com.br\/site\/wp-json\/wp\/v2\/media?parent=1011"}],"wp:term":[{"taxonomy":"product_brand","embeddable":true,"href":"https:\/\/promocaododia.com.br\/site\/wp-json\/wp\/v2\/product_brand?post=1011"},{"taxonomy":"product_cat","embeddable":true,"href":"https:\/\/promocaododia.com.br\/site\/wp-json\/wp\/v2\/product_cat?post=1011"},{"taxonomy":"product_tag","embeddable":true,"href":"https:\/\/promocaododia.com.br\/site\/wp-json\/wp\/v2\/product_tag?post=1011"}],"curies":[{"name":"wp","href":"https:\/\/api.w.org\/{rel}","templated":true}]}}