{"id":1013,"date":"2022-11-08T19:17:28","date_gmt":"2022-11-08T22:17:28","guid":{"rendered":"https:\/\/promocaododia.com.br\/site\/?post_type=product&#038;p=1013"},"modified":"2022-11-08T19:18:30","modified_gmt":"2022-11-08T22:18:30","slug":"lavadora-de-roupas-lava-e-seca-toshiba-11kg-branca-127v","status":"publish","type":"product","link":"https:\/\/promocaododia.com.br\/site\/produto\/lavadora-de-roupas-lava-e-seca-toshiba-11kg-branca-127v\/","title":{"rendered":"Lavadora de Roupas Lava e Seca Toshiba 11kg Branca 127v"},"content":{"rendered":"<p>Lavadora de Roupas Lava e Seca Toshiba 11kg Branca 127V<\/p>\n<p>Modernidade, sofistica\u00e7\u00e3o e m\u00e1xima efici\u00eancia na lavagem. Desfrute da vida moderna<\/p>\n<p>A Lava e Seca Toshiba possui a tecnologia Great Waves, motor Origin Inverter e super efici\u00eancia na dissolu\u00e7\u00e3o do sab\u00e3o com o Cyclone Mix. Aproveite da m\u00e1xima tecnologia em sua lavanderia.<\/p>\n<p>Quick Wash: 1\/2 kg de roupa limpa em 12 minutos<\/p>\n<p>Cyclone Mix: super efici\u00eancia na dissolu\u00e7\u00e3o do sab\u00e3o Ilumina\u00e7\u00e3o no tambor<\/p>\n<p>SenseDry: secagem eficiente<\/p>\n<p>Painel Touch<\/p>\n<p>12 sele\u00e7\u00f5es de lavagem e secagem<\/p>\n<p>Cesto antibacteriano<\/p>\n<p>Great Waves: Tecnologia Great Waves que proporciona economia na lavagem e preserva\u00e7\u00e3o da cor da roupa.<\/p>\n<p>Flush Wave: Poderosa onda de \u00e1gua fria que remove as manchas mais dif\u00edceis.<\/p>\n<p>Motor Origin Inverter: Economia de energia, estabilidade e baixos ru\u00eddos<\/p>\n<p>Quick Wash: 1\/2 kg de roupa limpa em apenas 12 minutos.<\/p>\n<p>Cyclone Mix: Proporciona uma melhor efici\u00eancia na dissolu\u00e7\u00e3o do sab\u00e3o, oferecendo m\u00e1xima efici\u00eancia na lavagem<\/p>\n<p>Ilumina\u00e7\u00e3o no Tambor: Ao final de cada ciclo a luz acende automaticamente para facilitar a visualiza\u00e7\u00e3o das roupas no tambor.<\/p>\n<p>SenseDry: Sensor de temperatura com tecnologia SenseDry, para automaticamente o processo de secagem, preservando as roupas<\/p>\n<p>AirFresh: Movimento do tambor que cria um fluxo de ar, tornando a roupa fresca. Ideal para eliminar \u00e1caros e mofos e desodorizar a roupa.<\/p>\n<p>DrumClean: Proporciona a limpeza do tambor para remover odores e processo de higieniza\u00e7\u00e3o a 90 \u00b0 C*. *No modelo220v<\/p>\n<p>Painel Touch: Controle de temperatura, centrifuga\u00e7\u00e3o, enx\u00e1gues e o n\u00edvel de sujeira da roupa<\/p>\n<p>Autolimpeza do filtro e da borracha de veda\u00e7\u00e3o<\/p>\n<p>Capacidade de Lavagem: 11kg<\/p>\n<p>Capacidade de Secagem: 7kg<\/p>\n<p>Frequ\u00eancia: 60<\/p>\n<p>Programas: 12<\/p>\n<p>Gerais<\/p>\n<p>Lavagem Secagem: 11kg<\/p>\n<p>Voltagem: 127V<\/p>\n<p>Velocidade de Centrifuga\u00e7\u00e3o: 1400 RPM<\/p>\n<p>Marca: Toshiba<\/p>\n<p>Modelo: TWD-BJ120M4BR<\/p>\n<p>Voltagem: 127V<\/p>\n<p>Tipo: Lava e Seca<\/p>\n<p>Tipo de M\u00e1quina: Autom\u00e1tica<\/p>\n<p>Tipo de Abertura: Frontal<\/p>\n<p>Cor: Branca<\/p>\n<p>Capacidade Total: 11kg<\/p>\n<p>Capacidade de Secagem: 7kg<\/p>\n<p>Pot\u00eancia: 1250W<\/p>\n<p>Classifica\u00e7\u00e3o Energ\u00e9tica: a<\/p>\n<p>Classifica\u00e7\u00e3o de Centrifuga\u00e7\u00e3o: a<\/p>\n<p>Tipo de Tomada: 20A<\/p>\n<p>Frequ\u00eancia: 60Hz<\/p>\n<p>Consumo de Energia: 0,32kW. H\/ciclo<\/p>\n<p>Consumo de \u00c1gua: 72,2L\/ciclo<\/p>\n<p>Material Externo: A\u00e7o<\/p>\n<p>Material Interno: A\u00e7o Inox<\/p>\n<p>Quantidade de Programas: 12<\/p>\n<p>Programas: Favorito, Color Alive, L\u00e3, Antial\u00e9rgico, Lavagem \u00e0 m\u00e3o, Desodorizar, Algod\u00e3o, Normal, R\u00e1pido, Auto Limpeza, Enxaguar e Centrifugar, Apenas Secar<\/p>\n<p>Ciclos Dispon\u00edveis: Pr\u00e9-lavagem, Lavagem, Enx\u00e1gue, Centrifuga\u00e7\u00e3o, Secagem<\/p>\n<p>Fun\u00e7\u00f5es Extras: Incluir Roupas, Silenciar, Super R\u00e1pido e Adiar Fim<\/p>\n<p>Op\u00e7\u00f5es de Secagem: Normal, Suave, tempo (30&#8242;,60&#8242;,120&#8242;,180&#8242;)<\/p>\n<p>Tipo de \u00c1gua: Entrada de \u00e1gua fria<\/p>\n<p>Display: LED<\/p>\n<p>Cor do Display: Branco<\/p>\n<p>Tipo de Trava: Eletr\u00f4nico<\/p>\n<p>P\u00e9s Ajust\u00e1veis: Sim<\/p>\n<p>Painel com Aviso de Erro: Sim<\/p>\n<p>Temperaturas: 20\u00b0C, 30\u00b0C, 40\u00b0C, 50\u00b0C e 60\u00b0C<\/p>\n<p>Velocidade de Centrifuga\u00e7\u00e3o: 600-800-1000-1200-1400 rpm<\/p>\n<p>Timer: 24h<\/p>\n<p>Tipo: Autom\u00e1tica<\/p>\n<p>Filtro: Sim<\/p>\n<p>Dispenser: Sab\u00e3o e amaciante<\/p>\n<p>Acabamento do Cesto: A\u00e7o inox<\/p>\n<p>Luz no Cesto: Sim<\/p>\n<p>Wi-Fi: N\u00e3o<\/p>\n<p>Modo Desodorizar: Sim<\/p>\n<p>Fun\u00e7\u00e3o Incluir Roupas: Sim<\/p>\n<p>Fun\u00e7\u00e3o Silenciar: Sim<\/p>\n<p>Fun\u00e7\u00e3o Adiar Fim: Sim<\/p>\n<p>Fun\u00e7\u00e3o Travar Painel: Sim<\/p>\n<p>Tecla N\u00edvel de Sujeira: Sim<\/p>\n<p>Tecla Iniciar\/Pausar: Sim<\/p>\n<p>Motor: bldc<\/p>\n<p>Motor Origin Inverter: Sim<\/p>\n<p>Entrada de \u00c1gua: 1<\/p>\n<p>Sa\u00edda de \u00c1gua: 1<\/p>\n<p>Itens Inclusos na Embalagem: Maquina lava e seca, mangueira de entrada de \u00e1gua, tamp\u00f5es de fechamento, suporte para mangueira de saida de \u00e1gua, painel de prote\u00e7\u00e3o antirrato, chave para parafuso de transporte e manual do usu\u00e1rio.<\/p>\n<p>Peso L\u00edquido: 74kg<\/p>\n<p>Peso Bruto: 76kg<\/p>\n<p>Garantia: 24 meses<\/p>\n<p>Dimens\u00f5es do Produto:<\/p>\n<p>Largura: 59,5 cm<\/p>\n<p>Altura: 85 cm<\/p>\n<p>Profundidade: 61,5 cm<\/p>\n<p>Dimens\u00f5es da Embalagem:<\/p>\n<p>Largura: 69,5 cm<\/p>\n<p>Altura: 87,5 cm<\/p>\n<p>Profundidade: 68 cm<\/p>\n","protected":false},"excerpt":{"rendered":"<p>Lavadora de Roupas Lava e Seca Toshiba 11kg Branca 127V Modernidade, sofistica\u00e7\u00e3o e m\u00e1xima efici\u00eancia na lavagem. Desfrute da vida moderna A Lava e Seca Toshiba possui a tecnologia Great Waves, motor Origin Inverter e super efici\u00eancia na dissolu\u00e7\u00e3o do sab\u00e3o com o Cyclone Mix. Aproveite da m\u00e1xima tecnologia em sua lavanderia. Quick Wash: 1\/2 kg de roupa limpa em 12 minutos Cyclone Mix: super efici\u00eancia na dissolu\u00e7\u00e3o do sab\u00e3o Ilumina\u00e7\u00e3o no tambor SenseDry: secagem eficiente Painel Touch 12 sele\u00e7\u00f5es de lavagem e secagem Cesto antibacteriano Great Waves: Tecnologia Great Waves que proporciona economia na lavagem e preserva\u00e7\u00e3o da cor da roupa. Flush Wave: Poderosa onda de \u00e1gua fria que remove as manchas mais dif\u00edceis. Motor Origin Inverter: Economia de energia, estabilidade e baixos ru\u00eddos Quick Wash: 1\/2 kg de roupa limpa em apenas 12 minutos. Cyclone Mix: Proporciona uma melhor efici\u00eancia na dissolu\u00e7\u00e3o do sab\u00e3o, oferecendo m\u00e1xima efici\u00eancia na lavagem Ilumina\u00e7\u00e3o no Tambor: Ao final de cada ciclo a luz acende automaticamente para facilitar a visualiza\u00e7\u00e3o das roupas no tambor. SenseDry: Sensor de temperatura com tecnologia SenseDry, para automaticamente o processo de secagem, preservando as roupas AirFresh: Movimento do tambor que cria um fluxo de ar, tornando a roupa fresca. Ideal para eliminar \u00e1caros e mofos e desodorizar a roupa. DrumClean: Proporciona a limpeza do tambor para remover odores e processo de higieniza\u00e7\u00e3o a 90 \u00b0 C*. *No modelo220v Painel Touch: Controle de temperatura, centrifuga\u00e7\u00e3o, enx\u00e1gues e o n\u00edvel de sujeira da roupa Autolimpeza do filtro e da borracha de veda\u00e7\u00e3o Capacidade de Lavagem: 11kg Capacidade de Secagem: 7kg Frequ\u00eancia: 60 Programas: 12 Gerais Lavagem Secagem: 11kg Voltagem: 127V Velocidade de Centrifuga\u00e7\u00e3o: 1400 RPM Marca: Toshiba Modelo: TWD-BJ120M4BR Voltagem: 127V Tipo: Lava e Seca Tipo de M\u00e1quina: Autom\u00e1tica Tipo de Abertura: Frontal Cor: Branca Capacidade Total: 11kg Capacidade de Secagem: 7kg Pot\u00eancia: 1250W Classifica\u00e7\u00e3o Energ\u00e9tica: a Classifica\u00e7\u00e3o de Centrifuga\u00e7\u00e3o: a Tipo de Tomada: 20A Frequ\u00eancia: 60Hz Consumo de Energia: 0,32kW. H\/ciclo Consumo de \u00c1gua: 72,2L\/ciclo Material Externo: A\u00e7o Material Interno: A\u00e7o Inox Quantidade de Programas: 12 Programas: Favorito, Color Alive, L\u00e3, Antial\u00e9rgico, Lavagem \u00e0 m\u00e3o, Desodorizar, Algod\u00e3o, Normal, R\u00e1pido, Auto Limpeza, Enxaguar e Centrifugar, Apenas Secar Ciclos Dispon\u00edveis: Pr\u00e9-lavagem, Lavagem, Enx\u00e1gue, Centrifuga\u00e7\u00e3o, Secagem Fun\u00e7\u00f5es Extras: Incluir Roupas, Silenciar, Super R\u00e1pido e Adiar Fim Op\u00e7\u00f5es de Secagem: Normal, Suave, tempo (30&#8242;,60&#8242;,120&#8242;,180&#8242;) Tipo de \u00c1gua: Entrada de \u00e1gua fria Display: LED Cor do Display: Branco Tipo de Trava: Eletr\u00f4nico P\u00e9s Ajust\u00e1veis: Sim Painel com Aviso de Erro: Sim Temperaturas: 20\u00b0C, 30\u00b0C, 40\u00b0C, 50\u00b0C e 60\u00b0C Velocidade de Centrifuga\u00e7\u00e3o: 600-800-1000-1200-1400 rpm Timer: 24h Tipo: Autom\u00e1tica Filtro: Sim Dispenser: Sab\u00e3o e amaciante Acabamento do Cesto: A\u00e7o inox Luz no Cesto: Sim Wi-Fi: N\u00e3o Modo Desodorizar: Sim Fun\u00e7\u00e3o Incluir Roupas: Sim Fun\u00e7\u00e3o Silenciar: Sim Fun\u00e7\u00e3o Adiar Fim: Sim Fun\u00e7\u00e3o Travar Painel: Sim Tecla N\u00edvel de Sujeira: Sim Tecla Iniciar\/Pausar: Sim Motor: bldc Motor Origin Inverter: Sim Entrada de \u00c1gua: 1 Sa\u00edda de \u00c1gua: 1 Itens Inclusos na Embalagem: Maquina lava e seca, mangueira de entrada de \u00e1gua, tamp\u00f5es de fechamento, suporte para mangueira de saida de \u00e1gua, painel de prote\u00e7\u00e3o antirrato, chave para parafuso de transporte e manual do usu\u00e1rio. Peso L\u00edquido: 74kg Peso Bruto: 76kg Garantia: 24 meses Dimens\u00f5es do Produto: Largura: 59,5 cm Altura: 85 cm Profundidade: 61,5 cm Dimens\u00f5es da Embalagem: Largura: 69,5 cm Altura: 87,5 cm Profundidade: 68 cm<\/p>\n","protected":false},"featured_media":1014,"template":"","meta":{"_uag_custom_page_level_css":"","site-sidebar-layout":"default","site-content-layout":"default","ast-site-content-layout":"default","site-content-style":"default","site-sidebar-style":"default","ast-global-header-display":"","ast-banner-title-visibility":"","ast-main-header-display":"","ast-hfb-above-header-display":"","ast-hfb-below-header-display":"","ast-hfb-mobile-header-display":"","site-post-title":"","ast-breadcrumbs-content":"","ast-featured-img":"","footer-sml-layout":"","theme-transparent-header-meta":"default","adv-header-id-meta":"","stick-header-meta":"","header-above-stick-meta":"","header-main-stick-meta":"","header-below-stick-meta":"","astra-migrate-meta-layouts":"default","ast-page-background-enabled":"default","ast-page-background-meta":{"desktop":{"background-color":"","background-image":"","background-repeat":"repeat","background-position":"center center","background-size":"auto","background-attachment":"scroll","background-type":"","background-media":"","overlay-type":"","overlay-color":"","overlay-opacity":"","overlay-gradient":""},"tablet":{"background-color":"","background-image":"","background-repeat":"repeat","background-position":"center center","background-size":"auto","background-attachment":"scroll","background-type":"","background-media":"","overlay-type":"","overlay-color":"","overlay-opacity":"","overlay-gradient":""},"mobile":{"background-color":"","background-image":"","background-repeat":"repeat","background-position":"center center","background-size":"auto","background-attachment":"scroll","background-type":"","background-media":"","overlay-type":"","overlay-color":"","overlay-opacity":"","overlay-gradient":""}},"ast-content-background-meta":{"desktop":{"background-color":"var(--ast-global-color-5)","background-image":"","background-repeat":"repeat","background-position":"center center","background-size":"auto","background-attachment":"scroll","background-type":"","background-media":"","overlay-type":"","overlay-color":"","overlay-opacity":"","overlay-gradient":""},"tablet":{"background-color":"var(--ast-global-color-5)","background-image":"","background-repeat":"repeat","background-position":"center center","background-size":"auto","background-attachment":"scroll","background-type":"","background-media":"","overlay-type":"","overlay-color":"","overlay-opacity":"","overlay-gradient":""},"mobile":{"background-color":"var(--ast-global-color-5)","background-image":"","background-repeat":"repeat","background-position":"center center","background-size":"auto","background-attachment":"scroll","background-type":"","background-media":"","overlay-type":"","overlay-color":"","overlay-opacity":"","overlay-gradient":""}}},"product_brand":[],"product_cat":[28,29],"product_tag":[267,482,483],"class_list":{"0":"post-1013","1":"product","2":"type-product","3":"status-publish","4":"has-post-thumbnail","6":"product_cat-eletrodomesticos","7":"product_cat-lavadora","8":"product_tag-lava-e-seca","9":"product_tag-lavadora","10":"product_tag-toshiba","11":"desktop-align-center","12":"tablet-align-left","13":"mobile-align-center","15":"first","16":"instock","17":"sale","18":"shipping-taxable","19":"product-type-external"},"uagb_featured_image_src":{"full":["https:\/\/promocaododia.com.br\/site\/wp-content\/uploads\/2022\/11\/Lavadora-de-Roupas-Lava-e-Seca-Toshiba-11kg-Branca-127v.jpg",600,600,false],"thumbnail":["https:\/\/promocaododia.com.br\/site\/wp-content\/uploads\/2022\/11\/Lavadora-de-Roupas-Lava-e-Seca-Toshiba-11kg-Branca-127v-150x150.jpg",150,150,true],"medium":["https:\/\/promocaododia.com.br\/site\/wp-content\/uploads\/2022\/11\/Lavadora-de-Roupas-Lava-e-Seca-Toshiba-11kg-Branca-127v-300x300.jpg",300,300,true],"medium_large":["https:\/\/promocaododia.com.br\/site\/wp-content\/uploads\/2022\/11\/Lavadora-de-Roupas-Lava-e-Seca-Toshiba-11kg-Branca-127v.jpg",600,600,false],"large":["https:\/\/promocaododia.com.br\/site\/wp-content\/uploads\/2022\/11\/Lavadora-de-Roupas-Lava-e-Seca-Toshiba-11kg-Branca-127v.jpg",600,600,false],"1536x1536":["https:\/\/promocaododia.com.br\/site\/wp-content\/uploads\/2022\/11\/Lavadora-de-Roupas-Lava-e-Seca-Toshiba-11kg-Branca-127v.jpg",600,600,false],"2048x2048":["https:\/\/promocaododia.com.br\/site\/wp-content\/uploads\/2022\/11\/Lavadora-de-Roupas-Lava-e-Seca-Toshiba-11kg-Branca-127v.jpg",600,600,false],"woocommerce_thumbnail":["https:\/\/promocaododia.com.br\/site\/wp-content\/uploads\/2022\/11\/Lavadora-de-Roupas-Lava-e-Seca-Toshiba-11kg-Branca-127v-250x250.jpg",250,250,true],"woocommerce_single":["https:\/\/promocaododia.com.br\/site\/wp-content\/uploads\/2022\/11\/Lavadora-de-Roupas-Lava-e-Seca-Toshiba-11kg-Branca-127v-250x250.jpg",250,250,true],"woocommerce_gallery_thumbnail":["https:\/\/promocaododia.com.br\/site\/wp-content\/uploads\/2022\/11\/Lavadora-de-Roupas-Lava-e-Seca-Toshiba-11kg-Branca-127v-100x100.jpg",100,100,true]},"uagb_author_info":{"display_name":"danilo.gbr","author_link":"https:\/\/promocaododia.com.br\/site\/author\/"},"uagb_comment_info":0,"uagb_excerpt":"Lavadora de Roupas Lava e Seca Toshiba 11kg Branca 127V Modernidade, sofistica\u00e7\u00e3o e m\u00e1xima efici\u00eancia na lavagem. Desfrute da vida moderna A Lava e Seca Toshiba possui a tecnologia Great Waves, motor Origin Inverter e super efici\u00eancia na dissolu\u00e7\u00e3o do sab\u00e3o com o Cyclone Mix. Aproveite da m\u00e1xima tecnologia em sua lavanderia. Quick Wash: 1\/2&hellip;","_links":{"self":[{"href":"https:\/\/promocaododia.com.br\/site\/wp-json\/wp\/v2\/product\/1013","targetHints":{"allow":["GET"]}}],"collection":[{"href":"https:\/\/promocaododia.com.br\/site\/wp-json\/wp\/v2\/product"}],"about":[{"href":"https:\/\/promocaododia.com.br\/site\/wp-json\/wp\/v2\/types\/product"}],"wp:featuredmedia":[{"embeddable":true,"href":"https:\/\/promocaododia.com.br\/site\/wp-json\/wp\/v2\/media\/1014"}],"wp:attachment":[{"href":"https:\/\/promocaododia.com.br\/site\/wp-json\/wp\/v2\/media?parent=1013"}],"wp:term":[{"taxonomy":"product_brand","embeddable":true,"href":"https:\/\/promocaododia.com.br\/site\/wp-json\/wp\/v2\/product_brand?post=1013"},{"taxonomy":"product_cat","embeddable":true,"href":"https:\/\/promocaododia.com.br\/site\/wp-json\/wp\/v2\/product_cat?post=1013"},{"taxonomy":"product_tag","embeddable":true,"href":"https:\/\/promocaododia.com.br\/site\/wp-json\/wp\/v2\/product_tag?post=1013"}],"curies":[{"name":"wp","href":"https:\/\/api.w.org\/{rel}","templated":true}]}}