{"id":1016,"date":"2022-11-09T21:11:56","date_gmt":"2022-11-10T00:11:56","guid":{"rendered":"https:\/\/promocaododia.com.br\/site\/?post_type=product&#038;p=1016"},"modified":"2022-11-09T21:12:55","modified_gmt":"2022-11-10T00:12:55","slug":"micro-ondas-de-bancada-philco-pmo28-inox-28litros-1400w-127v","status":"publish","type":"product","link":"https:\/\/promocaododia.com.br\/site\/produto\/micro-ondas-de-bancada-philco-pmo28-inox-28litros-1400w-127v\/","title":{"rendered":"Micro-ondas de Bancada Philco PMO28 Inox 28Litros 1400w 127V"},"content":{"rendered":"<h2>Micro-ondas Philco Pmo28inox 28 Litros 1400w 127V<\/h2>\n<p>O Micro-Ondas Philco PMO28 Inox possui 28 litros de capacidade e 1400W de pot\u00eancia para voc\u00ea ir muito al\u00e9m na hora de cozinhar.<\/p>\n<p>Refei\u00e7\u00f5es quentes em menos tempo e melhor aproveitamento de espa\u00e7o em sua cozinha, \u00e9 com o PMO28 Inox. Ele conta com uma pintura especial que n\u00e3o deixa a sujeira grudar nas paredes internas do micro-ondas, facilitando a hora da limpeza. S\u00e3o as mais variadas fun\u00e7\u00f5es pr\u00e9-programadas para preparar os seus alimentos, como a op\u00e7\u00e3o de descongelamento por tempo ou peso e o menu FIT.<\/p>\n<p>N\u00e3o deixe que o cheiro de alguns alimentos afete os outros. A fun\u00e7\u00e3o Tira Odor auxilia na remo\u00e7\u00e3o de cheiro deixado pelo preparo de alimentos no interior do aparelho.<\/p>\n<p>Aproveite que o Micro-Ondas Philco PMO28 possui classifica\u00e7\u00e3o energ\u00e9tica A, e cozinhe sem se preocupar com a conta de luz.<\/p>\n<p>Capacidade 28L<br \/>\nPrato com di\u00e2metro de 270mm<br \/>\nTeclas f\u00e1ceis: FIT e Manter Aquecido<br \/>\nOp\u00e7\u00f5es Descongelar R\u00e1pido ou Descongelar por Peso<br \/>\nFun\u00e7\u00e3o Pot\u00eancia<br \/>\nFun\u00e7\u00e3o Rel\u00f3gio<br \/>\nFun\u00e7\u00e3o Display \/ Sound<br \/>\nFun\u00e7\u00e3o Tira odor<br \/>\n1400W de pot\u00eancia<br \/>\nDispon\u00edvel em 127V e 220V<br \/>\nClasse A em efici\u00eancia energ\u00e9tica<br \/>\nModelo Inox<\/p>\n<p>Cor &#8211; Prata<br \/>\nGarantia (Dias) &#8211; 360<br \/>\nDetalhes do funcionamento &#8211; Detalhes do funcionamento<br \/>\nCapacidade (L) &#8211; 28<br \/>\nDescri\u00e7\u00e3o Complementar &#8211; Fun\u00e7\u00e3o Display\/Sound: Ao pressionar o bot\u00e3o uma vez desliga o visor, se pressionar e segurar o bot\u00e3o por 3 segundos, o som do teclado desligar\u00e1;<br \/>\nEstado &#8211; Novo<br \/>\nPot\u00eancia (W) &#8211; 1400w<br \/>\nEspelhado &#8211; N\u00e3o<br \/>\nModelo &#8211; PMO28 Inox<br \/>\nDe embutir &#8211; N\u00e3o<br \/>\nMarca &#8211; Philco<\/p>\n","protected":false},"excerpt":{"rendered":"<p>Micro-ondas Philco Pmo28inox 28 Litros 1400w 127V O Micro-Ondas Philco PMO28 Inox possui 28 litros de capacidade e 1400W de pot\u00eancia para voc\u00ea ir muito al\u00e9m na hora de cozinhar. Refei\u00e7\u00f5es quentes em menos tempo e melhor aproveitamento de espa\u00e7o em sua cozinha, \u00e9 com o PMO28 Inox. Ele conta com uma pintura especial que n\u00e3o deixa a sujeira grudar nas paredes internas do micro-ondas, facilitando a hora da limpeza. S\u00e3o as mais variadas fun\u00e7\u00f5es pr\u00e9-programadas para preparar os seus alimentos, como a op\u00e7\u00e3o de descongelamento por tempo ou peso e o menu FIT. N\u00e3o deixe que o cheiro de alguns alimentos afete os outros. A fun\u00e7\u00e3o Tira Odor auxilia na remo\u00e7\u00e3o de cheiro deixado pelo preparo de alimentos no interior do aparelho. Aproveite que o Micro-Ondas Philco PMO28 possui classifica\u00e7\u00e3o energ\u00e9tica A, e cozinhe sem se preocupar com a conta de luz. Capacidade 28L Prato com di\u00e2metro de 270mm Teclas f\u00e1ceis: FIT e Manter Aquecido Op\u00e7\u00f5es Descongelar R\u00e1pido ou Descongelar por Peso Fun\u00e7\u00e3o Pot\u00eancia Fun\u00e7\u00e3o Rel\u00f3gio Fun\u00e7\u00e3o Display \/ Sound Fun\u00e7\u00e3o Tira odor 1400W de pot\u00eancia Dispon\u00edvel em 127V e 220V Classe A em efici\u00eancia energ\u00e9tica Modelo Inox Cor &#8211; Prata Garantia (Dias) &#8211; 360 Detalhes do funcionamento &#8211; Detalhes do funcionamento Capacidade (L) &#8211; 28 Descri\u00e7\u00e3o Complementar &#8211; Fun\u00e7\u00e3o Display\/Sound: Ao pressionar o bot\u00e3o uma vez desliga o visor, se pressionar e segurar o bot\u00e3o por 3 segundos, o som do teclado desligar\u00e1; Estado &#8211; Novo Pot\u00eancia (W) &#8211; 1400w Espelhado &#8211; N\u00e3o Modelo &#8211; PMO28 Inox De embutir &#8211; N\u00e3o Marca &#8211; Philco<\/p>\n","protected":false},"featured_media":1018,"template":"","meta":{"_uag_custom_page_level_css":"","site-sidebar-layout":"default","site-content-layout":"default","ast-site-content-layout":"default","site-content-style":"default","site-sidebar-style":"default","ast-global-header-display":"","ast-banner-title-visibility":"","ast-main-header-display":"","ast-hfb-above-header-display":"","ast-hfb-below-header-display":"","ast-hfb-mobile-header-display":"","site-post-title":"","ast-breadcrumbs-content":"","ast-featured-img":"","footer-sml-layout":"","theme-transparent-header-meta":"default","adv-header-id-meta":"","stick-header-meta":"","header-above-stick-meta":"","header-main-stick-meta":"","header-below-stick-meta":"","astra-migrate-meta-layouts":"default","ast-page-background-enabled":"default","ast-page-background-meta":{"desktop":{"background-color":"","background-image":"","background-repeat":"repeat","background-position":"center center","background-size":"auto","background-attachment":"scroll","background-type":"","background-media":"","overlay-type":"","overlay-color":"","overlay-opacity":"","overlay-gradient":""},"tablet":{"background-color":"","background-image":"","background-repeat":"repeat","background-position":"center center","background-size":"auto","background-attachment":"scroll","background-type":"","background-media":"","overlay-type":"","overlay-color":"","overlay-opacity":"","overlay-gradient":""},"mobile":{"background-color":"","background-image":"","background-repeat":"repeat","background-position":"center center","background-size":"auto","background-attachment":"scroll","background-type":"","background-media":"","overlay-type":"","overlay-color":"","overlay-opacity":"","overlay-gradient":""}},"ast-content-background-meta":{"desktop":{"background-color":"var(--ast-global-color-5)","background-image":"","background-repeat":"repeat","background-position":"center center","background-size":"auto","background-attachment":"scroll","background-type":"","background-media":"","overlay-type":"","overlay-color":"","overlay-opacity":"","overlay-gradient":""},"tablet":{"background-color":"var(--ast-global-color-5)","background-image":"","background-repeat":"repeat","background-position":"center center","background-size":"auto","background-attachment":"scroll","background-type":"","background-media":"","overlay-type":"","overlay-color":"","overlay-opacity":"","overlay-gradient":""},"mobile":{"background-color":"var(--ast-global-color-5)","background-image":"","background-repeat":"repeat","background-position":"center center","background-size":"auto","background-attachment":"scroll","background-type":"","background-media":"","overlay-type":"","overlay-color":"","overlay-opacity":"","overlay-gradient":""}}},"product_brand":[],"product_cat":[28,484],"product_tag":[117,485,435],"class_list":{"0":"post-1016","1":"product","2":"type-product","3":"status-publish","4":"has-post-thumbnail","6":"product_cat-eletrodomesticos","7":"product_cat-micro-ondas","8":"product_tag-cozinha","9":"product_tag-micro-ondas","10":"product_tag-philco","11":"desktop-align-center","12":"tablet-align-left","13":"mobile-align-center","15":"first","16":"instock","17":"sale","18":"shipping-taxable","19":"product-type-external"},"uagb_featured_image_src":{"full":["https:\/\/promocaododia.com.br\/site\/wp-content\/uploads\/2022\/11\/Micro-ondas-de-Bancada-Philco-PMO28-Inox-28Litros-1400w-127V-1.jpg",600,600,false],"thumbnail":["https:\/\/promocaododia.com.br\/site\/wp-content\/uploads\/2022\/11\/Micro-ondas-de-Bancada-Philco-PMO28-Inox-28Litros-1400w-127V-1-150x150.jpg",150,150,true],"medium":["https:\/\/promocaododia.com.br\/site\/wp-content\/uploads\/2022\/11\/Micro-ondas-de-Bancada-Philco-PMO28-Inox-28Litros-1400w-127V-1-300x300.jpg",300,300,true],"medium_large":["https:\/\/promocaododia.com.br\/site\/wp-content\/uploads\/2022\/11\/Micro-ondas-de-Bancada-Philco-PMO28-Inox-28Litros-1400w-127V-1.jpg",600,600,false],"large":["https:\/\/promocaododia.com.br\/site\/wp-content\/uploads\/2022\/11\/Micro-ondas-de-Bancada-Philco-PMO28-Inox-28Litros-1400w-127V-1.jpg",600,600,false],"1536x1536":["https:\/\/promocaododia.com.br\/site\/wp-content\/uploads\/2022\/11\/Micro-ondas-de-Bancada-Philco-PMO28-Inox-28Litros-1400w-127V-1.jpg",600,600,false],"2048x2048":["https:\/\/promocaododia.com.br\/site\/wp-content\/uploads\/2022\/11\/Micro-ondas-de-Bancada-Philco-PMO28-Inox-28Litros-1400w-127V-1.jpg",600,600,false],"woocommerce_thumbnail":["https:\/\/promocaododia.com.br\/site\/wp-content\/uploads\/2022\/11\/Micro-ondas-de-Bancada-Philco-PMO28-Inox-28Litros-1400w-127V-1-250x250.jpg",250,250,true],"woocommerce_single":["https:\/\/promocaododia.com.br\/site\/wp-content\/uploads\/2022\/11\/Micro-ondas-de-Bancada-Philco-PMO28-Inox-28Litros-1400w-127V-1-250x250.jpg",250,250,true],"woocommerce_gallery_thumbnail":["https:\/\/promocaododia.com.br\/site\/wp-content\/uploads\/2022\/11\/Micro-ondas-de-Bancada-Philco-PMO28-Inox-28Litros-1400w-127V-1-100x100.jpg",100,100,true]},"uagb_author_info":{"display_name":"danilo.gbr","author_link":"https:\/\/promocaododia.com.br\/site\/author\/"},"uagb_comment_info":0,"uagb_excerpt":"Micro-ondas Philco Pmo28inox 28 Litros 1400w 127V O Micro-Ondas Philco PMO28 Inox possui 28 litros de capacidade e 1400W de pot\u00eancia para voc\u00ea ir muito al\u00e9m na hora de cozinhar. Refei\u00e7\u00f5es quentes em menos tempo e melhor aproveitamento de espa\u00e7o em sua cozinha, \u00e9 com o PMO28 Inox. Ele conta com uma pintura especial que&hellip;","_links":{"self":[{"href":"https:\/\/promocaododia.com.br\/site\/wp-json\/wp\/v2\/product\/1016","targetHints":{"allow":["GET"]}}],"collection":[{"href":"https:\/\/promocaododia.com.br\/site\/wp-json\/wp\/v2\/product"}],"about":[{"href":"https:\/\/promocaododia.com.br\/site\/wp-json\/wp\/v2\/types\/product"}],"wp:featuredmedia":[{"embeddable":true,"href":"https:\/\/promocaododia.com.br\/site\/wp-json\/wp\/v2\/media\/1018"}],"wp:attachment":[{"href":"https:\/\/promocaododia.com.br\/site\/wp-json\/wp\/v2\/media?parent=1016"}],"wp:term":[{"taxonomy":"product_brand","embeddable":true,"href":"https:\/\/promocaododia.com.br\/site\/wp-json\/wp\/v2\/product_brand?post=1016"},{"taxonomy":"product_cat","embeddable":true,"href":"https:\/\/promocaododia.com.br\/site\/wp-json\/wp\/v2\/product_cat?post=1016"},{"taxonomy":"product_tag","embeddable":true,"href":"https:\/\/promocaododia.com.br\/site\/wp-json\/wp\/v2\/product_tag?post=1016"}],"curies":[{"name":"wp","href":"https:\/\/api.w.org\/{rel}","templated":true}]}}