{"id":102,"date":"2021-06-08T08:36:03","date_gmt":"2021-06-08T11:36:03","guid":{"rendered":"https:\/\/promocaododia.com.br\/site\/?post_type=product&#038;p=102"},"modified":"2021-06-08T08:36:03","modified_gmt":"2021-06-08T11:36:03","slug":"smartphone-samsung-galaxy-a02-32gb-vermelho-4g-quad-core-2gb-ram-65-cam-dupla-selfie-5mp","status":"publish","type":"product","link":"https:\/\/promocaododia.com.br\/site\/produto\/smartphone-samsung-galaxy-a02-32gb-vermelho-4g-quad-core-2gb-ram-65-cam-dupla-selfie-5mp\/","title":{"rendered":"Smartphone Samsung Galaxy A02 32GB Vermelho 4G &#8211; Quad-Core 2GB RAM 6,5\u201d C\u00e2m. Dupla + Selfie 5MP"},"content":{"rendered":"<p>Postado 08\/06\/2021<\/p>\n<div id=\"featurebullets_feature_div\" class=\"celwidget\" data-feature-name=\"featurebullets\" data-csa-c-id=\"xnu2ya-i2i0nx-9ngl3e-p64rjo\" data-cel-widget=\"featurebullets_feature_div\">\n<div id=\"feature-bullets\" class=\"a-section a-spacing-medium a-spacing-top-small\">Voc\u00ea precisa de um smartphone de \u00f3tima qualidade.<\/p>\n<p>Desenvolvido com tecnologia, o\u00a0<b>Smartphone Samsung Galaxy A02\u00a0<\/b>\u00e9 um aparelho equipado com c\u00e2mera dupla traseira, sendo a principal de 13MP, abertura de f\/1.9 e uma macro de 2MP, para que voc\u00ea fa\u00e7a cliques incr\u00edveis. Al\u00e9m disso, conta com frontal de 5MP.<\/p>\n<p>Com design moderno e confort\u00e1vel para uso, sua tela \u00e9 de 6.5 polegadas, resolu\u00e7\u00e3o HD+ e tecnologia IPS LCD.<\/p>\n<p>Um dos diferenciais do\u00a0<b>Smartphone Samsung Galaxy A02\u00a0<\/b>\u00e9 a sua bateria de 5.000 mAh que tem capacidade para um melhor uso.<\/p>\n<p>Completo e com recursos que v\u00e3o facilitar o seu dia a dia, esse smartphone da Samsung \u00e9 ideal para quem n\u00e3o abre m\u00e3o de ter fun\u00e7\u00f5es f\u00e1ceis de utilizar.<\/p><\/div>\n<div><\/div>\n<\/div>\n<p>A equipe Promo\u00e7\u00f5es do dia divulga produtos de nossos parceiros, sendo a venda e p\u00f3s venda de responsabilidade dos mesmos.<\/p>\n","protected":false},"excerpt":{"rendered":"<p>Postado 08\/06\/2021 Voc\u00ea precisa de um smartphone de \u00f3tima qualidade. Desenvolvido com tecnologia, o\u00a0Smartphone Samsung Galaxy A02\u00a0\u00e9 um aparelho equipado com c\u00e2mera dupla traseira, sendo a principal de 13MP, abertura de f\/1.9 e uma macro de 2MP, para que voc\u00ea fa\u00e7a cliques incr\u00edveis. Al\u00e9m disso, conta com frontal de 5MP. Com design moderno e confort\u00e1vel para uso, sua tela \u00e9 de 6.5 polegadas, resolu\u00e7\u00e3o HD+ e tecnologia IPS LCD. Um dos diferenciais do\u00a0Smartphone Samsung Galaxy A02\u00a0\u00e9 a sua bateria de 5.000 mAh que tem capacidade para um melhor uso. Completo e com recursos que v\u00e3o facilitar o seu dia a dia, esse smartphone da Samsung \u00e9 ideal para quem n\u00e3o abre m\u00e3o de ter fun\u00e7\u00f5es f\u00e1ceis de utilizar. A equipe Promo\u00e7\u00f5es do dia divulga produtos de nossos parceiros, sendo a venda e p\u00f3s venda de responsabilidade dos mesmos.<\/p>\n","protected":false},"featured_media":103,"template":"","meta":{"_uag_custom_page_level_css":"","site-sidebar-layout":"default","site-content-layout":"","ast-site-content-layout":"default","site-content-style":"default","site-sidebar-style":"default","ast-global-header-display":"","ast-banner-title-visibility":"","ast-main-header-display":"","ast-hfb-above-header-display":"","ast-hfb-below-header-display":"","ast-hfb-mobile-header-display":"","site-post-title":"","ast-breadcrumbs-content":"","ast-featured-img":"","footer-sml-layout":"","theme-transparent-header-meta":"","adv-header-id-meta":"","stick-header-meta":"","header-above-stick-meta":"","header-main-stick-meta":"","header-below-stick-meta":"","astra-migrate-meta-layouts":"default","ast-page-background-enabled":"default","ast-page-background-meta":{"desktop":{"background-color":"","background-image":"","background-repeat":"repeat","background-position":"center center","background-size":"auto","background-attachment":"scroll","background-type":"","background-media":"","overlay-type":"","overlay-color":"","overlay-opacity":"","overlay-gradient":""},"tablet":{"background-color":"","background-image":"","background-repeat":"repeat","background-position":"center center","background-size":"auto","background-attachment":"scroll","background-type":"","background-media":"","overlay-type":"","overlay-color":"","overlay-opacity":"","overlay-gradient":""},"mobile":{"background-color":"","background-image":"","background-repeat":"repeat","background-position":"center center","background-size":"auto","background-attachment":"scroll","background-type":"","background-media":"","overlay-type":"","overlay-color":"","overlay-opacity":"","overlay-gradient":""}},"ast-content-background-meta":{"desktop":{"background-color":"var(--ast-global-color-5)","background-image":"","background-repeat":"repeat","background-position":"center center","background-size":"auto","background-attachment":"scroll","background-type":"","background-media":"","overlay-type":"","overlay-color":"","overlay-opacity":"","overlay-gradient":""},"tablet":{"background-color":"var(--ast-global-color-5)","background-image":"","background-repeat":"repeat","background-position":"center center","background-size":"auto","background-attachment":"scroll","background-type":"","background-media":"","overlay-type":"","overlay-color":"","overlay-opacity":"","overlay-gradient":""},"mobile":{"background-color":"var(--ast-global-color-5)","background-image":"","background-repeat":"repeat","background-position":"center center","background-size":"auto","background-attachment":"scroll","background-type":"","background-media":"","overlay-type":"","overlay-color":"","overlay-opacity":"","overlay-gradient":""}}},"product_brand":[],"product_cat":[23,35],"product_tag":[],"class_list":{"0":"post-102","1":"product","2":"type-product","3":"status-publish","4":"has-post-thumbnail","6":"product_cat-celulares-e-tablets","7":"product_cat-smartphone","8":"desktop-align-center","9":"tablet-align-left","10":"mobile-align-center","12":"first","13":"instock","14":"sale","15":"shipping-taxable","16":"product-type-external"},"uagb_featured_image_src":{"full":["https:\/\/promocaododia.com.br\/site\/wp-content\/uploads\/2021\/06\/celular.jpg",250,250,false],"thumbnail":["https:\/\/promocaododia.com.br\/site\/wp-content\/uploads\/2021\/06\/celular-150x150.jpg",150,150,true],"medium":["https:\/\/promocaododia.com.br\/site\/wp-content\/uploads\/2021\/06\/celular.jpg",250,250,false],"medium_large":["https:\/\/promocaododia.com.br\/site\/wp-content\/uploads\/2021\/06\/celular.jpg",250,250,false],"large":["https:\/\/promocaododia.com.br\/site\/wp-content\/uploads\/2021\/06\/celular.jpg",250,250,false],"1536x1536":["https:\/\/promocaododia.com.br\/site\/wp-content\/uploads\/2021\/06\/celular.jpg",250,250,false],"2048x2048":["https:\/\/promocaododia.com.br\/site\/wp-content\/uploads\/2021\/06\/celular.jpg",250,250,false],"woocommerce_thumbnail":["https:\/\/promocaododia.com.br\/site\/wp-content\/uploads\/2021\/06\/celular-250x250.jpg",250,250,true],"woocommerce_single":["https:\/\/promocaododia.com.br\/site\/wp-content\/uploads\/2021\/06\/celular.jpg",250,250,false],"woocommerce_gallery_thumbnail":["https:\/\/promocaododia.com.br\/site\/wp-content\/uploads\/2021\/06\/celular-100x100.jpg",100,100,true]},"uagb_author_info":{"display_name":"danilo.gbr","author_link":"https:\/\/promocaododia.com.br\/site\/author\/"},"uagb_comment_info":0,"uagb_excerpt":"Postado 08\/06\/2021 Voc\u00ea precisa de um smartphone de \u00f3tima qualidade. Desenvolvido com tecnologia, o\u00a0Smartphone Samsung Galaxy A02\u00a0\u00e9 um aparelho equipado com c\u00e2mera dupla traseira, sendo a principal de 13MP, abertura de f\/1.9 e uma macro de 2MP, para que voc\u00ea fa\u00e7a cliques incr\u00edveis. Al\u00e9m disso, conta com frontal de 5MP. Com design moderno e confort\u00e1vel&hellip;","_links":{"self":[{"href":"https:\/\/promocaododia.com.br\/site\/wp-json\/wp\/v2\/product\/102","targetHints":{"allow":["GET"]}}],"collection":[{"href":"https:\/\/promocaododia.com.br\/site\/wp-json\/wp\/v2\/product"}],"about":[{"href":"https:\/\/promocaododia.com.br\/site\/wp-json\/wp\/v2\/types\/product"}],"wp:featuredmedia":[{"embeddable":true,"href":"https:\/\/promocaododia.com.br\/site\/wp-json\/wp\/v2\/media\/103"}],"wp:attachment":[{"href":"https:\/\/promocaododia.com.br\/site\/wp-json\/wp\/v2\/media?parent=102"}],"wp:term":[{"taxonomy":"product_brand","embeddable":true,"href":"https:\/\/promocaododia.com.br\/site\/wp-json\/wp\/v2\/product_brand?post=102"},{"taxonomy":"product_cat","embeddable":true,"href":"https:\/\/promocaododia.com.br\/site\/wp-json\/wp\/v2\/product_cat?post=102"},{"taxonomy":"product_tag","embeddable":true,"href":"https:\/\/promocaododia.com.br\/site\/wp-json\/wp\/v2\/product_tag?post=102"}],"curies":[{"name":"wp","href":"https:\/\/api.w.org\/{rel}","templated":true}]}}