{"id":1021,"date":"2022-11-09T21:32:25","date_gmt":"2022-11-10T00:32:25","guid":{"rendered":"https:\/\/promocaododia.com.br\/site\/?post_type=product&#038;p=1021"},"modified":"2022-11-09T21:32:25","modified_gmt":"2022-11-10T00:32:25","slug":"cooktop-5-bocas-itatiaia-essencial-preto-bivolt","status":"publish","type":"product","link":"https:\/\/promocaododia.com.br\/site\/produto\/cooktop-5-bocas-itatiaia-essencial-preto-bivolt\/","title":{"rendered":"Cooktop 5 Bocas Itatiaia Essencial Preto Bivolt"},"content":{"rendered":"<p>O novo Cooktop Essencial 5 bocas da Itatiaia possui mesa de vidro temperado e queimadores potentes, trazendo mais agilidade para seus preparos.<\/p>\n<p>Modelo: Essencial<\/p>\n<p>PN: 3700000193<\/p>\n<p>Cor: Preto<\/p>\n<p>Marca: Itatiaia<\/p>\n<p>Bocas: 5<\/p>\n<p>Funcionamento: a G\u00e1s GLP\/GN<\/p>\n<p>Modernos man\u00edpulos com sinaliza\u00e7\u00e3o de posi\u00e7\u00e3o<\/p>\n<p>Queimador robusto em alum\u00ednio<\/p>\n<p>Acendimento autom\u00e1tico<\/p>\n<p>Grafismo exclusivo Itatiaia<\/p>\n<p>Queimadores gigantes<\/p>\n<p>Mesa em vidro temperado<\/p>\n<p>Trempe sim\u00e9trica de arame redondo esmaltado e super resistente ao peso das panelas<\/p>\n<p>Classifica\u00e7\u00e3o energ\u00e9tica: A<\/p>\n<p>Voltagem: Bivolt<\/p>\n<p>Conte\u00fado da embalagem:<\/p>\n<p>01 x Cooktop<\/p>\n<p>01 x Manual de instru\u00e7\u00f5es<\/p>\n<p>Dimens\u00f5es do Cooktop (A x L x P): 17 x 73 x 45 cm<\/p>\n<p>Peso: 8,523 Kg<\/p>\n","protected":false},"excerpt":{"rendered":"<p>O novo Cooktop Essencial 5 bocas da Itatiaia possui mesa de vidro temperado e queimadores potentes, trazendo mais agilidade para seus preparos. Modelo: Essencial PN: 3700000193 Cor: Preto Marca: Itatiaia Bocas: 5 Funcionamento: a G\u00e1s GLP\/GN Modernos man\u00edpulos com sinaliza\u00e7\u00e3o de posi\u00e7\u00e3o Queimador robusto em alum\u00ednio Acendimento autom\u00e1tico Grafismo exclusivo Itatiaia Queimadores gigantes Mesa em vidro temperado Trempe sim\u00e9trica de arame redondo esmaltado e super resistente ao peso das panelas Classifica\u00e7\u00e3o energ\u00e9tica: A Voltagem: Bivolt Conte\u00fado da embalagem: 01 x Cooktop 01 x Manual de instru\u00e7\u00f5es Dimens\u00f5es do Cooktop (A x L x P): 17 x 73 x 45 cm Peso: 8,523 Kg<\/p>\n","protected":false},"featured_media":1022,"template":"","meta":{"_uag_custom_page_level_css":"","site-sidebar-layout":"default","site-content-layout":"default","ast-site-content-layout":"default","site-content-style":"default","site-sidebar-style":"default","ast-global-header-display":"","ast-banner-title-visibility":"","ast-main-header-display":"","ast-hfb-above-header-display":"","ast-hfb-below-header-display":"","ast-hfb-mobile-header-display":"","site-post-title":"","ast-breadcrumbs-content":"","ast-featured-img":"","footer-sml-layout":"","theme-transparent-header-meta":"default","adv-header-id-meta":"","stick-header-meta":"","header-above-stick-meta":"","header-main-stick-meta":"","header-below-stick-meta":"","astra-migrate-meta-layouts":"default","ast-page-background-enabled":"default","ast-page-background-meta":{"desktop":{"background-color":"","background-image":"","background-repeat":"repeat","background-position":"center center","background-size":"auto","background-attachment":"scroll","background-type":"","background-media":"","overlay-type":"","overlay-color":"","overlay-opacity":"","overlay-gradient":""},"tablet":{"background-color":"","background-image":"","background-repeat":"repeat","background-position":"center center","background-size":"auto","background-attachment":"scroll","background-type":"","background-media":"","overlay-type":"","overlay-color":"","overlay-opacity":"","overlay-gradient":""},"mobile":{"background-color":"","background-image":"","background-repeat":"repeat","background-position":"center center","background-size":"auto","background-attachment":"scroll","background-type":"","background-media":"","overlay-type":"","overlay-color":"","overlay-opacity":"","overlay-gradient":""}},"ast-content-background-meta":{"desktop":{"background-color":"var(--ast-global-color-5)","background-image":"","background-repeat":"repeat","background-position":"center center","background-size":"auto","background-attachment":"scroll","background-type":"","background-media":"","overlay-type":"","overlay-color":"","overlay-opacity":"","overlay-gradient":""},"tablet":{"background-color":"var(--ast-global-color-5)","background-image":"","background-repeat":"repeat","background-position":"center center","background-size":"auto","background-attachment":"scroll","background-type":"","background-media":"","overlay-type":"","overlay-color":"","overlay-opacity":"","overlay-gradient":""},"mobile":{"background-color":"var(--ast-global-color-5)","background-image":"","background-repeat":"repeat","background-position":"center center","background-size":"auto","background-attachment":"scroll","background-type":"","background-media":"","overlay-type":"","overlay-color":"","overlay-opacity":"","overlay-gradient":""}}},"product_brand":[],"product_cat":[28,486],"product_tag":[488,489,487,117],"class_list":{"0":"post-1021","1":"product","2":"type-product","3":"status-publish","4":"has-post-thumbnail","6":"product_cat-eletrodomesticos","7":"product_cat-fogao","8":"product_tag-5-bocas","9":"product_tag-casa-e-construcao","10":"product_tag-cooktop","11":"product_tag-cozinha","12":"desktop-align-center","13":"tablet-align-left","14":"mobile-align-center","16":"first","17":"instock","18":"sale","19":"shipping-taxable","20":"product-type-external"},"uagb_featured_image_src":{"full":["https:\/\/promocaododia.com.br\/site\/wp-content\/uploads\/2022\/11\/Cooktop-5-Bocas-Itatiaia-Essencial-Preto-Bivolt.jpg",600,600,false],"thumbnail":["https:\/\/promocaododia.com.br\/site\/wp-content\/uploads\/2022\/11\/Cooktop-5-Bocas-Itatiaia-Essencial-Preto-Bivolt-150x150.jpg",150,150,true],"medium":["https:\/\/promocaododia.com.br\/site\/wp-content\/uploads\/2022\/11\/Cooktop-5-Bocas-Itatiaia-Essencial-Preto-Bivolt-300x300.jpg",300,300,true],"medium_large":["https:\/\/promocaododia.com.br\/site\/wp-content\/uploads\/2022\/11\/Cooktop-5-Bocas-Itatiaia-Essencial-Preto-Bivolt.jpg",600,600,false],"large":["https:\/\/promocaododia.com.br\/site\/wp-content\/uploads\/2022\/11\/Cooktop-5-Bocas-Itatiaia-Essencial-Preto-Bivolt.jpg",600,600,false],"1536x1536":["https:\/\/promocaododia.com.br\/site\/wp-content\/uploads\/2022\/11\/Cooktop-5-Bocas-Itatiaia-Essencial-Preto-Bivolt.jpg",600,600,false],"2048x2048":["https:\/\/promocaododia.com.br\/site\/wp-content\/uploads\/2022\/11\/Cooktop-5-Bocas-Itatiaia-Essencial-Preto-Bivolt.jpg",600,600,false],"woocommerce_thumbnail":["https:\/\/promocaododia.com.br\/site\/wp-content\/uploads\/2022\/11\/Cooktop-5-Bocas-Itatiaia-Essencial-Preto-Bivolt-250x250.jpg",250,250,true],"woocommerce_single":["https:\/\/promocaododia.com.br\/site\/wp-content\/uploads\/2022\/11\/Cooktop-5-Bocas-Itatiaia-Essencial-Preto-Bivolt-250x250.jpg",250,250,true],"woocommerce_gallery_thumbnail":["https:\/\/promocaododia.com.br\/site\/wp-content\/uploads\/2022\/11\/Cooktop-5-Bocas-Itatiaia-Essencial-Preto-Bivolt-100x100.jpg",100,100,true]},"uagb_author_info":{"display_name":"danilo.gbr","author_link":"https:\/\/promocaododia.com.br\/site\/author\/"},"uagb_comment_info":0,"uagb_excerpt":"O novo Cooktop Essencial 5 bocas da Itatiaia possui mesa de vidro temperado e queimadores potentes, trazendo mais agilidade para seus preparos. Modelo: Essencial PN: 3700000193 Cor: Preto Marca: Itatiaia Bocas: 5 Funcionamento: a G\u00e1s GLP\/GN Modernos man\u00edpulos com sinaliza\u00e7\u00e3o de posi\u00e7\u00e3o Queimador robusto em alum\u00ednio Acendimento autom\u00e1tico Grafismo exclusivo Itatiaia Queimadores gigantes Mesa em&hellip;","_links":{"self":[{"href":"https:\/\/promocaododia.com.br\/site\/wp-json\/wp\/v2\/product\/1021","targetHints":{"allow":["GET"]}}],"collection":[{"href":"https:\/\/promocaododia.com.br\/site\/wp-json\/wp\/v2\/product"}],"about":[{"href":"https:\/\/promocaododia.com.br\/site\/wp-json\/wp\/v2\/types\/product"}],"wp:featuredmedia":[{"embeddable":true,"href":"https:\/\/promocaododia.com.br\/site\/wp-json\/wp\/v2\/media\/1022"}],"wp:attachment":[{"href":"https:\/\/promocaododia.com.br\/site\/wp-json\/wp\/v2\/media?parent=1021"}],"wp:term":[{"taxonomy":"product_brand","embeddable":true,"href":"https:\/\/promocaododia.com.br\/site\/wp-json\/wp\/v2\/product_brand?post=1021"},{"taxonomy":"product_cat","embeddable":true,"href":"https:\/\/promocaododia.com.br\/site\/wp-json\/wp\/v2\/product_cat?post=1021"},{"taxonomy":"product_tag","embeddable":true,"href":"https:\/\/promocaododia.com.br\/site\/wp-json\/wp\/v2\/product_tag?post=1021"}],"curies":[{"name":"wp","href":"https:\/\/api.w.org\/{rel}","templated":true}]}}