{"id":1025,"date":"2022-11-09T21:54:58","date_gmt":"2022-11-10T00:54:58","guid":{"rendered":"https:\/\/promocaododia.com.br\/site\/?post_type=product&#038;p=1025"},"modified":"2022-11-09T21:54:58","modified_gmt":"2022-11-10T00:54:58","slug":"notebook-gamer-acer-nitro-5-intel-core-i5-8gb-1tb-hd-256gb-ssd-nvidia-gtx-1650-4gb-windows-11","status":"publish","type":"product","link":"https:\/\/promocaododia.com.br\/site\/produto\/notebook-gamer-acer-nitro-5-intel-core-i5-8gb-1tb-hd-256gb-ssd-nvidia-gtx-1650-4gb-windows-11\/","title":{"rendered":"Notebook Gamer Acer Nitro 5 Intel Core i5 8GB &#8211; 1TB HD 256GB SSD Nvidia GTX 1650 4GB Windows 11"},"content":{"rendered":"<p>O notebook gamer Acer AN515-55-58UJ Nitro 5 \u00e9 a nova gera\u00e7\u00e3o, com uma configura\u00e7\u00e3o que n\u00e3o treme para os jogos mais pesados. Embarque agora e prepare-se para a pot\u00eancia m\u00e1xima. A super placa de v\u00eddeo NVIDIA GeForce GTX 1650 com 4GB de mem\u00f3ria dedicada GDDR6 traz a performance que voc\u00ea precisa para surpreender seus advers\u00e1rios e jogar com alto n\u00edvel de realismo. Se \u00e9 poder que voc\u00ea quer para chegar mais r\u00e1pido ao level avan\u00e7ado, conte com o desempenho do processador Intel Core i5 &#8211; 10300H-Quad Core de 10\u00aa gera\u00e7\u00e3o, al\u00e9m dos 8GB de mem\u00f3ria RAM tipo DDR4, expans\u00edvel at\u00e9 32GB. O produto vem equipado com capacidade de 256GB do SSD e 1TB de HD, que possui velocidade de leitura e grava\u00e7\u00e3o mais r\u00e1pida que um HD tradicional. Com seu sistema operacional e jogos instalados nele, tudo abrir\u00e1 em poucos segundos. Para completar tudo isso, ainda conta com sistema operacional Windows 11 Home 64-bits, tela de 15,6&#8243; Full HD com painel IPS e imagem incr\u00edvel, tecnologia DTS X Ultra \u00c1udio, teclado retro iluminado na cor vermelha e tecla NitroSense, que \u00e9 a \u00faltima palavra em ferramenta de controle. Assuma o comando do overlock, perfis de jogo e muito mais a um toque de dist\u00e2ncia. Uma armadura de respeito, o chassi traz linhas inspiradas no mundo gamer, com acabamento premium texturizado e detalhes em vermelho. Os advers\u00e1rios j\u00e1 come\u00e7am a partida respeitando seu time.<\/p>\n","protected":false},"excerpt":{"rendered":"<p>O notebook gamer Acer AN515-55-58UJ Nitro 5 \u00e9 a nova gera\u00e7\u00e3o, com uma configura\u00e7\u00e3o que n\u00e3o treme para os jogos mais pesados. Embarque agora e prepare-se para a pot\u00eancia m\u00e1xima. A super placa de v\u00eddeo NVIDIA GeForce GTX 1650 com 4GB de mem\u00f3ria dedicada GDDR6 traz a performance que voc\u00ea precisa para surpreender seus advers\u00e1rios e jogar com alto n\u00edvel de realismo. Se \u00e9 poder que voc\u00ea quer para chegar mais r\u00e1pido ao level avan\u00e7ado, conte com o desempenho do processador Intel Core i5 &#8211; 10300H-Quad Core de 10\u00aa gera\u00e7\u00e3o, al\u00e9m dos 8GB de mem\u00f3ria RAM tipo DDR4, expans\u00edvel at\u00e9 32GB. O produto vem equipado com capacidade de 256GB do SSD e 1TB de HD, que possui velocidade de leitura e grava\u00e7\u00e3o mais r\u00e1pida que um HD tradicional. Com seu sistema operacional e jogos instalados nele, tudo abrir\u00e1 em poucos segundos. Para completar tudo isso, ainda conta com sistema operacional Windows 11 Home 64-bits, tela de 15,6&#8243; Full HD com painel IPS e imagem incr\u00edvel, tecnologia DTS X Ultra \u00c1udio, teclado retro iluminado na cor vermelha e tecla NitroSense, que \u00e9 a \u00faltima palavra em ferramenta de controle. Assuma o comando do overlock, perfis de jogo e muito mais a um toque de dist\u00e2ncia. Uma armadura de respeito, o chassi traz linhas inspiradas no mundo gamer, com acabamento premium texturizado e detalhes em vermelho. Os advers\u00e1rios j\u00e1 come\u00e7am a partida respeitando seu time.<\/p>\n","protected":false},"featured_media":1026,"template":"","meta":{"_uag_custom_page_level_css":"","site-sidebar-layout":"default","site-content-layout":"default","ast-site-content-layout":"default","site-content-style":"default","site-sidebar-style":"default","ast-global-header-display":"","ast-banner-title-visibility":"","ast-main-header-display":"","ast-hfb-above-header-display":"","ast-hfb-below-header-display":"","ast-hfb-mobile-header-display":"","site-post-title":"","ast-breadcrumbs-content":"","ast-featured-img":"","footer-sml-layout":"","theme-transparent-header-meta":"default","adv-header-id-meta":"","stick-header-meta":"","header-above-stick-meta":"","header-main-stick-meta":"","header-below-stick-meta":"","astra-migrate-meta-layouts":"default","ast-page-background-enabled":"default","ast-page-background-meta":{"desktop":{"background-color":"","background-image":"","background-repeat":"repeat","background-position":"center center","background-size":"auto","background-attachment":"scroll","background-type":"","background-media":"","overlay-type":"","overlay-color":"","overlay-opacity":"","overlay-gradient":""},"tablet":{"background-color":"","background-image":"","background-repeat":"repeat","background-position":"center center","background-size":"auto","background-attachment":"scroll","background-type":"","background-media":"","overlay-type":"","overlay-color":"","overlay-opacity":"","overlay-gradient":""},"mobile":{"background-color":"","background-image":"","background-repeat":"repeat","background-position":"center center","background-size":"auto","background-attachment":"scroll","background-type":"","background-media":"","overlay-type":"","overlay-color":"","overlay-opacity":"","overlay-gradient":""}},"ast-content-background-meta":{"desktop":{"background-color":"var(--ast-global-color-5)","background-image":"","background-repeat":"repeat","background-position":"center center","background-size":"auto","background-attachment":"scroll","background-type":"","background-media":"","overlay-type":"","overlay-color":"","overlay-opacity":"","overlay-gradient":""},"tablet":{"background-color":"var(--ast-global-color-5)","background-image":"","background-repeat":"repeat","background-position":"center center","background-size":"auto","background-attachment":"scroll","background-type":"","background-media":"","overlay-type":"","overlay-color":"","overlay-opacity":"","overlay-gradient":""},"mobile":{"background-color":"var(--ast-global-color-5)","background-image":"","background-repeat":"repeat","background-position":"center center","background-size":"auto","background-attachment":"scroll","background-type":"","background-media":"","overlay-type":"","overlay-color":"","overlay-opacity":"","overlay-gradient":""}}},"product_brand":[],"product_cat":[38,244,75,62],"product_tag":[352,316,81,318,83,160,82,491,353,163],"class_list":{"0":"post-1025","1":"product","2":"type-product","3":"status-publish","4":"has-post-thumbnail","6":"product_cat-eletronicos","7":"product_cat-games","8":"product_cat-informatica-e-acessorios","9":"product_cat-notebook","10":"product_tag-acer-nitro","11":"product_tag-core-i5","12":"product_tag-gamer","13":"product_tag-gtx-1650","14":"product_tag-informatica","15":"product_tag-intel","16":"product_tag-notebook","17":"product_tag-nvidia","18":"product_tag-ssd","19":"product_tag-windows-11","20":"desktop-align-center","21":"tablet-align-left","22":"mobile-align-center","24":"first","25":"instock","26":"sale","27":"shipping-taxable","28":"product-type-external"},"uagb_featured_image_src":{"full":["https:\/\/promocaododia.com.br\/site\/wp-content\/uploads\/2022\/11\/Notebook-Gamer-Acer-Nitro-5-Intel-Core-i5-8GB-1TB-HD-256GB-SSD-Nvidia-GTX-1650-4GB-Windows-11.jpg",600,600,false],"thumbnail":["https:\/\/promocaododia.com.br\/site\/wp-content\/uploads\/2022\/11\/Notebook-Gamer-Acer-Nitro-5-Intel-Core-i5-8GB-1TB-HD-256GB-SSD-Nvidia-GTX-1650-4GB-Windows-11-150x150.jpg",150,150,true],"medium":["https:\/\/promocaododia.com.br\/site\/wp-content\/uploads\/2022\/11\/Notebook-Gamer-Acer-Nitro-5-Intel-Core-i5-8GB-1TB-HD-256GB-SSD-Nvidia-GTX-1650-4GB-Windows-11-300x300.jpg",300,300,true],"medium_large":["https:\/\/promocaododia.com.br\/site\/wp-content\/uploads\/2022\/11\/Notebook-Gamer-Acer-Nitro-5-Intel-Core-i5-8GB-1TB-HD-256GB-SSD-Nvidia-GTX-1650-4GB-Windows-11.jpg",600,600,false],"large":["https:\/\/promocaododia.com.br\/site\/wp-content\/uploads\/2022\/11\/Notebook-Gamer-Acer-Nitro-5-Intel-Core-i5-8GB-1TB-HD-256GB-SSD-Nvidia-GTX-1650-4GB-Windows-11.jpg",600,600,false],"1536x1536":["https:\/\/promocaododia.com.br\/site\/wp-content\/uploads\/2022\/11\/Notebook-Gamer-Acer-Nitro-5-Intel-Core-i5-8GB-1TB-HD-256GB-SSD-Nvidia-GTX-1650-4GB-Windows-11.jpg",600,600,false],"2048x2048":["https:\/\/promocaododia.com.br\/site\/wp-content\/uploads\/2022\/11\/Notebook-Gamer-Acer-Nitro-5-Intel-Core-i5-8GB-1TB-HD-256GB-SSD-Nvidia-GTX-1650-4GB-Windows-11.jpg",600,600,false],"woocommerce_thumbnail":["https:\/\/promocaododia.com.br\/site\/wp-content\/uploads\/2022\/11\/Notebook-Gamer-Acer-Nitro-5-Intel-Core-i5-8GB-1TB-HD-256GB-SSD-Nvidia-GTX-1650-4GB-Windows-11-250x250.jpg",250,250,true],"woocommerce_single":["https:\/\/promocaododia.com.br\/site\/wp-content\/uploads\/2022\/11\/Notebook-Gamer-Acer-Nitro-5-Intel-Core-i5-8GB-1TB-HD-256GB-SSD-Nvidia-GTX-1650-4GB-Windows-11-250x250.jpg",250,250,true],"woocommerce_gallery_thumbnail":["https:\/\/promocaododia.com.br\/site\/wp-content\/uploads\/2022\/11\/Notebook-Gamer-Acer-Nitro-5-Intel-Core-i5-8GB-1TB-HD-256GB-SSD-Nvidia-GTX-1650-4GB-Windows-11-100x100.jpg",100,100,true]},"uagb_author_info":{"display_name":"danilo.gbr","author_link":"https:\/\/promocaododia.com.br\/site\/author\/"},"uagb_comment_info":0,"uagb_excerpt":"O notebook gamer Acer AN515-55-58UJ Nitro 5 \u00e9 a nova gera\u00e7\u00e3o, com uma configura\u00e7\u00e3o que n\u00e3o treme para os jogos mais pesados. Embarque agora e prepare-se para a pot\u00eancia m\u00e1xima. A super placa de v\u00eddeo NVIDIA GeForce GTX 1650 com 4GB de mem\u00f3ria dedicada GDDR6 traz a performance que voc\u00ea precisa para surpreender seus advers\u00e1rios&hellip;","_links":{"self":[{"href":"https:\/\/promocaododia.com.br\/site\/wp-json\/wp\/v2\/product\/1025","targetHints":{"allow":["GET"]}}],"collection":[{"href":"https:\/\/promocaododia.com.br\/site\/wp-json\/wp\/v2\/product"}],"about":[{"href":"https:\/\/promocaododia.com.br\/site\/wp-json\/wp\/v2\/types\/product"}],"wp:featuredmedia":[{"embeddable":true,"href":"https:\/\/promocaododia.com.br\/site\/wp-json\/wp\/v2\/media\/1026"}],"wp:attachment":[{"href":"https:\/\/promocaododia.com.br\/site\/wp-json\/wp\/v2\/media?parent=1025"}],"wp:term":[{"taxonomy":"product_brand","embeddable":true,"href":"https:\/\/promocaododia.com.br\/site\/wp-json\/wp\/v2\/product_brand?post=1025"},{"taxonomy":"product_cat","embeddable":true,"href":"https:\/\/promocaododia.com.br\/site\/wp-json\/wp\/v2\/product_cat?post=1025"},{"taxonomy":"product_tag","embeddable":true,"href":"https:\/\/promocaododia.com.br\/site\/wp-json\/wp\/v2\/product_tag?post=1025"}],"curies":[{"name":"wp","href":"https:\/\/api.w.org\/{rel}","templated":true}]}}