{"id":1034,"date":"2022-11-10T20:27:14","date_gmt":"2022-11-10T23:27:14","guid":{"rendered":"https:\/\/promocaododia.com.br\/site\/?post_type=product&#038;p=1034"},"modified":"2022-11-10T20:27:14","modified_gmt":"2022-11-10T23:27:14","slug":"whisky-johnnie-walker-black-label-escoces-12-anos-1l","status":"publish","type":"product","link":"https:\/\/promocaododia.com.br\/site\/produto\/whisky-johnnie-walker-black-label-escoces-12-anos-1l\/","title":{"rendered":"Whisky Johnnie Walker Black Label Escoc\u00eas 12 anos &#8211; 1L"},"content":{"rendered":"<p>Para os amantes da sofistica\u00e7\u00e3o encontrada em Whiskys, nada melhor do que harmonizar sabores e combina\u00e7\u00f5es das mais variadas possibilidades que essa bebida m\u00e1gica nos apresenta. Por isso, o Whisky Johnnie Walker Black Label \u00e9 perfeito para grandes momentos. Esse Whisky Escoc\u00eas 12 anos \u00e9 um verdadeiro \u00edcone, reconhecido como uma inspira\u00e7\u00e3o para todas as outras marcas da categoria. Desenvolvido \u00e0 partir de whiskies de, no m\u00ednimo, 12 anos vindos dos quatro cantos da Esc\u00f3cia, \u00e9 uma blend de car\u00e1ter profundo, suave e complexo. Nessa embalagem de 1 litro, temos o produto ideal para compartilhar em qualquer ocasi\u00e3o, seja um encontro com amigos ou uma noite inesquec\u00edvel.<\/p>\n","protected":false},"excerpt":{"rendered":"<p>Para os amantes da sofistica\u00e7\u00e3o encontrada em Whiskys, nada melhor do que harmonizar sabores e combina\u00e7\u00f5es das mais variadas possibilidades que essa bebida m\u00e1gica nos apresenta. Por isso, o Whisky Johnnie Walker Black Label \u00e9 perfeito para grandes momentos. Esse Whisky Escoc\u00eas 12 anos \u00e9 um verdadeiro \u00edcone, reconhecido como uma inspira\u00e7\u00e3o para todas as outras marcas da categoria. Desenvolvido \u00e0 partir de whiskies de, no m\u00ednimo, 12 anos vindos dos quatro cantos da Esc\u00f3cia, \u00e9 uma blend de car\u00e1ter profundo, suave e complexo. Nessa embalagem de 1 litro, temos o produto ideal para compartilhar em qualquer ocasi\u00e3o, seja um encontro com amigos ou uma noite inesquec\u00edvel.<\/p>\n","protected":false},"featured_media":1035,"template":"","meta":{"_uag_custom_page_level_css":"","site-sidebar-layout":"default","site-content-layout":"default","ast-site-content-layout":"default","site-content-style":"default","site-sidebar-style":"default","ast-global-header-display":"","ast-banner-title-visibility":"","ast-main-header-display":"","ast-hfb-above-header-display":"","ast-hfb-below-header-display":"","ast-hfb-mobile-header-display":"","site-post-title":"","ast-breadcrumbs-content":"","ast-featured-img":"","footer-sml-layout":"","theme-transparent-header-meta":"default","adv-header-id-meta":"","stick-header-meta":"","header-above-stick-meta":"","header-main-stick-meta":"","header-below-stick-meta":"","astra-migrate-meta-layouts":"default","ast-page-background-enabled":"default","ast-page-background-meta":{"desktop":{"background-color":"","background-image":"","background-repeat":"repeat","background-position":"center center","background-size":"auto","background-attachment":"scroll","background-type":"","background-media":"","overlay-type":"","overlay-color":"","overlay-opacity":"","overlay-gradient":""},"tablet":{"background-color":"","background-image":"","background-repeat":"repeat","background-position":"center center","background-size":"auto","background-attachment":"scroll","background-type":"","background-media":"","overlay-type":"","overlay-color":"","overlay-opacity":"","overlay-gradient":""},"mobile":{"background-color":"","background-image":"","background-repeat":"repeat","background-position":"center center","background-size":"auto","background-attachment":"scroll","background-type":"","background-media":"","overlay-type":"","overlay-color":"","overlay-opacity":"","overlay-gradient":""}},"ast-content-background-meta":{"desktop":{"background-color":"var(--ast-global-color-5)","background-image":"","background-repeat":"repeat","background-position":"center center","background-size":"auto","background-attachment":"scroll","background-type":"","background-media":"","overlay-type":"","overlay-color":"","overlay-opacity":"","overlay-gradient":""},"tablet":{"background-color":"var(--ast-global-color-5)","background-image":"","background-repeat":"repeat","background-position":"center center","background-size":"auto","background-attachment":"scroll","background-type":"","background-media":"","overlay-type":"","overlay-color":"","overlay-opacity":"","overlay-gradient":""},"mobile":{"background-color":"var(--ast-global-color-5)","background-image":"","background-repeat":"repeat","background-position":"center center","background-size":"auto","background-attachment":"scroll","background-type":"","background-media":"","overlay-type":"","overlay-color":"","overlay-opacity":"","overlay-gradient":""}}},"product_brand":[],"product_cat":[56,84],"product_tag":[96,496,495,85,494],"class_list":{"0":"post-1034","1":"product","2":"type-product","3":"status-publish","4":"has-post-thumbnail","6":"product_cat-bebidas","7":"product_cat-mercado","8":"product_tag-bebidas","9":"product_tag-black-label","10":"product_tag-johnnie-walker","11":"product_tag-mercado","12":"product_tag-whisky","13":"desktop-align-center","14":"tablet-align-left","15":"mobile-align-center","17":"first","18":"instock","19":"sale","20":"shipping-taxable","21":"product-type-external"},"uagb_featured_image_src":{"full":["https:\/\/promocaododia.com.br\/site\/wp-content\/uploads\/2022\/11\/Whisky-Johnnie-Walker-Black-Label-Escoces-12-anos-1L.jpg",600,600,false],"thumbnail":["https:\/\/promocaododia.com.br\/site\/wp-content\/uploads\/2022\/11\/Whisky-Johnnie-Walker-Black-Label-Escoces-12-anos-1L-150x150.jpg",150,150,true],"medium":["https:\/\/promocaododia.com.br\/site\/wp-content\/uploads\/2022\/11\/Whisky-Johnnie-Walker-Black-Label-Escoces-12-anos-1L-300x300.jpg",300,300,true],"medium_large":["https:\/\/promocaododia.com.br\/site\/wp-content\/uploads\/2022\/11\/Whisky-Johnnie-Walker-Black-Label-Escoces-12-anos-1L.jpg",600,600,false],"large":["https:\/\/promocaododia.com.br\/site\/wp-content\/uploads\/2022\/11\/Whisky-Johnnie-Walker-Black-Label-Escoces-12-anos-1L.jpg",600,600,false],"1536x1536":["https:\/\/promocaododia.com.br\/site\/wp-content\/uploads\/2022\/11\/Whisky-Johnnie-Walker-Black-Label-Escoces-12-anos-1L.jpg",600,600,false],"2048x2048":["https:\/\/promocaododia.com.br\/site\/wp-content\/uploads\/2022\/11\/Whisky-Johnnie-Walker-Black-Label-Escoces-12-anos-1L.jpg",600,600,false],"woocommerce_thumbnail":["https:\/\/promocaododia.com.br\/site\/wp-content\/uploads\/2022\/11\/Whisky-Johnnie-Walker-Black-Label-Escoces-12-anos-1L-250x250.jpg",250,250,true],"woocommerce_single":["https:\/\/promocaododia.com.br\/site\/wp-content\/uploads\/2022\/11\/Whisky-Johnnie-Walker-Black-Label-Escoces-12-anos-1L-250x250.jpg",250,250,true],"woocommerce_gallery_thumbnail":["https:\/\/promocaododia.com.br\/site\/wp-content\/uploads\/2022\/11\/Whisky-Johnnie-Walker-Black-Label-Escoces-12-anos-1L-100x100.jpg",100,100,true]},"uagb_author_info":{"display_name":"danilo.gbr","author_link":"https:\/\/promocaododia.com.br\/site\/author\/"},"uagb_comment_info":0,"uagb_excerpt":"Para os amantes da sofistica\u00e7\u00e3o encontrada em Whiskys, nada melhor do que harmonizar sabores e combina\u00e7\u00f5es das mais variadas possibilidades que essa bebida m\u00e1gica nos apresenta. Por isso, o Whisky Johnnie Walker Black Label \u00e9 perfeito para grandes momentos. Esse Whisky Escoc\u00eas 12 anos \u00e9 um verdadeiro \u00edcone, reconhecido como uma inspira\u00e7\u00e3o para todas as&hellip;","_links":{"self":[{"href":"https:\/\/promocaododia.com.br\/site\/wp-json\/wp\/v2\/product\/1034","targetHints":{"allow":["GET"]}}],"collection":[{"href":"https:\/\/promocaododia.com.br\/site\/wp-json\/wp\/v2\/product"}],"about":[{"href":"https:\/\/promocaododia.com.br\/site\/wp-json\/wp\/v2\/types\/product"}],"wp:featuredmedia":[{"embeddable":true,"href":"https:\/\/promocaododia.com.br\/site\/wp-json\/wp\/v2\/media\/1035"}],"wp:attachment":[{"href":"https:\/\/promocaododia.com.br\/site\/wp-json\/wp\/v2\/media?parent=1034"}],"wp:term":[{"taxonomy":"product_brand","embeddable":true,"href":"https:\/\/promocaododia.com.br\/site\/wp-json\/wp\/v2\/product_brand?post=1034"},{"taxonomy":"product_cat","embeddable":true,"href":"https:\/\/promocaododia.com.br\/site\/wp-json\/wp\/v2\/product_cat?post=1034"},{"taxonomy":"product_tag","embeddable":true,"href":"https:\/\/promocaododia.com.br\/site\/wp-json\/wp\/v2\/product_tag?post=1034"}],"curies":[{"name":"wp","href":"https:\/\/api.w.org\/{rel}","templated":true}]}}