{"id":1036,"date":"2022-11-10T20:41:29","date_gmt":"2022-11-10T23:41:29","guid":{"rendered":"https:\/\/promocaododia.com.br\/site\/?post_type=product&#038;p=1036"},"modified":"2022-11-10T20:42:14","modified_gmt":"2022-11-10T23:42:14","slug":"iphone-14-apple-128gb-estelar-tela-de-61-5g-e-camera-de-12mp","status":"publish","type":"product","link":"https:\/\/promocaododia.com.br\/site\/produto\/iphone-14-apple-128gb-estelar-tela-de-61-5g-e-camera-de-12mp\/","title":{"rendered":"iPhone 14 Apple (128GB) Estelar, Tela de 6,1&#8243;, 5G e C\u00e2mera de 12MP"},"content":{"rendered":"<p>O iPhone 14 tem o sistema de c\u00e2mera dupla mais impressionante em um iPhone, para fazer fotos espetaculares\u00a0em pouca e muita luz. E voc\u00ea ganha tranquilidade com nosso novo recurso essencial de seguran\u00e7a.<\/p>\n<p><strong>Caracter\u00edsticas<\/strong><\/p>\n<p><strong>Sistema Operacional<\/strong><br \/>\niOS 16<\/p>\n<p><strong>Tela<\/strong><br \/>\nTamanho: 6,1&#8243;<br \/>\nMaterial: Super Retina XDR OLED<br \/>\nResolu\u00e7\u00e3o: 2532 x 1170 pixels a 460 ppi<\/p>\n<p><strong>Conectividade<\/strong><br \/>\n5G<br \/>\nWi-Fi<br \/>\nEDGE<br \/>\nBluetooth<br \/>\nWAP<\/p>\n<p><strong>Capacidade<\/strong><br \/>\n128 GB *<br \/>\n<em>* Parte da mem\u00f3ria interna j\u00e1 \u00e9 utilizada pelo sistema operacional e aplicativos pr\u00e9-instalados<\/em><\/p>\n<p><strong>Processador<\/strong><br \/>\nA15<\/p>\n<p><strong>C\u00e2mera<\/strong><br \/>\n12MP<br \/>\nFlash<\/p>\n<p><strong>Filmadora<\/strong><br \/>\n4K aces<\/p>\n<p><strong>Outros Recursos<\/strong><br \/>\nDual Chip<br \/>\nTipo de Chip: eSIM e nano SIM (n\u00e3o incluso)<br \/>\nGPS<br \/>\nRecursos de Som: Alto-falante est\u00e9reo<br \/>\nBanda: 5G (sub-6 GHz) com MIMO 4&#215;4<br \/>\nFrequ\u00eancia: 5G (sub-6 GHz) com MIMO 4&#215;4<br \/>\nIdiomas do Menu: Alem\u00e3o, \u00e1rabe, catal\u00e3o, chin\u00eas (simplificado, tradicional, tradicional de Hong Kong), coreano, croata, dinamarqu\u00eas, eslovaco, espanhol (Am\u00e9rica Latina, Espanha, M\u00e9xico), finland\u00eas, franc\u00eas (Canad\u00e1, Fran\u00e7a), grego, hebraico, hindi, holand\u00eas, h\u00fangaro, indon\u00e9sio, ingl\u00eas (Austr\u00e1lia, EUA, Reino Unido), italiano, japon\u00eas, malaio, noruegu\u00eas, polon\u00eas, portugu\u00eas (Brasil, Portugal), romeno, russo, sueco, tailand\u00eas, tcheco, turco, ucraniano, vietnamita<br \/>\nPortas de Entrada: Lightning<\/p>\n<p><strong>Bateria<\/strong><br \/>\nBateria interna recarreg\u00e1vel de \u00edon de l\u00edtio<\/p>\n<p><strong>Cor<\/strong><br \/>\nEstelar<\/p>\n<p><strong>EAN<\/strong><br \/>\n194253488231<\/p>\n<p><strong>Especifica\u00e7\u00f5es T\u00e9cnicas<\/strong><br \/>\nModelo: MPUR3BE\/A<br \/>\nGarantia: 12 meses<\/p>\n<p><strong>Dimens\u00f5es e Peso<\/strong><br \/>\nDimens\u00f5es do produto sem embalagem (AxLxP): 161&#215;78,1&#215;7,8 mm<br \/>\nDimens\u00f5es do produto com embalagem (AxLxP): 179,3&#215;96,2&#215;28,1 mm<br \/>\nPeso do produto sem embalagem: 0,20 Kg<br \/>\nPeso do produto com embalagem: 0,39 Kg<\/p>\n<p><strong>Itens Inclusos<\/strong><br \/>\n01 iPhone com iOS 16<br \/>\n01 Cabo de USB-C para Lightning<br \/>\nDocumenta\u00e7\u00e3o<\/p>\n","protected":false},"excerpt":{"rendered":"<p>O iPhone 14 tem o sistema de c\u00e2mera dupla mais impressionante em um iPhone, para fazer fotos espetaculares\u00a0em pouca e muita luz. E voc\u00ea ganha tranquilidade com nosso novo recurso essencial de seguran\u00e7a. Caracter\u00edsticas Sistema Operacional iOS 16 Tela Tamanho: 6,1&#8243; Material: Super Retina XDR OLED Resolu\u00e7\u00e3o: 2532 x 1170 pixels a 460 ppi Conectividade 5G Wi-Fi EDGE Bluetooth WAP Capacidade 128 GB * * Parte da mem\u00f3ria interna j\u00e1 \u00e9 utilizada pelo sistema operacional e aplicativos pr\u00e9-instalados Processador A15 C\u00e2mera 12MP Flash Filmadora 4K aces Outros Recursos Dual Chip Tipo de Chip: eSIM e nano SIM (n\u00e3o incluso) GPS Recursos de Som: Alto-falante est\u00e9reo Banda: 5G (sub-6 GHz) com MIMO 4&#215;4 Frequ\u00eancia: 5G (sub-6 GHz) com MIMO 4&#215;4 Idiomas do Menu: Alem\u00e3o, \u00e1rabe, catal\u00e3o, chin\u00eas (simplificado, tradicional, tradicional de Hong Kong), coreano, croata, dinamarqu\u00eas, eslovaco, espanhol (Am\u00e9rica Latina, Espanha, M\u00e9xico), finland\u00eas, franc\u00eas (Canad\u00e1, Fran\u00e7a), grego, hebraico, hindi, holand\u00eas, h\u00fangaro, indon\u00e9sio, ingl\u00eas (Austr\u00e1lia, EUA, Reino Unido), italiano, japon\u00eas, malaio, noruegu\u00eas, polon\u00eas, portugu\u00eas (Brasil, Portugal), romeno, russo, sueco, tailand\u00eas, tcheco, turco, ucraniano, vietnamita Portas de Entrada: Lightning Bateria Bateria interna recarreg\u00e1vel de \u00edon de l\u00edtio Cor Estelar EAN 194253488231 Especifica\u00e7\u00f5es T\u00e9cnicas Modelo: MPUR3BE\/A Garantia: 12 meses Dimens\u00f5es e Peso Dimens\u00f5es do produto sem embalagem (AxLxP): 161&#215;78,1&#215;7,8 mm Dimens\u00f5es do produto com embalagem (AxLxP): 179,3&#215;96,2&#215;28,1 mm Peso do produto sem embalagem: 0,20 Kg Peso do produto com embalagem: 0,39 Kg Itens Inclusos 01 iPhone com iOS 16 01 Cabo de USB-C para Lightning Documenta\u00e7\u00e3o<\/p>\n","protected":false},"featured_media":1037,"template":"","meta":{"_uag_custom_page_level_css":"","site-sidebar-layout":"default","site-content-layout":"default","ast-site-content-layout":"default","site-content-style":"default","site-sidebar-style":"default","ast-global-header-display":"","ast-banner-title-visibility":"","ast-main-header-display":"","ast-hfb-above-header-display":"","ast-hfb-below-header-display":"","ast-hfb-mobile-header-display":"","site-post-title":"","ast-breadcrumbs-content":"","ast-featured-img":"","footer-sml-layout":"","theme-transparent-header-meta":"default","adv-header-id-meta":"","stick-header-meta":"","header-above-stick-meta":"","header-main-stick-meta":"","header-below-stick-meta":"","astra-migrate-meta-layouts":"default","ast-page-background-enabled":"default","ast-page-background-meta":{"desktop":{"background-color":"","background-image":"","background-repeat":"repeat","background-position":"center center","background-size":"auto","background-attachment":"scroll","background-type":"","background-media":"","overlay-type":"","overlay-color":"","overlay-opacity":"","overlay-gradient":""},"tablet":{"background-color":"","background-image":"","background-repeat":"repeat","background-position":"center center","background-size":"auto","background-attachment":"scroll","background-type":"","background-media":"","overlay-type":"","overlay-color":"","overlay-opacity":"","overlay-gradient":""},"mobile":{"background-color":"","background-image":"","background-repeat":"repeat","background-position":"center center","background-size":"auto","background-attachment":"scroll","background-type":"","background-media":"","overlay-type":"","overlay-color":"","overlay-opacity":"","overlay-gradient":""}},"ast-content-background-meta":{"desktop":{"background-color":"var(--ast-global-color-5)","background-image":"","background-repeat":"repeat","background-position":"center center","background-size":"auto","background-attachment":"scroll","background-type":"","background-media":"","overlay-type":"","overlay-color":"","overlay-opacity":"","overlay-gradient":""},"tablet":{"background-color":"var(--ast-global-color-5)","background-image":"","background-repeat":"repeat","background-position":"center center","background-size":"auto","background-attachment":"scroll","background-type":"","background-media":"","overlay-type":"","overlay-color":"","overlay-opacity":"","overlay-gradient":""},"mobile":{"background-color":"var(--ast-global-color-5)","background-image":"","background-repeat":"repeat","background-position":"center center","background-size":"auto","background-attachment":"scroll","background-type":"","background-media":"","overlay-type":"","overlay-color":"","overlay-opacity":"","overlay-gradient":""}}},"product_brand":[],"product_cat":[23,24,35],"product_tag":[172,91,492,90],"class_list":{"0":"post-1036","1":"product","2":"type-product","3":"status-publish","4":"has-post-thumbnail","6":"product_cat-celulares-e-tablets","7":"product_cat-iphone","8":"product_cat-smartphone","9":"product_tag-apple","10":"product_tag-celular","11":"product_tag-iphone-14","12":"product_tag-smartphone","13":"desktop-align-center","14":"tablet-align-left","15":"mobile-align-center","17":"first","18":"instock","19":"sale","20":"shipping-taxable","21":"product-type-external"},"uagb_featured_image_src":{"full":["https:\/\/promocaododia.com.br\/site\/wp-content\/uploads\/2022\/11\/iPhone-14-Apple-128GB-Estelar-Tela-de-61-5G-e-Camera-de-12MP.jpg",600,600,false],"thumbnail":["https:\/\/promocaododia.com.br\/site\/wp-content\/uploads\/2022\/11\/iPhone-14-Apple-128GB-Estelar-Tela-de-61-5G-e-Camera-de-12MP-150x150.jpg",150,150,true],"medium":["https:\/\/promocaododia.com.br\/site\/wp-content\/uploads\/2022\/11\/iPhone-14-Apple-128GB-Estelar-Tela-de-61-5G-e-Camera-de-12MP-300x300.jpg",300,300,true],"medium_large":["https:\/\/promocaododia.com.br\/site\/wp-content\/uploads\/2022\/11\/iPhone-14-Apple-128GB-Estelar-Tela-de-61-5G-e-Camera-de-12MP.jpg",600,600,false],"large":["https:\/\/promocaododia.com.br\/site\/wp-content\/uploads\/2022\/11\/iPhone-14-Apple-128GB-Estelar-Tela-de-61-5G-e-Camera-de-12MP.jpg",600,600,false],"1536x1536":["https:\/\/promocaododia.com.br\/site\/wp-content\/uploads\/2022\/11\/iPhone-14-Apple-128GB-Estelar-Tela-de-61-5G-e-Camera-de-12MP.jpg",600,600,false],"2048x2048":["https:\/\/promocaododia.com.br\/site\/wp-content\/uploads\/2022\/11\/iPhone-14-Apple-128GB-Estelar-Tela-de-61-5G-e-Camera-de-12MP.jpg",600,600,false],"woocommerce_thumbnail":["https:\/\/promocaododia.com.br\/site\/wp-content\/uploads\/2022\/11\/iPhone-14-Apple-128GB-Estelar-Tela-de-61-5G-e-Camera-de-12MP-250x250.jpg",250,250,true],"woocommerce_single":["https:\/\/promocaododia.com.br\/site\/wp-content\/uploads\/2022\/11\/iPhone-14-Apple-128GB-Estelar-Tela-de-61-5G-e-Camera-de-12MP-250x250.jpg",250,250,true],"woocommerce_gallery_thumbnail":["https:\/\/promocaododia.com.br\/site\/wp-content\/uploads\/2022\/11\/iPhone-14-Apple-128GB-Estelar-Tela-de-61-5G-e-Camera-de-12MP-100x100.jpg",100,100,true]},"uagb_author_info":{"display_name":"danilo.gbr","author_link":"https:\/\/promocaododia.com.br\/site\/author\/"},"uagb_comment_info":0,"uagb_excerpt":"O iPhone 14 tem o sistema de c\u00e2mera dupla mais impressionante em um iPhone, para fazer fotos espetaculares\u00a0em pouca e muita luz. E voc\u00ea ganha tranquilidade com nosso novo recurso essencial de seguran\u00e7a. Caracter\u00edsticas Sistema Operacional iOS 16 Tela Tamanho: 6,1&#8243; Material: Super Retina XDR OLED Resolu\u00e7\u00e3o: 2532 x 1170 pixels a 460 ppi Conectividade&hellip;","_links":{"self":[{"href":"https:\/\/promocaododia.com.br\/site\/wp-json\/wp\/v2\/product\/1036","targetHints":{"allow":["GET"]}}],"collection":[{"href":"https:\/\/promocaododia.com.br\/site\/wp-json\/wp\/v2\/product"}],"about":[{"href":"https:\/\/promocaododia.com.br\/site\/wp-json\/wp\/v2\/types\/product"}],"wp:featuredmedia":[{"embeddable":true,"href":"https:\/\/promocaododia.com.br\/site\/wp-json\/wp\/v2\/media\/1037"}],"wp:attachment":[{"href":"https:\/\/promocaododia.com.br\/site\/wp-json\/wp\/v2\/media?parent=1036"}],"wp:term":[{"taxonomy":"product_brand","embeddable":true,"href":"https:\/\/promocaododia.com.br\/site\/wp-json\/wp\/v2\/product_brand?post=1036"},{"taxonomy":"product_cat","embeddable":true,"href":"https:\/\/promocaododia.com.br\/site\/wp-json\/wp\/v2\/product_cat?post=1036"},{"taxonomy":"product_tag","embeddable":true,"href":"https:\/\/promocaododia.com.br\/site\/wp-json\/wp\/v2\/product_tag?post=1036"}],"curies":[{"name":"wp","href":"https:\/\/api.w.org\/{rel}","templated":true}]}}