{"id":1052,"date":"2022-11-11T19:00:28","date_gmt":"2022-11-11T22:00:28","guid":{"rendered":"https:\/\/promocaododia.com.br\/site\/?post_type=product&#038;p=1052"},"modified":"2022-11-11T19:00:28","modified_gmt":"2022-11-11T22:00:28","slug":"lava-e-seca-midea-11kg-storm-wash-inverter-tambor-4d-preta-lse11p1-127-volts","status":"publish","type":"product","link":"https:\/\/promocaododia.com.br\/site\/produto\/lava-e-seca-midea-11kg-storm-wash-inverter-tambor-4d-preta-lse11p1-127-volts\/","title":{"rendered":"Lava e Seca Midea 11Kg Storm Wash Inverter Tambor 4D Preta LSE11P1 \u2013 127 Volts"},"content":{"rendered":"<p>Lava e Seca Midea 11Kg Storm Wash Inverter Tambor 4D Preta LSE11P1 \u2013 127 Volts<\/p>\n<p>A nova Lava e Seca Midea 11Kg Storm Wash Inverter Tambor 4D Preta LSE11P1 traz tecnologias exclusivas e solu\u00e7\u00f5es inteligentes que entregam uma excelente performance de lavagem e secagem com muita efici\u00eancia.<br \/>\nA tecnologia Storm Wash com o exclusivo design do tambor 4D que combinado a altas velocidades de rota\u00e7\u00e3o, cria poderosas ondas de \u00e1gua e sab\u00e3o, entregando uma performance \u00fanica de lavagem. Possui tamb\u00e9m a tecnologia Smart sec, sensores inteligentes de temperatura, umidade e peso que fazem com que as roupas fiquem secas no tempo necess\u00e1rio. Al\u00e9m disso, conta com 16 programas de lavagem e 8 de secagem.<br \/>\nStorm Wash:<br \/>\nO exclusivo Tambor 4D em altas velocidades de rota\u00e7\u00e3o.<br \/>\nMotor Inverter:<br \/>\nMotor mais silencioso, est\u00e1vel e econ\u00f4mico.<br \/>\nTambor 4D:<br \/>\nRelevo do tambor mais os exclusivos washers elevators.<br \/>\nTecnologia Smart Sec:<br \/>\nRegula o ciclo de secagem garantindo economia de energia (nas op\u00e7\u00f5es suave e normal).<br \/>\nDisplay Total led.<br \/>\nModo Eco R\u00e1pido:<br \/>\nRoupas Limpas e Secas em at\u00e9 uma hora.<br \/>\nPerfeita para sua casa:<br \/>\nTamanho externo compacto. Perfeito encaixe na sua lavanderia.<br \/>\nClassifica\u00e7\u00e3o Energ\u00e9tica a:<br \/>\nSelo procel de Economia de Energia em todas as capacidades.<br \/>\nFun\u00e7\u00e3o Lavar T\u00eanis:<br \/>\nLava at\u00e9 dois pares simultaneamente.<br \/>\nAlta Velocidade de centrifuga\u00e7\u00e3o:<br \/>\nCinco velocidades de centrifuga\u00e7\u00e3o, com m\u00e1xima de at\u00e9 1200 rota\u00e7\u00f5es por minuto.<\/p>\n<p>Baixo consumo de energia e de \u00e1gua.<\/p>\n<p>Modo Super R\u00e1pido:<br \/>\nReduza o tempo de lavagem da fun\u00e7\u00e3o escolhida em apenas um toque.<br \/>\nPrograme o in\u00edcio de lavagem:<br \/>\nFun\u00e7\u00e3o &#8216;Adiar In\u00edcio&#8217; at\u00e9 24 horas.<br \/>\n16 fun\u00e7\u00f5es pr\u00e9-programadas para atender as necessidades do dia a dia.<br \/>\nAutolimpeza:<br \/>\nLimpeza do tambor e mangueiras, sem uso de produtos qu\u00edmicos.<\/p>\n<p>Mais Seguran\u00e7a:<br \/>\nPorta com trava de Seguran\u00e7a que impede o acionamento do cesto quando est\u00e1 em alta temperatura ou rota\u00e7\u00e3o.<\/p>\n","protected":false},"excerpt":{"rendered":"<p>Lava e Seca Midea 11Kg Storm Wash Inverter Tambor 4D Preta LSE11P1 \u2013 127 Volts A nova Lava e Seca Midea 11Kg Storm Wash Inverter Tambor 4D Preta LSE11P1 traz tecnologias exclusivas e solu\u00e7\u00f5es inteligentes que entregam uma excelente performance de lavagem e secagem com muita efici\u00eancia. A tecnologia Storm Wash com o exclusivo design do tambor 4D que combinado a altas velocidades de rota\u00e7\u00e3o, cria poderosas ondas de \u00e1gua e sab\u00e3o, entregando uma performance \u00fanica de lavagem. Possui tamb\u00e9m a tecnologia Smart sec, sensores inteligentes de temperatura, umidade e peso que fazem com que as roupas fiquem secas no tempo necess\u00e1rio. Al\u00e9m disso, conta com 16 programas de lavagem e 8 de secagem. Storm Wash: O exclusivo Tambor 4D em altas velocidades de rota\u00e7\u00e3o. Motor Inverter: Motor mais silencioso, est\u00e1vel e econ\u00f4mico. Tambor 4D: Relevo do tambor mais os exclusivos washers elevators. Tecnologia Smart Sec: Regula o ciclo de secagem garantindo economia de energia (nas op\u00e7\u00f5es suave e normal). Display Total led. Modo Eco R\u00e1pido: Roupas Limpas e Secas em at\u00e9 uma hora. Perfeita para sua casa: Tamanho externo compacto. Perfeito encaixe na sua lavanderia. Classifica\u00e7\u00e3o Energ\u00e9tica a: Selo procel de Economia de Energia em todas as capacidades. Fun\u00e7\u00e3o Lavar T\u00eanis: Lava at\u00e9 dois pares simultaneamente. Alta Velocidade de centrifuga\u00e7\u00e3o: Cinco velocidades de centrifuga\u00e7\u00e3o, com m\u00e1xima de at\u00e9 1200 rota\u00e7\u00f5es por minuto. Baixo consumo de energia e de \u00e1gua. Modo Super R\u00e1pido: Reduza o tempo de lavagem da fun\u00e7\u00e3o escolhida em apenas um toque. Programe o in\u00edcio de lavagem: Fun\u00e7\u00e3o &#8216;Adiar In\u00edcio&#8217; at\u00e9 24 horas. 16 fun\u00e7\u00f5es pr\u00e9-programadas para atender as necessidades do dia a dia. Autolimpeza: Limpeza do tambor e mangueiras, sem uso de produtos qu\u00edmicos. Mais Seguran\u00e7a: Porta com trava de Seguran\u00e7a que impede o acionamento do cesto quando est\u00e1 em alta temperatura ou rota\u00e7\u00e3o.<\/p>\n","protected":false},"featured_media":1053,"template":"","meta":{"_uag_custom_page_level_css":"","site-sidebar-layout":"default","site-content-layout":"default","ast-site-content-layout":"default","site-content-style":"default","site-sidebar-style":"default","ast-global-header-display":"","ast-banner-title-visibility":"","ast-main-header-display":"","ast-hfb-above-header-display":"","ast-hfb-below-header-display":"","ast-hfb-mobile-header-display":"","site-post-title":"","ast-breadcrumbs-content":"","ast-featured-img":"","footer-sml-layout":"","theme-transparent-header-meta":"default","adv-header-id-meta":"","stick-header-meta":"","header-above-stick-meta":"","header-main-stick-meta":"","header-below-stick-meta":"","astra-migrate-meta-layouts":"default","ast-page-background-enabled":"default","ast-page-background-meta":{"desktop":{"background-color":"","background-image":"","background-repeat":"repeat","background-position":"center center","background-size":"auto","background-attachment":"scroll","background-type":"","background-media":"","overlay-type":"","overlay-color":"","overlay-opacity":"","overlay-gradient":""},"tablet":{"background-color":"","background-image":"","background-repeat":"repeat","background-position":"center center","background-size":"auto","background-attachment":"scroll","background-type":"","background-media":"","overlay-type":"","overlay-color":"","overlay-opacity":"","overlay-gradient":""},"mobile":{"background-color":"","background-image":"","background-repeat":"repeat","background-position":"center center","background-size":"auto","background-attachment":"scroll","background-type":"","background-media":"","overlay-type":"","overlay-color":"","overlay-opacity":"","overlay-gradient":""}},"ast-content-background-meta":{"desktop":{"background-color":"var(--ast-global-color-5)","background-image":"","background-repeat":"repeat","background-position":"center center","background-size":"auto","background-attachment":"scroll","background-type":"","background-media":"","overlay-type":"","overlay-color":"","overlay-opacity":"","overlay-gradient":""},"tablet":{"background-color":"var(--ast-global-color-5)","background-image":"","background-repeat":"repeat","background-position":"center center","background-size":"auto","background-attachment":"scroll","background-type":"","background-media":"","overlay-type":"","overlay-color":"","overlay-opacity":"","overlay-gradient":""},"mobile":{"background-color":"var(--ast-global-color-5)","background-image":"","background-repeat":"repeat","background-position":"center center","background-size":"auto","background-attachment":"scroll","background-type":"","background-media":"","overlay-type":"","overlay-color":"","overlay-opacity":"","overlay-gradient":""}}},"product_brand":[],"product_cat":[15],"product_tag":[267,482,507],"class_list":{"0":"post-1052","1":"product","2":"type-product","3":"status-publish","4":"has-post-thumbnail","6":"product_cat-promocoes","7":"product_tag-lava-e-seca","8":"product_tag-lavadora","9":"product_tag-midea","10":"desktop-align-center","11":"tablet-align-left","12":"mobile-align-center","14":"first","15":"instock","16":"sale","17":"shipping-taxable","18":"product-type-external"},"uagb_featured_image_src":{"full":["https:\/\/promocaododia.com.br\/site\/wp-content\/uploads\/2022\/11\/Lava-e-Seca-Midea-11Kg-Storm-Wash-Inverter-Tambor-4D-Preta-LSE11P1-\u2013-127-Volts.jpg",600,600,false],"thumbnail":["https:\/\/promocaododia.com.br\/site\/wp-content\/uploads\/2022\/11\/Lava-e-Seca-Midea-11Kg-Storm-Wash-Inverter-Tambor-4D-Preta-LSE11P1-\u2013-127-Volts-150x150.jpg",150,150,true],"medium":["https:\/\/promocaododia.com.br\/site\/wp-content\/uploads\/2022\/11\/Lava-e-Seca-Midea-11Kg-Storm-Wash-Inverter-Tambor-4D-Preta-LSE11P1-\u2013-127-Volts-300x300.jpg",300,300,true],"medium_large":["https:\/\/promocaododia.com.br\/site\/wp-content\/uploads\/2022\/11\/Lava-e-Seca-Midea-11Kg-Storm-Wash-Inverter-Tambor-4D-Preta-LSE11P1-\u2013-127-Volts.jpg",600,600,false],"large":["https:\/\/promocaododia.com.br\/site\/wp-content\/uploads\/2022\/11\/Lava-e-Seca-Midea-11Kg-Storm-Wash-Inverter-Tambor-4D-Preta-LSE11P1-\u2013-127-Volts.jpg",600,600,false],"1536x1536":["https:\/\/promocaododia.com.br\/site\/wp-content\/uploads\/2022\/11\/Lava-e-Seca-Midea-11Kg-Storm-Wash-Inverter-Tambor-4D-Preta-LSE11P1-\u2013-127-Volts.jpg",600,600,false],"2048x2048":["https:\/\/promocaododia.com.br\/site\/wp-content\/uploads\/2022\/11\/Lava-e-Seca-Midea-11Kg-Storm-Wash-Inverter-Tambor-4D-Preta-LSE11P1-\u2013-127-Volts.jpg",600,600,false],"woocommerce_thumbnail":["https:\/\/promocaododia.com.br\/site\/wp-content\/uploads\/2022\/11\/Lava-e-Seca-Midea-11Kg-Storm-Wash-Inverter-Tambor-4D-Preta-LSE11P1-\u2013-127-Volts-250x250.jpg",250,250,true],"woocommerce_single":["https:\/\/promocaododia.com.br\/site\/wp-content\/uploads\/2022\/11\/Lava-e-Seca-Midea-11Kg-Storm-Wash-Inverter-Tambor-4D-Preta-LSE11P1-\u2013-127-Volts-250x250.jpg",250,250,true],"woocommerce_gallery_thumbnail":["https:\/\/promocaododia.com.br\/site\/wp-content\/uploads\/2022\/11\/Lava-e-Seca-Midea-11Kg-Storm-Wash-Inverter-Tambor-4D-Preta-LSE11P1-\u2013-127-Volts-100x100.jpg",100,100,true]},"uagb_author_info":{"display_name":"danilo.gbr","author_link":"https:\/\/promocaododia.com.br\/site\/author\/"},"uagb_comment_info":0,"uagb_excerpt":"Lava e Seca Midea 11Kg Storm Wash Inverter Tambor 4D Preta LSE11P1 \u2013 127 Volts A nova Lava e Seca Midea 11Kg Storm Wash Inverter Tambor 4D Preta LSE11P1 traz tecnologias exclusivas e solu\u00e7\u00f5es inteligentes que entregam uma excelente performance de lavagem e secagem com muita efici\u00eancia. A tecnologia Storm Wash com o exclusivo design&hellip;","_links":{"self":[{"href":"https:\/\/promocaododia.com.br\/site\/wp-json\/wp\/v2\/product\/1052","targetHints":{"allow":["GET"]}}],"collection":[{"href":"https:\/\/promocaododia.com.br\/site\/wp-json\/wp\/v2\/product"}],"about":[{"href":"https:\/\/promocaododia.com.br\/site\/wp-json\/wp\/v2\/types\/product"}],"wp:featuredmedia":[{"embeddable":true,"href":"https:\/\/promocaododia.com.br\/site\/wp-json\/wp\/v2\/media\/1053"}],"wp:attachment":[{"href":"https:\/\/promocaododia.com.br\/site\/wp-json\/wp\/v2\/media?parent=1052"}],"wp:term":[{"taxonomy":"product_brand","embeddable":true,"href":"https:\/\/promocaododia.com.br\/site\/wp-json\/wp\/v2\/product_brand?post=1052"},{"taxonomy":"product_cat","embeddable":true,"href":"https:\/\/promocaododia.com.br\/site\/wp-json\/wp\/v2\/product_cat?post=1052"},{"taxonomy":"product_tag","embeddable":true,"href":"https:\/\/promocaododia.com.br\/site\/wp-json\/wp\/v2\/product_tag?post=1052"}],"curies":[{"name":"wp","href":"https:\/\/api.w.org\/{rel}","templated":true}]}}