{"id":1060,"date":"2022-11-12T13:25:00","date_gmt":"2022-11-12T16:25:00","guid":{"rendered":"https:\/\/promocaododia.com.br\/site\/?post_type=product&#038;p=1060"},"modified":"2022-11-12T13:25:00","modified_gmt":"2022-11-12T16:25:00","slug":"monitor-concordia-gamer-r200s-23-8-led-full-hd-165hz-freesync-hdmi-e-display-port","status":"publish","type":"product","link":"https:\/\/promocaododia.com.br\/site\/produto\/monitor-concordia-gamer-r200s-23-8-led-full-hd-165hz-freesync-hdmi-e-display-port\/","title":{"rendered":"Monitor Conc\u00f3rdia Gamer R200s 23.8 Led Full Hd, 165hz, Freesync, Hdmi E Display Port"},"content":{"rendered":"<p><b>O que era bom, ficou melhor ainda!!<\/b><br \/>\n<b>Monitor Conc\u00f3rdia Gamer R200S 23.8&#8243; 165hz. 1ms, hdmi, dp, usb, phone.<\/b><br \/>\nJogar com imers\u00e3o n\u00e3o ser\u00e1 mais um problema! Com o\u00a0<b>Monitor Conc\u00f3rdia R200S\u00a0<\/b>seus jogos v\u00e3o rodar com cores ainda incr\u00edveis com o painel va. Jogue mais e melhor com os 165hz de frequ\u00eancia de atualiza\u00e7\u00e3o. Ele tem entradas hdmi e DisplayPort e usb. O \u00e2ngulo de inclina\u00e7\u00e3o \u00e9 ajust\u00e1vel em at\u00e9 15o, assim voc\u00ea pode usar o monitor com mais conforto at\u00e9 nas mais longas maratonas.<br \/>\n<b>Especifica\u00e7\u00f5es:<\/b><br \/>\n<b>tela:<\/b><br \/>\nPainel: va<br \/>\n\u00c1rea Ativa: 527.04(H)x296.46(V) (mm2)<br \/>\n\u00c2ngulo de Vis\u00e3o: 178\/178<br \/>\nResolu\u00e7\u00e3o: 1920*1080@165Hz<br \/>\nDot Pitch: 0,2745<br \/>\nCores do Painel: 16.7M<br \/>\nBrilho(M\u00e1ximo): 250cd\/m2<br \/>\nTempo de Resposta: 1ms<br \/>\nContraste: 1000: 1<br \/>\n<b>CONECTIVIDADE:<\/b><br \/>\nhdmi 1.4;<br \/>\nDisplayPort 1.2;<br \/>\nPhone;<br \/>\nUSB;<br \/>\ndc (Energia)<br \/>\n<b>ALIMENTA\u00c7\u00c3O:<\/b><br \/>\nTipo: Adaptador Externo<br \/>\nVoltagem: 12V\/3A<br \/>\nConsumo: 32w Stand by: 0.5w<br \/>\n<b>Recursos do Monitor:<\/b><br \/>\n&#8211; Sem moldura;<br \/>\n&#8211; Base de f\u00e1cil desmontagem<br \/>\n&#8211; FreeSync<br \/>\n&#8211; Filtro de luz azul<br \/>\n&#8211; Estilo micro-jogo<br \/>\n&#8211; 0.5W; Consumo extra baixo no modo espera, 0.3W<br \/>\n&#8211; Ajuste de luz de fundo<br \/>\n&#8211; vesa: 75x75mm<br \/>\n&#8211; Inclina\u00e7\u00e3o: -5\u00b015\u00b0<br \/>\n&#8211; Alto Falante Interno: Sim<br \/>\n<b>Acompanha:\u00a0<\/b>Cabo DisplayPort, Parafusos, Manual do Usu\u00e1rio.<br \/>\n<b>Dimens\u00f5es do Monitor(cm):<\/b>\u00a0(a) 32 (l) 54 (p) 0,70<br \/>\n<b>Dimens\u00f5es do Monitor com base(cm):<\/b>\u00a0(a) 41 (l) 32 (p) 17 Peso(Kg): 2,466.<\/p>\n","protected":false},"excerpt":{"rendered":"<p>O que era bom, ficou melhor ainda!! Monitor Conc\u00f3rdia Gamer R200S 23.8&#8243; 165hz. 1ms, hdmi, dp, usb, phone. Jogar com imers\u00e3o n\u00e3o ser\u00e1 mais um problema! Com o\u00a0Monitor Conc\u00f3rdia R200S\u00a0seus jogos v\u00e3o rodar com cores ainda incr\u00edveis com o painel va. Jogue mais e melhor com os 165hz de frequ\u00eancia de atualiza\u00e7\u00e3o. Ele tem entradas hdmi e DisplayPort e usb. O \u00e2ngulo de inclina\u00e7\u00e3o \u00e9 ajust\u00e1vel em at\u00e9 15o, assim voc\u00ea pode usar o monitor com mais conforto at\u00e9 nas mais longas maratonas. Especifica\u00e7\u00f5es: tela: Painel: va \u00c1rea Ativa: 527.04(H)x296.46(V) (mm2) \u00c2ngulo de Vis\u00e3o: 178\/178 Resolu\u00e7\u00e3o: 1920*1080@165Hz Dot Pitch: 0,2745 Cores do Painel: 16.7M Brilho(M\u00e1ximo): 250cd\/m2 Tempo de Resposta: 1ms Contraste: 1000: 1 CONECTIVIDADE: hdmi 1.4; DisplayPort 1.2; Phone; USB; dc (Energia) ALIMENTA\u00c7\u00c3O: Tipo: Adaptador Externo Voltagem: 12V\/3A Consumo: 32w Stand by: 0.5w Recursos do Monitor: &#8211; Sem moldura; &#8211; Base de f\u00e1cil desmontagem &#8211; FreeSync &#8211; Filtro de luz azul &#8211; Estilo micro-jogo &#8211; 0.5W; Consumo extra baixo no modo espera, 0.3W &#8211; Ajuste de luz de fundo &#8211; vesa: 75x75mm &#8211; Inclina\u00e7\u00e3o: -5\u00b015\u00b0 &#8211; Alto Falante Interno: Sim Acompanha:\u00a0Cabo DisplayPort, Parafusos, Manual do Usu\u00e1rio. Dimens\u00f5es do Monitor(cm):\u00a0(a) 32 (l) 54 (p) 0,70 Dimens\u00f5es do Monitor com base(cm):\u00a0(a) 41 (l) 32 (p) 17 Peso(Kg): 2,466.<\/p>\n","protected":false},"featured_media":1061,"template":"","meta":{"_uag_custom_page_level_css":"","site-sidebar-layout":"default","site-content-layout":"default","ast-site-content-layout":"default","site-content-style":"default","site-sidebar-style":"default","ast-global-header-display":"","ast-banner-title-visibility":"","ast-main-header-display":"","ast-hfb-above-header-display":"","ast-hfb-below-header-display":"","ast-hfb-mobile-header-display":"","site-post-title":"","ast-breadcrumbs-content":"","ast-featured-img":"","footer-sml-layout":"","theme-transparent-header-meta":"default","adv-header-id-meta":"","stick-header-meta":"","header-above-stick-meta":"","header-main-stick-meta":"","header-below-stick-meta":"","astra-migrate-meta-layouts":"default","ast-page-background-enabled":"default","ast-page-background-meta":{"desktop":{"background-color":"","background-image":"","background-repeat":"repeat","background-position":"center center","background-size":"auto","background-attachment":"scroll","background-type":"","background-media":"","overlay-type":"","overlay-color":"","overlay-opacity":"","overlay-gradient":""},"tablet":{"background-color":"","background-image":"","background-repeat":"repeat","background-position":"center center","background-size":"auto","background-attachment":"scroll","background-type":"","background-media":"","overlay-type":"","overlay-color":"","overlay-opacity":"","overlay-gradient":""},"mobile":{"background-color":"","background-image":"","background-repeat":"repeat","background-position":"center center","background-size":"auto","background-attachment":"scroll","background-type":"","background-media":"","overlay-type":"","overlay-color":"","overlay-opacity":"","overlay-gradient":""}},"ast-content-background-meta":{"desktop":{"background-color":"var(--ast-global-color-5)","background-image":"","background-repeat":"repeat","background-position":"center center","background-size":"auto","background-attachment":"scroll","background-type":"","background-media":"","overlay-type":"","overlay-color":"","overlay-opacity":"","overlay-gradient":""},"tablet":{"background-color":"var(--ast-global-color-5)","background-image":"","background-repeat":"repeat","background-position":"center center","background-size":"auto","background-attachment":"scroll","background-type":"","background-media":"","overlay-type":"","overlay-color":"","overlay-opacity":"","overlay-gradient":""},"mobile":{"background-color":"var(--ast-global-color-5)","background-image":"","background-repeat":"repeat","background-position":"center center","background-size":"auto","background-attachment":"scroll","background-type":"","background-media":"","overlay-type":"","overlay-color":"","overlay-opacity":"","overlay-gradient":""}}},"product_brand":[],"product_cat":[66,38,244,75],"product_tag":[515,81,83,514],"class_list":{"0":"post-1060","1":"product","2":"type-product","3":"status-publish","4":"has-post-thumbnail","6":"product_cat-acessorios-informatica","7":"product_cat-eletronicos","8":"product_cat-games","9":"product_cat-informatica-e-acessorios","10":"product_tag-165hz","11":"product_tag-gamer","12":"product_tag-informatica","13":"product_tag-monitor","14":"desktop-align-center","15":"tablet-align-left","16":"mobile-align-center","18":"first","19":"instock","20":"sale","21":"shipping-taxable","22":"product-type-external"},"uagb_featured_image_src":{"full":["https:\/\/promocaododia.com.br\/site\/wp-content\/uploads\/2022\/11\/Monitor-Concordia-Gamer-R200s-23.8-Led-Full-Hd-165hz-Freesync-Hdmi-E-Display-Port.jpg",600,600,false],"thumbnail":["https:\/\/promocaododia.com.br\/site\/wp-content\/uploads\/2022\/11\/Monitor-Concordia-Gamer-R200s-23.8-Led-Full-Hd-165hz-Freesync-Hdmi-E-Display-Port-150x150.jpg",150,150,true],"medium":["https:\/\/promocaododia.com.br\/site\/wp-content\/uploads\/2022\/11\/Monitor-Concordia-Gamer-R200s-23.8-Led-Full-Hd-165hz-Freesync-Hdmi-E-Display-Port-300x300.jpg",300,300,true],"medium_large":["https:\/\/promocaododia.com.br\/site\/wp-content\/uploads\/2022\/11\/Monitor-Concordia-Gamer-R200s-23.8-Led-Full-Hd-165hz-Freesync-Hdmi-E-Display-Port.jpg",600,600,false],"large":["https:\/\/promocaododia.com.br\/site\/wp-content\/uploads\/2022\/11\/Monitor-Concordia-Gamer-R200s-23.8-Led-Full-Hd-165hz-Freesync-Hdmi-E-Display-Port.jpg",600,600,false],"1536x1536":["https:\/\/promocaododia.com.br\/site\/wp-content\/uploads\/2022\/11\/Monitor-Concordia-Gamer-R200s-23.8-Led-Full-Hd-165hz-Freesync-Hdmi-E-Display-Port.jpg",600,600,false],"2048x2048":["https:\/\/promocaododia.com.br\/site\/wp-content\/uploads\/2022\/11\/Monitor-Concordia-Gamer-R200s-23.8-Led-Full-Hd-165hz-Freesync-Hdmi-E-Display-Port.jpg",600,600,false],"woocommerce_thumbnail":["https:\/\/promocaododia.com.br\/site\/wp-content\/uploads\/2022\/11\/Monitor-Concordia-Gamer-R200s-23.8-Led-Full-Hd-165hz-Freesync-Hdmi-E-Display-Port-250x250.jpg",250,250,true],"woocommerce_single":["https:\/\/promocaododia.com.br\/site\/wp-content\/uploads\/2022\/11\/Monitor-Concordia-Gamer-R200s-23.8-Led-Full-Hd-165hz-Freesync-Hdmi-E-Display-Port-250x250.jpg",250,250,true],"woocommerce_gallery_thumbnail":["https:\/\/promocaododia.com.br\/site\/wp-content\/uploads\/2022\/11\/Monitor-Concordia-Gamer-R200s-23.8-Led-Full-Hd-165hz-Freesync-Hdmi-E-Display-Port-100x100.jpg",100,100,true]},"uagb_author_info":{"display_name":"danilo.gbr","author_link":"https:\/\/promocaododia.com.br\/site\/author\/"},"uagb_comment_info":0,"uagb_excerpt":"O que era bom, ficou melhor ainda!! Monitor Conc\u00f3rdia Gamer R200S 23.8&#8243; 165hz. 1ms, hdmi, dp, usb, phone. Jogar com imers\u00e3o n\u00e3o ser\u00e1 mais um problema! Com o\u00a0Monitor Conc\u00f3rdia R200S\u00a0seus jogos v\u00e3o rodar com cores ainda incr\u00edveis com o painel va. Jogue mais e melhor com os 165hz de frequ\u00eancia de atualiza\u00e7\u00e3o. Ele tem entradas&hellip;","_links":{"self":[{"href":"https:\/\/promocaododia.com.br\/site\/wp-json\/wp\/v2\/product\/1060","targetHints":{"allow":["GET"]}}],"collection":[{"href":"https:\/\/promocaododia.com.br\/site\/wp-json\/wp\/v2\/product"}],"about":[{"href":"https:\/\/promocaododia.com.br\/site\/wp-json\/wp\/v2\/types\/product"}],"wp:featuredmedia":[{"embeddable":true,"href":"https:\/\/promocaododia.com.br\/site\/wp-json\/wp\/v2\/media\/1061"}],"wp:attachment":[{"href":"https:\/\/promocaododia.com.br\/site\/wp-json\/wp\/v2\/media?parent=1060"}],"wp:term":[{"taxonomy":"product_brand","embeddable":true,"href":"https:\/\/promocaododia.com.br\/site\/wp-json\/wp\/v2\/product_brand?post=1060"},{"taxonomy":"product_cat","embeddable":true,"href":"https:\/\/promocaododia.com.br\/site\/wp-json\/wp\/v2\/product_cat?post=1060"},{"taxonomy":"product_tag","embeddable":true,"href":"https:\/\/promocaododia.com.br\/site\/wp-json\/wp\/v2\/product_tag?post=1060"}],"curies":[{"name":"wp","href":"https:\/\/api.w.org\/{rel}","templated":true}]}}