{"id":1062,"date":"2022-11-12T13:34:13","date_gmt":"2022-11-12T16:34:13","guid":{"rendered":"https:\/\/promocaododia.com.br\/site\/?post_type=product&#038;p=1062"},"modified":"2022-11-12T13:34:13","modified_gmt":"2022-11-12T16:34:13","slug":"bicicleta-29-dropp-aluminum-21-marchas-freio-disco-e-suspensao-dianteira","status":"publish","type":"product","link":"https:\/\/promocaododia.com.br\/site\/produto\/bicicleta-29-dropp-aluminum-21-marchas-freio-disco-e-suspensao-dianteira\/","title":{"rendered":"Bicicleta 29 Dropp Aluminum 21 Marchas Freio Disco e Suspens\u00e3o Dianteira"},"content":{"rendered":"<p>A Dropp Aluminum 21v \u00e9 uma \u00f3tima op\u00e7\u00e3o para quem deseja se aventurar em passeios e trilhas leves, por ser relativamente leve e ter 21 combina\u00e7\u00f5es de marcha com trocador grip shift o desempenho em terrenos \u00edngremes \u00e9 garantido, voc\u00ea tamb\u00e9m n\u00e3o precisa se preocupar na descida pois os freios a disco garantem seguran\u00e7a nas frenagens! Ainda equipada com suspens\u00e3o dianteira que oferece mais conforto em terrenos irregulares. Pedale com conforto, seguran\u00e7a e estilo com a Dropp Aluminum!<\/p>\n<p>Quadro Marca Dropp &#8211; Modelo Aluminum Aro 29 em Alum\u00ednio 6061<\/p>\n<p>Suspens\u00e3o Aro 29<\/p>\n<p>C\u00e2mbio Dianteiro Importado 3v<\/p>\n<p>C\u00e2mbio Traseiro Importado 7v<\/p>\n<p>Trocador de Marchas Revoshift Girat\u00f3rio &#8211; 21V<\/p>\n<p>Pedivela Reduzido Em A\u00e7o<\/p>\n<p>Catraca \/ Roda Livre 7v<\/p>\n<p>Corrente 7V<\/p>\n<p>Freio a Disco 160mm Preto &#8211; MEC\u00c2NICO<\/p>\n<p>Cubos A\u00e7o p\/ Disco 36f Preto com Blocagens<\/p>\n<p>Aros Aero 36 Furos Folha Dupla Alum\u00ednio<\/p>\n<p>C\u00e2mara de Ar 29 x 1.95 Bico Grosso<\/p>\n<p>Pneu Aro 29 Cravo Baixo<\/p>\n<p>Guid\u00e3o Preto em Alum\u00ednio Expandido Reto<\/p>\n<p>Suporte de Guid\u00e3o \/ Mesa Preto em Alum\u00ednio<\/p>\n<p>Canote de Selim Preto<\/p>\n<p>Banco \/ Selim &#8211; Sport<\/p>\n<p>Movimento Central Roller 122.5 Preto Selado<\/p>\n<p>Movimento de Dire\u00e7\u00e3o Over<\/p>\n<p>OBSERVA\u00c7\u00d5ES<\/p>\n<p>Pode haver alguma diferen\u00e7a de tonalidade entre a imagem e o produto real, por conta do tratamento de imagens e a calibra\u00e7\u00e3o de cores do monitor.<\/p>\n<p>MONTAGEM<\/p>\n<p>Enviamos a bicicleta pr\u00e9-montada, revisada e devidamente embalada, para melhor se acomodar na embalagem de transporte s\u00e3o retirados apenas: selim, pedais, guid\u00e3o e roda dianteira.<\/p>\n<p>O custo da montagem \u00e9 de responsabilidade do cliente.<\/p>\n<p>Por motivo de transporte e manuseio, \u00e9 necess\u00e1rio efetuar uma nova regulagem de c\u00e2mbio ao receber o produto.<\/p>\n<p>N\u00e3o nos responsabilizamos pela revis\u00e3o final da bicicleta, sugerimos que seja efetuada por uma oficina especializada.<\/p>\n<p>GARANTIA<\/p>\n<p>N\u00c3O COBRE DEFEITOS POR MAU USO OU PELA MONTAGEM, REGULAGEM DE C\u00c2MBIOS OU REVIS\u00c3O INADEQUADA DO PRODUTO.<\/p>\n<p>A garantia ser\u00e1 validada para as bicicletas montadas e revisadas por uma oficina especializada e \u00e9 referente apenas ao primeiro propriet\u00e1rio.<\/p>\n<p>A garantia n\u00e3o se aplica para os itens de desgaste natural, tais como: Pneu, c\u00e2maras, cabos, sapatas ou pastiilhas de freio, centragem de aros, pintura do quadro, componentes da transmiss\u00e3o (c\u00e2mbios, corrente, engrenagens do p\u00e9 de vela, engrenagens do cassete).<\/p>\n","protected":false},"excerpt":{"rendered":"<p>A Dropp Aluminum 21v \u00e9 uma \u00f3tima op\u00e7\u00e3o para quem deseja se aventurar em passeios e trilhas leves, por ser relativamente leve e ter 21 combina\u00e7\u00f5es de marcha com trocador grip shift o desempenho em terrenos \u00edngremes \u00e9 garantido, voc\u00ea tamb\u00e9m n\u00e3o precisa se preocupar na descida pois os freios a disco garantem seguran\u00e7a nas frenagens! Ainda equipada com suspens\u00e3o dianteira que oferece mais conforto em terrenos irregulares. Pedale com conforto, seguran\u00e7a e estilo com a Dropp Aluminum! Quadro Marca Dropp &#8211; Modelo Aluminum Aro 29 em Alum\u00ednio 6061 Suspens\u00e3o Aro 29 C\u00e2mbio Dianteiro Importado 3v C\u00e2mbio Traseiro Importado 7v Trocador de Marchas Revoshift Girat\u00f3rio &#8211; 21V Pedivela Reduzido Em A\u00e7o Catraca \/ Roda Livre 7v Corrente 7V Freio a Disco 160mm Preto &#8211; MEC\u00c2NICO Cubos A\u00e7o p\/ Disco 36f Preto com Blocagens Aros Aero 36 Furos Folha Dupla Alum\u00ednio C\u00e2mara de Ar 29 x 1.95 Bico Grosso Pneu Aro 29 Cravo Baixo Guid\u00e3o Preto em Alum\u00ednio Expandido Reto Suporte de Guid\u00e3o \/ Mesa Preto em Alum\u00ednio Canote de Selim Preto Banco \/ Selim &#8211; Sport Movimento Central Roller 122.5 Preto Selado Movimento de Dire\u00e7\u00e3o Over OBSERVA\u00c7\u00d5ES Pode haver alguma diferen\u00e7a de tonalidade entre a imagem e o produto real, por conta do tratamento de imagens e a calibra\u00e7\u00e3o de cores do monitor. MONTAGEM Enviamos a bicicleta pr\u00e9-montada, revisada e devidamente embalada, para melhor se acomodar na embalagem de transporte s\u00e3o retirados apenas: selim, pedais, guid\u00e3o e roda dianteira. O custo da montagem \u00e9 de responsabilidade do cliente. Por motivo de transporte e manuseio, \u00e9 necess\u00e1rio efetuar uma nova regulagem de c\u00e2mbio ao receber o produto. N\u00e3o nos responsabilizamos pela revis\u00e3o final da bicicleta, sugerimos que seja efetuada por uma oficina especializada. GARANTIA N\u00c3O COBRE DEFEITOS POR MAU USO OU PELA MONTAGEM, REGULAGEM DE C\u00c2MBIOS OU REVIS\u00c3O INADEQUADA DO PRODUTO. A garantia ser\u00e1 validada para as bicicletas montadas e revisadas por uma oficina especializada e \u00e9 referente apenas ao primeiro propriet\u00e1rio. A garantia n\u00e3o se aplica para os itens de desgaste natural, tais como: Pneu, c\u00e2maras, cabos, sapatas ou pastiilhas de freio, centragem de aros, pintura do quadro, componentes da transmiss\u00e3o (c\u00e2mbios, corrente, engrenagens do p\u00e9 de vela, engrenagens do cassete).<\/p>\n","protected":false},"featured_media":1063,"template":"","meta":{"_uag_custom_page_level_css":"","site-sidebar-layout":"default","site-content-layout":"default","ast-site-content-layout":"default","site-content-style":"default","site-sidebar-style":"default","ast-global-header-display":"","ast-banner-title-visibility":"","ast-main-header-display":"","ast-hfb-above-header-display":"","ast-hfb-below-header-display":"","ast-hfb-mobile-header-display":"","site-post-title":"","ast-breadcrumbs-content":"","ast-featured-img":"","footer-sml-layout":"","theme-transparent-header-meta":"default","adv-header-id-meta":"","stick-header-meta":"","header-above-stick-meta":"","header-main-stick-meta":"","header-below-stick-meta":"","astra-migrate-meta-layouts":"default","ast-page-background-enabled":"default","ast-page-background-meta":{"desktop":{"background-color":"","background-image":"","background-repeat":"repeat","background-position":"center center","background-size":"auto","background-attachment":"scroll","background-type":"","background-media":"","overlay-type":"","overlay-color":"","overlay-opacity":"","overlay-gradient":""},"tablet":{"background-color":"","background-image":"","background-repeat":"repeat","background-position":"center center","background-size":"auto","background-attachment":"scroll","background-type":"","background-media":"","overlay-type":"","overlay-color":"","overlay-opacity":"","overlay-gradient":""},"mobile":{"background-color":"","background-image":"","background-repeat":"repeat","background-position":"center center","background-size":"auto","background-attachment":"scroll","background-type":"","background-media":"","overlay-type":"","overlay-color":"","overlay-opacity":"","overlay-gradient":""}},"ast-content-background-meta":{"desktop":{"background-color":"var(--ast-global-color-5)","background-image":"","background-repeat":"repeat","background-position":"center center","background-size":"auto","background-attachment":"scroll","background-type":"","background-media":"","overlay-type":"","overlay-color":"","overlay-opacity":"","overlay-gradient":""},"tablet":{"background-color":"var(--ast-global-color-5)","background-image":"","background-repeat":"repeat","background-position":"center center","background-size":"auto","background-attachment":"scroll","background-type":"","background-media":"","overlay-type":"","overlay-color":"","overlay-opacity":"","overlay-gradient":""},"mobile":{"background-color":"var(--ast-global-color-5)","background-image":"","background-repeat":"repeat","background-position":"center center","background-size":"auto","background-attachment":"scroll","background-type":"","background-media":"","overlay-type":"","overlay-color":"","overlay-opacity":"","overlay-gradient":""}}},"product_brand":[],"product_cat":[50,196,51],"product_tag":[200,198,197,199],"class_list":{"0":"post-1062","1":"product","2":"type-product","3":"status-publish","4":"has-post-thumbnail","6":"product_cat-aventura-e-lazer","7":"product_cat-bicicletas","8":"product_cat-esporte-e-lazer","9":"product_tag-21-marchas","10":"product_tag-aro-29","11":"product_tag-bicicleta","12":"product_tag-freios-a-disco","13":"desktop-align-center","14":"tablet-align-left","15":"mobile-align-center","17":"first","18":"instock","19":"sale","20":"shipping-taxable","21":"product-type-external"},"uagb_featured_image_src":{"full":["https:\/\/promocaododia.com.br\/site\/wp-content\/uploads\/2022\/11\/Bicicleta-29-Dropp-Aluminum-21-Marchas-Freio-Disco-e-Suspensao-Dianteira.jpg",600,600,false],"thumbnail":["https:\/\/promocaododia.com.br\/site\/wp-content\/uploads\/2022\/11\/Bicicleta-29-Dropp-Aluminum-21-Marchas-Freio-Disco-e-Suspensao-Dianteira-150x150.jpg",150,150,true],"medium":["https:\/\/promocaododia.com.br\/site\/wp-content\/uploads\/2022\/11\/Bicicleta-29-Dropp-Aluminum-21-Marchas-Freio-Disco-e-Suspensao-Dianteira-300x300.jpg",300,300,true],"medium_large":["https:\/\/promocaododia.com.br\/site\/wp-content\/uploads\/2022\/11\/Bicicleta-29-Dropp-Aluminum-21-Marchas-Freio-Disco-e-Suspensao-Dianteira.jpg",600,600,false],"large":["https:\/\/promocaododia.com.br\/site\/wp-content\/uploads\/2022\/11\/Bicicleta-29-Dropp-Aluminum-21-Marchas-Freio-Disco-e-Suspensao-Dianteira.jpg",600,600,false],"1536x1536":["https:\/\/promocaododia.com.br\/site\/wp-content\/uploads\/2022\/11\/Bicicleta-29-Dropp-Aluminum-21-Marchas-Freio-Disco-e-Suspensao-Dianteira.jpg",600,600,false],"2048x2048":["https:\/\/promocaododia.com.br\/site\/wp-content\/uploads\/2022\/11\/Bicicleta-29-Dropp-Aluminum-21-Marchas-Freio-Disco-e-Suspensao-Dianteira.jpg",600,600,false],"woocommerce_thumbnail":["https:\/\/promocaododia.com.br\/site\/wp-content\/uploads\/2022\/11\/Bicicleta-29-Dropp-Aluminum-21-Marchas-Freio-Disco-e-Suspensao-Dianteira-250x250.jpg",250,250,true],"woocommerce_single":["https:\/\/promocaododia.com.br\/site\/wp-content\/uploads\/2022\/11\/Bicicleta-29-Dropp-Aluminum-21-Marchas-Freio-Disco-e-Suspensao-Dianteira-250x250.jpg",250,250,true],"woocommerce_gallery_thumbnail":["https:\/\/promocaododia.com.br\/site\/wp-content\/uploads\/2022\/11\/Bicicleta-29-Dropp-Aluminum-21-Marchas-Freio-Disco-e-Suspensao-Dianteira-100x100.jpg",100,100,true]},"uagb_author_info":{"display_name":"danilo.gbr","author_link":"https:\/\/promocaododia.com.br\/site\/author\/"},"uagb_comment_info":0,"uagb_excerpt":"A Dropp Aluminum 21v \u00e9 uma \u00f3tima op\u00e7\u00e3o para quem deseja se aventurar em passeios e trilhas leves, por ser relativamente leve e ter 21 combina\u00e7\u00f5es de marcha com trocador grip shift o desempenho em terrenos \u00edngremes \u00e9 garantido, voc\u00ea tamb\u00e9m n\u00e3o precisa se preocupar na descida pois os freios a disco garantem seguran\u00e7a nas&hellip;","_links":{"self":[{"href":"https:\/\/promocaododia.com.br\/site\/wp-json\/wp\/v2\/product\/1062","targetHints":{"allow":["GET"]}}],"collection":[{"href":"https:\/\/promocaododia.com.br\/site\/wp-json\/wp\/v2\/product"}],"about":[{"href":"https:\/\/promocaododia.com.br\/site\/wp-json\/wp\/v2\/types\/product"}],"wp:featuredmedia":[{"embeddable":true,"href":"https:\/\/promocaododia.com.br\/site\/wp-json\/wp\/v2\/media\/1063"}],"wp:attachment":[{"href":"https:\/\/promocaododia.com.br\/site\/wp-json\/wp\/v2\/media?parent=1062"}],"wp:term":[{"taxonomy":"product_brand","embeddable":true,"href":"https:\/\/promocaododia.com.br\/site\/wp-json\/wp\/v2\/product_brand?post=1062"},{"taxonomy":"product_cat","embeddable":true,"href":"https:\/\/promocaododia.com.br\/site\/wp-json\/wp\/v2\/product_cat?post=1062"},{"taxonomy":"product_tag","embeddable":true,"href":"https:\/\/promocaododia.com.br\/site\/wp-json\/wp\/v2\/product_tag?post=1062"}],"curies":[{"name":"wp","href":"https:\/\/api.w.org\/{rel}","templated":true}]}}