{"id":1064,"date":"2022-11-12T13:42:14","date_gmt":"2022-11-12T16:42:14","guid":{"rendered":"https:\/\/promocaododia.com.br\/site\/?post_type=product&#038;p=1064"},"modified":"2022-11-12T13:42:15","modified_gmt":"2022-11-12T16:42:15","slug":"smart-tv-led-32-hd-hq-conversor-digital-externo-3-hdmi-2-usb-wi-fi-android-11-design-slim","status":"publish","type":"product","link":"https:\/\/promocaododia.com.br\/site\/produto\/smart-tv-led-32-hd-hq-conversor-digital-externo-3-hdmi-2-usb-wi-fi-android-11-design-slim\/","title":{"rendered":"Smart TV LED 32&#8243; HD HQ Conversor Digital Externo 3 HDMI 2 USB WI-FI Android 11 Design Slim"},"content":{"rendered":"<p><strong>Smart TV 32&#8243;, HDR, tela sem bordas, Android, Sistema Supersound, design Slim HQ HQSTV32NK<\/strong><\/p>\n<p><strong>Smart TV 32&#8243; HQ HQSTV32NK<\/strong><\/p>\n<p>Imagem e som com qualidade incompar\u00e1vel!<\/p>\n<p><strong>Desfrute do HDR:<\/strong><\/p>\n<p>Imagens com cores vivas e incr\u00edveis.<\/p>\n<p>Assista v\u00eddeos em resolu\u00e7\u00e3o HD com uma excelente qualidade de imagem.<\/p>\n<p>O sistema HDR \u201cHigh Dynamic Range\u201d, presente na Smart TV HQ HQSTV32NK, \u00e9 respons\u00e1vel pela quantidade de cores que cada pixel pode assumir. Esse formato \u00e9 capaz de deixar a imagem do televisor com excelente resultado de brilho e contraste, j\u00e1 que as imagens ficam com cores mais vivas, os tons mais claros possuem mais brilho e os tons pretos, mais contraste. O resultado s\u00e3o imagens mais realistas e uma melhor experi\u00eancia para o espectador!<\/p>\n<p><strong>Frameless:<\/strong><\/p>\n<p>Tela livre de bordas, a imers\u00e3o \u00e9 total!<\/p>\n<p>Ao assistir ao seu filme, s\u00e9rie, ou programa de TV predileto em uma tela frameless voc\u00ea ter\u00e1 a sensa\u00e7\u00e3o de estar dentro da cena.<\/p>\n<p><strong>Android 11:<\/strong><\/p>\n<p>Uma loja com milhares de aplicativos compat\u00edveis a sua disposi\u00e7\u00e3o.<\/p>\n<p>Al\u00e9m disso, a sincroniza\u00e7\u00e3o com o seu Smartphone, seja ele Android ou IOS, \u00e9 muito simples. Espelhe a tela do seu celular na sua Smart TV HQ com apenas um toque.<\/p>\n<p><strong>Sistema Supersound:<\/strong><\/p>\n<p>Som surround de alt\u00edssima qualidade para uma experi\u00eacia sonora \u00fanica.<\/p>\n<p>De nada adianta voc\u00ea assistir os seus v\u00eddeos prediletos em alta defini\u00e7\u00e3o HD se o \u00e1udio n\u00e3o tiver a mesma qualidade, n\u00e3o \u00e9 mesmo?<\/p>\n<p>Foi pensando nisso que a HQ garantiu que a sua experi\u00eancia seja completa. Para isso instalamos dois potentes auto falantes com 7W reais RMS cada, com sistema surround, que garantir\u00e3o a voc\u00ea uma qualidade de som inquestion\u00e1vel.<\/p>\n<p><strong>Design Slim Premium:<\/strong><\/p>\n<p>A Smart TV HQ HQSTV32NK possui acabamento ultra fino e se acomoda perfeitamente no seu ambiente. Moderna e com layout Premium ela deixar\u00e1 qualquer local mais requintado.<\/p>\n<p><strong>Conectividade \u00e9 a palavra chave:<\/strong><\/p>\n<p>Pronta para qualquer desafio.<\/p>\n<p>N\u00e3o basta ter conex\u00e3o Wifi, para garantir que voc\u00ea consiga reproduzir conte\u00fados HD sem travamentos e perda de qualidade, o adaptador de internet sem fio deve ser de alto ganho.<\/p>\n<p>Sendo assim, fique tranquilo. Conecte a redes sem fio em alta velocidade e garanta extrair o m\u00e1ximo da sua HQ HQSTV32NK.Al\u00e9m disso, ela conta com 3 sa\u00eddas HDMI e conversor digital.<\/p>\n<p><strong>Gaming Ready:<\/strong><\/p>\n<p>E para voc\u00ea que quer rodar os seus jogos prediletos, saiba que ela possui taxa de atualiza\u00e7\u00e3o de 60Hz e tempo de resposta de 6,5ms. Junto com o sistema HDR j\u00e1 explicado acima, voc\u00ea poder\u00e1 entrar na jogatina pronto para ser o melhor.<\/p>\n","protected":false},"excerpt":{"rendered":"<p>Smart TV 32&#8243;, HDR, tela sem bordas, Android, Sistema Supersound, design Slim HQ HQSTV32NK Smart TV 32&#8243; HQ HQSTV32NK Imagem e som com qualidade incompar\u00e1vel! Desfrute do HDR: Imagens com cores vivas e incr\u00edveis. Assista v\u00eddeos em resolu\u00e7\u00e3o HD com uma excelente qualidade de imagem. O sistema HDR \u201cHigh Dynamic Range\u201d, presente na Smart TV HQ HQSTV32NK, \u00e9 respons\u00e1vel pela quantidade de cores que cada pixel pode assumir. Esse formato \u00e9 capaz de deixar a imagem do televisor com excelente resultado de brilho e contraste, j\u00e1 que as imagens ficam com cores mais vivas, os tons mais claros possuem mais brilho e os tons pretos, mais contraste. O resultado s\u00e3o imagens mais realistas e uma melhor experi\u00eancia para o espectador! Frameless: Tela livre de bordas, a imers\u00e3o \u00e9 total! Ao assistir ao seu filme, s\u00e9rie, ou programa de TV predileto em uma tela frameless voc\u00ea ter\u00e1 a sensa\u00e7\u00e3o de estar dentro da cena. Android 11: Uma loja com milhares de aplicativos compat\u00edveis a sua disposi\u00e7\u00e3o. Al\u00e9m disso, a sincroniza\u00e7\u00e3o com o seu Smartphone, seja ele Android ou IOS, \u00e9 muito simples. Espelhe a tela do seu celular na sua Smart TV HQ com apenas um toque. Sistema Supersound: Som surround de alt\u00edssima qualidade para uma experi\u00eacia sonora \u00fanica. De nada adianta voc\u00ea assistir os seus v\u00eddeos prediletos em alta defini\u00e7\u00e3o HD se o \u00e1udio n\u00e3o tiver a mesma qualidade, n\u00e3o \u00e9 mesmo? Foi pensando nisso que a HQ garantiu que a sua experi\u00eancia seja completa. Para isso instalamos dois potentes auto falantes com 7W reais RMS cada, com sistema surround, que garantir\u00e3o a voc\u00ea uma qualidade de som inquestion\u00e1vel. Design Slim Premium: A Smart TV HQ HQSTV32NK possui acabamento ultra fino e se acomoda perfeitamente no seu ambiente. Moderna e com layout Premium ela deixar\u00e1 qualquer local mais requintado. Conectividade \u00e9 a palavra chave: Pronta para qualquer desafio. N\u00e3o basta ter conex\u00e3o Wifi, para garantir que voc\u00ea consiga reproduzir conte\u00fados HD sem travamentos e perda de qualidade, o adaptador de internet sem fio deve ser de alto ganho. Sendo assim, fique tranquilo. Conecte a redes sem fio em alta velocidade e garanta extrair o m\u00e1ximo da sua HQ HQSTV32NK.Al\u00e9m disso, ela conta com 3 sa\u00eddas HDMI e conversor digital. Gaming Ready: E para voc\u00ea que quer rodar os seus jogos prediletos, saiba que ela possui taxa de atualiza\u00e7\u00e3o de 60Hz e tempo de resposta de 6,5ms. Junto com o sistema HDR j\u00e1 explicado acima, voc\u00ea poder\u00e1 entrar na jogatina pronto para ser o melhor.<\/p>\n","protected":false},"featured_media":1065,"template":"","meta":{"_uag_custom_page_level_css":"","site-sidebar-layout":"default","site-content-layout":"default","ast-site-content-layout":"default","site-content-style":"default","site-sidebar-style":"default","ast-global-header-display":"","ast-banner-title-visibility":"","ast-main-header-display":"","ast-hfb-above-header-display":"","ast-hfb-below-header-display":"","ast-hfb-mobile-header-display":"","site-post-title":"","ast-breadcrumbs-content":"","ast-featured-img":"","footer-sml-layout":"","theme-transparent-header-meta":"default","adv-header-id-meta":"","stick-header-meta":"","header-above-stick-meta":"","header-main-stick-meta":"","header-below-stick-meta":"","astra-migrate-meta-layouts":"default","ast-page-background-enabled":"default","ast-page-background-meta":{"desktop":{"background-color":"","background-image":"","background-repeat":"repeat","background-position":"center center","background-size":"auto","background-attachment":"scroll","background-type":"","background-media":"","overlay-type":"","overlay-color":"","overlay-opacity":"","overlay-gradient":""},"tablet":{"background-color":"","background-image":"","background-repeat":"repeat","background-position":"center center","background-size":"auto","background-attachment":"scroll","background-type":"","background-media":"","overlay-type":"","overlay-color":"","overlay-opacity":"","overlay-gradient":""},"mobile":{"background-color":"","background-image":"","background-repeat":"repeat","background-position":"center center","background-size":"auto","background-attachment":"scroll","background-type":"","background-media":"","overlay-type":"","overlay-color":"","overlay-opacity":"","overlay-gradient":""}},"ast-content-background-meta":{"desktop":{"background-color":"var(--ast-global-color-5)","background-image":"","background-repeat":"repeat","background-position":"center center","background-size":"auto","background-attachment":"scroll","background-type":"","background-media":"","overlay-type":"","overlay-color":"","overlay-opacity":"","overlay-gradient":""},"tablet":{"background-color":"var(--ast-global-color-5)","background-image":"","background-repeat":"repeat","background-position":"center center","background-size":"auto","background-attachment":"scroll","background-type":"","background-media":"","overlay-type":"","overlay-color":"","overlay-opacity":"","overlay-gradient":""},"mobile":{"background-color":"var(--ast-global-color-5)","background-image":"","background-repeat":"repeat","background-position":"center center","background-size":"auto","background-attachment":"scroll","background-type":"","background-media":"","overlay-type":"","overlay-color":"","overlay-opacity":"","overlay-gradient":""}}},"product_brand":[],"product_cat":[38,25,76],"product_tag":[125,126,493],"class_list":{"0":"post-1064","1":"product","2":"type-product","3":"status-publish","4":"has-post-thumbnail","6":"product_cat-eletronicos","7":"product_cat-smart-tv","8":"product_cat-tv-e-video","9":"product_tag-smart-tv","10":"product_tag-tv","11":"product_tag-tv-32","12":"desktop-align-center","13":"tablet-align-left","14":"mobile-align-center","16":"first","17":"instock","18":"sale","19":"shipping-taxable","20":"product-type-external"},"uagb_featured_image_src":{"full":["https:\/\/promocaododia.com.br\/site\/wp-content\/uploads\/2022\/11\/Smart-TV-LED-32-HD-HQ-Conversor-Digital-Externo-3-HDMI-2-USB-WI-FI-Android-11-Design-Slim.jpg",600,600,false],"thumbnail":["https:\/\/promocaododia.com.br\/site\/wp-content\/uploads\/2022\/11\/Smart-TV-LED-32-HD-HQ-Conversor-Digital-Externo-3-HDMI-2-USB-WI-FI-Android-11-Design-Slim-150x150.jpg",150,150,true],"medium":["https:\/\/promocaododia.com.br\/site\/wp-content\/uploads\/2022\/11\/Smart-TV-LED-32-HD-HQ-Conversor-Digital-Externo-3-HDMI-2-USB-WI-FI-Android-11-Design-Slim-300x300.jpg",300,300,true],"medium_large":["https:\/\/promocaododia.com.br\/site\/wp-content\/uploads\/2022\/11\/Smart-TV-LED-32-HD-HQ-Conversor-Digital-Externo-3-HDMI-2-USB-WI-FI-Android-11-Design-Slim.jpg",600,600,false],"large":["https:\/\/promocaododia.com.br\/site\/wp-content\/uploads\/2022\/11\/Smart-TV-LED-32-HD-HQ-Conversor-Digital-Externo-3-HDMI-2-USB-WI-FI-Android-11-Design-Slim.jpg",600,600,false],"1536x1536":["https:\/\/promocaododia.com.br\/site\/wp-content\/uploads\/2022\/11\/Smart-TV-LED-32-HD-HQ-Conversor-Digital-Externo-3-HDMI-2-USB-WI-FI-Android-11-Design-Slim.jpg",600,600,false],"2048x2048":["https:\/\/promocaododia.com.br\/site\/wp-content\/uploads\/2022\/11\/Smart-TV-LED-32-HD-HQ-Conversor-Digital-Externo-3-HDMI-2-USB-WI-FI-Android-11-Design-Slim.jpg",600,600,false],"woocommerce_thumbnail":["https:\/\/promocaododia.com.br\/site\/wp-content\/uploads\/2022\/11\/Smart-TV-LED-32-HD-HQ-Conversor-Digital-Externo-3-HDMI-2-USB-WI-FI-Android-11-Design-Slim-250x250.jpg",250,250,true],"woocommerce_single":["https:\/\/promocaododia.com.br\/site\/wp-content\/uploads\/2022\/11\/Smart-TV-LED-32-HD-HQ-Conversor-Digital-Externo-3-HDMI-2-USB-WI-FI-Android-11-Design-Slim-250x250.jpg",250,250,true],"woocommerce_gallery_thumbnail":["https:\/\/promocaododia.com.br\/site\/wp-content\/uploads\/2022\/11\/Smart-TV-LED-32-HD-HQ-Conversor-Digital-Externo-3-HDMI-2-USB-WI-FI-Android-11-Design-Slim-100x100.jpg",100,100,true]},"uagb_author_info":{"display_name":"danilo.gbr","author_link":"https:\/\/promocaododia.com.br\/site\/author\/"},"uagb_comment_info":0,"uagb_excerpt":"Smart TV 32&#8243;, HDR, tela sem bordas, Android, Sistema Supersound, design Slim HQ HQSTV32NK Smart TV 32&#8243; HQ HQSTV32NK Imagem e som com qualidade incompar\u00e1vel! Desfrute do HDR: Imagens com cores vivas e incr\u00edveis. Assista v\u00eddeos em resolu\u00e7\u00e3o HD com uma excelente qualidade de imagem. O sistema HDR \u201cHigh Dynamic Range\u201d, presente na Smart TV&hellip;","_links":{"self":[{"href":"https:\/\/promocaododia.com.br\/site\/wp-json\/wp\/v2\/product\/1064","targetHints":{"allow":["GET"]}}],"collection":[{"href":"https:\/\/promocaododia.com.br\/site\/wp-json\/wp\/v2\/product"}],"about":[{"href":"https:\/\/promocaododia.com.br\/site\/wp-json\/wp\/v2\/types\/product"}],"wp:featuredmedia":[{"embeddable":true,"href":"https:\/\/promocaododia.com.br\/site\/wp-json\/wp\/v2\/media\/1065"}],"wp:attachment":[{"href":"https:\/\/promocaododia.com.br\/site\/wp-json\/wp\/v2\/media?parent=1064"}],"wp:term":[{"taxonomy":"product_brand","embeddable":true,"href":"https:\/\/promocaododia.com.br\/site\/wp-json\/wp\/v2\/product_brand?post=1064"},{"taxonomy":"product_cat","embeddable":true,"href":"https:\/\/promocaododia.com.br\/site\/wp-json\/wp\/v2\/product_cat?post=1064"},{"taxonomy":"product_tag","embeddable":true,"href":"https:\/\/promocaododia.com.br\/site\/wp-json\/wp\/v2\/product_tag?post=1064"}],"curies":[{"name":"wp","href":"https:\/\/api.w.org\/{rel}","templated":true}]}}