{"id":1066,"date":"2022-11-12T13:55:42","date_gmt":"2022-11-12T16:55:42","guid":{"rendered":"https:\/\/promocaododia.com.br\/site\/?post_type=product&#038;p=1066"},"modified":"2022-11-12T16:59:43","modified_gmt":"2022-11-12T19:59:43","slug":"smartphone-samsung-galaxy-a03-64gb-preto-4g-octa-core-4gb-ram-tela-65-cam-dupla-sefie-5mp","status":"publish","type":"product","link":"https:\/\/promocaododia.com.br\/site\/produto\/smartphone-samsung-galaxy-a03-64gb-preto-4g-octa-core-4gb-ram-tela-65-cam-dupla-sefie-5mp\/","title":{"rendered":"Smartphone Samsung Galaxy A03 64GB Preto 4G &#8211; Octa-Core 4GB RAM Tela 6,5\u201d C\u00e2m. Dupla + Sefie 5MP"},"content":{"rendered":"<p>Tenha todos os seus compromissos e aplicativos \u00fateis na palma da sua m\u00e3o, sem deixar nada para tr\u00e1s com o Galaxy A03 da Samsung. Realize fotos especiais e \u00fanicas com a c\u00e2mera traseira dupla de 48MP + 2MP e divirta-se ao compartilhar seus momentos especiais fotografando com a c\u00e2mera selfie de 5MP. A tela de 6,5&#8243; com resolu\u00e7\u00e3o HD+ deste smartphone oferece uma experi\u00eancia de visualiza\u00e7\u00e3o imersiva, seja ao ver seus v\u00eddeos, fotos ou simplesmente acessar as redes sociais. Oferece um processador Octa-Core e 4GB de mem\u00f3ria RAM para que voc\u00ea tenha tudo ao alcance dos dedos de maneira mais f\u00e1cil. O armazenamento interno de 64GB entrega muita conveni\u00eancia para salvar seus documentos de maneira segura. E se mesmo assim achar pouco, voc\u00ea pode usar um cart\u00e3o Micro SD de at\u00e9 1TB para aumentar essa capacidade. Fique sempre conectado com a tecnologia 4G em um aparelho dual chip que te d\u00e1 liberdade para usar 2 chips em um \u00fanico celular! Tenha bateria para o dia todo, afinal estamos falando de 5000mAh. Al\u00e9m disso, sua cor preta destaca o design moderno do produto e combina perfeitamente com qualquer estilo, desde o mais cl\u00e1ssico at\u00e9 o mais moderno!<\/p>\n","protected":false},"excerpt":{"rendered":"<p>Tenha todos os seus compromissos e aplicativos \u00fateis na palma da sua m\u00e3o, sem deixar nada para tr\u00e1s com o Galaxy A03 da Samsung. Realize fotos especiais e \u00fanicas com a c\u00e2mera traseira dupla de 48MP + 2MP e divirta-se ao compartilhar seus momentos especiais fotografando com a c\u00e2mera selfie de 5MP. A tela de 6,5&#8243; com resolu\u00e7\u00e3o HD+ deste smartphone oferece uma experi\u00eancia de visualiza\u00e7\u00e3o imersiva, seja ao ver seus v\u00eddeos, fotos ou simplesmente acessar as redes sociais. Oferece um processador Octa-Core e 4GB de mem\u00f3ria RAM para que voc\u00ea tenha tudo ao alcance dos dedos de maneira mais f\u00e1cil. O armazenamento interno de 64GB entrega muita conveni\u00eancia para salvar seus documentos de maneira segura. E se mesmo assim achar pouco, voc\u00ea pode usar um cart\u00e3o Micro SD de at\u00e9 1TB para aumentar essa capacidade. Fique sempre conectado com a tecnologia 4G em um aparelho dual chip que te d\u00e1 liberdade para usar 2 chips em um \u00fanico celular! Tenha bateria para o dia todo, afinal estamos falando de 5000mAh. Al\u00e9m disso, sua cor preta destaca o design moderno do produto e combina perfeitamente com qualquer estilo, desde o mais cl\u00e1ssico at\u00e9 o mais moderno!<\/p>\n","protected":false},"featured_media":1067,"template":"","meta":{"_uag_custom_page_level_css":"","site-sidebar-layout":"default","site-content-layout":"default","ast-site-content-layout":"default","site-content-style":"default","site-sidebar-style":"default","ast-global-header-display":"","ast-banner-title-visibility":"","ast-main-header-display":"","ast-hfb-above-header-display":"","ast-hfb-below-header-display":"","ast-hfb-mobile-header-display":"","site-post-title":"","ast-breadcrumbs-content":"","ast-featured-img":"","footer-sml-layout":"","theme-transparent-header-meta":"default","adv-header-id-meta":"","stick-header-meta":"","header-above-stick-meta":"","header-main-stick-meta":"","header-below-stick-meta":"","astra-migrate-meta-layouts":"default","ast-page-background-enabled":"default","ast-page-background-meta":{"desktop":{"background-color":"","background-image":"","background-repeat":"repeat","background-position":"center center","background-size":"auto","background-attachment":"scroll","background-type":"","background-media":"","overlay-type":"","overlay-color":"","overlay-opacity":"","overlay-gradient":""},"tablet":{"background-color":"","background-image":"","background-repeat":"repeat","background-position":"center center","background-size":"auto","background-attachment":"scroll","background-type":"","background-media":"","overlay-type":"","overlay-color":"","overlay-opacity":"","overlay-gradient":""},"mobile":{"background-color":"","background-image":"","background-repeat":"repeat","background-position":"center center","background-size":"auto","background-attachment":"scroll","background-type":"","background-media":"","overlay-type":"","overlay-color":"","overlay-opacity":"","overlay-gradient":""}},"ast-content-background-meta":{"desktop":{"background-color":"var(--ast-global-color-5)","background-image":"","background-repeat":"repeat","background-position":"center center","background-size":"auto","background-attachment":"scroll","background-type":"","background-media":"","overlay-type":"","overlay-color":"","overlay-opacity":"","overlay-gradient":""},"tablet":{"background-color":"var(--ast-global-color-5)","background-image":"","background-repeat":"repeat","background-position":"center center","background-size":"auto","background-attachment":"scroll","background-type":"","background-media":"","overlay-type":"","overlay-color":"","overlay-opacity":"","overlay-gradient":""},"mobile":{"background-color":"var(--ast-global-color-5)","background-image":"","background-repeat":"repeat","background-position":"center center","background-size":"auto","background-attachment":"scroll","background-type":"","background-media":"","overlay-type":"","overlay-color":"","overlay-opacity":"","overlay-gradient":""}}},"product_brand":[],"product_cat":[23,35],"product_tag":[91,133,132,89,88,90],"class_list":{"0":"post-1066","1":"product","2":"type-product","3":"status-publish","4":"has-post-thumbnail","6":"product_cat-celulares-e-tablets","7":"product_cat-smartphone","8":"product_tag-celular","9":"product_tag-galaxy","10":"product_tag-galaxy-a03s","11":"product_tag-samsung","12":"product_tag-samsung-galaxy","13":"product_tag-smartphone","14":"desktop-align-center","15":"tablet-align-left","16":"mobile-align-center","18":"first","19":"instock","20":"sale","21":"shipping-taxable","22":"product-type-external"},"uagb_featured_image_src":{"full":["https:\/\/promocaododia.com.br\/site\/wp-content\/uploads\/2022\/11\/Smartphone-Samsung-Galaxy-A03-64GB-Preto-4G-Octa-Core-4GB-RAM-Tela-65-Cam.-Dupla-Sefie-5MP.jpg",600,600,false],"thumbnail":["https:\/\/promocaododia.com.br\/site\/wp-content\/uploads\/2022\/11\/Smartphone-Samsung-Galaxy-A03-64GB-Preto-4G-Octa-Core-4GB-RAM-Tela-65-Cam.-Dupla-Sefie-5MP-150x150.jpg",150,150,true],"medium":["https:\/\/promocaododia.com.br\/site\/wp-content\/uploads\/2022\/11\/Smartphone-Samsung-Galaxy-A03-64GB-Preto-4G-Octa-Core-4GB-RAM-Tela-65-Cam.-Dupla-Sefie-5MP-300x300.jpg",300,300,true],"medium_large":["https:\/\/promocaododia.com.br\/site\/wp-content\/uploads\/2022\/11\/Smartphone-Samsung-Galaxy-A03-64GB-Preto-4G-Octa-Core-4GB-RAM-Tela-65-Cam.-Dupla-Sefie-5MP.jpg",600,600,false],"large":["https:\/\/promocaododia.com.br\/site\/wp-content\/uploads\/2022\/11\/Smartphone-Samsung-Galaxy-A03-64GB-Preto-4G-Octa-Core-4GB-RAM-Tela-65-Cam.-Dupla-Sefie-5MP.jpg",600,600,false],"1536x1536":["https:\/\/promocaododia.com.br\/site\/wp-content\/uploads\/2022\/11\/Smartphone-Samsung-Galaxy-A03-64GB-Preto-4G-Octa-Core-4GB-RAM-Tela-65-Cam.-Dupla-Sefie-5MP.jpg",600,600,false],"2048x2048":["https:\/\/promocaododia.com.br\/site\/wp-content\/uploads\/2022\/11\/Smartphone-Samsung-Galaxy-A03-64GB-Preto-4G-Octa-Core-4GB-RAM-Tela-65-Cam.-Dupla-Sefie-5MP.jpg",600,600,false],"woocommerce_thumbnail":["https:\/\/promocaododia.com.br\/site\/wp-content\/uploads\/2022\/11\/Smartphone-Samsung-Galaxy-A03-64GB-Preto-4G-Octa-Core-4GB-RAM-Tela-65-Cam.-Dupla-Sefie-5MP-250x250.jpg",250,250,true],"woocommerce_single":["https:\/\/promocaododia.com.br\/site\/wp-content\/uploads\/2022\/11\/Smartphone-Samsung-Galaxy-A03-64GB-Preto-4G-Octa-Core-4GB-RAM-Tela-65-Cam.-Dupla-Sefie-5MP-250x250.jpg",250,250,true],"woocommerce_gallery_thumbnail":["https:\/\/promocaododia.com.br\/site\/wp-content\/uploads\/2022\/11\/Smartphone-Samsung-Galaxy-A03-64GB-Preto-4G-Octa-Core-4GB-RAM-Tela-65-Cam.-Dupla-Sefie-5MP-100x100.jpg",100,100,true]},"uagb_author_info":{"display_name":"danilo.gbr","author_link":"https:\/\/promocaododia.com.br\/site\/author\/"},"uagb_comment_info":0,"uagb_excerpt":"Tenha todos os seus compromissos e aplicativos \u00fateis na palma da sua m\u00e3o, sem deixar nada para tr\u00e1s com o Galaxy A03 da Samsung. Realize fotos especiais e \u00fanicas com a c\u00e2mera traseira dupla de 48MP + 2MP e divirta-se ao compartilhar seus momentos especiais fotografando com a c\u00e2mera selfie de 5MP. A tela de&hellip;","_links":{"self":[{"href":"https:\/\/promocaododia.com.br\/site\/wp-json\/wp\/v2\/product\/1066","targetHints":{"allow":["GET"]}}],"collection":[{"href":"https:\/\/promocaododia.com.br\/site\/wp-json\/wp\/v2\/product"}],"about":[{"href":"https:\/\/promocaododia.com.br\/site\/wp-json\/wp\/v2\/types\/product"}],"wp:featuredmedia":[{"embeddable":true,"href":"https:\/\/promocaododia.com.br\/site\/wp-json\/wp\/v2\/media\/1067"}],"wp:attachment":[{"href":"https:\/\/promocaododia.com.br\/site\/wp-json\/wp\/v2\/media?parent=1066"}],"wp:term":[{"taxonomy":"product_brand","embeddable":true,"href":"https:\/\/promocaododia.com.br\/site\/wp-json\/wp\/v2\/product_brand?post=1066"},{"taxonomy":"product_cat","embeddable":true,"href":"https:\/\/promocaododia.com.br\/site\/wp-json\/wp\/v2\/product_cat?post=1066"},{"taxonomy":"product_tag","embeddable":true,"href":"https:\/\/promocaododia.com.br\/site\/wp-json\/wp\/v2\/product_tag?post=1066"}],"curies":[{"name":"wp","href":"https:\/\/api.w.org\/{rel}","templated":true}]}}