{"id":1068,"date":"2022-11-12T14:08:13","date_gmt":"2022-11-12T17:08:13","guid":{"rendered":"https:\/\/promocaododia.com.br\/site\/?post_type=product&#038;p=1068"},"modified":"2022-11-12T14:08:35","modified_gmt":"2022-11-12T17:08:35","slug":"tenis-asics-gel-quantum-180-feminino-branco","status":"publish","type":"product","link":"https:\/\/promocaododia.com.br\/site\/produto\/tenis-asics-gel-quantum-180-feminino-branco\/","title":{"rendered":"T\u00eanis ASICS GEL-Quantum 180 &#8211; Feminino &#8211; Branco"},"content":{"rendered":"<p>Com seu molde de performance intacto, o GEL-QUANTUM 180TM 6 continua a evolu\u00e7\u00e3o da linha, com componentes t\u00e9cnicos e caracter\u00edsticas de design do acervo ASICS. Ele conta com constru\u00e7\u00e3o reformulada no cabedal, com diversas linhas angulares que d\u00e3o mais dimens\u00e3o ao look, al\u00e9m de ser formado por uma combina\u00e7\u00e3o de subcamadas de pain\u00e9is em mesh e couro que criam um visual t\u00e9cnico. Para completar, este t\u00eanis traz o logo GELTM no contraforte e 180 graus de tecnologia de amortecimento GELTM na entressola para conforto aprimorado na base do p\u00e9. Cabedal em Engineered Mesh muito respir\u00e1vel. 180 o de GEL na entressola para amortecimento e absor\u00e7\u00e3o de choque e borracha AHAR+ no solado.<\/p>\n","protected":false},"excerpt":{"rendered":"<p>Com seu molde de performance intacto, o GEL-QUANTUM 180TM 6 continua a evolu\u00e7\u00e3o da linha, com componentes t\u00e9cnicos e caracter\u00edsticas de design do acervo ASICS. Ele conta com constru\u00e7\u00e3o reformulada no cabedal, com diversas linhas angulares que d\u00e3o mais dimens\u00e3o ao look, al\u00e9m de ser formado por uma combina\u00e7\u00e3o de subcamadas de pain\u00e9is em mesh e couro que criam um visual t\u00e9cnico. Para completar, este t\u00eanis traz o logo GELTM no contraforte e 180 graus de tecnologia de amortecimento GELTM na entressola para conforto aprimorado na base do p\u00e9. Cabedal em Engineered Mesh muito respir\u00e1vel. 180 o de GEL na entressola para amortecimento e absor\u00e7\u00e3o de choque e borracha AHAR+ no solado.<\/p>\n","protected":false},"featured_media":1069,"template":"","meta":{"_uag_custom_page_level_css":"","site-sidebar-layout":"default","site-content-layout":"default","ast-site-content-layout":"default","site-content-style":"default","site-sidebar-style":"default","ast-global-header-display":"","ast-banner-title-visibility":"","ast-main-header-display":"","ast-hfb-above-header-display":"","ast-hfb-below-header-display":"","ast-hfb-mobile-header-display":"","site-post-title":"","ast-breadcrumbs-content":"","ast-featured-img":"","footer-sml-layout":"","theme-transparent-header-meta":"default","adv-header-id-meta":"","stick-header-meta":"","header-above-stick-meta":"","header-main-stick-meta":"","header-below-stick-meta":"","astra-migrate-meta-layouts":"default","ast-page-background-enabled":"default","ast-page-background-meta":{"desktop":{"background-color":"","background-image":"","background-repeat":"repeat","background-position":"center center","background-size":"auto","background-attachment":"scroll","background-type":"","background-media":"","overlay-type":"","overlay-color":"","overlay-opacity":"","overlay-gradient":""},"tablet":{"background-color":"","background-image":"","background-repeat":"repeat","background-position":"center center","background-size":"auto","background-attachment":"scroll","background-type":"","background-media":"","overlay-type":"","overlay-color":"","overlay-opacity":"","overlay-gradient":""},"mobile":{"background-color":"","background-image":"","background-repeat":"repeat","background-position":"center center","background-size":"auto","background-attachment":"scroll","background-type":"","background-media":"","overlay-type":"","overlay-color":"","overlay-opacity":"","overlay-gradient":""}},"ast-content-background-meta":{"desktop":{"background-color":"var(--ast-global-color-5)","background-image":"","background-repeat":"repeat","background-position":"center center","background-size":"auto","background-attachment":"scroll","background-type":"","background-media":"","overlay-type":"","overlay-color":"","overlay-opacity":"","overlay-gradient":""},"tablet":{"background-color":"var(--ast-global-color-5)","background-image":"","background-repeat":"repeat","background-position":"center center","background-size":"auto","background-attachment":"scroll","background-type":"","background-media":"","overlay-type":"","overlay-color":"","overlay-opacity":"","overlay-gradient":""},"mobile":{"background-color":"var(--ast-global-color-5)","background-image":"","background-repeat":"repeat","background-position":"center center","background-size":"auto","background-attachment":"scroll","background-type":"","background-media":"","overlay-type":"","overlay-color":"","overlay-opacity":"","overlay-gradient":""}}},"product_brand":[],"product_cat":[179,58],"product_tag":[303,184,80],"class_list":{"0":"post-1068","1":"product","2":"type-product","3":"status-publish","4":"has-post-thumbnail","6":"product_cat-calcados-feminina","7":"product_cat-feminina","8":"product_tag-feminino","9":"product_tag-moda","10":"product_tag-tenis","11":"desktop-align-center","12":"tablet-align-left","13":"mobile-align-center","15":"first","16":"instock","17":"sale","18":"shipping-taxable","19":"product-type-external"},"uagb_featured_image_src":{"full":["https:\/\/promocaododia.com.br\/site\/wp-content\/uploads\/2022\/11\/Tenis-ASICS-GEL-Quantum-180-Feminino-Branco.jpg",600,600,false],"thumbnail":["https:\/\/promocaododia.com.br\/site\/wp-content\/uploads\/2022\/11\/Tenis-ASICS-GEL-Quantum-180-Feminino-Branco-150x150.jpg",150,150,true],"medium":["https:\/\/promocaododia.com.br\/site\/wp-content\/uploads\/2022\/11\/Tenis-ASICS-GEL-Quantum-180-Feminino-Branco-300x300.jpg",300,300,true],"medium_large":["https:\/\/promocaododia.com.br\/site\/wp-content\/uploads\/2022\/11\/Tenis-ASICS-GEL-Quantum-180-Feminino-Branco.jpg",600,600,false],"large":["https:\/\/promocaododia.com.br\/site\/wp-content\/uploads\/2022\/11\/Tenis-ASICS-GEL-Quantum-180-Feminino-Branco.jpg",600,600,false],"1536x1536":["https:\/\/promocaododia.com.br\/site\/wp-content\/uploads\/2022\/11\/Tenis-ASICS-GEL-Quantum-180-Feminino-Branco.jpg",600,600,false],"2048x2048":["https:\/\/promocaododia.com.br\/site\/wp-content\/uploads\/2022\/11\/Tenis-ASICS-GEL-Quantum-180-Feminino-Branco.jpg",600,600,false],"woocommerce_thumbnail":["https:\/\/promocaododia.com.br\/site\/wp-content\/uploads\/2022\/11\/Tenis-ASICS-GEL-Quantum-180-Feminino-Branco-250x250.jpg",250,250,true],"woocommerce_single":["https:\/\/promocaododia.com.br\/site\/wp-content\/uploads\/2022\/11\/Tenis-ASICS-GEL-Quantum-180-Feminino-Branco-250x250.jpg",250,250,true],"woocommerce_gallery_thumbnail":["https:\/\/promocaododia.com.br\/site\/wp-content\/uploads\/2022\/11\/Tenis-ASICS-GEL-Quantum-180-Feminino-Branco-100x100.jpg",100,100,true]},"uagb_author_info":{"display_name":"danilo.gbr","author_link":"https:\/\/promocaododia.com.br\/site\/author\/"},"uagb_comment_info":0,"uagb_excerpt":"Com seu molde de performance intacto, o GEL-QUANTUM 180TM 6 continua a evolu\u00e7\u00e3o da linha, com componentes t\u00e9cnicos e caracter\u00edsticas de design do acervo ASICS. Ele conta com constru\u00e7\u00e3o reformulada no cabedal, com diversas linhas angulares que d\u00e3o mais dimens\u00e3o ao look, al\u00e9m de ser formado por uma combina\u00e7\u00e3o de subcamadas de pain\u00e9is em mesh&hellip;","_links":{"self":[{"href":"https:\/\/promocaododia.com.br\/site\/wp-json\/wp\/v2\/product\/1068","targetHints":{"allow":["GET"]}}],"collection":[{"href":"https:\/\/promocaododia.com.br\/site\/wp-json\/wp\/v2\/product"}],"about":[{"href":"https:\/\/promocaododia.com.br\/site\/wp-json\/wp\/v2\/types\/product"}],"wp:featuredmedia":[{"embeddable":true,"href":"https:\/\/promocaododia.com.br\/site\/wp-json\/wp\/v2\/media\/1069"}],"wp:attachment":[{"href":"https:\/\/promocaododia.com.br\/site\/wp-json\/wp\/v2\/media?parent=1068"}],"wp:term":[{"taxonomy":"product_brand","embeddable":true,"href":"https:\/\/promocaododia.com.br\/site\/wp-json\/wp\/v2\/product_brand?post=1068"},{"taxonomy":"product_cat","embeddable":true,"href":"https:\/\/promocaododia.com.br\/site\/wp-json\/wp\/v2\/product_cat?post=1068"},{"taxonomy":"product_tag","embeddable":true,"href":"https:\/\/promocaododia.com.br\/site\/wp-json\/wp\/v2\/product_tag?post=1068"}],"curies":[{"name":"wp","href":"https:\/\/api.w.org\/{rel}","templated":true}]}}