{"id":1071,"date":"2022-11-13T11:10:08","date_gmt":"2022-11-13T14:10:08","guid":{"rendered":"https:\/\/promocaododia.com.br\/site\/?post_type=product&#038;p=1071"},"modified":"2022-11-13T11:10:08","modified_gmt":"2022-11-13T14:10:08","slug":"smart-tv-full-hd-led-43-aoc-43s5195-78g-wi-fi-3-hdmi-1-usb","status":"publish","type":"product","link":"https:\/\/promocaododia.com.br\/site\/produto\/smart-tv-full-hd-led-43-aoc-43s5195-78g-wi-fi-3-hdmi-1-usb\/","title":{"rendered":"Smart TV Full HD LED 43\u201d AOC 43S5195\/78G &#8211; Wi-Fi 3 HDMI 1 USB"},"content":{"rendered":"<p>A Smart TV chegou para ficar, devido a sua praticidade e aos in\u00fameros recursos incr\u00edveis que voc\u00ea consegue acessar, por isso, esse modelo conquistou o mundo. Afinal hoje al\u00e9m de ver seus programas favoritos, d\u00e1 para assistir s\u00e9ries e filmes, v\u00eddeos, ouvir m\u00fasicas, genial n\u00e9, e sem falar que d\u00e1 para navegar pela internet e muito mais. A Smart TV 43S5195\/78G da AOC de 43&#8243;, com painel VA, \u00e9 fabricada com tecnologia LED e resolu\u00e7\u00e3o Full HD, o que proporciona uma experi\u00eancia de qualidade no seu momento de assistir TV. O sistema operacional \u00e9 o Roku TV, com conectividade Wi-Fi e vem com as conex\u00f5es de 03 HDMI, 01 USB, 01 v\u00eddeo composto, 01 v\u00eddeo componente, 01 sa\u00edda fone de ouvido, 01 SPDIF e 01 RJ-45 e frequ\u00eancia de 60Hz. Agora que j\u00e1 sabe mais sobre esse excelente produto, n\u00e3o perca essa oportunidade e adquira qualidade e divers\u00e3o para o seu lar.<\/p>\n","protected":false},"excerpt":{"rendered":"<p>A Smart TV chegou para ficar, devido a sua praticidade e aos in\u00fameros recursos incr\u00edveis que voc\u00ea consegue acessar, por isso, esse modelo conquistou o mundo. Afinal hoje al\u00e9m de ver seus programas favoritos, d\u00e1 para assistir s\u00e9ries e filmes, v\u00eddeos, ouvir m\u00fasicas, genial n\u00e9, e sem falar que d\u00e1 para navegar pela internet e muito mais. A Smart TV 43S5195\/78G da AOC de 43&#8243;, com painel VA, \u00e9 fabricada com tecnologia LED e resolu\u00e7\u00e3o Full HD, o que proporciona uma experi\u00eancia de qualidade no seu momento de assistir TV. O sistema operacional \u00e9 o Roku TV, com conectividade Wi-Fi e vem com as conex\u00f5es de 03 HDMI, 01 USB, 01 v\u00eddeo composto, 01 v\u00eddeo componente, 01 sa\u00edda fone de ouvido, 01 SPDIF e 01 RJ-45 e frequ\u00eancia de 60Hz. Agora que j\u00e1 sabe mais sobre esse excelente produto, n\u00e3o perca essa oportunidade e adquira qualidade e divers\u00e3o para o seu lar.<\/p>\n","protected":false},"featured_media":1072,"template":"","meta":{"_uag_custom_page_level_css":"","site-sidebar-layout":"default","site-content-layout":"default","ast-site-content-layout":"default","site-content-style":"default","site-sidebar-style":"default","ast-global-header-display":"","ast-banner-title-visibility":"","ast-main-header-display":"","ast-hfb-above-header-display":"","ast-hfb-below-header-display":"","ast-hfb-mobile-header-display":"","site-post-title":"","ast-breadcrumbs-content":"","ast-featured-img":"","footer-sml-layout":"","theme-transparent-header-meta":"default","adv-header-id-meta":"","stick-header-meta":"","header-above-stick-meta":"","header-main-stick-meta":"","header-below-stick-meta":"","astra-migrate-meta-layouts":"default","ast-page-background-enabled":"default","ast-page-background-meta":{"desktop":{"background-color":"","background-image":"","background-repeat":"repeat","background-position":"center center","background-size":"auto","background-attachment":"scroll","background-type":"","background-media":"","overlay-type":"","overlay-color":"","overlay-opacity":"","overlay-gradient":""},"tablet":{"background-color":"","background-image":"","background-repeat":"repeat","background-position":"center center","background-size":"auto","background-attachment":"scroll","background-type":"","background-media":"","overlay-type":"","overlay-color":"","overlay-opacity":"","overlay-gradient":""},"mobile":{"background-color":"","background-image":"","background-repeat":"repeat","background-position":"center center","background-size":"auto","background-attachment":"scroll","background-type":"","background-media":"","overlay-type":"","overlay-color":"","overlay-opacity":"","overlay-gradient":""}},"ast-content-background-meta":{"desktop":{"background-color":"var(--ast-global-color-5)","background-image":"","background-repeat":"repeat","background-position":"center center","background-size":"auto","background-attachment":"scroll","background-type":"","background-media":"","overlay-type":"","overlay-color":"","overlay-opacity":"","overlay-gradient":""},"tablet":{"background-color":"var(--ast-global-color-5)","background-image":"","background-repeat":"repeat","background-position":"center center","background-size":"auto","background-attachment":"scroll","background-type":"","background-media":"","overlay-type":"","overlay-color":"","overlay-opacity":"","overlay-gradient":""},"mobile":{"background-color":"var(--ast-global-color-5)","background-image":"","background-repeat":"repeat","background-position":"center center","background-size":"auto","background-attachment":"scroll","background-type":"","background-media":"","overlay-type":"","overlay-color":"","overlay-opacity":"","overlay-gradient":""}}},"product_brand":[],"product_cat":[38,25,76],"product_tag":[516,125,517],"class_list":{"0":"post-1071","1":"product","2":"type-product","3":"status-publish","4":"has-post-thumbnail","6":"product_cat-eletronicos","7":"product_cat-smart-tv","8":"product_cat-tv-e-video","9":"product_tag-fullhd","10":"product_tag-smart-tv","11":"product_tag-tv-43","12":"desktop-align-center","13":"tablet-align-left","14":"mobile-align-center","16":"first","17":"instock","18":"sale","19":"shipping-taxable","20":"product-type-external"},"uagb_featured_image_src":{"full":["https:\/\/promocaododia.com.br\/site\/wp-content\/uploads\/2022\/11\/Smart-TV-Full-HD-LED-43-AOC-43S5195-78G-Wi-Fi-3-HDMI-1-USB.jpg",600,600,false],"thumbnail":["https:\/\/promocaododia.com.br\/site\/wp-content\/uploads\/2022\/11\/Smart-TV-Full-HD-LED-43-AOC-43S5195-78G-Wi-Fi-3-HDMI-1-USB-150x150.jpg",150,150,true],"medium":["https:\/\/promocaododia.com.br\/site\/wp-content\/uploads\/2022\/11\/Smart-TV-Full-HD-LED-43-AOC-43S5195-78G-Wi-Fi-3-HDMI-1-USB-300x300.jpg",300,300,true],"medium_large":["https:\/\/promocaododia.com.br\/site\/wp-content\/uploads\/2022\/11\/Smart-TV-Full-HD-LED-43-AOC-43S5195-78G-Wi-Fi-3-HDMI-1-USB.jpg",600,600,false],"large":["https:\/\/promocaododia.com.br\/site\/wp-content\/uploads\/2022\/11\/Smart-TV-Full-HD-LED-43-AOC-43S5195-78G-Wi-Fi-3-HDMI-1-USB.jpg",600,600,false],"1536x1536":["https:\/\/promocaododia.com.br\/site\/wp-content\/uploads\/2022\/11\/Smart-TV-Full-HD-LED-43-AOC-43S5195-78G-Wi-Fi-3-HDMI-1-USB.jpg",600,600,false],"2048x2048":["https:\/\/promocaododia.com.br\/site\/wp-content\/uploads\/2022\/11\/Smart-TV-Full-HD-LED-43-AOC-43S5195-78G-Wi-Fi-3-HDMI-1-USB.jpg",600,600,false],"woocommerce_thumbnail":["https:\/\/promocaododia.com.br\/site\/wp-content\/uploads\/2022\/11\/Smart-TV-Full-HD-LED-43-AOC-43S5195-78G-Wi-Fi-3-HDMI-1-USB-250x250.jpg",250,250,true],"woocommerce_single":["https:\/\/promocaododia.com.br\/site\/wp-content\/uploads\/2022\/11\/Smart-TV-Full-HD-LED-43-AOC-43S5195-78G-Wi-Fi-3-HDMI-1-USB-250x250.jpg",250,250,true],"woocommerce_gallery_thumbnail":["https:\/\/promocaododia.com.br\/site\/wp-content\/uploads\/2022\/11\/Smart-TV-Full-HD-LED-43-AOC-43S5195-78G-Wi-Fi-3-HDMI-1-USB-100x100.jpg",100,100,true]},"uagb_author_info":{"display_name":"danilo.gbr","author_link":"https:\/\/promocaododia.com.br\/site\/author\/"},"uagb_comment_info":0,"uagb_excerpt":"A Smart TV chegou para ficar, devido a sua praticidade e aos in\u00fameros recursos incr\u00edveis que voc\u00ea consegue acessar, por isso, esse modelo conquistou o mundo. Afinal hoje al\u00e9m de ver seus programas favoritos, d\u00e1 para assistir s\u00e9ries e filmes, v\u00eddeos, ouvir m\u00fasicas, genial n\u00e9, e sem falar que d\u00e1 para navegar pela internet e&hellip;","_links":{"self":[{"href":"https:\/\/promocaododia.com.br\/site\/wp-json\/wp\/v2\/product\/1071","targetHints":{"allow":["GET"]}}],"collection":[{"href":"https:\/\/promocaododia.com.br\/site\/wp-json\/wp\/v2\/product"}],"about":[{"href":"https:\/\/promocaododia.com.br\/site\/wp-json\/wp\/v2\/types\/product"}],"wp:featuredmedia":[{"embeddable":true,"href":"https:\/\/promocaododia.com.br\/site\/wp-json\/wp\/v2\/media\/1072"}],"wp:attachment":[{"href":"https:\/\/promocaododia.com.br\/site\/wp-json\/wp\/v2\/media?parent=1071"}],"wp:term":[{"taxonomy":"product_brand","embeddable":true,"href":"https:\/\/promocaododia.com.br\/site\/wp-json\/wp\/v2\/product_brand?post=1071"},{"taxonomy":"product_cat","embeddable":true,"href":"https:\/\/promocaododia.com.br\/site\/wp-json\/wp\/v2\/product_cat?post=1071"},{"taxonomy":"product_tag","embeddable":true,"href":"https:\/\/promocaododia.com.br\/site\/wp-json\/wp\/v2\/product_tag?post=1071"}],"curies":[{"name":"wp","href":"https:\/\/api.w.org\/{rel}","templated":true}]}}