{"id":1073,"date":"2022-11-13T11:43:42","date_gmt":"2022-11-13T14:43:42","guid":{"rendered":"https:\/\/promocaododia.com.br\/site\/?post_type=product&#038;p=1073"},"modified":"2022-11-13T12:16:17","modified_gmt":"2022-11-13T15:16:17","slug":"smartphone-samsung-galaxy-a53-128gb-azul-5g-8gb-ram-65-cam-quadrupla-selfie-32mp","status":"publish","type":"product","link":"https:\/\/promocaododia.com.br\/site\/produto\/smartphone-samsung-galaxy-a53-128gb-azul-5g-8gb-ram-65-cam-quadrupla-selfie-32mp\/","title":{"rendered":"Smartphone Samsung Galaxy A53 128GB Azul 5G &#8211; 8GB RAM 6,5\u201d C\u00e2m. Qu\u00e1drupla + Selfie 32MP"},"content":{"rendered":"<p>Tenha tudo o que precisa mesmo tempo com o smartphone Galaxy A53 da Samsung. Ele \u00e9 dual chip com tecnologia 5G e vem na cor azul. Conta com tela Super AMOLED de 6,5&#8243; que faz com que voc\u00ea tenha espa\u00e7o para ver e fazer mais. A eleg\u00e2ncia predomina com a c\u00e2mera que se integra de mofo flu\u00eddo, tornando o aparelho elegante e funcional, com maior capacidade de bateria dentro de uma estrutura fina. A c\u00e2mera selfie tem 32MP pra voc\u00ea sair muito bem nas fotos. Capture momentos memor\u00e1veis com detalhes claros com a c\u00e2mera qu\u00e1drupla sendo a principal de 64MP, expanda o \u00e2ngulo de visualiza\u00e7\u00e3o com a lente Ultra Wide, personalize o foco com a lente de Profundidade, ou aproxime os detalhes com a lente Macro. O produto combina a robustez do processamento Octa-core com 8GB de mem\u00f3ria RAM para desempenho r\u00e1pido e eficiente. Usufrua com a capacidade de 128GB da mem\u00f3ria interna para guardar seus v\u00eddeos, fotos e os aplicativos de sua prefer\u00eancia. Ainda conta com resist\u00eancia a \u00e1gua e poeira na certifica\u00e7\u00e3o IP67.<\/p>\n","protected":false},"excerpt":{"rendered":"<p>Tenha tudo o que precisa mesmo tempo com o smartphone Galaxy A53 da Samsung. Ele \u00e9 dual chip com tecnologia 5G e vem na cor azul. Conta com tela Super AMOLED de 6,5&#8243; que faz com que voc\u00ea tenha espa\u00e7o para ver e fazer mais. A eleg\u00e2ncia predomina com a c\u00e2mera que se integra de mofo flu\u00eddo, tornando o aparelho elegante e funcional, com maior capacidade de bateria dentro de uma estrutura fina. A c\u00e2mera selfie tem 32MP pra voc\u00ea sair muito bem nas fotos. Capture momentos memor\u00e1veis com detalhes claros com a c\u00e2mera qu\u00e1drupla sendo a principal de 64MP, expanda o \u00e2ngulo de visualiza\u00e7\u00e3o com a lente Ultra Wide, personalize o foco com a lente de Profundidade, ou aproxime os detalhes com a lente Macro. O produto combina a robustez do processamento Octa-core com 8GB de mem\u00f3ria RAM para desempenho r\u00e1pido e eficiente. Usufrua com a capacidade de 128GB da mem\u00f3ria interna para guardar seus v\u00eddeos, fotos e os aplicativos de sua prefer\u00eancia. Ainda conta com resist\u00eancia a \u00e1gua e poeira na certifica\u00e7\u00e3o IP67.<\/p>\n","protected":false},"featured_media":1077,"template":"","meta":{"_uag_custom_page_level_css":"","site-sidebar-layout":"default","site-content-layout":"default","ast-site-content-layout":"default","site-content-style":"default","site-sidebar-style":"default","ast-global-header-display":"","ast-banner-title-visibility":"","ast-main-header-display":"","ast-hfb-above-header-display":"","ast-hfb-below-header-display":"","ast-hfb-mobile-header-display":"","site-post-title":"","ast-breadcrumbs-content":"","ast-featured-img":"","footer-sml-layout":"","theme-transparent-header-meta":"default","adv-header-id-meta":"","stick-header-meta":"","header-above-stick-meta":"","header-main-stick-meta":"","header-below-stick-meta":"","astra-migrate-meta-layouts":"default","ast-page-background-enabled":"default","ast-page-background-meta":{"desktop":{"background-color":"","background-image":"","background-repeat":"repeat","background-position":"center center","background-size":"auto","background-attachment":"scroll","background-type":"","background-media":"","overlay-type":"","overlay-color":"","overlay-opacity":"","overlay-gradient":""},"tablet":{"background-color":"","background-image":"","background-repeat":"repeat","background-position":"center center","background-size":"auto","background-attachment":"scroll","background-type":"","background-media":"","overlay-type":"","overlay-color":"","overlay-opacity":"","overlay-gradient":""},"mobile":{"background-color":"","background-image":"","background-repeat":"repeat","background-position":"center center","background-size":"auto","background-attachment":"scroll","background-type":"","background-media":"","overlay-type":"","overlay-color":"","overlay-opacity":"","overlay-gradient":""}},"ast-content-background-meta":{"desktop":{"background-color":"var(--ast-global-color-5)","background-image":"","background-repeat":"repeat","background-position":"center center","background-size":"auto","background-attachment":"scroll","background-type":"","background-media":"","overlay-type":"","overlay-color":"","overlay-opacity":"","overlay-gradient":""},"tablet":{"background-color":"var(--ast-global-color-5)","background-image":"","background-repeat":"repeat","background-position":"center center","background-size":"auto","background-attachment":"scroll","background-type":"","background-media":"","overlay-type":"","overlay-color":"","overlay-opacity":"","overlay-gradient":""},"mobile":{"background-color":"var(--ast-global-color-5)","background-image":"","background-repeat":"repeat","background-position":"center center","background-size":"auto","background-attachment":"scroll","background-type":"","background-media":"","overlay-type":"","overlay-color":"","overlay-opacity":"","overlay-gradient":""}}},"product_brand":[],"product_cat":[23,35],"product_tag":[260,91,89,88],"class_list":{"0":"post-1073","1":"product","2":"type-product","3":"status-publish","4":"has-post-thumbnail","6":"product_cat-celulares-e-tablets","7":"product_cat-smartphone","8":"product_tag-128gb","9":"product_tag-celular","10":"product_tag-samsung","11":"product_tag-samsung-galaxy","12":"desktop-align-center","13":"tablet-align-left","14":"mobile-align-center","16":"first","17":"instock","18":"sale","19":"shipping-taxable","20":"product-type-external"},"uagb_featured_image_src":{"full":["https:\/\/promocaododia.com.br\/site\/wp-content\/uploads\/2022\/11\/Smartphone-Samsung-Galaxy-A53-128GB-Azul-5G-8GB-RAM-65-Cam.-Quadrupla-Selfie-32MP-1.jpg",600,600,false],"thumbnail":["https:\/\/promocaododia.com.br\/site\/wp-content\/uploads\/2022\/11\/Smartphone-Samsung-Galaxy-A53-128GB-Azul-5G-8GB-RAM-65-Cam.-Quadrupla-Selfie-32MP-1-150x150.jpg",150,150,true],"medium":["https:\/\/promocaododia.com.br\/site\/wp-content\/uploads\/2022\/11\/Smartphone-Samsung-Galaxy-A53-128GB-Azul-5G-8GB-RAM-65-Cam.-Quadrupla-Selfie-32MP-1-300x300.jpg",300,300,true],"medium_large":["https:\/\/promocaododia.com.br\/site\/wp-content\/uploads\/2022\/11\/Smartphone-Samsung-Galaxy-A53-128GB-Azul-5G-8GB-RAM-65-Cam.-Quadrupla-Selfie-32MP-1.jpg",600,600,false],"large":["https:\/\/promocaododia.com.br\/site\/wp-content\/uploads\/2022\/11\/Smartphone-Samsung-Galaxy-A53-128GB-Azul-5G-8GB-RAM-65-Cam.-Quadrupla-Selfie-32MP-1.jpg",600,600,false],"1536x1536":["https:\/\/promocaododia.com.br\/site\/wp-content\/uploads\/2022\/11\/Smartphone-Samsung-Galaxy-A53-128GB-Azul-5G-8GB-RAM-65-Cam.-Quadrupla-Selfie-32MP-1.jpg",600,600,false],"2048x2048":["https:\/\/promocaododia.com.br\/site\/wp-content\/uploads\/2022\/11\/Smartphone-Samsung-Galaxy-A53-128GB-Azul-5G-8GB-RAM-65-Cam.-Quadrupla-Selfie-32MP-1.jpg",600,600,false],"woocommerce_thumbnail":["https:\/\/promocaododia.com.br\/site\/wp-content\/uploads\/2022\/11\/Smartphone-Samsung-Galaxy-A53-128GB-Azul-5G-8GB-RAM-65-Cam.-Quadrupla-Selfie-32MP-1-250x250.jpg",250,250,true],"woocommerce_single":["https:\/\/promocaododia.com.br\/site\/wp-content\/uploads\/2022\/11\/Smartphone-Samsung-Galaxy-A53-128GB-Azul-5G-8GB-RAM-65-Cam.-Quadrupla-Selfie-32MP-1-250x250.jpg",250,250,true],"woocommerce_gallery_thumbnail":["https:\/\/promocaododia.com.br\/site\/wp-content\/uploads\/2022\/11\/Smartphone-Samsung-Galaxy-A53-128GB-Azul-5G-8GB-RAM-65-Cam.-Quadrupla-Selfie-32MP-1-100x100.jpg",100,100,true]},"uagb_author_info":{"display_name":"danilo.gbr","author_link":"https:\/\/promocaododia.com.br\/site\/author\/"},"uagb_comment_info":0,"uagb_excerpt":"Tenha tudo o que precisa mesmo tempo com o smartphone Galaxy A53 da Samsung. Ele \u00e9 dual chip com tecnologia 5G e vem na cor azul. Conta com tela Super AMOLED de 6,5&#8243; que faz com que voc\u00ea tenha espa\u00e7o para ver e fazer mais. A eleg\u00e2ncia predomina com a c\u00e2mera que se integra de&hellip;","_links":{"self":[{"href":"https:\/\/promocaododia.com.br\/site\/wp-json\/wp\/v2\/product\/1073","targetHints":{"allow":["GET"]}}],"collection":[{"href":"https:\/\/promocaododia.com.br\/site\/wp-json\/wp\/v2\/product"}],"about":[{"href":"https:\/\/promocaododia.com.br\/site\/wp-json\/wp\/v2\/types\/product"}],"wp:featuredmedia":[{"embeddable":true,"href":"https:\/\/promocaododia.com.br\/site\/wp-json\/wp\/v2\/media\/1077"}],"wp:attachment":[{"href":"https:\/\/promocaododia.com.br\/site\/wp-json\/wp\/v2\/media?parent=1073"}],"wp:term":[{"taxonomy":"product_brand","embeddable":true,"href":"https:\/\/promocaododia.com.br\/site\/wp-json\/wp\/v2\/product_brand?post=1073"},{"taxonomy":"product_cat","embeddable":true,"href":"https:\/\/promocaododia.com.br\/site\/wp-json\/wp\/v2\/product_cat?post=1073"},{"taxonomy":"product_tag","embeddable":true,"href":"https:\/\/promocaododia.com.br\/site\/wp-json\/wp\/v2\/product_tag?post=1073"}],"curies":[{"name":"wp","href":"https:\/\/api.w.org\/{rel}","templated":true}]}}