{"id":1075,"date":"2022-11-13T12:15:33","date_gmt":"2022-11-13T15:15:33","guid":{"rendered":"https:\/\/promocaododia.com.br\/site\/?post_type=product&#038;p=1075"},"modified":"2022-11-13T12:15:33","modified_gmt":"2022-11-13T15:15:33","slug":"kit-3-pares-sapatenis-masculino-casual-fechamento-elastico-e-ziper-star-fox","status":"publish","type":"product","link":"https:\/\/promocaododia.com.br\/site\/produto\/kit-3-pares-sapatenis-masculino-casual-fechamento-elastico-e-ziper-star-fox\/","title":{"rendered":"Kit 3 Pares Sapat\u00eanis Masculino Casual Fechamento Elastico e Ziper &#8211; STAR FOX"},"content":{"rendered":"<p>O sapat\u00eanis Star Fox foi desenvolvido para alinhar o conforto e praticidade. Seu ajuste em el\u00e1stico gera o encaixe perfeito aos p\u00e9s e seu fechamento com z\u00edper, facilita o cal\u00e7ar. O cabedal produzido em material vegano e seu forro em cacharrel espumado, que mantem a temperatura ideal para o uso di\u00e1rio. Desenvolvido para o homem moderno que acompanha as principais tend\u00eancias da moda. Com modelos e cores que combinam com as principais ocasi\u00f5es. Nas cores preto e caf\u00e9, com um visual mais s\u00e9rio, \u00e9 a pedida perfeita para alinhar conforto e estilo para o dia a dia no trabalho. Em suas varia\u00e7\u00f5es coloridas, vai compor o look despojado para curtir aquele happy hour com os amigos ou para aquela noite de balada. Este modelo \u00e9 perfeito para usar com a sua bermuda preferida ou combinar com uma cal\u00e7a jeans e uma camiseta b\u00e1sica. Nossos produtos s\u00e3o produzidos com a mais alta tecnologia, alinhando qualidade desde a sele\u00e7\u00e3o do materiais at\u00e9 o acabamento e testes de resist\u00eancia e conforto. A mat\u00e9ria prima utilizada passa por um processo de sele\u00e7\u00e3o onde s\u00e3o analisados todos os requisitos de resist\u00eancia, conforto e quest\u00f5es ambientais de sua produ\u00e7\u00e3o. Para conservar seu sapato o ideal \u00e9 que limpe com escova, \u00e1gua e sab\u00e3o neutro. A secagem deve ser realizada a sombra e nunca utilize produtos qu\u00edmicos. Antes de retirar os sapatos, afrouxe os cadar\u00e7os ou baixe o z\u00edper e nunca utilize os p\u00e9s para retir\u00e1-los. Material Cabedal: Sint\u00e9tiico Acabamento: Fosco Material: Textil Solado: TR Bicolor Palmilha: E.V.A Numera\u00e7\u00e3o: 37 &#8211; 44 Envio: IMEDIATO Tabela de tamanhos: 37 \u2013 25,6 cm 38 \u2013 25,9 cm 39 \u2013 26,8 cm 40 \u2013 27,1 cm 41 \u2013 28,0 cm 42 \u2013 28,4 cm 43 \u2013 29,3 cm 44 \u2013 29,9 cm<\/p>\n","protected":false},"excerpt":{"rendered":"<p>O sapat\u00eanis Star Fox foi desenvolvido para alinhar o conforto e praticidade. Seu ajuste em el\u00e1stico gera o encaixe perfeito aos p\u00e9s e seu fechamento com z\u00edper, facilita o cal\u00e7ar. O cabedal produzido em material vegano e seu forro em cacharrel espumado, que mantem a temperatura ideal para o uso di\u00e1rio. Desenvolvido para o homem moderno que acompanha as principais tend\u00eancias da moda. Com modelos e cores que combinam com as principais ocasi\u00f5es. Nas cores preto e caf\u00e9, com um visual mais s\u00e9rio, \u00e9 a pedida perfeita para alinhar conforto e estilo para o dia a dia no trabalho. Em suas varia\u00e7\u00f5es coloridas, vai compor o look despojado para curtir aquele happy hour com os amigos ou para aquela noite de balada. Este modelo \u00e9 perfeito para usar com a sua bermuda preferida ou combinar com uma cal\u00e7a jeans e uma camiseta b\u00e1sica. Nossos produtos s\u00e3o produzidos com a mais alta tecnologia, alinhando qualidade desde a sele\u00e7\u00e3o do materiais at\u00e9 o acabamento e testes de resist\u00eancia e conforto. A mat\u00e9ria prima utilizada passa por um processo de sele\u00e7\u00e3o onde s\u00e3o analisados todos os requisitos de resist\u00eancia, conforto e quest\u00f5es ambientais de sua produ\u00e7\u00e3o. Para conservar seu sapato o ideal \u00e9 que limpe com escova, \u00e1gua e sab\u00e3o neutro. A secagem deve ser realizada a sombra e nunca utilize produtos qu\u00edmicos. Antes de retirar os sapatos, afrouxe os cadar\u00e7os ou baixe o z\u00edper e nunca utilize os p\u00e9s para retir\u00e1-los. Material Cabedal: Sint\u00e9tiico Acabamento: Fosco Material: Textil Solado: TR Bicolor Palmilha: E.V.A Numera\u00e7\u00e3o: 37 &#8211; 44 Envio: IMEDIATO Tabela de tamanhos: 37 \u2013 25,6 cm 38 \u2013 25,9 cm 39 \u2013 26,8 cm 40 \u2013 27,1 cm 41 \u2013 28,0 cm 42 \u2013 28,4 cm 43 \u2013 29,3 cm 44 \u2013 29,9 cm<\/p>\n","protected":false},"featured_media":1076,"template":"","meta":{"_uag_custom_page_level_css":"","site-sidebar-layout":"default","site-content-layout":"default","ast-site-content-layout":"default","site-content-style":"default","site-sidebar-style":"default","ast-global-header-display":"","ast-banner-title-visibility":"","ast-main-header-display":"","ast-hfb-above-header-display":"","ast-hfb-below-header-display":"","ast-hfb-mobile-header-display":"","site-post-title":"","ast-breadcrumbs-content":"","ast-featured-img":"","footer-sml-layout":"","theme-transparent-header-meta":"default","adv-header-id-meta":"","stick-header-meta":"","header-above-stick-meta":"","header-main-stick-meta":"","header-below-stick-meta":"","astra-migrate-meta-layouts":"default","ast-page-background-enabled":"default","ast-page-background-meta":{"desktop":{"background-color":"","background-image":"","background-repeat":"repeat","background-position":"center center","background-size":"auto","background-attachment":"scroll","background-type":"","background-media":"","overlay-type":"","overlay-color":"","overlay-opacity":"","overlay-gradient":""},"tablet":{"background-color":"","background-image":"","background-repeat":"repeat","background-position":"center center","background-size":"auto","background-attachment":"scroll","background-type":"","background-media":"","overlay-type":"","overlay-color":"","overlay-opacity":"","overlay-gradient":""},"mobile":{"background-color":"","background-image":"","background-repeat":"repeat","background-position":"center center","background-size":"auto","background-attachment":"scroll","background-type":"","background-media":"","overlay-type":"","overlay-color":"","overlay-opacity":"","overlay-gradient":""}},"ast-content-background-meta":{"desktop":{"background-color":"var(--ast-global-color-5)","background-image":"","background-repeat":"repeat","background-position":"center center","background-size":"auto","background-attachment":"scroll","background-type":"","background-media":"","overlay-type":"","overlay-color":"","overlay-opacity":"","overlay-gradient":""},"tablet":{"background-color":"var(--ast-global-color-5)","background-image":"","background-repeat":"repeat","background-position":"center center","background-size":"auto","background-attachment":"scroll","background-type":"","background-media":"","overlay-type":"","overlay-color":"","overlay-opacity":"","overlay-gradient":""},"mobile":{"background-color":"var(--ast-global-color-5)","background-image":"","background-repeat":"repeat","background-position":"center center","background-size":"auto","background-attachment":"scroll","background-type":"","background-media":"","overlay-type":"","overlay-color":"","overlay-opacity":"","overlay-gradient":""}}},"product_brand":[],"product_cat":[77,31,30],"product_tag":[78,119,518],"class_list":{"0":"post-1075","1":"product","2":"type-product","3":"status-publish","4":"has-post-thumbnail","6":"product_cat-calcados","7":"product_cat-masculina","8":"product_cat-moda","9":"product_tag-calcado-masculino","10":"product_tag-kit","11":"product_tag-sapatenis","12":"desktop-align-center","13":"tablet-align-left","14":"mobile-align-center","16":"first","17":"instock","18":"sale","19":"shipping-taxable","20":"product-type-external"},"uagb_featured_image_src":{"full":["https:\/\/promocaododia.com.br\/site\/wp-content\/uploads\/2022\/11\/Kit-3-Pares-Sapatenis-Masculino-Casual-Fechamento-Elastico-e-Ziper-STAR-FOX.jpg",600,600,false],"thumbnail":["https:\/\/promocaododia.com.br\/site\/wp-content\/uploads\/2022\/11\/Kit-3-Pares-Sapatenis-Masculino-Casual-Fechamento-Elastico-e-Ziper-STAR-FOX-150x150.jpg",150,150,true],"medium":["https:\/\/promocaododia.com.br\/site\/wp-content\/uploads\/2022\/11\/Kit-3-Pares-Sapatenis-Masculino-Casual-Fechamento-Elastico-e-Ziper-STAR-FOX-300x300.jpg",300,300,true],"medium_large":["https:\/\/promocaododia.com.br\/site\/wp-content\/uploads\/2022\/11\/Kit-3-Pares-Sapatenis-Masculino-Casual-Fechamento-Elastico-e-Ziper-STAR-FOX.jpg",600,600,false],"large":["https:\/\/promocaododia.com.br\/site\/wp-content\/uploads\/2022\/11\/Kit-3-Pares-Sapatenis-Masculino-Casual-Fechamento-Elastico-e-Ziper-STAR-FOX.jpg",600,600,false],"1536x1536":["https:\/\/promocaododia.com.br\/site\/wp-content\/uploads\/2022\/11\/Kit-3-Pares-Sapatenis-Masculino-Casual-Fechamento-Elastico-e-Ziper-STAR-FOX.jpg",600,600,false],"2048x2048":["https:\/\/promocaododia.com.br\/site\/wp-content\/uploads\/2022\/11\/Kit-3-Pares-Sapatenis-Masculino-Casual-Fechamento-Elastico-e-Ziper-STAR-FOX.jpg",600,600,false],"woocommerce_thumbnail":["https:\/\/promocaododia.com.br\/site\/wp-content\/uploads\/2022\/11\/Kit-3-Pares-Sapatenis-Masculino-Casual-Fechamento-Elastico-e-Ziper-STAR-FOX-250x250.jpg",250,250,true],"woocommerce_single":["https:\/\/promocaododia.com.br\/site\/wp-content\/uploads\/2022\/11\/Kit-3-Pares-Sapatenis-Masculino-Casual-Fechamento-Elastico-e-Ziper-STAR-FOX-250x250.jpg",250,250,true],"woocommerce_gallery_thumbnail":["https:\/\/promocaododia.com.br\/site\/wp-content\/uploads\/2022\/11\/Kit-3-Pares-Sapatenis-Masculino-Casual-Fechamento-Elastico-e-Ziper-STAR-FOX-100x100.jpg",100,100,true]},"uagb_author_info":{"display_name":"danilo.gbr","author_link":"https:\/\/promocaododia.com.br\/site\/author\/"},"uagb_comment_info":0,"uagb_excerpt":"O sapat\u00eanis Star Fox foi desenvolvido para alinhar o conforto e praticidade. Seu ajuste em el\u00e1stico gera o encaixe perfeito aos p\u00e9s e seu fechamento com z\u00edper, facilita o cal\u00e7ar. O cabedal produzido em material vegano e seu forro em cacharrel espumado, que mantem a temperatura ideal para o uso di\u00e1rio. Desenvolvido para o homem&hellip;","_links":{"self":[{"href":"https:\/\/promocaododia.com.br\/site\/wp-json\/wp\/v2\/product\/1075","targetHints":{"allow":["GET"]}}],"collection":[{"href":"https:\/\/promocaododia.com.br\/site\/wp-json\/wp\/v2\/product"}],"about":[{"href":"https:\/\/promocaododia.com.br\/site\/wp-json\/wp\/v2\/types\/product"}],"wp:featuredmedia":[{"embeddable":true,"href":"https:\/\/promocaododia.com.br\/site\/wp-json\/wp\/v2\/media\/1076"}],"wp:attachment":[{"href":"https:\/\/promocaododia.com.br\/site\/wp-json\/wp\/v2\/media?parent=1075"}],"wp:term":[{"taxonomy":"product_brand","embeddable":true,"href":"https:\/\/promocaododia.com.br\/site\/wp-json\/wp\/v2\/product_brand?post=1075"},{"taxonomy":"product_cat","embeddable":true,"href":"https:\/\/promocaododia.com.br\/site\/wp-json\/wp\/v2\/product_cat?post=1075"},{"taxonomy":"product_tag","embeddable":true,"href":"https:\/\/promocaododia.com.br\/site\/wp-json\/wp\/v2\/product_tag?post=1075"}],"curies":[{"name":"wp","href":"https:\/\/api.w.org\/{rel}","templated":true}]}}