{"id":1081,"date":"2022-11-13T13:07:06","date_gmt":"2022-11-13T16:07:06","guid":{"rendered":"https:\/\/promocaododia.com.br\/site\/?post_type=product&#038;p=1081"},"modified":"2022-11-13T13:11:10","modified_gmt":"2022-11-13T16:11:10","slug":"smart-lampada-wi-fi-positivo-casa-inteligente-branca-quente-e-fria-colorido-rgb-led-9w-bivolt-compativel-com-alexa-2","status":"publish","type":"product","link":"https:\/\/promocaododia.com.br\/site\/produto\/smart-lampada-wi-fi-positivo-casa-inteligente-branca-quente-e-fria-colorido-rgb-led-9w-bivolt-compativel-com-alexa-2\/","title":{"rendered":"Smart L\u00e2mpada Wi-Fi Positivo Casa Inteligente, Branca Quente e Fria, Colorido RGB, LED 9W, Bivolt &#8211; Compat\u00edvel com Alexa"},"content":{"rendered":"<p><iframe title=\"Como instalar sua Smart L\u00e2mpada Wi-Fi\" width=\"500\" height=\"281\" src=\"https:\/\/www.youtube.com\/embed\/gHBgjvTr3PI?feature=oembed\" frameborder=\"0\" allow=\"accelerometer; autoplay; clipboard-write; encrypted-media; gyroscope; picture-in-picture; web-share\" referrerpolicy=\"strict-origin-when-cross-origin\" allowfullscreen><\/iframe><\/p>\n<p>&nbsp;<\/p>\n<p><strong>Descri\u00e7\u00e3o do produto:<\/strong><\/p>\n<ul class=\"a-unordered-list a-vertical a-spacing-mini\">\n<li><span class=\"a-list-item\">L\u00e2mpada Smart de F\u00e1cil instala\u00e7\u00e3o, basta colocar a sua Smart L\u00e2mpada Wi-Fi em um bocal padr\u00e3o, baixar o App Positivo Casa Inteligente, conectar ao Wi-Fi 2.4Ghz e come\u00e7ar a usar!<\/span><\/li>\n<li><span class=\"a-list-item\">L\u00e2mpada Inteligente compat\u00edvel com Alexa e Google Assistente voc\u00ea n\u00e3o precisa mais se levantar para acender\/apagar a luz. Utilize comandos de voz para controlar a luz mesmo com as m\u00e3os ocupadas.<\/span><\/li>\n<li><span class=\"a-list-item\">Voc\u00ea tamb\u00e9m pode controlar a luz da sua casa remotamente, de qualquer lugar e a qualquer momento pelo seu smartphone ou tablet, ou ainda, crie rotinas e programa\u00e7\u00f5es com o melhor hor\u00e1rio para acender\/apagar a luz com o timer program\u00e1vel.<\/span><\/li>\n<li><span class=\"a-list-item\">Ajuste e controle de temperatura de cor e intensidade + RGB, luz branca fria para se concentrar ou quente para relaxar e construa o clima ideal para voc\u00ea se sentir mais \u00e0 vontade.<\/span><\/li>\n<li><span class=\"a-list-item\">Transforme os ambientes sempre que quiser com as 16 milh\u00f5es de cores da combina\u00e7\u00e3o RGB da Smart L\u00e2mpada Wi-Fi Positivo Casa Inteligente.<\/span><\/li>\n<li><span class=\"a-list-item\">Bivolt com Pot\u00eancia de 9W, equivalente a 806 l\u00famens.<\/span><\/li>\n<li><span class=\"a-list-item\">Nosso time de suporte t\u00e9cnico estar\u00e1 sempre pronto para te atender. Garantia de 12 meses.<\/span><\/li>\n<\/ul>\n<div class=\"a-row a-expander-container a-expander-inline-container\">\n<div class=\"a-expander-content a-expander-extend-content a-expander-content-expanded\" aria-expanded=\"true\">\n<ul class=\"a-unordered-list a-vertical a-spacing-none\">\n<li><span class=\"a-list-item\">Para qualquer problema da conex\u00e3o 1. Desligue o interruptor e instale a Smart L\u00e2mpada Wi-Fi no bocal; 2. Ligue o interruptor e voc\u00ea ver\u00e1 a Smart L\u00e2mpada Spot Wi-Fi piscando uma uz branca, um padr\u00e3o de duas vezes por segundo. Caso isto n\u00e3o aconte\u00e7a, voc\u00ea precisa restaurar as configura\u00e7\u00e3o de f\u00e1brica. Para isso desligue e ligue a l\u00e2mpada 3 vezes consecutivas. 3. No menu Minha p\u00e1gina do app, toque em no s\u00edmbolo de &#8220;+&#8221; localizado na parte superior direita da tela, acesse Ilumina\u00e7\u00e3o &gt; Smart L\u00e2mpada Spot Wi-Fi e siga os passos para inserir a rede Wi-Fi, a qual deseja conectar, e finalize a conex\u00e3o.<\/span><\/li>\n<li><span class=\"a-list-item\">Outro teste \u00e9 tentar conectar em um hotspot: 1. Para fazer esse teste crie uma rede, ou seja, um ponto de acesso Wi-Fi atrav\u00e9s de um aparelho celular. Se poss\u00edvel, essa rede deve ser criada com o mesmo nome da sua rede Wi-Fi e com a mesma senha. Certifique-se de que a rede criada \u00e9 de 2.4 GHz. 2. Em seguida desligue seu modem, ou seja, sua rede Wi-Fi, de outro aparelho celular, acesse o aplicativo Positivo Casa Inteligente, e adicione o seu dispositivo no aplicativo conectando a essa rede que voc\u00ea criou no outro celular.<\/span><\/li>\n<\/ul>\n<\/div>\n<\/div>\n","protected":false},"excerpt":{"rendered":"<p>&nbsp; Descri\u00e7\u00e3o do produto: L\u00e2mpada Smart de F\u00e1cil instala\u00e7\u00e3o, basta colocar a sua Smart L\u00e2mpada Wi-Fi em um bocal padr\u00e3o, baixar o App Positivo Casa Inteligente, conectar ao Wi-Fi 2.4Ghz e come\u00e7ar a usar! L\u00e2mpada Inteligente compat\u00edvel com Alexa e Google Assistente voc\u00ea n\u00e3o precisa mais se levantar para acender\/apagar a luz. Utilize comandos de voz para controlar a luz mesmo com as m\u00e3os ocupadas. Voc\u00ea tamb\u00e9m pode controlar a luz da sua casa remotamente, de qualquer lugar e a qualquer momento pelo seu smartphone ou tablet, ou ainda, crie rotinas e programa\u00e7\u00f5es com o melhor hor\u00e1rio para acender\/apagar a luz com o timer program\u00e1vel. Ajuste e controle de temperatura de cor e intensidade + RGB, luz branca fria para se concentrar ou quente para relaxar e construa o clima ideal para voc\u00ea se sentir mais \u00e0 vontade. Transforme os ambientes sempre que quiser com as 16 milh\u00f5es de cores da combina\u00e7\u00e3o RGB da Smart L\u00e2mpada Wi-Fi Positivo Casa Inteligente. Bivolt com Pot\u00eancia de 9W, equivalente a 806 l\u00famens. Nosso time de suporte t\u00e9cnico estar\u00e1 sempre pronto para te atender. Garantia de 12 meses. Para qualquer problema da conex\u00e3o 1. Desligue o interruptor e instale a Smart L\u00e2mpada Wi-Fi no bocal; 2. Ligue o interruptor e voc\u00ea ver\u00e1 a Smart L\u00e2mpada Spot Wi-Fi piscando uma uz branca, um padr\u00e3o de duas vezes por segundo. Caso isto n\u00e3o aconte\u00e7a, voc\u00ea precisa restaurar as configura\u00e7\u00e3o de f\u00e1brica. Para isso desligue e ligue a l\u00e2mpada 3 vezes consecutivas. 3. No menu Minha p\u00e1gina do app, toque em no s\u00edmbolo de &#8220;+&#8221; localizado na parte superior direita da tela, acesse Ilumina\u00e7\u00e3o &gt; Smart L\u00e2mpada Spot Wi-Fi e siga os passos para inserir a rede Wi-Fi, a qual deseja conectar, e finalize a conex\u00e3o. Outro teste \u00e9 tentar conectar em um hotspot: 1. Para fazer esse teste crie uma rede, ou seja, um ponto de acesso Wi-Fi atrav\u00e9s de um aparelho celular. Se poss\u00edvel, essa rede deve ser criada com o mesmo nome da sua rede Wi-Fi e com a mesma senha. Certifique-se de que a rede criada \u00e9 de 2.4 GHz. 2. Em seguida desligue seu modem, ou seja, sua rede Wi-Fi, de outro aparelho celular, acesse o aplicativo Positivo Casa Inteligente, e adicione o seu dispositivo no aplicativo conectando a essa rede que voc\u00ea criou no outro celular.<\/p>\n","protected":false},"featured_media":1082,"template":"","meta":{"_uag_custom_page_level_css":"","site-sidebar-layout":"default","site-content-layout":"default","ast-site-content-layout":"default","site-content-style":"default","site-sidebar-style":"default","ast-global-header-display":"","ast-banner-title-visibility":"","ast-main-header-display":"","ast-hfb-above-header-display":"","ast-hfb-below-header-display":"","ast-hfb-mobile-header-display":"","site-post-title":"","ast-breadcrumbs-content":"","ast-featured-img":"","footer-sml-layout":"","theme-transparent-header-meta":"default","adv-header-id-meta":"","stick-header-meta":"","header-above-stick-meta":"","header-main-stick-meta":"","header-below-stick-meta":"","astra-migrate-meta-layouts":"default","ast-page-background-enabled":"default","ast-page-background-meta":{"desktop":{"background-color":"","background-image":"","background-repeat":"repeat","background-position":"center center","background-size":"auto","background-attachment":"scroll","background-type":"","background-media":"","overlay-type":"","overlay-color":"","overlay-opacity":"","overlay-gradient":""},"tablet":{"background-color":"","background-image":"","background-repeat":"repeat","background-position":"center center","background-size":"auto","background-attachment":"scroll","background-type":"","background-media":"","overlay-type":"","overlay-color":"","overlay-opacity":"","overlay-gradient":""},"mobile":{"background-color":"","background-image":"","background-repeat":"repeat","background-position":"center center","background-size":"auto","background-attachment":"scroll","background-type":"","background-media":"","overlay-type":"","overlay-color":"","overlay-opacity":"","overlay-gradient":""}},"ast-content-background-meta":{"desktop":{"background-color":"var(--ast-global-color-5)","background-image":"","background-repeat":"repeat","background-position":"center center","background-size":"auto","background-attachment":"scroll","background-type":"","background-media":"","overlay-type":"","overlay-color":"","overlay-opacity":"","overlay-gradient":""},"tablet":{"background-color":"var(--ast-global-color-5)","background-image":"","background-repeat":"repeat","background-position":"center center","background-size":"auto","background-attachment":"scroll","background-type":"","background-media":"","overlay-type":"","overlay-color":"","overlay-opacity":"","overlay-gradient":""},"mobile":{"background-color":"var(--ast-global-color-5)","background-image":"","background-repeat":"repeat","background-position":"center center","background-size":"auto","background-attachment":"scroll","background-type":"","background-media":"","overlay-type":"","overlay-color":"","overlay-opacity":"","overlay-gradient":""}}},"product_brand":[],"product_cat":[26,27],"product_tag":[131,175,224,226,225,223,193],"class_list":{"0":"post-1081","1":"product","2":"type-product","3":"status-publish","4":"has-post-thumbnail","6":"product_cat-casa-inteligente","7":"product_cat-iluminacao","8":"product_tag-alexa","9":"product_tag-casa-inteligente","10":"product_tag-lampada","11":"product_tag-led","12":"product_tag-positivo","13":"product_tag-smart","14":"product_tag-wi-fi","15":"desktop-align-center","16":"tablet-align-left","17":"mobile-align-center","19":"first","20":"instock","21":"sale","22":"shipping-taxable","23":"product-type-external"},"uagb_featured_image_src":{"full":["https:\/\/promocaododia.com.br\/site\/wp-content\/uploads\/2022\/11\/Lampada-Inteligente-Rgb-Wifi-Led-Smart-Google-Alexa-Colorida.jpg",600,600,false],"thumbnail":["https:\/\/promocaododia.com.br\/site\/wp-content\/uploads\/2022\/11\/Lampada-Inteligente-Rgb-Wifi-Led-Smart-Google-Alexa-Colorida-150x150.jpg",150,150,true],"medium":["https:\/\/promocaododia.com.br\/site\/wp-content\/uploads\/2022\/11\/Lampada-Inteligente-Rgb-Wifi-Led-Smart-Google-Alexa-Colorida-300x300.jpg",300,300,true],"medium_large":["https:\/\/promocaododia.com.br\/site\/wp-content\/uploads\/2022\/11\/Lampada-Inteligente-Rgb-Wifi-Led-Smart-Google-Alexa-Colorida.jpg",600,600,false],"large":["https:\/\/promocaododia.com.br\/site\/wp-content\/uploads\/2022\/11\/Lampada-Inteligente-Rgb-Wifi-Led-Smart-Google-Alexa-Colorida.jpg",600,600,false],"1536x1536":["https:\/\/promocaododia.com.br\/site\/wp-content\/uploads\/2022\/11\/Lampada-Inteligente-Rgb-Wifi-Led-Smart-Google-Alexa-Colorida.jpg",600,600,false],"2048x2048":["https:\/\/promocaododia.com.br\/site\/wp-content\/uploads\/2022\/11\/Lampada-Inteligente-Rgb-Wifi-Led-Smart-Google-Alexa-Colorida.jpg",600,600,false],"woocommerce_thumbnail":["https:\/\/promocaododia.com.br\/site\/wp-content\/uploads\/2022\/11\/Lampada-Inteligente-Rgb-Wifi-Led-Smart-Google-Alexa-Colorida-250x250.jpg",250,250,true],"woocommerce_single":["https:\/\/promocaododia.com.br\/site\/wp-content\/uploads\/2022\/11\/Lampada-Inteligente-Rgb-Wifi-Led-Smart-Google-Alexa-Colorida-250x250.jpg",250,250,true],"woocommerce_gallery_thumbnail":["https:\/\/promocaododia.com.br\/site\/wp-content\/uploads\/2022\/11\/Lampada-Inteligente-Rgb-Wifi-Led-Smart-Google-Alexa-Colorida-100x100.jpg",100,100,true]},"uagb_author_info":{"display_name":"danilo.gbr","author_link":"https:\/\/promocaododia.com.br\/site\/author\/"},"uagb_comment_info":0,"uagb_excerpt":"&nbsp; Descri\u00e7\u00e3o do produto: L\u00e2mpada Smart de F\u00e1cil instala\u00e7\u00e3o, basta colocar a sua Smart L\u00e2mpada Wi-Fi em um bocal padr\u00e3o, baixar o App Positivo Casa Inteligente, conectar ao Wi-Fi 2.4Ghz e come\u00e7ar a usar! L\u00e2mpada Inteligente compat\u00edvel com Alexa e Google Assistente voc\u00ea n\u00e3o precisa mais se levantar para acender\/apagar a luz. Utilize comandos de&hellip;","_links":{"self":[{"href":"https:\/\/promocaododia.com.br\/site\/wp-json\/wp\/v2\/product\/1081","targetHints":{"allow":["GET"]}}],"collection":[{"href":"https:\/\/promocaododia.com.br\/site\/wp-json\/wp\/v2\/product"}],"about":[{"href":"https:\/\/promocaododia.com.br\/site\/wp-json\/wp\/v2\/types\/product"}],"wp:featuredmedia":[{"embeddable":true,"href":"https:\/\/promocaododia.com.br\/site\/wp-json\/wp\/v2\/media\/1082"}],"wp:attachment":[{"href":"https:\/\/promocaododia.com.br\/site\/wp-json\/wp\/v2\/media?parent=1081"}],"wp:term":[{"taxonomy":"product_brand","embeddable":true,"href":"https:\/\/promocaododia.com.br\/site\/wp-json\/wp\/v2\/product_brand?post=1081"},{"taxonomy":"product_cat","embeddable":true,"href":"https:\/\/promocaododia.com.br\/site\/wp-json\/wp\/v2\/product_cat?post=1081"},{"taxonomy":"product_tag","embeddable":true,"href":"https:\/\/promocaododia.com.br\/site\/wp-json\/wp\/v2\/product_tag?post=1081"}],"curies":[{"name":"wp","href":"https:\/\/api.w.org\/{rel}","templated":true}]}}