{"id":1084,"date":"2022-11-13T13:21:45","date_gmt":"2022-11-13T16:21:45","guid":{"rendered":"https:\/\/promocaododia.com.br\/site\/?post_type=product&#038;p=1084"},"modified":"2022-11-13T13:21:45","modified_gmt":"2022-11-13T16:21:45","slug":"ventilador-de-mesa-mondial-110v-30cm-6-pas-super-power-vsp-30-b","status":"publish","type":"product","link":"https:\/\/promocaododia.com.br\/site\/produto\/ventilador-de-mesa-mondial-110v-30cm-6-pas-super-power-vsp-30-b\/","title":{"rendered":"Ventilador de Mesa Mondial, 110V, 30cm, 6 p\u00e1s, Super Power &#8211; VSP-30-B"},"content":{"rendered":"<ul class=\"a-unordered-list a-vertical a-spacing-mini\">\n<li><span class=\"a-list-item\">MAIS VENTO &#8211; A h\u00e9lice possui melhor design aerodin\u00e2mico, permitindo a maior vaz\u00e3o do ar, o que proporciona um vento forte, tornando o ambiente fresco e arejado.<\/span><\/li>\n<li><span class=\"a-list-item\">SILENCIOSO &#8211; Menos barulho, proporcionando bem-estar para toda fam\u00edlia, mant\u00e9m o ambiente confort\u00e1vel, arejado e sempre ventilado.<\/span><\/li>\n<li><span class=\"a-list-item\">CONTROLE DE VELOCIDADE &#8211; As 3 velocidades permitem adequar o n\u00edvel de ventila\u00e7\u00e3o a sua necessidade. As velocidades: m\u00e1xima turbo, m\u00e9dia conforto, m\u00ednima silencioso, s\u00e3o ideais para dormir com o vento moderado e com sil\u00eancio garantido, proporcionando uma noite de sono tranquila.<\/span><\/li>\n<li><span class=\"a-list-item\">SISTEMA OSCILANTE &#8211; Permite ampliar a distribui\u00e7\u00e3o de ar pelo ambiente, deixando-o mais agrad\u00e1vel e ventilado.<\/span><\/li>\n<li><span class=\"a-list-item\">INCLINA\u00c7\u00c3O VERTICAL REGUL\u00c1VEL &#8211; Direciona o fluxo do ar: Ajuste f\u00e1cil e seguro para distribuir melhor o ar e deixar o ambiente mais agrad\u00e1vel<\/span><\/li>\n<\/ul>\n","protected":false},"excerpt":{"rendered":"<p>MAIS VENTO &#8211; A h\u00e9lice possui melhor design aerodin\u00e2mico, permitindo a maior vaz\u00e3o do ar, o que proporciona um vento forte, tornando o ambiente fresco e arejado. SILENCIOSO &#8211; Menos barulho, proporcionando bem-estar para toda fam\u00edlia, mant\u00e9m o ambiente confort\u00e1vel, arejado e sempre ventilado. CONTROLE DE VELOCIDADE &#8211; As 3 velocidades permitem adequar o n\u00edvel de ventila\u00e7\u00e3o a sua necessidade. As velocidades: m\u00e1xima turbo, m\u00e9dia conforto, m\u00ednima silencioso, s\u00e3o ideais para dormir com o vento moderado e com sil\u00eancio garantido, proporcionando uma noite de sono tranquila. SISTEMA OSCILANTE &#8211; Permite ampliar a distribui\u00e7\u00e3o de ar pelo ambiente, deixando-o mais agrad\u00e1vel e ventilado. INCLINA\u00c7\u00c3O VERTICAL REGUL\u00c1VEL &#8211; Direciona o fluxo do ar: Ajuste f\u00e1cil e seguro para distribuir melhor o ar e deixar o ambiente mais agrad\u00e1vel<\/p>\n","protected":false},"featured_media":1085,"template":"","meta":{"_uag_custom_page_level_css":"","site-sidebar-layout":"default","site-content-layout":"default","ast-site-content-layout":"default","site-content-style":"default","site-sidebar-style":"default","ast-global-header-display":"","ast-banner-title-visibility":"","ast-main-header-display":"","ast-hfb-above-header-display":"","ast-hfb-below-header-display":"","ast-hfb-mobile-header-display":"","site-post-title":"","ast-breadcrumbs-content":"","ast-featured-img":"","footer-sml-layout":"","theme-transparent-header-meta":"default","adv-header-id-meta":"","stick-header-meta":"","header-above-stick-meta":"","header-main-stick-meta":"","header-below-stick-meta":"","astra-migrate-meta-layouts":"default","ast-page-background-enabled":"default","ast-page-background-meta":{"desktop":{"background-color":"","background-image":"","background-repeat":"repeat","background-position":"center center","background-size":"auto","background-attachment":"scroll","background-type":"","background-media":"","overlay-type":"","overlay-color":"","overlay-opacity":"","overlay-gradient":""},"tablet":{"background-color":"","background-image":"","background-repeat":"repeat","background-position":"center center","background-size":"auto","background-attachment":"scroll","background-type":"","background-media":"","overlay-type":"","overlay-color":"","overlay-opacity":"","overlay-gradient":""},"mobile":{"background-color":"","background-image":"","background-repeat":"repeat","background-position":"center center","background-size":"auto","background-attachment":"scroll","background-type":"","background-media":"","overlay-type":"","overlay-color":"","overlay-opacity":"","overlay-gradient":""}},"ast-content-background-meta":{"desktop":{"background-color":"var(--ast-global-color-5)","background-image":"","background-repeat":"repeat","background-position":"center center","background-size":"auto","background-attachment":"scroll","background-type":"","background-media":"","overlay-type":"","overlay-color":"","overlay-opacity":"","overlay-gradient":""},"tablet":{"background-color":"var(--ast-global-color-5)","background-image":"","background-repeat":"repeat","background-position":"center center","background-size":"auto","background-attachment":"scroll","background-type":"","background-media":"","overlay-type":"","overlay-color":"","overlay-opacity":"","overlay-gradient":""},"mobile":{"background-color":"var(--ast-global-color-5)","background-image":"","background-repeat":"repeat","background-position":"center center","background-size":"auto","background-attachment":"scroll","background-type":"","background-media":"","overlay-type":"","overlay-color":"","overlay-opacity":"","overlay-gradient":""}}},"product_brand":[],"product_cat":[292],"product_tag":[519],"class_list":{"0":"post-1084","1":"product","2":"type-product","3":"status-publish","4":"has-post-thumbnail","6":"product_cat-ar-e-ventilacao","7":"product_tag-ventilador","8":"desktop-align-center","9":"tablet-align-left","10":"mobile-align-center","12":"first","13":"instock","14":"sale","15":"shipping-taxable","16":"product-type-external"},"uagb_featured_image_src":{"full":["https:\/\/promocaododia.com.br\/site\/wp-content\/uploads\/2022\/11\/Ventilador-de-Mesa-Mondial-110V-30cm-6-pas-Super-Power-VSP-30-B.jpg",600,600,false],"thumbnail":["https:\/\/promocaododia.com.br\/site\/wp-content\/uploads\/2022\/11\/Ventilador-de-Mesa-Mondial-110V-30cm-6-pas-Super-Power-VSP-30-B-150x150.jpg",150,150,true],"medium":["https:\/\/promocaododia.com.br\/site\/wp-content\/uploads\/2022\/11\/Ventilador-de-Mesa-Mondial-110V-30cm-6-pas-Super-Power-VSP-30-B-300x300.jpg",300,300,true],"medium_large":["https:\/\/promocaododia.com.br\/site\/wp-content\/uploads\/2022\/11\/Ventilador-de-Mesa-Mondial-110V-30cm-6-pas-Super-Power-VSP-30-B.jpg",600,600,false],"large":["https:\/\/promocaododia.com.br\/site\/wp-content\/uploads\/2022\/11\/Ventilador-de-Mesa-Mondial-110V-30cm-6-pas-Super-Power-VSP-30-B.jpg",600,600,false],"1536x1536":["https:\/\/promocaododia.com.br\/site\/wp-content\/uploads\/2022\/11\/Ventilador-de-Mesa-Mondial-110V-30cm-6-pas-Super-Power-VSP-30-B.jpg",600,600,false],"2048x2048":["https:\/\/promocaododia.com.br\/site\/wp-content\/uploads\/2022\/11\/Ventilador-de-Mesa-Mondial-110V-30cm-6-pas-Super-Power-VSP-30-B.jpg",600,600,false],"woocommerce_thumbnail":["https:\/\/promocaododia.com.br\/site\/wp-content\/uploads\/2022\/11\/Ventilador-de-Mesa-Mondial-110V-30cm-6-pas-Super-Power-VSP-30-B-250x250.jpg",250,250,true],"woocommerce_single":["https:\/\/promocaododia.com.br\/site\/wp-content\/uploads\/2022\/11\/Ventilador-de-Mesa-Mondial-110V-30cm-6-pas-Super-Power-VSP-30-B-250x250.jpg",250,250,true],"woocommerce_gallery_thumbnail":["https:\/\/promocaododia.com.br\/site\/wp-content\/uploads\/2022\/11\/Ventilador-de-Mesa-Mondial-110V-30cm-6-pas-Super-Power-VSP-30-B-100x100.jpg",100,100,true]},"uagb_author_info":{"display_name":"danilo.gbr","author_link":"https:\/\/promocaododia.com.br\/site\/author\/"},"uagb_comment_info":0,"uagb_excerpt":"MAIS VENTO &#8211; A h\u00e9lice possui melhor design aerodin\u00e2mico, permitindo a maior vaz\u00e3o do ar, o que proporciona um vento forte, tornando o ambiente fresco e arejado. SILENCIOSO &#8211; Menos barulho, proporcionando bem-estar para toda fam\u00edlia, mant\u00e9m o ambiente confort\u00e1vel, arejado e sempre ventilado. CONTROLE DE VELOCIDADE &#8211; As 3 velocidades permitem adequar o n\u00edvel&hellip;","_links":{"self":[{"href":"https:\/\/promocaododia.com.br\/site\/wp-json\/wp\/v2\/product\/1084","targetHints":{"allow":["GET"]}}],"collection":[{"href":"https:\/\/promocaododia.com.br\/site\/wp-json\/wp\/v2\/product"}],"about":[{"href":"https:\/\/promocaododia.com.br\/site\/wp-json\/wp\/v2\/types\/product"}],"wp:featuredmedia":[{"embeddable":true,"href":"https:\/\/promocaododia.com.br\/site\/wp-json\/wp\/v2\/media\/1085"}],"wp:attachment":[{"href":"https:\/\/promocaododia.com.br\/site\/wp-json\/wp\/v2\/media?parent=1084"}],"wp:term":[{"taxonomy":"product_brand","embeddable":true,"href":"https:\/\/promocaododia.com.br\/site\/wp-json\/wp\/v2\/product_brand?post=1084"},{"taxonomy":"product_cat","embeddable":true,"href":"https:\/\/promocaododia.com.br\/site\/wp-json\/wp\/v2\/product_cat?post=1084"},{"taxonomy":"product_tag","embeddable":true,"href":"https:\/\/promocaododia.com.br\/site\/wp-json\/wp\/v2\/product_tag?post=1084"}],"curies":[{"name":"wp","href":"https:\/\/api.w.org\/{rel}","templated":true}]}}