{"id":1089,"date":"2022-11-13T15:22:38","date_gmt":"2022-11-13T18:22:38","guid":{"rendered":"https:\/\/promocaododia.com.br\/site\/?post_type=product&#038;p=1089"},"modified":"2022-11-13T15:23:02","modified_gmt":"2022-11-13T18:23:02","slug":"fritadeira-air-fryer-sem-oleo-britania-bella-cuccina-bcfr02p-3l-1300w-127v-antiaderente-preto-63801082","status":"publish","type":"product","link":"https:\/\/promocaododia.com.br\/site\/produto\/fritadeira-air-fryer-sem-oleo-britania-bella-cuccina-bcfr02p-3l-1300w-127v-antiaderente-preto-63801082\/","title":{"rendered":"Fritadeira Air Fryer Sem \u00d3leo Brit\u00e2nia Bella Cuccina BCFR02P 3L, 1300W, 127V, Antiaderente, Preto &#8211; 63801082"},"content":{"rendered":"<p>Fritadeira Air Fryer Sem \u00d3leo Brit\u00e2nia Bella Cuccina BCFR02P, 1300W, 127V Capacidade do cesto 3,5 L. Capacidade total da cuba 4,0 litros. Alimentos crocantes e fresquinhos Maior efici\u00eancia para preparar seus alimentos! Ele conta com circula\u00e7\u00e3o de ar quente em 360\u00b0, proporciona mais agilidade no preparo. Mais saud\u00e1vel: deliciosas receitas com pouco ou nenhum \u00f3leo. Croc\u00e2ncia incr\u00edvel por fora e sucul\u00eancia por dentro. N\u00e3o gruda e \u00e9 mais f\u00e1cil de limpar. Com desligamento autom\u00e1tico.<\/p>\n","protected":false},"excerpt":{"rendered":"<p>Fritadeira Air Fryer Sem \u00d3leo Brit\u00e2nia Bella Cuccina BCFR02P, 1300W, 127V Capacidade do cesto 3,5 L. Capacidade total da cuba 4,0 litros. Alimentos crocantes e fresquinhos Maior efici\u00eancia para preparar seus alimentos! Ele conta com circula\u00e7\u00e3o de ar quente em 360\u00b0, proporciona mais agilidade no preparo. Mais saud\u00e1vel: deliciosas receitas com pouco ou nenhum \u00f3leo. Croc\u00e2ncia incr\u00edvel por fora e sucul\u00eancia por dentro. N\u00e3o gruda e \u00e9 mais f\u00e1cil de limpar. Com desligamento autom\u00e1tico.<\/p>\n","protected":false},"featured_media":1090,"template":"","meta":{"_uag_custom_page_level_css":"","site-sidebar-layout":"default","site-content-layout":"default","ast-site-content-layout":"default","site-content-style":"default","site-sidebar-style":"default","ast-global-header-display":"","ast-banner-title-visibility":"","ast-main-header-display":"","ast-hfb-above-header-display":"","ast-hfb-below-header-display":"","ast-hfb-mobile-header-display":"","site-post-title":"","ast-breadcrumbs-content":"","ast-featured-img":"","footer-sml-layout":"","theme-transparent-header-meta":"default","adv-header-id-meta":"","stick-header-meta":"","header-above-stick-meta":"","header-main-stick-meta":"","header-below-stick-meta":"","astra-migrate-meta-layouts":"default","ast-page-background-enabled":"default","ast-page-background-meta":{"desktop":{"background-color":"","background-image":"","background-repeat":"repeat","background-position":"center center","background-size":"auto","background-attachment":"scroll","background-type":"","background-media":"","overlay-type":"","overlay-color":"","overlay-opacity":"","overlay-gradient":""},"tablet":{"background-color":"","background-image":"","background-repeat":"repeat","background-position":"center center","background-size":"auto","background-attachment":"scroll","background-type":"","background-media":"","overlay-type":"","overlay-color":"","overlay-opacity":"","overlay-gradient":""},"mobile":{"background-color":"","background-image":"","background-repeat":"repeat","background-position":"center center","background-size":"auto","background-attachment":"scroll","background-type":"","background-media":"","overlay-type":"","overlay-color":"","overlay-opacity":"","overlay-gradient":""}},"ast-content-background-meta":{"desktop":{"background-color":"var(--ast-global-color-5)","background-image":"","background-repeat":"repeat","background-position":"center center","background-size":"auto","background-attachment":"scroll","background-type":"","background-media":"","overlay-type":"","overlay-color":"","overlay-opacity":"","overlay-gradient":""},"tablet":{"background-color":"var(--ast-global-color-5)","background-image":"","background-repeat":"repeat","background-position":"center center","background-size":"auto","background-attachment":"scroll","background-type":"","background-media":"","overlay-type":"","overlay-color":"","overlay-opacity":"","overlay-gradient":""},"mobile":{"background-color":"var(--ast-global-color-5)","background-image":"","background-repeat":"repeat","background-position":"center center","background-size":"auto","background-attachment":"scroll","background-type":"","background-media":"","overlay-type":"","overlay-color":"","overlay-opacity":"","overlay-gradient":""}}},"product_brand":[],"product_cat":[28,110],"product_tag":[113,112,111,114],"class_list":{"0":"post-1089","1":"product","2":"type-product","3":"status-publish","4":"has-post-thumbnail","6":"product_cat-eletrodomesticos","7":"product_cat-fritadeira","8":"product_tag-air-fryer","9":"product_tag-airfryer","10":"product_tag-fritadeira","11":"product_tag-sem-oleo","12":"desktop-align-center","13":"tablet-align-left","14":"mobile-align-center","16":"first","17":"instock","18":"sale","19":"shipping-taxable","20":"product-type-external"},"uagb_featured_image_src":{"full":["https:\/\/promocaododia.com.br\/site\/wp-content\/uploads\/2022\/11\/Fritadeira-Air-Fryer-Sem-Oleo-Britania-Bella-Cuccina-BCFR02P-3L-1300W-127V-Antiaderente-Preto-63801082.jpg",600,600,false],"thumbnail":["https:\/\/promocaododia.com.br\/site\/wp-content\/uploads\/2022\/11\/Fritadeira-Air-Fryer-Sem-Oleo-Britania-Bella-Cuccina-BCFR02P-3L-1300W-127V-Antiaderente-Preto-63801082-150x150.jpg",150,150,true],"medium":["https:\/\/promocaododia.com.br\/site\/wp-content\/uploads\/2022\/11\/Fritadeira-Air-Fryer-Sem-Oleo-Britania-Bella-Cuccina-BCFR02P-3L-1300W-127V-Antiaderente-Preto-63801082-300x300.jpg",300,300,true],"medium_large":["https:\/\/promocaododia.com.br\/site\/wp-content\/uploads\/2022\/11\/Fritadeira-Air-Fryer-Sem-Oleo-Britania-Bella-Cuccina-BCFR02P-3L-1300W-127V-Antiaderente-Preto-63801082.jpg",600,600,false],"large":["https:\/\/promocaododia.com.br\/site\/wp-content\/uploads\/2022\/11\/Fritadeira-Air-Fryer-Sem-Oleo-Britania-Bella-Cuccina-BCFR02P-3L-1300W-127V-Antiaderente-Preto-63801082.jpg",600,600,false],"1536x1536":["https:\/\/promocaododia.com.br\/site\/wp-content\/uploads\/2022\/11\/Fritadeira-Air-Fryer-Sem-Oleo-Britania-Bella-Cuccina-BCFR02P-3L-1300W-127V-Antiaderente-Preto-63801082.jpg",600,600,false],"2048x2048":["https:\/\/promocaododia.com.br\/site\/wp-content\/uploads\/2022\/11\/Fritadeira-Air-Fryer-Sem-Oleo-Britania-Bella-Cuccina-BCFR02P-3L-1300W-127V-Antiaderente-Preto-63801082.jpg",600,600,false],"woocommerce_thumbnail":["https:\/\/promocaododia.com.br\/site\/wp-content\/uploads\/2022\/11\/Fritadeira-Air-Fryer-Sem-Oleo-Britania-Bella-Cuccina-BCFR02P-3L-1300W-127V-Antiaderente-Preto-63801082-250x250.jpg",250,250,true],"woocommerce_single":["https:\/\/promocaododia.com.br\/site\/wp-content\/uploads\/2022\/11\/Fritadeira-Air-Fryer-Sem-Oleo-Britania-Bella-Cuccina-BCFR02P-3L-1300W-127V-Antiaderente-Preto-63801082-250x250.jpg",250,250,true],"woocommerce_gallery_thumbnail":["https:\/\/promocaododia.com.br\/site\/wp-content\/uploads\/2022\/11\/Fritadeira-Air-Fryer-Sem-Oleo-Britania-Bella-Cuccina-BCFR02P-3L-1300W-127V-Antiaderente-Preto-63801082-100x100.jpg",100,100,true]},"uagb_author_info":{"display_name":"danilo.gbr","author_link":"https:\/\/promocaododia.com.br\/site\/author\/"},"uagb_comment_info":0,"uagb_excerpt":"Fritadeira Air Fryer Sem \u00d3leo Brit\u00e2nia Bella Cuccina BCFR02P, 1300W, 127V Capacidade do cesto 3,5 L. Capacidade total da cuba 4,0 litros. Alimentos crocantes e fresquinhos Maior efici\u00eancia para preparar seus alimentos! Ele conta com circula\u00e7\u00e3o de ar quente em 360\u00b0, proporciona mais agilidade no preparo. Mais saud\u00e1vel: deliciosas receitas com pouco ou nenhum \u00f3leo.&hellip;","_links":{"self":[{"href":"https:\/\/promocaododia.com.br\/site\/wp-json\/wp\/v2\/product\/1089","targetHints":{"allow":["GET"]}}],"collection":[{"href":"https:\/\/promocaododia.com.br\/site\/wp-json\/wp\/v2\/product"}],"about":[{"href":"https:\/\/promocaododia.com.br\/site\/wp-json\/wp\/v2\/types\/product"}],"wp:featuredmedia":[{"embeddable":true,"href":"https:\/\/promocaododia.com.br\/site\/wp-json\/wp\/v2\/media\/1090"}],"wp:attachment":[{"href":"https:\/\/promocaododia.com.br\/site\/wp-json\/wp\/v2\/media?parent=1089"}],"wp:term":[{"taxonomy":"product_brand","embeddable":true,"href":"https:\/\/promocaododia.com.br\/site\/wp-json\/wp\/v2\/product_brand?post=1089"},{"taxonomy":"product_cat","embeddable":true,"href":"https:\/\/promocaododia.com.br\/site\/wp-json\/wp\/v2\/product_cat?post=1089"},{"taxonomy":"product_tag","embeddable":true,"href":"https:\/\/promocaododia.com.br\/site\/wp-json\/wp\/v2\/product_tag?post=1089"}],"curies":[{"name":"wp","href":"https:\/\/api.w.org\/{rel}","templated":true}]}}