{"id":110,"date":"2021-06-08T09:01:10","date_gmt":"2021-06-08T12:01:10","guid":{"rendered":"https:\/\/promocaododia.com.br\/site\/?post_type=product&#038;p=110"},"modified":"2021-06-08T09:01:10","modified_gmt":"2021-06-08T12:01:10","slug":"camera-instax-mini-11-rosa","status":"publish","type":"product","link":"https:\/\/promocaododia.com.br\/site\/produto\/camera-instax-mini-11-rosa\/","title":{"rendered":"C\u00e2mera Instax Mini 11 &#8211; Rosa"},"content":{"rendered":"<p>Postado 08\/06\/2021<\/p>\n<div id=\"featurebullets_feature_div\" class=\"celwidget\" data-feature-name=\"featurebullets\" data-csa-c-id=\"xnu2ya-i2i0nx-9ngl3e-p64rjo\" data-cel-widget=\"featurebullets_feature_div\">\n<div id=\"feature-bullets\" class=\"a-section a-spacing-medium a-spacing-top-small\">\n<div class=\"product\">\n<div class=\"ptabs\">\n<div class=\"product-factsheet \" data-factsheet-id=\"144289400\">\n<div class=\"tab-content\">\n<div id=\"tab-descricao144289400\" class=\"tab-pane active\">\n<div id=\"featurebullets_feature_div\" class=\"celwidget\" data-feature-name=\"featurebullets\" data-csa-c-id=\"fb3zky-5wxrt0-eaei8v-a4r30n\" data-cel-widget=\"featurebullets_feature_div\">\n<div id=\"feature-bullets\" class=\"a-section a-spacing-medium a-spacing-top-small\">\n<ul class=\"a-unordered-list a-vertical a-spacing-mini\">\n<li><span class=\"a-list-item\">1. Foto instant\u00e2nea: uma experi\u00eancia \u00fanica! Onde as fotos s\u00e3o reveladas instantaneamente \u00e0 frente dos seus olhos (at\u00e9 2 min. ap\u00f3s o clique).<\/span><\/li>\n<li><span class=\"a-list-item\">2. Exposi\u00e7\u00e3o autom\u00e1tica: a camera identifica as condi\u00e7\u00f5es do ambiente e realiza automaticamente os ajustes necess\u00e1rios para que voc\u00ea registre suas fotos sem se preocupar com qualquer regulagem<\/span><\/li>\n<li><span class=\"a-list-item\">3. Modo Selfie &amp; Close up: \u00e9 poss\u00edvel tirar fotos com aproxima\u00e7\u00e3o de 30 cm a 50 cm de dist\u00e2ncia com maior riqueza de detalhes.<\/span><\/li>\n<li><span class=\"a-list-item\">4. Espelho Selfie: localizado ao lado da lente para que voc\u00ea possa enquadrar perfeitamente seu autorretrato<\/span><\/li>\n<li><span class=\"a-list-item\">5. Flash: ajustado automaticamente de acordo com a luz do ambiente fotografado. Ideal para diversas situa\u00e7\u00f5es do dia a dia, como festas, momentos com amigos, eventos familiares, viagens, entre outras ocasi\u00f5es.<\/span><\/li>\n<\/ul>\n<\/div>\n<\/div>\n<\/div>\n<div><\/div>\n<\/div>\n<\/div>\n<\/div>\n<\/div>\n<\/div>\n<\/div>\n<p>A equipe Promo\u00e7\u00f5es do dia divulga produtos de nossos parceiros, sendo a venda e p\u00f3s venda de responsabilidade dos mesmos.<\/p>\n","protected":false},"excerpt":{"rendered":"<p>Postado 08\/06\/2021 1. Foto instant\u00e2nea: uma experi\u00eancia \u00fanica! Onde as fotos s\u00e3o reveladas instantaneamente \u00e0 frente dos seus olhos (at\u00e9 2 min. ap\u00f3s o clique). 2. Exposi\u00e7\u00e3o autom\u00e1tica: a camera identifica as condi\u00e7\u00f5es do ambiente e realiza automaticamente os ajustes necess\u00e1rios para que voc\u00ea registre suas fotos sem se preocupar com qualquer regulagem 3. Modo Selfie &amp; Close up: \u00e9 poss\u00edvel tirar fotos com aproxima\u00e7\u00e3o de 30 cm a 50 cm de dist\u00e2ncia com maior riqueza de detalhes. 4. Espelho Selfie: localizado ao lado da lente para que voc\u00ea possa enquadrar perfeitamente seu autorretrato 5. Flash: ajustado automaticamente de acordo com a luz do ambiente fotografado. Ideal para diversas situa\u00e7\u00f5es do dia a dia, como festas, momentos com amigos, eventos familiares, viagens, entre outras ocasi\u00f5es. A equipe Promo\u00e7\u00f5es do dia divulga produtos de nossos parceiros, sendo a venda e p\u00f3s venda de responsabilidade dos mesmos.<\/p>\n","protected":false},"featured_media":111,"template":"","meta":{"_uag_custom_page_level_css":"","site-sidebar-layout":"default","site-content-layout":"","ast-site-content-layout":"default","site-content-style":"default","site-sidebar-style":"default","ast-global-header-display":"","ast-banner-title-visibility":"","ast-main-header-display":"","ast-hfb-above-header-display":"","ast-hfb-below-header-display":"","ast-hfb-mobile-header-display":"","site-post-title":"","ast-breadcrumbs-content":"","ast-featured-img":"","footer-sml-layout":"","theme-transparent-header-meta":"","adv-header-id-meta":"","stick-header-meta":"","header-above-stick-meta":"","header-main-stick-meta":"","header-below-stick-meta":"","astra-migrate-meta-layouts":"default","ast-page-background-enabled":"default","ast-page-background-meta":{"desktop":{"background-color":"","background-image":"","background-repeat":"repeat","background-position":"center center","background-size":"auto","background-attachment":"scroll","background-type":"","background-media":"","overlay-type":"","overlay-color":"","overlay-opacity":"","overlay-gradient":""},"tablet":{"background-color":"","background-image":"","background-repeat":"repeat","background-position":"center center","background-size":"auto","background-attachment":"scroll","background-type":"","background-media":"","overlay-type":"","overlay-color":"","overlay-opacity":"","overlay-gradient":""},"mobile":{"background-color":"","background-image":"","background-repeat":"repeat","background-position":"center center","background-size":"auto","background-attachment":"scroll","background-type":"","background-media":"","overlay-type":"","overlay-color":"","overlay-opacity":"","overlay-gradient":""}},"ast-content-background-meta":{"desktop":{"background-color":"var(--ast-global-color-5)","background-image":"","background-repeat":"repeat","background-position":"center center","background-size":"auto","background-attachment":"scroll","background-type":"","background-media":"","overlay-type":"","overlay-color":"","overlay-opacity":"","overlay-gradient":""},"tablet":{"background-color":"var(--ast-global-color-5)","background-image":"","background-repeat":"repeat","background-position":"center center","background-size":"auto","background-attachment":"scroll","background-type":"","background-media":"","overlay-type":"","overlay-color":"","overlay-opacity":"","overlay-gradient":""},"mobile":{"background-color":"var(--ast-global-color-5)","background-image":"","background-repeat":"repeat","background-position":"center center","background-size":"auto","background-attachment":"scroll","background-type":"","background-media":"","overlay-type":"","overlay-color":"","overlay-opacity":"","overlay-gradient":""}}},"product_brand":[],"product_cat":[39,38],"product_tag":[],"class_list":{"0":"post-110","1":"product","2":"type-product","3":"status-publish","4":"has-post-thumbnail","6":"product_cat-camera","7":"product_cat-eletronicos","8":"desktop-align-center","9":"tablet-align-left","10":"mobile-align-center","12":"first","13":"instock","14":"sale","15":"shipping-taxable","16":"product-type-external"},"uagb_featured_image_src":{"full":["https:\/\/promocaododia.com.br\/site\/wp-content\/uploads\/2021\/06\/camera.jpg",250,250,false],"thumbnail":["https:\/\/promocaododia.com.br\/site\/wp-content\/uploads\/2021\/06\/camera-150x150.jpg",150,150,true],"medium":["https:\/\/promocaododia.com.br\/site\/wp-content\/uploads\/2021\/06\/camera.jpg",250,250,false],"medium_large":["https:\/\/promocaododia.com.br\/site\/wp-content\/uploads\/2021\/06\/camera.jpg",250,250,false],"large":["https:\/\/promocaododia.com.br\/site\/wp-content\/uploads\/2021\/06\/camera.jpg",250,250,false],"1536x1536":["https:\/\/promocaododia.com.br\/site\/wp-content\/uploads\/2021\/06\/camera.jpg",250,250,false],"2048x2048":["https:\/\/promocaododia.com.br\/site\/wp-content\/uploads\/2021\/06\/camera.jpg",250,250,false],"woocommerce_thumbnail":["https:\/\/promocaododia.com.br\/site\/wp-content\/uploads\/2021\/06\/camera-250x250.jpg",250,250,true],"woocommerce_single":["https:\/\/promocaododia.com.br\/site\/wp-content\/uploads\/2021\/06\/camera.jpg",250,250,false],"woocommerce_gallery_thumbnail":["https:\/\/promocaododia.com.br\/site\/wp-content\/uploads\/2021\/06\/camera-100x100.jpg",100,100,true]},"uagb_author_info":{"display_name":"danilo.gbr","author_link":"https:\/\/promocaododia.com.br\/site\/author\/"},"uagb_comment_info":0,"uagb_excerpt":"Postado 08\/06\/2021 1. Foto instant\u00e2nea: uma experi\u00eancia \u00fanica! Onde as fotos s\u00e3o reveladas instantaneamente \u00e0 frente dos seus olhos (at\u00e9 2 min. ap\u00f3s o clique). 2. Exposi\u00e7\u00e3o autom\u00e1tica: a camera identifica as condi\u00e7\u00f5es do ambiente e realiza automaticamente os ajustes necess\u00e1rios para que voc\u00ea registre suas fotos sem se preocupar com qualquer regulagem 3. Modo&hellip;","_links":{"self":[{"href":"https:\/\/promocaododia.com.br\/site\/wp-json\/wp\/v2\/product\/110","targetHints":{"allow":["GET"]}}],"collection":[{"href":"https:\/\/promocaododia.com.br\/site\/wp-json\/wp\/v2\/product"}],"about":[{"href":"https:\/\/promocaododia.com.br\/site\/wp-json\/wp\/v2\/types\/product"}],"wp:featuredmedia":[{"embeddable":true,"href":"https:\/\/promocaododia.com.br\/site\/wp-json\/wp\/v2\/media\/111"}],"wp:attachment":[{"href":"https:\/\/promocaododia.com.br\/site\/wp-json\/wp\/v2\/media?parent=110"}],"wp:term":[{"taxonomy":"product_brand","embeddable":true,"href":"https:\/\/promocaododia.com.br\/site\/wp-json\/wp\/v2\/product_brand?post=110"},{"taxonomy":"product_cat","embeddable":true,"href":"https:\/\/promocaododia.com.br\/site\/wp-json\/wp\/v2\/product_cat?post=110"},{"taxonomy":"product_tag","embeddable":true,"href":"https:\/\/promocaododia.com.br\/site\/wp-json\/wp\/v2\/product_tag?post=110"}],"curies":[{"name":"wp","href":"https:\/\/api.w.org\/{rel}","templated":true}]}}