{"id":1107,"date":"2022-11-14T19:44:55","date_gmt":"2022-11-14T22:44:55","guid":{"rendered":"https:\/\/promocaododia.com.br\/site\/?post_type=product&#038;p=1107"},"modified":"2022-11-14T19:46:11","modified_gmt":"2022-11-14T22:46:11","slug":"1107","status":"publish","type":"product","link":"https:\/\/promocaododia.com.br\/site\/produto\/1107\/","title":{"rendered":"Kit 4 Capas de Almofadas Feliz Natal Vermelha"},"content":{"rendered":"<p>Este maravilhoso kit com 4 capas para almofadas foi desenvolvida pensando em voc\u00ea, que gosta de ambientes com um toque moderno e criativo. Com ele voc\u00ea transforma sua casa ou escrit\u00f3rio. Voc\u00ea vai amar!! Voc\u00ea pode compr\u00e1-lo somente o kit 4 capas ou o kit 4 almofadas com enchimento. tecido oxfordine 100 poliester mdecore Nosso Tecido As Almofadas Mdecore s\u00e3o confeccionadas em tecido 100% poli\u00e9ster, um tecido mais leve e de \u00f3tima qualidade. O tecido \u00e9 mais confort\u00e1vel e tem um toque agrad\u00e1vel, possuindo uma excelente resist\u00eancia e durabilidade. impressao alta qualidade mdecore Utilizamos Estampa Digital Nossas Capas para Almofadas Mdecore s\u00e3o com estampas e cores digitais de alta qualidade em ambos os lados, feita atrav\u00e9s do processo de sublima\u00e7\u00e3o, garantindo a melhor qualidade e durabilidade do produto. \u00c9 poss\u00edvel misturar diversas cores e transferi-las com muita qualidade para o tecido. Com uma tonalidade de cor mais viva e vis\u00edvel, a resolu\u00e7\u00e3o dos detalhes tamb\u00e9m impressionam e garantem muito mais beleza para as almofadas. Este m\u00e9todo de estampa n\u00e3o consume tanto dos recursos naturais quando comparado a outros m\u00e9todos, tornando-as mais sustent\u00e1vel. ziper invisil mdecore Z\u00edper Invis\u00edvel As Capas para Almofadas Mdecore s\u00e3o confecciondas com z\u00edper invis\u00edvel, que nada mais \u00e9, uma evolu\u00e7\u00e3o do z\u00edper comum, proporcionando um fechamento perfeito. Costuramos adequadamente ficando quase impercept\u00edvel na almofada. Com o z\u00edper invis\u00edvel possibilitamos a remo\u00e7\u00e3o do enchimento, para troca de capa e a lavagem. enchimento fibra de silicone mdecore Enchimento O enchimento utilizado em nossas Almofadas Mdecore \u00e9 em fibra de silicone, dando volume e maciez. A fibra de silicone, \u00e9 um material \u00e0 base de poli\u00e9ster que recebe um banho de fluido de silicone em sua fabrica\u00e7\u00e3o, tendo uma grande distribui\u00e7\u00e3o homog\u00eanea. Apresentando um toque aveludado e suave, de f\u00e1cil manuseio. Indicado apenas para decora\u00e7\u00e3o e n\u00e3o como apoio de cabe\u00e7a ou almofada de cadeira, garantindo assim maior durabilidade da fibra. Informa\u00e7\u00f5es Sem Enchimento: Kit contendo 4 capas para almofadas; &#8211; Estampa digital de alta qualidade frente\/verso. &#8211; Tamanho das capas 45x45cm &#8211; Tecido 100% poli\u00e9ster. &#8211; Fecho em z\u00edper invis\u00edvel. Informa\u00e7\u00f5es Com Enchimento: Kit contendo 4 almofadas; &#8211; Estampa digital de alta qualidade frente\/verso. &#8211; Tamanho das capas 45x45cm. &#8211; Tecido 100% poli\u00e9ster. &#8211; Enchimento em fibra de silicone, envolta TNT. &#8211; Fecho em z\u00edper invis\u00edvel. As cores podem ter uma pequena varia\u00e7\u00e3o. Todas as informa\u00e7\u00f5es divulgadas s\u00e3o de responsabilidade do fabricante\/fornecedor.<\/p>\n","protected":false},"excerpt":{"rendered":"<p>Este maravilhoso kit com 4 capas para almofadas foi desenvolvida pensando em voc\u00ea, que gosta de ambientes com um toque moderno e criativo. Com ele voc\u00ea transforma sua casa ou escrit\u00f3rio. Voc\u00ea vai amar!! Voc\u00ea pode compr\u00e1-lo somente o kit 4 capas ou o kit 4 almofadas com enchimento. tecido oxfordine 100 poliester mdecore Nosso Tecido As Almofadas Mdecore s\u00e3o confeccionadas em tecido 100% poli\u00e9ster, um tecido mais leve e de \u00f3tima qualidade. O tecido \u00e9 mais confort\u00e1vel e tem um toque agrad\u00e1vel, possuindo uma excelente resist\u00eancia e durabilidade. impressao alta qualidade mdecore Utilizamos Estampa Digital Nossas Capas para Almofadas Mdecore s\u00e3o com estampas e cores digitais de alta qualidade em ambos os lados, feita atrav\u00e9s do processo de sublima\u00e7\u00e3o, garantindo a melhor qualidade e durabilidade do produto. \u00c9 poss\u00edvel misturar diversas cores e transferi-las com muita qualidade para o tecido. Com uma tonalidade de cor mais viva e vis\u00edvel, a resolu\u00e7\u00e3o dos detalhes tamb\u00e9m impressionam e garantem muito mais beleza para as almofadas. Este m\u00e9todo de estampa n\u00e3o consume tanto dos recursos naturais quando comparado a outros m\u00e9todos, tornando-as mais sustent\u00e1vel. ziper invisil mdecore Z\u00edper Invis\u00edvel As Capas para Almofadas Mdecore s\u00e3o confecciondas com z\u00edper invis\u00edvel, que nada mais \u00e9, uma evolu\u00e7\u00e3o do z\u00edper comum, proporcionando um fechamento perfeito. Costuramos adequadamente ficando quase impercept\u00edvel na almofada. Com o z\u00edper invis\u00edvel possibilitamos a remo\u00e7\u00e3o do enchimento, para troca de capa e a lavagem. enchimento fibra de silicone mdecore Enchimento O enchimento utilizado em nossas Almofadas Mdecore \u00e9 em fibra de silicone, dando volume e maciez. A fibra de silicone, \u00e9 um material \u00e0 base de poli\u00e9ster que recebe um banho de fluido de silicone em sua fabrica\u00e7\u00e3o, tendo uma grande distribui\u00e7\u00e3o homog\u00eanea. Apresentando um toque aveludado e suave, de f\u00e1cil manuseio. Indicado apenas para decora\u00e7\u00e3o e n\u00e3o como apoio de cabe\u00e7a ou almofada de cadeira, garantindo assim maior durabilidade da fibra. Informa\u00e7\u00f5es Sem Enchimento: Kit contendo 4 capas para almofadas; &#8211; Estampa digital de alta qualidade frente\/verso. &#8211; Tamanho das capas 45x45cm &#8211; Tecido 100% poli\u00e9ster. &#8211; Fecho em z\u00edper invis\u00edvel. Informa\u00e7\u00f5es Com Enchimento: Kit contendo 4 almofadas; &#8211; Estampa digital de alta qualidade frente\/verso. &#8211; Tamanho das capas 45x45cm. &#8211; Tecido 100% poli\u00e9ster. &#8211; Enchimento em fibra de silicone, envolta TNT. &#8211; Fecho em z\u00edper invis\u00edvel. As cores podem ter uma pequena varia\u00e7\u00e3o. Todas as informa\u00e7\u00f5es divulgadas s\u00e3o de responsabilidade do fabricante\/fornecedor.<\/p>\n","protected":false},"featured_media":1109,"template":"","meta":{"_uag_custom_page_level_css":"","site-sidebar-layout":"default","site-content-layout":"default","ast-site-content-layout":"default","site-content-style":"default","site-sidebar-style":"default","ast-global-header-display":"","ast-banner-title-visibility":"","ast-main-header-display":"","ast-hfb-above-header-display":"","ast-hfb-below-header-display":"","ast-hfb-mobile-header-display":"","site-post-title":"","ast-breadcrumbs-content":"","ast-featured-img":"","footer-sml-layout":"","theme-transparent-header-meta":"default","adv-header-id-meta":"","stick-header-meta":"","header-above-stick-meta":"","header-main-stick-meta":"","header-below-stick-meta":"","astra-migrate-meta-layouts":"default","ast-page-background-enabled":"default","ast-page-background-meta":{"desktop":{"background-color":"","background-image":"","background-repeat":"repeat","background-position":"center center","background-size":"auto","background-attachment":"scroll","background-type":"","background-media":"","overlay-type":"","overlay-color":"","overlay-opacity":"","overlay-gradient":""},"tablet":{"background-color":"","background-image":"","background-repeat":"repeat","background-position":"center center","background-size":"auto","background-attachment":"scroll","background-type":"","background-media":"","overlay-type":"","overlay-color":"","overlay-opacity":"","overlay-gradient":""},"mobile":{"background-color":"","background-image":"","background-repeat":"repeat","background-position":"center center","background-size":"auto","background-attachment":"scroll","background-type":"","background-media":"","overlay-type":"","overlay-color":"","overlay-opacity":"","overlay-gradient":""}},"ast-content-background-meta":{"desktop":{"background-color":"var(--ast-global-color-5)","background-image":"","background-repeat":"repeat","background-position":"center center","background-size":"auto","background-attachment":"scroll","background-type":"","background-media":"","overlay-type":"","overlay-color":"","overlay-opacity":"","overlay-gradient":""},"tablet":{"background-color":"var(--ast-global-color-5)","background-image":"","background-repeat":"repeat","background-position":"center center","background-size":"auto","background-attachment":"scroll","background-type":"","background-media":"","overlay-type":"","overlay-color":"","overlay-opacity":"","overlay-gradient":""},"mobile":{"background-color":"var(--ast-global-color-5)","background-image":"","background-repeat":"repeat","background-position":"center center","background-size":"auto","background-attachment":"scroll","background-type":"","background-media":"","overlay-type":"","overlay-color":"","overlay-opacity":"","overlay-gradient":""}}},"product_brand":[],"product_cat":[36],"product_tag":[520,521,522],"class_list":{"0":"post-1107","1":"product","2":"type-product","3":"status-publish","4":"has-post-thumbnail","6":"product_cat-cama-mesa-banho","7":"product_tag-almofadas","8":"product_tag-enfeite","9":"product_tag-natal","10":"desktop-align-center","11":"tablet-align-left","12":"mobile-align-center","14":"first","15":"instock","16":"sale","17":"shipping-taxable","18":"product-type-external"},"uagb_featured_image_src":{"full":["https:\/\/promocaododia.com.br\/site\/wp-content\/uploads\/2022\/11\/Kit-4-Capas-de-Almofadas-Feliz-Natal-Vermelha-1.jpg",600,600,false],"thumbnail":["https:\/\/promocaododia.com.br\/site\/wp-content\/uploads\/2022\/11\/Kit-4-Capas-de-Almofadas-Feliz-Natal-Vermelha-1-150x150.jpg",150,150,true],"medium":["https:\/\/promocaododia.com.br\/site\/wp-content\/uploads\/2022\/11\/Kit-4-Capas-de-Almofadas-Feliz-Natal-Vermelha-1-300x300.jpg",300,300,true],"medium_large":["https:\/\/promocaododia.com.br\/site\/wp-content\/uploads\/2022\/11\/Kit-4-Capas-de-Almofadas-Feliz-Natal-Vermelha-1.jpg",600,600,false],"large":["https:\/\/promocaododia.com.br\/site\/wp-content\/uploads\/2022\/11\/Kit-4-Capas-de-Almofadas-Feliz-Natal-Vermelha-1.jpg",600,600,false],"1536x1536":["https:\/\/promocaododia.com.br\/site\/wp-content\/uploads\/2022\/11\/Kit-4-Capas-de-Almofadas-Feliz-Natal-Vermelha-1.jpg",600,600,false],"2048x2048":["https:\/\/promocaododia.com.br\/site\/wp-content\/uploads\/2022\/11\/Kit-4-Capas-de-Almofadas-Feliz-Natal-Vermelha-1.jpg",600,600,false],"woocommerce_thumbnail":["https:\/\/promocaododia.com.br\/site\/wp-content\/uploads\/2022\/11\/Kit-4-Capas-de-Almofadas-Feliz-Natal-Vermelha-1-250x250.jpg",250,250,true],"woocommerce_single":["https:\/\/promocaododia.com.br\/site\/wp-content\/uploads\/2022\/11\/Kit-4-Capas-de-Almofadas-Feliz-Natal-Vermelha-1-250x250.jpg",250,250,true],"woocommerce_gallery_thumbnail":["https:\/\/promocaododia.com.br\/site\/wp-content\/uploads\/2022\/11\/Kit-4-Capas-de-Almofadas-Feliz-Natal-Vermelha-1-100x100.jpg",100,100,true]},"uagb_author_info":{"display_name":"danilo.gbr","author_link":"https:\/\/promocaododia.com.br\/site\/author\/"},"uagb_comment_info":0,"uagb_excerpt":"Este maravilhoso kit com 4 capas para almofadas foi desenvolvida pensando em voc\u00ea, que gosta de ambientes com um toque moderno e criativo. Com ele voc\u00ea transforma sua casa ou escrit\u00f3rio. Voc\u00ea vai amar!! Voc\u00ea pode compr\u00e1-lo somente o kit 4 capas ou o kit 4 almofadas com enchimento. tecido oxfordine 100 poliester mdecore Nosso&hellip;","_links":{"self":[{"href":"https:\/\/promocaododia.com.br\/site\/wp-json\/wp\/v2\/product\/1107","targetHints":{"allow":["GET"]}}],"collection":[{"href":"https:\/\/promocaododia.com.br\/site\/wp-json\/wp\/v2\/product"}],"about":[{"href":"https:\/\/promocaododia.com.br\/site\/wp-json\/wp\/v2\/types\/product"}],"wp:featuredmedia":[{"embeddable":true,"href":"https:\/\/promocaododia.com.br\/site\/wp-json\/wp\/v2\/media\/1109"}],"wp:attachment":[{"href":"https:\/\/promocaododia.com.br\/site\/wp-json\/wp\/v2\/media?parent=1107"}],"wp:term":[{"taxonomy":"product_brand","embeddable":true,"href":"https:\/\/promocaododia.com.br\/site\/wp-json\/wp\/v2\/product_brand?post=1107"},{"taxonomy":"product_cat","embeddable":true,"href":"https:\/\/promocaododia.com.br\/site\/wp-json\/wp\/v2\/product_cat?post=1107"},{"taxonomy":"product_tag","embeddable":true,"href":"https:\/\/promocaododia.com.br\/site\/wp-json\/wp\/v2\/product_tag?post=1107"}],"curies":[{"name":"wp","href":"https:\/\/api.w.org\/{rel}","templated":true}]}}