{"id":1110,"date":"2022-11-14T19:53:39","date_gmt":"2022-11-14T22:53:39","guid":{"rendered":"https:\/\/promocaododia.com.br\/site\/?post_type=product&#038;p=1110"},"modified":"2022-11-14T19:53:39","modified_gmt":"2022-11-14T22:53:39","slug":"luz-de-projecao-de-natal-projetor-de-led-com-16-padroes","status":"publish","type":"product","link":"https:\/\/promocaododia.com.br\/site\/produto\/luz-de-projecao-de-natal-projetor-de-led-com-16-padroes\/","title":{"rendered":"Luz De Proje\u00e7\u00e3o De Natal Projetor De LED Com 16 Padr\u00f5es"},"content":{"rendered":"<p class=\"_2jrvqA\">16 Padr\u00f5es &#8211; Nossas luzes de projetor de natal LED t\u00eam novas luzes deslizantes de padr\u00e3o de cores diferentes, que expandem A faixa de proje\u00e7\u00e3o e trazem uma experi\u00eancia de atmosfera melhor festiva.<\/p>\n<p class=\"_2jrvqA\">Cobertura Grande: Cobertura Grande: Rota\u00e7\u00e3o Autom\u00e1tica, Cobertura Grande, Forte, Mais Brilhante E Mais Que M\u00f3dulos Laser Tradicional, E Cobertura Grande.<\/p>\n<p class=\"_2jrvqA\">Aumente o brilho e a clareza &#8211; Imagens de proje\u00e7\u00e3o de cores comut\u00e1veis em vez de imagens pretas e brancas<\/p>\n<p class=\"_2jrvqA\">Decora\u00e7\u00e3o de Natal &#8211; Adequado para a maioria das ocasi\u00f5es de f\u00e9rias e internas, como Natal, Halloween, A\u00e7\u00e3o de Gra\u00e7as, Festas de Anivers\u00e1rio, Decora\u00e7\u00f5es de Feriado, Etc.<\/p>\n<p class=\"_2jrvqA\">F\u00e1cil de Usar &#8211; Montagem Simples E Decora\u00e7\u00e3o F\u00e1cil Quintal, Configure em Minutos, F\u00e1cil de Usar.<\/p>\n<p class=\"_2jrvqA\">Especifica\u00e7\u00f5es:<\/p>\n<p class=\"_2jrvqA\">Voltagem: 100v-240v<\/p>\n<p class=\"_2jrvqA\">Pot\u00eancia da fonte de luz Led: 4w<\/p>\n<p class=\"_2jrvqA\">Tamanho: Aprox.12 X11Cm\/4.7X4.3In<\/p>\n<p class=\"_2jrvqA\">Plugue de alimenta\u00e7\u00e3o: Plugue dos EUA<\/p>\n<p class=\"_2jrvqA\">Cor: Preto<\/p>\n<p class=\"_2jrvqA\">Dist\u00e2ncia de proje\u00e7\u00e3o: 3-8 metros<\/p>\n<p class=\"_2jrvqA\">\u00c1rea de proje\u00e7\u00e3o: 5-10 metros quadrados<\/p>\n<p class=\"_2jrvqA\">O pacote inclui:<\/p>\n<p class=\"_2jrvqA\">1x L\u00e2mpada de Proje\u00e7\u00e3o<\/p>\n<p class=\"_2jrvqA\">Notas:<\/p>\n<p class=\"_2jrvqA\">Transi\u00e7\u00e3o: 1cm = 10mm = 0,39inch<\/p>\n<p class=\"_2jrvqA\">Por favor Permita Uma Leve 0-1cm Diferen\u00e7a Devido A Medi\u00e7\u00e3o Manual.<\/p>\n<p class=\"_2jrvqA\">As Cores Podem Variar Dependendo da Luz E da Maneira Voc\u00ea Ver A Listagem.<\/p>\n<p class=\"_2jrvqA\">Obrigado pela sua compreens\u00e3o e aten\u00e7\u00e3o. Boas compras!<\/p>\n","protected":false},"excerpt":{"rendered":"<p>16 Padr\u00f5es &#8211; Nossas luzes de projetor de natal LED t\u00eam novas luzes deslizantes de padr\u00e3o de cores diferentes, que expandem A faixa de proje\u00e7\u00e3o e trazem uma experi\u00eancia de atmosfera melhor festiva. Cobertura Grande: Cobertura Grande: Rota\u00e7\u00e3o Autom\u00e1tica, Cobertura Grande, Forte, Mais Brilhante E Mais Que M\u00f3dulos Laser Tradicional, E Cobertura Grande. Aumente o brilho e a clareza &#8211; Imagens de proje\u00e7\u00e3o de cores comut\u00e1veis em vez de imagens pretas e brancas Decora\u00e7\u00e3o de Natal &#8211; Adequado para a maioria das ocasi\u00f5es de f\u00e9rias e internas, como Natal, Halloween, A\u00e7\u00e3o de Gra\u00e7as, Festas de Anivers\u00e1rio, Decora\u00e7\u00f5es de Feriado, Etc. F\u00e1cil de Usar &#8211; Montagem Simples E Decora\u00e7\u00e3o F\u00e1cil Quintal, Configure em Minutos, F\u00e1cil de Usar. Especifica\u00e7\u00f5es: Voltagem: 100v-240v Pot\u00eancia da fonte de luz Led: 4w Tamanho: Aprox.12 X11Cm\/4.7X4.3In Plugue de alimenta\u00e7\u00e3o: Plugue dos EUA Cor: Preto Dist\u00e2ncia de proje\u00e7\u00e3o: 3-8 metros \u00c1rea de proje\u00e7\u00e3o: 5-10 metros quadrados O pacote inclui: 1x L\u00e2mpada de Proje\u00e7\u00e3o Notas: Transi\u00e7\u00e3o: 1cm = 10mm = 0,39inch Por favor Permita Uma Leve 0-1cm Diferen\u00e7a Devido A Medi\u00e7\u00e3o Manual. As Cores Podem Variar Dependendo da Luz E da Maneira Voc\u00ea Ver A Listagem. Obrigado pela sua compreens\u00e3o e aten\u00e7\u00e3o. Boas compras!<\/p>\n","protected":false},"featured_media":1111,"template":"","meta":{"_uag_custom_page_level_css":"","site-sidebar-layout":"default","site-content-layout":"default","ast-site-content-layout":"default","site-content-style":"default","site-sidebar-style":"default","ast-global-header-display":"","ast-banner-title-visibility":"","ast-main-header-display":"","ast-hfb-above-header-display":"","ast-hfb-below-header-display":"","ast-hfb-mobile-header-display":"","site-post-title":"","ast-breadcrumbs-content":"","ast-featured-img":"","footer-sml-layout":"","theme-transparent-header-meta":"default","adv-header-id-meta":"","stick-header-meta":"","header-above-stick-meta":"","header-main-stick-meta":"","header-below-stick-meta":"","astra-migrate-meta-layouts":"default","ast-page-background-enabled":"default","ast-page-background-meta":{"desktop":{"background-color":"","background-image":"","background-repeat":"repeat","background-position":"center center","background-size":"auto","background-attachment":"scroll","background-type":"","background-media":"","overlay-type":"","overlay-color":"","overlay-opacity":"","overlay-gradient":""},"tablet":{"background-color":"","background-image":"","background-repeat":"repeat","background-position":"center center","background-size":"auto","background-attachment":"scroll","background-type":"","background-media":"","overlay-type":"","overlay-color":"","overlay-opacity":"","overlay-gradient":""},"mobile":{"background-color":"","background-image":"","background-repeat":"repeat","background-position":"center center","background-size":"auto","background-attachment":"scroll","background-type":"","background-media":"","overlay-type":"","overlay-color":"","overlay-opacity":"","overlay-gradient":""}},"ast-content-background-meta":{"desktop":{"background-color":"var(--ast-global-color-5)","background-image":"","background-repeat":"repeat","background-position":"center center","background-size":"auto","background-attachment":"scroll","background-type":"","background-media":"","overlay-type":"","overlay-color":"","overlay-opacity":"","overlay-gradient":""},"tablet":{"background-color":"var(--ast-global-color-5)","background-image":"","background-repeat":"repeat","background-position":"center center","background-size":"auto","background-attachment":"scroll","background-type":"","background-media":"","overlay-type":"","overlay-color":"","overlay-opacity":"","overlay-gradient":""},"mobile":{"background-color":"var(--ast-global-color-5)","background-image":"","background-repeat":"repeat","background-position":"center center","background-size":"auto","background-attachment":"scroll","background-type":"","background-media":"","overlay-type":"","overlay-color":"","overlay-opacity":"","overlay-gradient":""}}},"product_brand":[],"product_cat":[523],"product_tag":[],"class_list":{"0":"post-1110","1":"product","2":"type-product","3":"status-publish","4":"has-post-thumbnail","6":"product_cat-casa-e-decoracao","7":"desktop-align-center","8":"tablet-align-left","9":"mobile-align-center","11":"first","12":"instock","13":"sale","14":"shipping-taxable","15":"product-type-external"},"uagb_featured_image_src":{"full":["https:\/\/promocaododia.com.br\/site\/wp-content\/uploads\/2022\/11\/Luz-De-Projecao-De-Natal-Projetor-De-LED-Com-16-Padroes.jpg",600,600,false],"thumbnail":["https:\/\/promocaododia.com.br\/site\/wp-content\/uploads\/2022\/11\/Luz-De-Projecao-De-Natal-Projetor-De-LED-Com-16-Padroes-150x150.jpg",150,150,true],"medium":["https:\/\/promocaododia.com.br\/site\/wp-content\/uploads\/2022\/11\/Luz-De-Projecao-De-Natal-Projetor-De-LED-Com-16-Padroes-300x300.jpg",300,300,true],"medium_large":["https:\/\/promocaododia.com.br\/site\/wp-content\/uploads\/2022\/11\/Luz-De-Projecao-De-Natal-Projetor-De-LED-Com-16-Padroes.jpg",600,600,false],"large":["https:\/\/promocaododia.com.br\/site\/wp-content\/uploads\/2022\/11\/Luz-De-Projecao-De-Natal-Projetor-De-LED-Com-16-Padroes.jpg",600,600,false],"1536x1536":["https:\/\/promocaododia.com.br\/site\/wp-content\/uploads\/2022\/11\/Luz-De-Projecao-De-Natal-Projetor-De-LED-Com-16-Padroes.jpg",600,600,false],"2048x2048":["https:\/\/promocaododia.com.br\/site\/wp-content\/uploads\/2022\/11\/Luz-De-Projecao-De-Natal-Projetor-De-LED-Com-16-Padroes.jpg",600,600,false],"woocommerce_thumbnail":["https:\/\/promocaododia.com.br\/site\/wp-content\/uploads\/2022\/11\/Luz-De-Projecao-De-Natal-Projetor-De-LED-Com-16-Padroes-250x250.jpg",250,250,true],"woocommerce_single":["https:\/\/promocaododia.com.br\/site\/wp-content\/uploads\/2022\/11\/Luz-De-Projecao-De-Natal-Projetor-De-LED-Com-16-Padroes-250x250.jpg",250,250,true],"woocommerce_gallery_thumbnail":["https:\/\/promocaododia.com.br\/site\/wp-content\/uploads\/2022\/11\/Luz-De-Projecao-De-Natal-Projetor-De-LED-Com-16-Padroes-100x100.jpg",100,100,true]},"uagb_author_info":{"display_name":"danilo.gbr","author_link":"https:\/\/promocaododia.com.br\/site\/author\/"},"uagb_comment_info":0,"uagb_excerpt":"16 Padr\u00f5es &#8211; Nossas luzes de projetor de natal LED t\u00eam novas luzes deslizantes de padr\u00e3o de cores diferentes, que expandem A faixa de proje\u00e7\u00e3o e trazem uma experi\u00eancia de atmosfera melhor festiva. Cobertura Grande: Cobertura Grande: Rota\u00e7\u00e3o Autom\u00e1tica, Cobertura Grande, Forte, Mais Brilhante E Mais Que M\u00f3dulos Laser Tradicional, E Cobertura Grande. Aumente o&hellip;","_links":{"self":[{"href":"https:\/\/promocaododia.com.br\/site\/wp-json\/wp\/v2\/product\/1110","targetHints":{"allow":["GET"]}}],"collection":[{"href":"https:\/\/promocaododia.com.br\/site\/wp-json\/wp\/v2\/product"}],"about":[{"href":"https:\/\/promocaododia.com.br\/site\/wp-json\/wp\/v2\/types\/product"}],"wp:featuredmedia":[{"embeddable":true,"href":"https:\/\/promocaododia.com.br\/site\/wp-json\/wp\/v2\/media\/1111"}],"wp:attachment":[{"href":"https:\/\/promocaododia.com.br\/site\/wp-json\/wp\/v2\/media?parent=1110"}],"wp:term":[{"taxonomy":"product_brand","embeddable":true,"href":"https:\/\/promocaododia.com.br\/site\/wp-json\/wp\/v2\/product_brand?post=1110"},{"taxonomy":"product_cat","embeddable":true,"href":"https:\/\/promocaododia.com.br\/site\/wp-json\/wp\/v2\/product_cat?post=1110"},{"taxonomy":"product_tag","embeddable":true,"href":"https:\/\/promocaododia.com.br\/site\/wp-json\/wp\/v2\/product_tag?post=1110"}],"curies":[{"name":"wp","href":"https:\/\/api.w.org\/{rel}","templated":true}]}}