{"id":1115,"date":"2022-11-14T20:21:38","date_gmt":"2022-11-14T23:21:38","guid":{"rendered":"https:\/\/promocaododia.com.br\/site\/?post_type=product&#038;p=1115"},"modified":"2022-11-14T20:21:38","modified_gmt":"2022-11-14T23:21:38","slug":"kit-de-tacas-com-12-pecas-bohemia","status":"publish","type":"product","link":"https:\/\/promocaododia.com.br\/site\/produto\/kit-de-tacas-com-12-pecas-bohemia\/","title":{"rendered":"Kit de Ta\u00e7as com 12 Pe\u00e7as &#8211; Bohemia"},"content":{"rendered":"<p>Kit de Ta\u00e7as de Vinho com 12 Pe\u00e7as &#8211; Bohemia<br \/>\nAs ta\u00e7as de cristal Bohemia s\u00e3o perfeitas para servir seus convidados com eleg\u00e2ncia e sofistica\u00e7\u00e3o. A marca de cristal da Rep\u00fablica Tcheca, re\u00fane a tradi\u00e7\u00e3o do trabalho do artes\u00e3o com t\u00e9cnicas modernas e avan\u00e7adas para a produ\u00e7\u00e3o do cristal.<\/p>\n<p>Cor: Transparente.<\/p>\n<p>Marca: Bohemia.<\/p>\n<p>Material: Cristal.<\/p>\n<p>Capacidade: 6x590ml\/ 6x220ml<\/p>\n<p>Cont\u00e9m: 12 ta\u00e7as.<\/p>\n<p>Todas as informa\u00e7\u00f5es t\u00e9cnicas divulgadas s\u00e3o de responsabilidade exclusiva do fabricante\/fornecedor. A cor do produto pode variar de acordo com as configura\u00e7\u00f5es do seu monitor.<\/p>\n","protected":false},"excerpt":{"rendered":"<p>Kit de Ta\u00e7as de Vinho com 12 Pe\u00e7as &#8211; Bohemia As ta\u00e7as de cristal Bohemia s\u00e3o perfeitas para servir seus convidados com eleg\u00e2ncia e sofistica\u00e7\u00e3o. A marca de cristal da Rep\u00fablica Tcheca, re\u00fane a tradi\u00e7\u00e3o do trabalho do artes\u00e3o com t\u00e9cnicas modernas e avan\u00e7adas para a produ\u00e7\u00e3o do cristal. Cor: Transparente. Marca: Bohemia. Material: Cristal. Capacidade: 6x590ml\/ 6x220ml Cont\u00e9m: 12 ta\u00e7as. Todas as informa\u00e7\u00f5es t\u00e9cnicas divulgadas s\u00e3o de responsabilidade exclusiva do fabricante\/fornecedor. A cor do produto pode variar de acordo com as configura\u00e7\u00f5es do seu monitor.<\/p>\n","protected":false},"featured_media":1116,"template":"","meta":{"_uag_custom_page_level_css":"","site-sidebar-layout":"default","site-content-layout":"default","ast-site-content-layout":"default","site-content-style":"default","site-sidebar-style":"default","ast-global-header-display":"","ast-banner-title-visibility":"","ast-main-header-display":"","ast-hfb-above-header-display":"","ast-hfb-below-header-display":"","ast-hfb-mobile-header-display":"","site-post-title":"","ast-breadcrumbs-content":"","ast-featured-img":"","footer-sml-layout":"","theme-transparent-header-meta":"default","adv-header-id-meta":"","stick-header-meta":"","header-above-stick-meta":"","header-main-stick-meta":"","header-below-stick-meta":"","astra-migrate-meta-layouts":"default","ast-page-background-enabled":"default","ast-page-background-meta":{"desktop":{"background-color":"","background-image":"","background-repeat":"repeat","background-position":"center center","background-size":"auto","background-attachment":"scroll","background-type":"","background-media":"","overlay-type":"","overlay-color":"","overlay-opacity":"","overlay-gradient":""},"tablet":{"background-color":"","background-image":"","background-repeat":"repeat","background-position":"center center","background-size":"auto","background-attachment":"scroll","background-type":"","background-media":"","overlay-type":"","overlay-color":"","overlay-opacity":"","overlay-gradient":""},"mobile":{"background-color":"","background-image":"","background-repeat":"repeat","background-position":"center center","background-size":"auto","background-attachment":"scroll","background-type":"","background-media":"","overlay-type":"","overlay-color":"","overlay-opacity":"","overlay-gradient":""}},"ast-content-background-meta":{"desktop":{"background-color":"var(--ast-global-color-5)","background-image":"","background-repeat":"repeat","background-position":"center center","background-size":"auto","background-attachment":"scroll","background-type":"","background-media":"","overlay-type":"","overlay-color":"","overlay-opacity":"","overlay-gradient":""},"tablet":{"background-color":"var(--ast-global-color-5)","background-image":"","background-repeat":"repeat","background-position":"center center","background-size":"auto","background-attachment":"scroll","background-type":"","background-media":"","overlay-type":"","overlay-color":"","overlay-opacity":"","overlay-gradient":""},"mobile":{"background-color":"var(--ast-global-color-5)","background-image":"","background-repeat":"repeat","background-position":"center center","background-size":"auto","background-attachment":"scroll","background-type":"","background-media":"","overlay-type":"","overlay-color":"","overlay-opacity":"","overlay-gradient":""}}},"product_brand":[],"product_cat":[399,18],"product_tag":[117,383],"class_list":{"0":"post-1115","1":"product","2":"type-product","3":"status-publish","4":"has-post-thumbnail","6":"product_cat-loucas","7":"product_cat-utensilios-para-cozinhar","8":"product_tag-cozinha","9":"product_tag-vinho","10":"desktop-align-center","11":"tablet-align-left","12":"mobile-align-center","14":"first","15":"instock","16":"sale","17":"shipping-taxable","18":"product-type-external"},"uagb_featured_image_src":{"full":["https:\/\/promocaododia.com.br\/site\/wp-content\/uploads\/2022\/11\/Kit-de-Tacas-com-12-Pecas-Bohemia.jpg",600,600,false],"thumbnail":["https:\/\/promocaododia.com.br\/site\/wp-content\/uploads\/2022\/11\/Kit-de-Tacas-com-12-Pecas-Bohemia-150x150.jpg",150,150,true],"medium":["https:\/\/promocaododia.com.br\/site\/wp-content\/uploads\/2022\/11\/Kit-de-Tacas-com-12-Pecas-Bohemia-300x300.jpg",300,300,true],"medium_large":["https:\/\/promocaododia.com.br\/site\/wp-content\/uploads\/2022\/11\/Kit-de-Tacas-com-12-Pecas-Bohemia.jpg",600,600,false],"large":["https:\/\/promocaododia.com.br\/site\/wp-content\/uploads\/2022\/11\/Kit-de-Tacas-com-12-Pecas-Bohemia.jpg",600,600,false],"1536x1536":["https:\/\/promocaododia.com.br\/site\/wp-content\/uploads\/2022\/11\/Kit-de-Tacas-com-12-Pecas-Bohemia.jpg",600,600,false],"2048x2048":["https:\/\/promocaododia.com.br\/site\/wp-content\/uploads\/2022\/11\/Kit-de-Tacas-com-12-Pecas-Bohemia.jpg",600,600,false],"woocommerce_thumbnail":["https:\/\/promocaododia.com.br\/site\/wp-content\/uploads\/2022\/11\/Kit-de-Tacas-com-12-Pecas-Bohemia-250x250.jpg",250,250,true],"woocommerce_single":["https:\/\/promocaododia.com.br\/site\/wp-content\/uploads\/2022\/11\/Kit-de-Tacas-com-12-Pecas-Bohemia-250x250.jpg",250,250,true],"woocommerce_gallery_thumbnail":["https:\/\/promocaododia.com.br\/site\/wp-content\/uploads\/2022\/11\/Kit-de-Tacas-com-12-Pecas-Bohemia-100x100.jpg",100,100,true]},"uagb_author_info":{"display_name":"danilo.gbr","author_link":"https:\/\/promocaododia.com.br\/site\/author\/"},"uagb_comment_info":0,"uagb_excerpt":"Kit de Ta\u00e7as de Vinho com 12 Pe\u00e7as &#8211; Bohemia As ta\u00e7as de cristal Bohemia s\u00e3o perfeitas para servir seus convidados com eleg\u00e2ncia e sofistica\u00e7\u00e3o. A marca de cristal da Rep\u00fablica Tcheca, re\u00fane a tradi\u00e7\u00e3o do trabalho do artes\u00e3o com t\u00e9cnicas modernas e avan\u00e7adas para a produ\u00e7\u00e3o do cristal. Cor: Transparente. Marca: Bohemia. Material: Cristal.&hellip;","_links":{"self":[{"href":"https:\/\/promocaododia.com.br\/site\/wp-json\/wp\/v2\/product\/1115","targetHints":{"allow":["GET"]}}],"collection":[{"href":"https:\/\/promocaododia.com.br\/site\/wp-json\/wp\/v2\/product"}],"about":[{"href":"https:\/\/promocaododia.com.br\/site\/wp-json\/wp\/v2\/types\/product"}],"wp:featuredmedia":[{"embeddable":true,"href":"https:\/\/promocaododia.com.br\/site\/wp-json\/wp\/v2\/media\/1116"}],"wp:attachment":[{"href":"https:\/\/promocaododia.com.br\/site\/wp-json\/wp\/v2\/media?parent=1115"}],"wp:term":[{"taxonomy":"product_brand","embeddable":true,"href":"https:\/\/promocaododia.com.br\/site\/wp-json\/wp\/v2\/product_brand?post=1115"},{"taxonomy":"product_cat","embeddable":true,"href":"https:\/\/promocaododia.com.br\/site\/wp-json\/wp\/v2\/product_cat?post=1115"},{"taxonomy":"product_tag","embeddable":true,"href":"https:\/\/promocaododia.com.br\/site\/wp-json\/wp\/v2\/product_tag?post=1115"}],"curies":[{"name":"wp","href":"https:\/\/api.w.org\/{rel}","templated":true}]}}