{"id":1117,"date":"2022-11-14T20:37:10","date_gmt":"2022-11-14T23:37:10","guid":{"rendered":"https:\/\/promocaododia.com.br\/site\/?post_type=product&#038;p=1117"},"modified":"2022-11-14T20:37:10","modified_gmt":"2022-11-14T23:37:10","slug":"kit-cadence-colors-vermelho-completo-iv","status":"publish","type":"product","link":"https:\/\/promocaododia.com.br\/site\/produto\/kit-cadence-colors-vermelho-completo-iv\/","title":{"rendered":"Kit Cadence Colors Vermelho Completo Iv"},"content":{"rendered":"<p>Este kit cont\u00e9m os seguintes produtos:<\/p>\n<p>Cafeteira Single Cadence Colors Vermelha \u2013 CAF211<\/p>\n<p>Diferencias:<\/p>\n<p>&#8211; Com design inovador, essa cafeteira \u00e9 vers\u00e1til e foi desenvolvida especialmente para quem gosta do caf\u00e9 passado na hora, com a temperatura e o sabor ideais da bebida.<\/p>\n<p>&#8211; Ela acrescenta ainda mais charme \u00e0 sua cozinha e praticidade \u00e0 sua vida, al\u00e9m de ser uma \u00f3tima op\u00e7\u00e3o de presente.<\/p>\n<p>&#8211; Dimens\u00f5es produto LxAxP: 175x232x220mm<\/p>\n<p>&#8211; Garantia: 6 meses<\/p>\n<p>Mixer Cadence Fast Blend Colors Vermelho &#8211; MIX291<\/p>\n<p>Diferencias:<\/p>\n<p>&#8211; 2 velocidades: maior liberdade na hora do preparo das receitas.<\/p>\n<p>&#8211; Desmont\u00e1vel: facilita na hora da limpeza e no armazenamento.<\/p>\n<p>&#8211; L\u00e2mina em a\u00e7o inoxid\u00e1vel: Muito mais durabilidade, pois n\u00e3o enferruja.<\/p>\n<p>&#8211; Corpo ergon\u00f4mico: conforto e facilidade em seu manuseio.<\/p>\n<p>&#8211; Design e cores modernas: beleza e requinte para a cozinha.<\/p>\n<p>Imagem meramente ilustrativa. Copo n\u00e3o faz parte dos acess\u00f3rios deste produto.<\/p>\n<p>&#8211; Dimens\u00f5es LxAxP: 65x380x65mm<\/p>\n<p>&#8211; Garantia: 6 meses<\/p>\n<p>Chaleira El\u00e9trica Cadence Thermo One Colors 1,7L Vermelha \u2013 CEL381<\/p>\n<p>Diferenciais:<\/p>\n<p>-Esquenta \u00e1gua de maneira r\u00e1pida e pr\u00e1tica<\/p>\n<p>-Capacidade de 1,7L<\/p>\n<p>-Resist\u00eancia embutida: Mais seguran\u00e7a e higiene<\/p>\n<p>-Sistema luminoso que indica processo de fervura<\/p>\n<p>-Base antiderrapante<\/p>\n<p>-Jarra independente de base: pode ser levada a mesa<\/p>\n<p>-Potente e baixo consumo de energia<\/p>\n<p>&#8211; Dimens\u00f5es LxAxP: 210x233x145mm<\/p>\n<p>&#8211; Garantia: 6 meses<\/p>\n<p>Liquidificador Cadence Colors Evolution Vermelho \u2013 LIQ351<\/p>\n<p>Diferencias:<\/p>\n<p>-jarra antimicrobiana: Maior prote\u00e7\u00e3o contra bact\u00e9rias e micr\u00f3bios.<\/p>\n<p>-Jarra com design inteligente: O alimento \u00e9 impulsionado para a l\u00e2mina.<\/p>\n<p>-4 velocidades e fun\u00e7\u00e3o pulsar: Regule a velocidade de acordo com o alimento a ser liquidificado.<\/p>\n<p>-L\u00e2minas em a\u00e7o inoxid\u00e1vel: Tritura e mistura com perfei\u00e7\u00e3o, garantindo melhores resultados nas receitas.<\/p>\n<p>&#8211; Dimens\u00f5es LxAxP: 210x233x145mm<\/p>\n<p>&#8211; Garantia: 12 meses<\/p>\n<p>Batedeira Jolie Cadence Vermelha \u2013 BAT411<\/p>\n<p>Diferencias:<\/p>\n<p>-Garante maior desempenho com 3 velocidades e fun\u00e7\u00e3o pulsar.<\/p>\n<p>-Design exclusivo &#8211; Design moderno, compacto e vers\u00e1til.<\/p>\n<p>-Bot\u00e3o e ejetor &#8211; \u00e9 poss\u00edvel executar todas as fun\u00e7\u00f5es em apenas um bot\u00e3o. Muito mais agilidade no processo.<\/p>\n<p>-Base antiderrapante &#8211; Garante maior estabilidade na hora de utilizar o produto e diminui as vibra\u00e7\u00f5es.<\/p>\n<p>-Uso port\u00e1til ou fixo &#8211; Pode ser utilizada na base ou como batedeira port\u00e1til, para usos mais livres.<\/p>\n<p>&#8211; Dimens\u00f5es produtoLxAxP: 310x222x230mm<\/p>\n<p>&#8211; Garantia: 12 meses<\/p>\n","protected":false},"excerpt":{"rendered":"<p>Este kit cont\u00e9m os seguintes produtos: Cafeteira Single Cadence Colors Vermelha \u2013 CAF211 Diferencias: &#8211; Com design inovador, essa cafeteira \u00e9 vers\u00e1til e foi desenvolvida especialmente para quem gosta do caf\u00e9 passado na hora, com a temperatura e o sabor ideais da bebida. &#8211; Ela acrescenta ainda mais charme \u00e0 sua cozinha e praticidade \u00e0 sua vida, al\u00e9m de ser uma \u00f3tima op\u00e7\u00e3o de presente. &#8211; Dimens\u00f5es produto LxAxP: 175x232x220mm &#8211; Garantia: 6 meses Mixer Cadence Fast Blend Colors Vermelho &#8211; MIX291 Diferencias: &#8211; 2 velocidades: maior liberdade na hora do preparo das receitas. &#8211; Desmont\u00e1vel: facilita na hora da limpeza e no armazenamento. &#8211; L\u00e2mina em a\u00e7o inoxid\u00e1vel: Muito mais durabilidade, pois n\u00e3o enferruja. &#8211; Corpo ergon\u00f4mico: conforto e facilidade em seu manuseio. &#8211; Design e cores modernas: beleza e requinte para a cozinha. Imagem meramente ilustrativa. Copo n\u00e3o faz parte dos acess\u00f3rios deste produto. &#8211; Dimens\u00f5es LxAxP: 65x380x65mm &#8211; Garantia: 6 meses Chaleira El\u00e9trica Cadence Thermo One Colors 1,7L Vermelha \u2013 CEL381 Diferenciais: -Esquenta \u00e1gua de maneira r\u00e1pida e pr\u00e1tica -Capacidade de 1,7L -Resist\u00eancia embutida: Mais seguran\u00e7a e higiene -Sistema luminoso que indica processo de fervura -Base antiderrapante -Jarra independente de base: pode ser levada a mesa -Potente e baixo consumo de energia &#8211; Dimens\u00f5es LxAxP: 210x233x145mm &#8211; Garantia: 6 meses Liquidificador Cadence Colors Evolution Vermelho \u2013 LIQ351 Diferencias: -jarra antimicrobiana: Maior prote\u00e7\u00e3o contra bact\u00e9rias e micr\u00f3bios. -Jarra com design inteligente: O alimento \u00e9 impulsionado para a l\u00e2mina. -4 velocidades e fun\u00e7\u00e3o pulsar: Regule a velocidade de acordo com o alimento a ser liquidificado. -L\u00e2minas em a\u00e7o inoxid\u00e1vel: Tritura e mistura com perfei\u00e7\u00e3o, garantindo melhores resultados nas receitas. &#8211; Dimens\u00f5es LxAxP: 210x233x145mm &#8211; Garantia: 12 meses Batedeira Jolie Cadence Vermelha \u2013 BAT411 Diferencias: -Garante maior desempenho com 3 velocidades e fun\u00e7\u00e3o pulsar. -Design exclusivo &#8211; Design moderno, compacto e vers\u00e1til. -Bot\u00e3o e ejetor &#8211; \u00e9 poss\u00edvel executar todas as fun\u00e7\u00f5es em apenas um bot\u00e3o. Muito mais agilidade no processo. -Base antiderrapante &#8211; Garante maior estabilidade na hora de utilizar o produto e diminui as vibra\u00e7\u00f5es. -Uso port\u00e1til ou fixo &#8211; Pode ser utilizada na base ou como batedeira port\u00e1til, para usos mais livres. &#8211; Dimens\u00f5es produtoLxAxP: 310x222x230mm &#8211; Garantia: 12 meses<\/p>\n","protected":false},"featured_media":1118,"template":"","meta":{"_uag_custom_page_level_css":"","site-sidebar-layout":"default","site-content-layout":"default","ast-site-content-layout":"default","site-content-style":"default","site-sidebar-style":"default","ast-global-header-display":"","ast-banner-title-visibility":"","ast-main-header-display":"","ast-hfb-above-header-display":"","ast-hfb-below-header-display":"","ast-hfb-mobile-header-display":"","site-post-title":"","ast-breadcrumbs-content":"","ast-featured-img":"","footer-sml-layout":"","theme-transparent-header-meta":"default","adv-header-id-meta":"","stick-header-meta":"","header-above-stick-meta":"","header-main-stick-meta":"","header-below-stick-meta":"","astra-migrate-meta-layouts":"default","ast-page-background-enabled":"default","ast-page-background-meta":{"desktop":{"background-color":"","background-image":"","background-repeat":"repeat","background-position":"center center","background-size":"auto","background-attachment":"scroll","background-type":"","background-media":"","overlay-type":"","overlay-color":"","overlay-opacity":"","overlay-gradient":""},"tablet":{"background-color":"","background-image":"","background-repeat":"repeat","background-position":"center center","background-size":"auto","background-attachment":"scroll","background-type":"","background-media":"","overlay-type":"","overlay-color":"","overlay-opacity":"","overlay-gradient":""},"mobile":{"background-color":"","background-image":"","background-repeat":"repeat","background-position":"center center","background-size":"auto","background-attachment":"scroll","background-type":"","background-media":"","overlay-type":"","overlay-color":"","overlay-opacity":"","overlay-gradient":""}},"ast-content-background-meta":{"desktop":{"background-color":"var(--ast-global-color-5)","background-image":"","background-repeat":"repeat","background-position":"center center","background-size":"auto","background-attachment":"scroll","background-type":"","background-media":"","overlay-type":"","overlay-color":"","overlay-opacity":"","overlay-gradient":""},"tablet":{"background-color":"var(--ast-global-color-5)","background-image":"","background-repeat":"repeat","background-position":"center center","background-size":"auto","background-attachment":"scroll","background-type":"","background-media":"","overlay-type":"","overlay-color":"","overlay-opacity":"","overlay-gradient":""},"mobile":{"background-color":"var(--ast-global-color-5)","background-image":"","background-repeat":"repeat","background-position":"center center","background-size":"auto","background-attachment":"scroll","background-type":"","background-media":"","overlay-type":"","overlay-color":"","overlay-opacity":"","overlay-gradient":""}}},"product_brand":[],"product_cat":[358,526,28,524,525],"product_tag":[359,527,119,529,528],"class_list":{"0":"post-1117","1":"product","2":"type-product","3":"status-publish","4":"has-post-thumbnail","6":"product_cat-batedeira","7":"product_cat-cafeteira","8":"product_cat-eletrodomesticos","9":"product_cat-liquidificador","10":"product_cat-mixer","11":"product_tag-batedeira","12":"product_tag-cafeteira","13":"product_tag-kit","14":"product_tag-liquidificador","15":"product_tag-mixer","16":"desktop-align-center","17":"tablet-align-left","18":"mobile-align-center","20":"first","21":"instock","22":"shipping-taxable","23":"product-type-external"},"uagb_featured_image_src":{"full":["https:\/\/promocaododia.com.br\/site\/wp-content\/uploads\/2022\/11\/Kit-Cadence-Colors-Vermelho-Completo-Iv.jpg",600,600,false],"thumbnail":["https:\/\/promocaododia.com.br\/site\/wp-content\/uploads\/2022\/11\/Kit-Cadence-Colors-Vermelho-Completo-Iv-150x150.jpg",150,150,true],"medium":["https:\/\/promocaododia.com.br\/site\/wp-content\/uploads\/2022\/11\/Kit-Cadence-Colors-Vermelho-Completo-Iv-300x300.jpg",300,300,true],"medium_large":["https:\/\/promocaododia.com.br\/site\/wp-content\/uploads\/2022\/11\/Kit-Cadence-Colors-Vermelho-Completo-Iv.jpg",600,600,false],"large":["https:\/\/promocaododia.com.br\/site\/wp-content\/uploads\/2022\/11\/Kit-Cadence-Colors-Vermelho-Completo-Iv.jpg",600,600,false],"1536x1536":["https:\/\/promocaododia.com.br\/site\/wp-content\/uploads\/2022\/11\/Kit-Cadence-Colors-Vermelho-Completo-Iv.jpg",600,600,false],"2048x2048":["https:\/\/promocaododia.com.br\/site\/wp-content\/uploads\/2022\/11\/Kit-Cadence-Colors-Vermelho-Completo-Iv.jpg",600,600,false],"woocommerce_thumbnail":["https:\/\/promocaododia.com.br\/site\/wp-content\/uploads\/2022\/11\/Kit-Cadence-Colors-Vermelho-Completo-Iv-250x250.jpg",250,250,true],"woocommerce_single":["https:\/\/promocaododia.com.br\/site\/wp-content\/uploads\/2022\/11\/Kit-Cadence-Colors-Vermelho-Completo-Iv-250x250.jpg",250,250,true],"woocommerce_gallery_thumbnail":["https:\/\/promocaododia.com.br\/site\/wp-content\/uploads\/2022\/11\/Kit-Cadence-Colors-Vermelho-Completo-Iv-100x100.jpg",100,100,true]},"uagb_author_info":{"display_name":"danilo.gbr","author_link":"https:\/\/promocaododia.com.br\/site\/author\/"},"uagb_comment_info":0,"uagb_excerpt":"Este kit cont\u00e9m os seguintes produtos: Cafeteira Single Cadence Colors Vermelha \u2013 CAF211 Diferencias: &#8211; Com design inovador, essa cafeteira \u00e9 vers\u00e1til e foi desenvolvida especialmente para quem gosta do caf\u00e9 passado na hora, com a temperatura e o sabor ideais da bebida. &#8211; Ela acrescenta ainda mais charme \u00e0 sua cozinha e praticidade \u00e0&hellip;","_links":{"self":[{"href":"https:\/\/promocaododia.com.br\/site\/wp-json\/wp\/v2\/product\/1117","targetHints":{"allow":["GET"]}}],"collection":[{"href":"https:\/\/promocaododia.com.br\/site\/wp-json\/wp\/v2\/product"}],"about":[{"href":"https:\/\/promocaododia.com.br\/site\/wp-json\/wp\/v2\/types\/product"}],"wp:featuredmedia":[{"embeddable":true,"href":"https:\/\/promocaododia.com.br\/site\/wp-json\/wp\/v2\/media\/1118"}],"wp:attachment":[{"href":"https:\/\/promocaododia.com.br\/site\/wp-json\/wp\/v2\/media?parent=1117"}],"wp:term":[{"taxonomy":"product_brand","embeddable":true,"href":"https:\/\/promocaododia.com.br\/site\/wp-json\/wp\/v2\/product_brand?post=1117"},{"taxonomy":"product_cat","embeddable":true,"href":"https:\/\/promocaododia.com.br\/site\/wp-json\/wp\/v2\/product_cat?post=1117"},{"taxonomy":"product_tag","embeddable":true,"href":"https:\/\/promocaododia.com.br\/site\/wp-json\/wp\/v2\/product_tag?post=1117"}],"curies":[{"name":"wp","href":"https:\/\/api.w.org\/{rel}","templated":true}]}}