{"id":1119,"date":"2022-11-14T20:45:08","date_gmt":"2022-11-14T23:45:08","guid":{"rendered":"https:\/\/promocaododia.com.br\/site\/?post_type=product&#038;p=1119"},"modified":"2022-11-14T20:45:08","modified_gmt":"2022-11-14T23:45:08","slug":"headset-gamer-warrior-rama-ph299-para-pc-xbox-one-e-ps4-p2-verde","status":"publish","type":"product","link":"https:\/\/promocaododia.com.br\/site\/produto\/headset-gamer-warrior-rama-ph299-para-pc-xbox-one-e-ps4-p2-verde\/","title":{"rendered":"Headset Gamer Warrior Rama PH299 para PC &#8211; Xbox One e PS4 P2 Verde"},"content":{"rendered":"<p>O headset gamer Rama PH299 da Warrior foi desenvolvido para voc\u00ea gamer que precisa de m\u00e1xima qualidade para suas partidas. Compat\u00edvel com XBox One, PS4 e PC, tem conex\u00e3o USB, P3 e P2 e oferece para o jogador um equil\u00edbrio excelente entre ergonomia e qualidade sonora, somando design e acabamento profissional. Rico em detalhes, ele conta com acabamento interno almofadado para garantir o conforto durante a utiliza\u00e7\u00e3o, drivers de 40mm para uma qualidade sonora, haste ajust\u00e1vel que permite o ajuste da altura conforme a prefer\u00eancia do jogador e luzes de LED verde decorativa com a possibilidade de utilizar ligado ou desligado.<\/p>\n","protected":false},"excerpt":{"rendered":"<p>O headset gamer Rama PH299 da Warrior foi desenvolvido para voc\u00ea gamer que precisa de m\u00e1xima qualidade para suas partidas. Compat\u00edvel com XBox One, PS4 e PC, tem conex\u00e3o USB, P3 e P2 e oferece para o jogador um equil\u00edbrio excelente entre ergonomia e qualidade sonora, somando design e acabamento profissional. Rico em detalhes, ele conta com acabamento interno almofadado para garantir o conforto durante a utiliza\u00e7\u00e3o, drivers de 40mm para uma qualidade sonora, haste ajust\u00e1vel que permite o ajuste da altura conforme a prefer\u00eancia do jogador e luzes de LED verde decorativa com a possibilidade de utilizar ligado ou desligado.<\/p>\n","protected":false},"featured_media":1120,"template":"","meta":{"_uag_custom_page_level_css":"","site-sidebar-layout":"default","site-content-layout":"default","ast-site-content-layout":"default","site-content-style":"default","site-sidebar-style":"default","ast-global-header-display":"","ast-banner-title-visibility":"","ast-main-header-display":"","ast-hfb-above-header-display":"","ast-hfb-below-header-display":"","ast-hfb-mobile-header-display":"","site-post-title":"","ast-breadcrumbs-content":"","ast-featured-img":"","footer-sml-layout":"","theme-transparent-header-meta":"default","adv-header-id-meta":"","stick-header-meta":"","header-above-stick-meta":"","header-main-stick-meta":"","header-below-stick-meta":"","astra-migrate-meta-layouts":"default","ast-page-background-enabled":"default","ast-page-background-meta":{"desktop":{"background-color":"","background-image":"","background-repeat":"repeat","background-position":"center center","background-size":"auto","background-attachment":"scroll","background-type":"","background-media":"","overlay-type":"","overlay-color":"","overlay-opacity":"","overlay-gradient":""},"tablet":{"background-color":"","background-image":"","background-repeat":"repeat","background-position":"center center","background-size":"auto","background-attachment":"scroll","background-type":"","background-media":"","overlay-type":"","overlay-color":"","overlay-opacity":"","overlay-gradient":""},"mobile":{"background-color":"","background-image":"","background-repeat":"repeat","background-position":"center center","background-size":"auto","background-attachment":"scroll","background-type":"","background-media":"","overlay-type":"","overlay-color":"","overlay-opacity":"","overlay-gradient":""}},"ast-content-background-meta":{"desktop":{"background-color":"var(--ast-global-color-5)","background-image":"","background-repeat":"repeat","background-position":"center center","background-size":"auto","background-attachment":"scroll","background-type":"","background-media":"","overlay-type":"","overlay-color":"","overlay-opacity":"","overlay-gradient":""},"tablet":{"background-color":"var(--ast-global-color-5)","background-image":"","background-repeat":"repeat","background-position":"center center","background-size":"auto","background-attachment":"scroll","background-type":"","background-media":"","overlay-type":"","overlay-color":"","overlay-opacity":"","overlay-gradient":""},"mobile":{"background-color":"var(--ast-global-color-5)","background-image":"","background-repeat":"repeat","background-position":"center center","background-size":"auto","background-attachment":"scroll","background-type":"","background-media":"","overlay-type":"","overlay-color":"","overlay-opacity":"","overlay-gradient":""}}},"product_brand":[],"product_cat":[66,244,75],"product_tag":[81,419,372],"class_list":{"0":"post-1119","1":"product","2":"type-product","3":"status-publish","4":"has-post-thumbnail","6":"product_cat-acessorios-informatica","7":"product_cat-games","8":"product_cat-informatica-e-acessorios","9":"product_tag-gamer","10":"product_tag-headset-gamer","11":"product_tag-multilaser","12":"desktop-align-center","13":"tablet-align-left","14":"mobile-align-center","16":"first","17":"instock","18":"shipping-taxable","19":"product-type-external"},"uagb_featured_image_src":{"full":["https:\/\/promocaododia.com.br\/site\/wp-content\/uploads\/2022\/11\/Headset-Gamer-Warrior-Rama-PH299-para-PC-Xbox-One-e-PS4-P2-Verde.jpg",600,600,false],"thumbnail":["https:\/\/promocaododia.com.br\/site\/wp-content\/uploads\/2022\/11\/Headset-Gamer-Warrior-Rama-PH299-para-PC-Xbox-One-e-PS4-P2-Verde-150x150.jpg",150,150,true],"medium":["https:\/\/promocaododia.com.br\/site\/wp-content\/uploads\/2022\/11\/Headset-Gamer-Warrior-Rama-PH299-para-PC-Xbox-One-e-PS4-P2-Verde-300x300.jpg",300,300,true],"medium_large":["https:\/\/promocaododia.com.br\/site\/wp-content\/uploads\/2022\/11\/Headset-Gamer-Warrior-Rama-PH299-para-PC-Xbox-One-e-PS4-P2-Verde.jpg",600,600,false],"large":["https:\/\/promocaododia.com.br\/site\/wp-content\/uploads\/2022\/11\/Headset-Gamer-Warrior-Rama-PH299-para-PC-Xbox-One-e-PS4-P2-Verde.jpg",600,600,false],"1536x1536":["https:\/\/promocaododia.com.br\/site\/wp-content\/uploads\/2022\/11\/Headset-Gamer-Warrior-Rama-PH299-para-PC-Xbox-One-e-PS4-P2-Verde.jpg",600,600,false],"2048x2048":["https:\/\/promocaododia.com.br\/site\/wp-content\/uploads\/2022\/11\/Headset-Gamer-Warrior-Rama-PH299-para-PC-Xbox-One-e-PS4-P2-Verde.jpg",600,600,false],"woocommerce_thumbnail":["https:\/\/promocaododia.com.br\/site\/wp-content\/uploads\/2022\/11\/Headset-Gamer-Warrior-Rama-PH299-para-PC-Xbox-One-e-PS4-P2-Verde-250x250.jpg",250,250,true],"woocommerce_single":["https:\/\/promocaododia.com.br\/site\/wp-content\/uploads\/2022\/11\/Headset-Gamer-Warrior-Rama-PH299-para-PC-Xbox-One-e-PS4-P2-Verde-250x250.jpg",250,250,true],"woocommerce_gallery_thumbnail":["https:\/\/promocaododia.com.br\/site\/wp-content\/uploads\/2022\/11\/Headset-Gamer-Warrior-Rama-PH299-para-PC-Xbox-One-e-PS4-P2-Verde-100x100.jpg",100,100,true]},"uagb_author_info":{"display_name":"danilo.gbr","author_link":"https:\/\/promocaododia.com.br\/site\/author\/"},"uagb_comment_info":0,"uagb_excerpt":"O headset gamer Rama PH299 da Warrior foi desenvolvido para voc\u00ea gamer que precisa de m\u00e1xima qualidade para suas partidas. Compat\u00edvel com XBox One, PS4 e PC, tem conex\u00e3o USB, P3 e P2 e oferece para o jogador um equil\u00edbrio excelente entre ergonomia e qualidade sonora, somando design e acabamento profissional. Rico em detalhes, ele&hellip;","_links":{"self":[{"href":"https:\/\/promocaododia.com.br\/site\/wp-json\/wp\/v2\/product\/1119","targetHints":{"allow":["GET"]}}],"collection":[{"href":"https:\/\/promocaododia.com.br\/site\/wp-json\/wp\/v2\/product"}],"about":[{"href":"https:\/\/promocaododia.com.br\/site\/wp-json\/wp\/v2\/types\/product"}],"wp:featuredmedia":[{"embeddable":true,"href":"https:\/\/promocaododia.com.br\/site\/wp-json\/wp\/v2\/media\/1120"}],"wp:attachment":[{"href":"https:\/\/promocaododia.com.br\/site\/wp-json\/wp\/v2\/media?parent=1119"}],"wp:term":[{"taxonomy":"product_brand","embeddable":true,"href":"https:\/\/promocaododia.com.br\/site\/wp-json\/wp\/v2\/product_brand?post=1119"},{"taxonomy":"product_cat","embeddable":true,"href":"https:\/\/promocaododia.com.br\/site\/wp-json\/wp\/v2\/product_cat?post=1119"},{"taxonomy":"product_tag","embeddable":true,"href":"https:\/\/promocaododia.com.br\/site\/wp-json\/wp\/v2\/product_tag?post=1119"}],"curies":[{"name":"wp","href":"https:\/\/api.w.org\/{rel}","templated":true}]}}