{"id":1121,"date":"2022-11-15T09:13:30","date_gmt":"2022-11-15T12:13:30","guid":{"rendered":"https:\/\/promocaododia.com.br\/site\/?post_type=product&#038;p=1121"},"modified":"2022-11-15T09:13:30","modified_gmt":"2022-11-15T12:13:30","slug":"fritadeira-sem-oleo-air-fryer-mondial-family-naf-03i-4l-preto-e-inox","status":"publish","type":"product","link":"https:\/\/promocaododia.com.br\/site\/produto\/fritadeira-sem-oleo-air-fryer-mondial-family-naf-03i-4l-preto-e-inox\/","title":{"rendered":"Fritadeira Sem \u00d3leo Air Fryer Mondial Family NAF-03I 4L &#8211; Preto e Inox"},"content":{"rendered":"<p>Fritadeira Sem \u00d3leo Air Fryer Mondial Family NAF-03I 4L &#8211; Preto e Inox<br \/>\nConsumo de energia (kW\/h)<br \/>\n1,5<br \/>\nTemperatura m\u00e1xima (\u00b0C)<br \/>\n200\u00ba C<br \/>\nCapacidade (litros)<br \/>\n4 L<br \/>\nPot\u00eancia (W)<br \/>\n1500<br \/>\nCor<br \/>\n&#8211; Preto<br \/>\n&#8211; Inox<br \/>\nTens\u00e3o\/Voltagem<br \/>\n&#8211; 110V<br \/>\n&#8211; 220V<br \/>\nConte\u00fado da Embalagem<br \/>\n&#8211; 01 Fritadeira Sem \u00d3leo Air Fryer Mondial Family NAF 03I 4 L &#8211; Preto e Inox<br \/>\n&#8211; 01 Livro de Receitas<br \/>\n&#8211; Manual de Assist\u00eancia T\u00e9cnica<br \/>\n&#8211; Manual de Instru\u00e7\u00f5es<br \/>\nCapacidade (litros)<br \/>\nAcima de 2,6L<br \/>\nGarantia<br \/>\n12 meses<br \/>\nObserva\u00e7\u00f5es<br \/>\n&#8211; Dispon\u00edvel em 110v e 220v (n\u00e3o \u00e9 um produto bivolt)<br \/>\n&#8211; A tomada do NAF-03I \u00e9 20A<br \/>\nDicas de Utiliza\u00e7\u00e3o<br \/>\n&#8211; Deixe o aparelho esfriar totalmente antes de limp\u00e1-lo ou tocar nele.<br \/>\nEntrega do Produto<br \/>\n&#8211; Todas as instru\u00e7\u00f5es, manuais e pe\u00e7as necess\u00e1rias para a montagem s\u00e3o fornecidas junto com o produto<br \/>\n&#8211; n\u00e3o nos responsabilizamos pela instala\u00e7\u00e3o\/montagem<\/p>\n","protected":false},"excerpt":{"rendered":"<p>Fritadeira Sem \u00d3leo Air Fryer Mondial Family NAF-03I 4L &#8211; Preto e Inox Consumo de energia (kW\/h) 1,5 Temperatura m\u00e1xima (\u00b0C) 200\u00ba C Capacidade (litros) 4 L Pot\u00eancia (W) 1500 Cor &#8211; Preto &#8211; Inox Tens\u00e3o\/Voltagem &#8211; 110V &#8211; 220V Conte\u00fado da Embalagem &#8211; 01 Fritadeira Sem \u00d3leo Air Fryer Mondial Family NAF 03I 4 L &#8211; Preto e Inox &#8211; 01 Livro de Receitas &#8211; Manual de Assist\u00eancia T\u00e9cnica &#8211; Manual de Instru\u00e7\u00f5es Capacidade (litros) Acima de 2,6L Garantia 12 meses Observa\u00e7\u00f5es &#8211; Dispon\u00edvel em 110v e 220v (n\u00e3o \u00e9 um produto bivolt) &#8211; A tomada do NAF-03I \u00e9 20A Dicas de Utiliza\u00e7\u00e3o &#8211; Deixe o aparelho esfriar totalmente antes de limp\u00e1-lo ou tocar nele. Entrega do Produto &#8211; Todas as instru\u00e7\u00f5es, manuais e pe\u00e7as necess\u00e1rias para a montagem s\u00e3o fornecidas junto com o produto &#8211; n\u00e3o nos responsabilizamos pela instala\u00e7\u00e3o\/montagem<\/p>\n","protected":false},"featured_media":1122,"template":"","meta":{"_uag_custom_page_level_css":"","site-sidebar-layout":"default","site-content-layout":"default","ast-site-content-layout":"default","site-content-style":"default","site-sidebar-style":"default","ast-global-header-display":"","ast-banner-title-visibility":"","ast-main-header-display":"","ast-hfb-above-header-display":"","ast-hfb-below-header-display":"","ast-hfb-mobile-header-display":"","site-post-title":"","ast-breadcrumbs-content":"","ast-featured-img":"","footer-sml-layout":"","theme-transparent-header-meta":"default","adv-header-id-meta":"","stick-header-meta":"","header-above-stick-meta":"","header-main-stick-meta":"","header-below-stick-meta":"","astra-migrate-meta-layouts":"default","ast-page-background-enabled":"default","ast-page-background-meta":{"desktop":{"background-color":"","background-image":"","background-repeat":"repeat","background-position":"center center","background-size":"auto","background-attachment":"scroll","background-type":"","background-media":"","overlay-type":"","overlay-color":"","overlay-opacity":"","overlay-gradient":""},"tablet":{"background-color":"","background-image":"","background-repeat":"repeat","background-position":"center center","background-size":"auto","background-attachment":"scroll","background-type":"","background-media":"","overlay-type":"","overlay-color":"","overlay-opacity":"","overlay-gradient":""},"mobile":{"background-color":"","background-image":"","background-repeat":"repeat","background-position":"center center","background-size":"auto","background-attachment":"scroll","background-type":"","background-media":"","overlay-type":"","overlay-color":"","overlay-opacity":"","overlay-gradient":""}},"ast-content-background-meta":{"desktop":{"background-color":"var(--ast-global-color-5)","background-image":"","background-repeat":"repeat","background-position":"center center","background-size":"auto","background-attachment":"scroll","background-type":"","background-media":"","overlay-type":"","overlay-color":"","overlay-opacity":"","overlay-gradient":""},"tablet":{"background-color":"var(--ast-global-color-5)","background-image":"","background-repeat":"repeat","background-position":"center center","background-size":"auto","background-attachment":"scroll","background-type":"","background-media":"","overlay-type":"","overlay-color":"","overlay-opacity":"","overlay-gradient":""},"mobile":{"background-color":"var(--ast-global-color-5)","background-image":"","background-repeat":"repeat","background-position":"center center","background-size":"auto","background-attachment":"scroll","background-type":"","background-media":"","overlay-type":"","overlay-color":"","overlay-opacity":"","overlay-gradient":""}}},"product_brand":[],"product_cat":[28,110],"product_tag":[113,112,111,114],"class_list":{"0":"post-1121","1":"product","2":"type-product","3":"status-publish","4":"has-post-thumbnail","6":"product_cat-eletrodomesticos","7":"product_cat-fritadeira","8":"product_tag-air-fryer","9":"product_tag-airfryer","10":"product_tag-fritadeira","11":"product_tag-sem-oleo","12":"desktop-align-center","13":"tablet-align-left","14":"mobile-align-center","16":"first","17":"instock","18":"shipping-taxable","19":"product-type-external"},"uagb_featured_image_src":{"full":["https:\/\/promocaododia.com.br\/site\/wp-content\/uploads\/2022\/11\/Fritadeira-Sem-Oleo-Air-Fryer-Mondial-Family-NAF-03I-4L-Preto-e-Inox.jpg",600,600,false],"thumbnail":["https:\/\/promocaododia.com.br\/site\/wp-content\/uploads\/2022\/11\/Fritadeira-Sem-Oleo-Air-Fryer-Mondial-Family-NAF-03I-4L-Preto-e-Inox-150x150.jpg",150,150,true],"medium":["https:\/\/promocaododia.com.br\/site\/wp-content\/uploads\/2022\/11\/Fritadeira-Sem-Oleo-Air-Fryer-Mondial-Family-NAF-03I-4L-Preto-e-Inox-300x300.jpg",300,300,true],"medium_large":["https:\/\/promocaododia.com.br\/site\/wp-content\/uploads\/2022\/11\/Fritadeira-Sem-Oleo-Air-Fryer-Mondial-Family-NAF-03I-4L-Preto-e-Inox.jpg",600,600,false],"large":["https:\/\/promocaododia.com.br\/site\/wp-content\/uploads\/2022\/11\/Fritadeira-Sem-Oleo-Air-Fryer-Mondial-Family-NAF-03I-4L-Preto-e-Inox.jpg",600,600,false],"1536x1536":["https:\/\/promocaododia.com.br\/site\/wp-content\/uploads\/2022\/11\/Fritadeira-Sem-Oleo-Air-Fryer-Mondial-Family-NAF-03I-4L-Preto-e-Inox.jpg",600,600,false],"2048x2048":["https:\/\/promocaododia.com.br\/site\/wp-content\/uploads\/2022\/11\/Fritadeira-Sem-Oleo-Air-Fryer-Mondial-Family-NAF-03I-4L-Preto-e-Inox.jpg",600,600,false],"woocommerce_thumbnail":["https:\/\/promocaododia.com.br\/site\/wp-content\/uploads\/2022\/11\/Fritadeira-Sem-Oleo-Air-Fryer-Mondial-Family-NAF-03I-4L-Preto-e-Inox-250x250.jpg",250,250,true],"woocommerce_single":["https:\/\/promocaododia.com.br\/site\/wp-content\/uploads\/2022\/11\/Fritadeira-Sem-Oleo-Air-Fryer-Mondial-Family-NAF-03I-4L-Preto-e-Inox-250x250.jpg",250,250,true],"woocommerce_gallery_thumbnail":["https:\/\/promocaododia.com.br\/site\/wp-content\/uploads\/2022\/11\/Fritadeira-Sem-Oleo-Air-Fryer-Mondial-Family-NAF-03I-4L-Preto-e-Inox-100x100.jpg",100,100,true]},"uagb_author_info":{"display_name":"danilo.gbr","author_link":"https:\/\/promocaododia.com.br\/site\/author\/"},"uagb_comment_info":0,"uagb_excerpt":"Fritadeira Sem \u00d3leo Air Fryer Mondial Family NAF-03I 4L &#8211; Preto e Inox Consumo de energia (kW\/h) 1,5 Temperatura m\u00e1xima (\u00b0C) 200\u00ba C Capacidade (litros) 4 L Pot\u00eancia (W) 1500 Cor &#8211; Preto &#8211; Inox Tens\u00e3o\/Voltagem &#8211; 110V &#8211; 220V Conte\u00fado da Embalagem &#8211; 01 Fritadeira Sem \u00d3leo Air Fryer Mondial Family NAF 03I 4&hellip;","_links":{"self":[{"href":"https:\/\/promocaododia.com.br\/site\/wp-json\/wp\/v2\/product\/1121","targetHints":{"allow":["GET"]}}],"collection":[{"href":"https:\/\/promocaododia.com.br\/site\/wp-json\/wp\/v2\/product"}],"about":[{"href":"https:\/\/promocaododia.com.br\/site\/wp-json\/wp\/v2\/types\/product"}],"wp:featuredmedia":[{"embeddable":true,"href":"https:\/\/promocaododia.com.br\/site\/wp-json\/wp\/v2\/media\/1122"}],"wp:attachment":[{"href":"https:\/\/promocaododia.com.br\/site\/wp-json\/wp\/v2\/media?parent=1121"}],"wp:term":[{"taxonomy":"product_brand","embeddable":true,"href":"https:\/\/promocaododia.com.br\/site\/wp-json\/wp\/v2\/product_brand?post=1121"},{"taxonomy":"product_cat","embeddable":true,"href":"https:\/\/promocaododia.com.br\/site\/wp-json\/wp\/v2\/product_cat?post=1121"},{"taxonomy":"product_tag","embeddable":true,"href":"https:\/\/promocaododia.com.br\/site\/wp-json\/wp\/v2\/product_tag?post=1121"}],"curies":[{"name":"wp","href":"https:\/\/api.w.org\/{rel}","templated":true}]}}