{"id":1123,"date":"2022-11-15T18:29:30","date_gmt":"2022-11-15T21:29:30","guid":{"rendered":"https:\/\/promocaododia.com.br\/site\/?post_type=product&#038;p=1123"},"modified":"2022-11-15T18:29:30","modified_gmt":"2022-11-15T21:29:30","slug":"sapatenis-jogging-masculino-sapatofran-casual-marinho","status":"publish","type":"product","link":"https:\/\/promocaododia.com.br\/site\/produto\/sapatenis-jogging-masculino-sapatofran-casual-marinho\/","title":{"rendered":"Sapat\u00eanis Jogging Masculino SapatoFran Casual Marinho"},"content":{"rendered":"<p>O Sapat\u00eanis conta com um Design Arrojado, oferece Qualidade e Conforto. \u00e9 Confeccionado em sint\u00e9tico com detalhes em Nylon para melhor se adequar no seu p\u00e9. Seu interior muito confort\u00e1vel por ser forrado em Algod\u00e3o e Espumas, tendo uma Palmilha Macia para voc\u00ea usar por longos per\u00edodos. Seu solado emborrachado oferece uma melhor tra\u00e7\u00e3o para seus passos, auxiliando num maior conforto em cada movimento de suas atividades di\u00e1rias. &#8211; medidas aproximadas: N\u00ba 37 &#8211; Palmilha 26,2cm &#8211; Sola 28,0cm. N\u00ba 38 &#8211; Palmilha 26,4cm &#8211; Sola 28,0cm. N\u00ba 39 &#8211; Palmilha 26,8cm &#8211; Sola 29,0cm. N\u00ba 40 &#8211; Palmilha 27,8cm &#8211; Sola 29,5cm. N\u00ba 41 &#8211; Palmilha 29,0cm &#8211; Sola 31,0cm. N\u00ba 42 &#8211; Palmilha 29,2cm &#8211; Sola 31,0cm. N\u00ba 43 &#8211; Palmilha 31,0cm &#8211; Sola 32,0cm. N\u00ba 44 &#8211; Palmilha 31,2cm &#8211; Sola 32,5cm<\/p>\n","protected":false},"excerpt":{"rendered":"<p>O Sapat\u00eanis conta com um Design Arrojado, oferece Qualidade e Conforto. \u00e9 Confeccionado em sint\u00e9tico com detalhes em Nylon para melhor se adequar no seu p\u00e9. Seu interior muito confort\u00e1vel por ser forrado em Algod\u00e3o e Espumas, tendo uma Palmilha Macia para voc\u00ea usar por longos per\u00edodos. Seu solado emborrachado oferece uma melhor tra\u00e7\u00e3o para seus passos, auxiliando num maior conforto em cada movimento de suas atividades di\u00e1rias. &#8211; medidas aproximadas: N\u00ba 37 &#8211; Palmilha 26,2cm &#8211; Sola 28,0cm. N\u00ba 38 &#8211; Palmilha 26,4cm &#8211; Sola 28,0cm. N\u00ba 39 &#8211; Palmilha 26,8cm &#8211; Sola 29,0cm. N\u00ba 40 &#8211; Palmilha 27,8cm &#8211; Sola 29,5cm. N\u00ba 41 &#8211; Palmilha 29,0cm &#8211; Sola 31,0cm. N\u00ba 42 &#8211; Palmilha 29,2cm &#8211; Sola 31,0cm. N\u00ba 43 &#8211; Palmilha 31,0cm &#8211; Sola 32,0cm. N\u00ba 44 &#8211; Palmilha 31,2cm &#8211; Sola 32,5cm<\/p>\n","protected":false},"featured_media":1124,"template":"","meta":{"_uag_custom_page_level_css":"","site-sidebar-layout":"default","site-content-layout":"default","ast-site-content-layout":"default","site-content-style":"default","site-sidebar-style":"default","ast-global-header-display":"","ast-banner-title-visibility":"","ast-main-header-display":"","ast-hfb-above-header-display":"","ast-hfb-below-header-display":"","ast-hfb-mobile-header-display":"","site-post-title":"","ast-breadcrumbs-content":"","ast-featured-img":"","footer-sml-layout":"","theme-transparent-header-meta":"default","adv-header-id-meta":"","stick-header-meta":"","header-above-stick-meta":"","header-main-stick-meta":"","header-below-stick-meta":"","astra-migrate-meta-layouts":"default","ast-page-background-enabled":"default","ast-page-background-meta":{"desktop":{"background-color":"","background-image":"","background-repeat":"repeat","background-position":"center center","background-size":"auto","background-attachment":"scroll","background-type":"","background-media":"","overlay-type":"","overlay-color":"","overlay-opacity":"","overlay-gradient":""},"tablet":{"background-color":"","background-image":"","background-repeat":"repeat","background-position":"center center","background-size":"auto","background-attachment":"scroll","background-type":"","background-media":"","overlay-type":"","overlay-color":"","overlay-opacity":"","overlay-gradient":""},"mobile":{"background-color":"","background-image":"","background-repeat":"repeat","background-position":"center center","background-size":"auto","background-attachment":"scroll","background-type":"","background-media":"","overlay-type":"","overlay-color":"","overlay-opacity":"","overlay-gradient":""}},"ast-content-background-meta":{"desktop":{"background-color":"var(--ast-global-color-5)","background-image":"","background-repeat":"repeat","background-position":"center center","background-size":"auto","background-attachment":"scroll","background-type":"","background-media":"","overlay-type":"","overlay-color":"","overlay-opacity":"","overlay-gradient":""},"tablet":{"background-color":"var(--ast-global-color-5)","background-image":"","background-repeat":"repeat","background-position":"center center","background-size":"auto","background-attachment":"scroll","background-type":"","background-media":"","overlay-type":"","overlay-color":"","overlay-opacity":"","overlay-gradient":""},"mobile":{"background-color":"var(--ast-global-color-5)","background-image":"","background-repeat":"repeat","background-position":"center center","background-size":"auto","background-attachment":"scroll","background-type":"","background-media":"","overlay-type":"","overlay-color":"","overlay-opacity":"","overlay-gradient":""}}},"product_brand":[],"product_cat":[77,31,30],"product_tag":[78,119,518],"class_list":{"0":"post-1123","1":"product","2":"type-product","3":"status-publish","4":"has-post-thumbnail","6":"product_cat-calcados","7":"product_cat-masculina","8":"product_cat-moda","9":"product_tag-calcado-masculino","10":"product_tag-kit","11":"product_tag-sapatenis","12":"desktop-align-center","13":"tablet-align-left","14":"mobile-align-center","16":"first","17":"instock","18":"sale","19":"shipping-taxable","20":"product-type-external"},"uagb_featured_image_src":{"full":["https:\/\/promocaododia.com.br\/site\/wp-content\/uploads\/2022\/11\/Sapatenis-Jogging-Masculino-SapatoFran-Casual-Marinho.jpg",600,600,false],"thumbnail":["https:\/\/promocaododia.com.br\/site\/wp-content\/uploads\/2022\/11\/Sapatenis-Jogging-Masculino-SapatoFran-Casual-Marinho-150x150.jpg",150,150,true],"medium":["https:\/\/promocaododia.com.br\/site\/wp-content\/uploads\/2022\/11\/Sapatenis-Jogging-Masculino-SapatoFran-Casual-Marinho-300x300.jpg",300,300,true],"medium_large":["https:\/\/promocaododia.com.br\/site\/wp-content\/uploads\/2022\/11\/Sapatenis-Jogging-Masculino-SapatoFran-Casual-Marinho.jpg",600,600,false],"large":["https:\/\/promocaododia.com.br\/site\/wp-content\/uploads\/2022\/11\/Sapatenis-Jogging-Masculino-SapatoFran-Casual-Marinho.jpg",600,600,false],"1536x1536":["https:\/\/promocaododia.com.br\/site\/wp-content\/uploads\/2022\/11\/Sapatenis-Jogging-Masculino-SapatoFran-Casual-Marinho.jpg",600,600,false],"2048x2048":["https:\/\/promocaododia.com.br\/site\/wp-content\/uploads\/2022\/11\/Sapatenis-Jogging-Masculino-SapatoFran-Casual-Marinho.jpg",600,600,false],"woocommerce_thumbnail":["https:\/\/promocaododia.com.br\/site\/wp-content\/uploads\/2022\/11\/Sapatenis-Jogging-Masculino-SapatoFran-Casual-Marinho-250x250.jpg",250,250,true],"woocommerce_single":["https:\/\/promocaododia.com.br\/site\/wp-content\/uploads\/2022\/11\/Sapatenis-Jogging-Masculino-SapatoFran-Casual-Marinho-250x250.jpg",250,250,true],"woocommerce_gallery_thumbnail":["https:\/\/promocaododia.com.br\/site\/wp-content\/uploads\/2022\/11\/Sapatenis-Jogging-Masculino-SapatoFran-Casual-Marinho-100x100.jpg",100,100,true]},"uagb_author_info":{"display_name":"danilo.gbr","author_link":"https:\/\/promocaododia.com.br\/site\/author\/"},"uagb_comment_info":0,"uagb_excerpt":"O Sapat\u00eanis conta com um Design Arrojado, oferece Qualidade e Conforto. \u00e9 Confeccionado em sint\u00e9tico com detalhes em Nylon para melhor se adequar no seu p\u00e9. Seu interior muito confort\u00e1vel por ser forrado em Algod\u00e3o e Espumas, tendo uma Palmilha Macia para voc\u00ea usar por longos per\u00edodos. Seu solado emborrachado oferece uma melhor tra\u00e7\u00e3o para&hellip;","_links":{"self":[{"href":"https:\/\/promocaododia.com.br\/site\/wp-json\/wp\/v2\/product\/1123","targetHints":{"allow":["GET"]}}],"collection":[{"href":"https:\/\/promocaododia.com.br\/site\/wp-json\/wp\/v2\/product"}],"about":[{"href":"https:\/\/promocaododia.com.br\/site\/wp-json\/wp\/v2\/types\/product"}],"wp:featuredmedia":[{"embeddable":true,"href":"https:\/\/promocaododia.com.br\/site\/wp-json\/wp\/v2\/media\/1124"}],"wp:attachment":[{"href":"https:\/\/promocaododia.com.br\/site\/wp-json\/wp\/v2\/media?parent=1123"}],"wp:term":[{"taxonomy":"product_brand","embeddable":true,"href":"https:\/\/promocaododia.com.br\/site\/wp-json\/wp\/v2\/product_brand?post=1123"},{"taxonomy":"product_cat","embeddable":true,"href":"https:\/\/promocaododia.com.br\/site\/wp-json\/wp\/v2\/product_cat?post=1123"},{"taxonomy":"product_tag","embeddable":true,"href":"https:\/\/promocaododia.com.br\/site\/wp-json\/wp\/v2\/product_tag?post=1123"}],"curies":[{"name":"wp","href":"https:\/\/api.w.org\/{rel}","templated":true}]}}