{"id":1125,"date":"2022-11-15T18:42:32","date_gmt":"2022-11-15T21:42:32","guid":{"rendered":"https:\/\/promocaododia.com.br\/site\/?post_type=product&#038;p=1125"},"modified":"2022-11-15T18:42:32","modified_gmt":"2022-11-15T21:42:32","slug":"kit-wella-invigo-nutri-enrich","status":"publish","type":"product","link":"https:\/\/promocaododia.com.br\/site\/produto\/kit-wella-invigo-nutri-enrich\/","title":{"rendered":"Kit Wella Invigo Nutri Enrich"},"content":{"rendered":"<p>Kit Wella Invigo Nutri Enrich Shampoo 1L + Condicionador 1L + M\u00e1scara 500g<\/p>\n<p>Shampoo Wella Professionals Invigo Nutri Enrich 1000ml: Shampoo nutritivo para cabelos danificados e ressecados. Para limpeza di\u00e1ria para cabelos ressecados. Uma nutri\u00e7\u00e3o instant\u00e2nea que devolve toda maciez aos cabelos mais ressecados, recuperando sua vitalidade. Um tratamento digno dos melhores sal\u00f5es.<\/p>\n<p>Condicionador Wella Professional Invigo Nutri Enrich 1000ml: Nutritivo para cabelos danificados. Para o cuidado di\u00e1rio para cabelos ressecados. Uma nutri\u00e7\u00e3o instant\u00e2nea que devolve toda maciez aos cabelos mais ressecados, recuperando sua vitalidade. Um tratamento digno dos melhores sal\u00f5es.<\/p>\n<p>M\u00e1scara Wella Professionals Invigo Nutri Enrich 500g: M\u00e1scara nutritiva para cabelos danificados. Para a nutri\u00e7\u00e3o instant\u00e2nea que devolve toda maciez aos cabelos mais ressecados, recuperando sua vitalidade. Um tratamento digno dos melhores sal\u00f5es.<\/p>\n<p>Shampoo Anvisa Processo N\u00ba 25351.671136\/201712<br \/>\nCondicionador Anvisa Processo N\u00ba 25351.671061\/201716<br \/>\nM\u00e1scara Anvisa Processo N\u00ba 25351.670991\/201747<\/p>\n","protected":false},"excerpt":{"rendered":"<p>Kit Wella Invigo Nutri Enrich Shampoo 1L + Condicionador 1L + M\u00e1scara 500g Shampoo Wella Professionals Invigo Nutri Enrich 1000ml: Shampoo nutritivo para cabelos danificados e ressecados. Para limpeza di\u00e1ria para cabelos ressecados. Uma nutri\u00e7\u00e3o instant\u00e2nea que devolve toda maciez aos cabelos mais ressecados, recuperando sua vitalidade. Um tratamento digno dos melhores sal\u00f5es. Condicionador Wella Professional Invigo Nutri Enrich 1000ml: Nutritivo para cabelos danificados. Para o cuidado di\u00e1rio para cabelos ressecados. Uma nutri\u00e7\u00e3o instant\u00e2nea que devolve toda maciez aos cabelos mais ressecados, recuperando sua vitalidade. Um tratamento digno dos melhores sal\u00f5es. M\u00e1scara Wella Professionals Invigo Nutri Enrich 500g: M\u00e1scara nutritiva para cabelos danificados. Para a nutri\u00e7\u00e3o instant\u00e2nea que devolve toda maciez aos cabelos mais ressecados, recuperando sua vitalidade. Um tratamento digno dos melhores sal\u00f5es. Shampoo Anvisa Processo N\u00ba 25351.671136\/201712 Condicionador Anvisa Processo N\u00ba 25351.671061\/201716 M\u00e1scara Anvisa Processo N\u00ba 25351.670991\/201747<\/p>\n","protected":false},"featured_media":1126,"template":"","meta":{"_uag_custom_page_level_css":"","site-sidebar-layout":"default","site-content-layout":"default","ast-site-content-layout":"default","site-content-style":"default","site-sidebar-style":"default","ast-global-header-display":"","ast-banner-title-visibility":"","ast-main-header-display":"","ast-hfb-above-header-display":"","ast-hfb-below-header-display":"","ast-hfb-mobile-header-display":"","site-post-title":"","ast-breadcrumbs-content":"","ast-featured-img":"","footer-sml-layout":"","theme-transparent-header-meta":"default","adv-header-id-meta":"","stick-header-meta":"","header-above-stick-meta":"","header-main-stick-meta":"","header-below-stick-meta":"","astra-migrate-meta-layouts":"default","ast-page-background-enabled":"default","ast-page-background-meta":{"desktop":{"background-color":"","background-image":"","background-repeat":"repeat","background-position":"center center","background-size":"auto","background-attachment":"scroll","background-type":"","background-media":"","overlay-type":"","overlay-color":"","overlay-opacity":"","overlay-gradient":""},"tablet":{"background-color":"","background-image":"","background-repeat":"repeat","background-position":"center center","background-size":"auto","background-attachment":"scroll","background-type":"","background-media":"","overlay-type":"","overlay-color":"","overlay-opacity":"","overlay-gradient":""},"mobile":{"background-color":"","background-image":"","background-repeat":"repeat","background-position":"center center","background-size":"auto","background-attachment":"scroll","background-type":"","background-media":"","overlay-type":"","overlay-color":"","overlay-opacity":"","overlay-gradient":""}},"ast-content-background-meta":{"desktop":{"background-color":"var(--ast-global-color-5)","background-image":"","background-repeat":"repeat","background-position":"center center","background-size":"auto","background-attachment":"scroll","background-type":"","background-media":"","overlay-type":"","overlay-color":"","overlay-opacity":"","overlay-gradient":""},"tablet":{"background-color":"var(--ast-global-color-5)","background-image":"","background-repeat":"repeat","background-position":"center center","background-size":"auto","background-attachment":"scroll","background-type":"","background-media":"","overlay-type":"","overlay-color":"","overlay-opacity":"","overlay-gradient":""},"mobile":{"background-color":"var(--ast-global-color-5)","background-image":"","background-repeat":"repeat","background-position":"center center","background-size":"auto","background-attachment":"scroll","background-type":"","background-media":"","overlay-type":"","overlay-color":"","overlay-opacity":"","overlay-gradient":""}}},"product_brand":[],"product_cat":[33,144],"product_tag":[147,119,146],"class_list":{"0":"post-1125","1":"product","2":"type-product","3":"status-publish","4":"has-post-thumbnail","6":"product_cat-beleza-e-perfumaria","7":"product_cat-higiene-pessoal","8":"product_tag-condicionador","9":"product_tag-kit","10":"product_tag-shampoo","11":"desktop-align-center","12":"tablet-align-left","13":"mobile-align-center","15":"first","16":"instock","17":"sale","18":"shipping-taxable","19":"product-type-external"},"uagb_featured_image_src":{"full":["https:\/\/promocaododia.com.br\/site\/wp-content\/uploads\/2022\/11\/Kit-Wella-Invigo-Nutri-Enrich.jpg",600,600,false],"thumbnail":["https:\/\/promocaododia.com.br\/site\/wp-content\/uploads\/2022\/11\/Kit-Wella-Invigo-Nutri-Enrich-150x150.jpg",150,150,true],"medium":["https:\/\/promocaododia.com.br\/site\/wp-content\/uploads\/2022\/11\/Kit-Wella-Invigo-Nutri-Enrich-300x300.jpg",300,300,true],"medium_large":["https:\/\/promocaododia.com.br\/site\/wp-content\/uploads\/2022\/11\/Kit-Wella-Invigo-Nutri-Enrich.jpg",600,600,false],"large":["https:\/\/promocaododia.com.br\/site\/wp-content\/uploads\/2022\/11\/Kit-Wella-Invigo-Nutri-Enrich.jpg",600,600,false],"1536x1536":["https:\/\/promocaododia.com.br\/site\/wp-content\/uploads\/2022\/11\/Kit-Wella-Invigo-Nutri-Enrich.jpg",600,600,false],"2048x2048":["https:\/\/promocaododia.com.br\/site\/wp-content\/uploads\/2022\/11\/Kit-Wella-Invigo-Nutri-Enrich.jpg",600,600,false],"woocommerce_thumbnail":["https:\/\/promocaododia.com.br\/site\/wp-content\/uploads\/2022\/11\/Kit-Wella-Invigo-Nutri-Enrich-250x250.jpg",250,250,true],"woocommerce_single":["https:\/\/promocaododia.com.br\/site\/wp-content\/uploads\/2022\/11\/Kit-Wella-Invigo-Nutri-Enrich-250x250.jpg",250,250,true],"woocommerce_gallery_thumbnail":["https:\/\/promocaododia.com.br\/site\/wp-content\/uploads\/2022\/11\/Kit-Wella-Invigo-Nutri-Enrich-100x100.jpg",100,100,true]},"uagb_author_info":{"display_name":"danilo.gbr","author_link":"https:\/\/promocaododia.com.br\/site\/author\/"},"uagb_comment_info":0,"uagb_excerpt":"Kit Wella Invigo Nutri Enrich Shampoo 1L + Condicionador 1L + M\u00e1scara 500g Shampoo Wella Professionals Invigo Nutri Enrich 1000ml: Shampoo nutritivo para cabelos danificados e ressecados. Para limpeza di\u00e1ria para cabelos ressecados. Uma nutri\u00e7\u00e3o instant\u00e2nea que devolve toda maciez aos cabelos mais ressecados, recuperando sua vitalidade. Um tratamento digno dos melhores sal\u00f5es. Condicionador Wella&hellip;","_links":{"self":[{"href":"https:\/\/promocaododia.com.br\/site\/wp-json\/wp\/v2\/product\/1125","targetHints":{"allow":["GET"]}}],"collection":[{"href":"https:\/\/promocaododia.com.br\/site\/wp-json\/wp\/v2\/product"}],"about":[{"href":"https:\/\/promocaododia.com.br\/site\/wp-json\/wp\/v2\/types\/product"}],"wp:featuredmedia":[{"embeddable":true,"href":"https:\/\/promocaododia.com.br\/site\/wp-json\/wp\/v2\/media\/1126"}],"wp:attachment":[{"href":"https:\/\/promocaododia.com.br\/site\/wp-json\/wp\/v2\/media?parent=1125"}],"wp:term":[{"taxonomy":"product_brand","embeddable":true,"href":"https:\/\/promocaododia.com.br\/site\/wp-json\/wp\/v2\/product_brand?post=1125"},{"taxonomy":"product_cat","embeddable":true,"href":"https:\/\/promocaododia.com.br\/site\/wp-json\/wp\/v2\/product_cat?post=1125"},{"taxonomy":"product_tag","embeddable":true,"href":"https:\/\/promocaododia.com.br\/site\/wp-json\/wp\/v2\/product_tag?post=1125"}],"curies":[{"name":"wp","href":"https:\/\/api.w.org\/{rel}","templated":true}]}}