{"id":1127,"date":"2022-11-15T18:51:40","date_gmt":"2022-11-15T21:51:40","guid":{"rendered":"https:\/\/promocaododia.com.br\/site\/?post_type=product&#038;p=1127"},"modified":"2022-11-15T18:51:40","modified_gmt":"2022-11-15T21:51:40","slug":"kit-3-baby-dolls-vivi-tecido-fibra-natural","status":"publish","type":"product","link":"https:\/\/promocaododia.com.br\/site\/produto\/kit-3-baby-dolls-vivi-tecido-fibra-natural\/","title":{"rendered":"Kit 3 Baby Dolls Vivi Tecido Fibra Natural"},"content":{"rendered":"<ul class=\"a-unordered-list a-vertical a-spacing-mini\">\n<li><span class=\"a-list-item\">Kit com 3 Baby Dolls Vivi Fibra Natural<\/span><\/li>\n<li><span class=\"a-list-item\">Fabricado em tecido ecol\u00f3gico, fibra natural<\/span><\/li>\n<li><span class=\"a-list-item\">Composi\u00e7\u00e3o: 96% Viscose e 4% Elastano<\/span><\/li>\n<li><span class=\"a-list-item\">Tamanho P veste Manequim 34, Tamanho M veste Manequim 36\/38, Tamanho G veste manequim 40\/42, Tamanho GG veste manequim 44\/46<\/span><\/li>\n<li><span class=\"a-list-item\">Tecido antial\u00e9rgico<\/span><\/li>\n<\/ul>\n","protected":false},"excerpt":{"rendered":"<p>Kit com 3 Baby Dolls Vivi Fibra Natural Fabricado em tecido ecol\u00f3gico, fibra natural Composi\u00e7\u00e3o: 96% Viscose e 4% Elastano Tamanho P veste Manequim 34, Tamanho M veste Manequim 36\/38, Tamanho G veste manequim 40\/42, Tamanho GG veste manequim 44\/46 Tecido antial\u00e9rgico<\/p>\n","protected":false},"featured_media":1128,"template":"","meta":{"_uag_custom_page_level_css":"","site-sidebar-layout":"default","site-content-layout":"default","ast-site-content-layout":"default","site-content-style":"default","site-sidebar-style":"default","ast-global-header-display":"","ast-banner-title-visibility":"","ast-main-header-display":"","ast-hfb-above-header-display":"","ast-hfb-below-header-display":"","ast-hfb-mobile-header-display":"","site-post-title":"","ast-breadcrumbs-content":"","ast-featured-img":"","footer-sml-layout":"","theme-transparent-header-meta":"default","adv-header-id-meta":"","stick-header-meta":"","header-above-stick-meta":"","header-main-stick-meta":"","header-below-stick-meta":"","astra-migrate-meta-layouts":"default","ast-page-background-enabled":"default","ast-page-background-meta":{"desktop":{"background-color":"","background-image":"","background-repeat":"repeat","background-position":"center center","background-size":"auto","background-attachment":"scroll","background-type":"","background-media":"","overlay-type":"","overlay-color":"","overlay-opacity":"","overlay-gradient":""},"tablet":{"background-color":"","background-image":"","background-repeat":"repeat","background-position":"center center","background-size":"auto","background-attachment":"scroll","background-type":"","background-media":"","overlay-type":"","overlay-color":"","overlay-opacity":"","overlay-gradient":""},"mobile":{"background-color":"","background-image":"","background-repeat":"repeat","background-position":"center center","background-size":"auto","background-attachment":"scroll","background-type":"","background-media":"","overlay-type":"","overlay-color":"","overlay-opacity":"","overlay-gradient":""}},"ast-content-background-meta":{"desktop":{"background-color":"var(--ast-global-color-5)","background-image":"","background-repeat":"repeat","background-position":"center center","background-size":"auto","background-attachment":"scroll","background-type":"","background-media":"","overlay-type":"","overlay-color":"","overlay-opacity":"","overlay-gradient":""},"tablet":{"background-color":"var(--ast-global-color-5)","background-image":"","background-repeat":"repeat","background-position":"center center","background-size":"auto","background-attachment":"scroll","background-type":"","background-media":"","overlay-type":"","overlay-color":"","overlay-opacity":"","overlay-gradient":""},"mobile":{"background-color":"var(--ast-global-color-5)","background-image":"","background-repeat":"repeat","background-position":"center center","background-size":"auto","background-attachment":"scroll","background-type":"","background-media":"","overlay-type":"","overlay-color":"","overlay-opacity":"","overlay-gradient":""}}},"product_brand":[],"product_cat":[58,478,30],"product_tag":[531,530,479],"class_list":{"0":"post-1127","1":"product","2":"type-product","3":"status-publish","4":"has-post-thumbnail","6":"product_cat-feminina","7":"product_cat-lingeries-e-roupas-intimas","8":"product_cat-moda","9":"product_tag-baby-doll","10":"product_tag-moda-feminina","11":"product_tag-pijamas","12":"desktop-align-center","13":"tablet-align-left","14":"mobile-align-center","16":"first","17":"instock","18":"shipping-taxable","19":"product-type-external"},"uagb_featured_image_src":{"full":["https:\/\/promocaododia.com.br\/site\/wp-content\/uploads\/2022\/11\/Kit-3-Baby-Dolls-Vivi-Tecido-Fibra-Natural.jpg",600,600,false],"thumbnail":["https:\/\/promocaododia.com.br\/site\/wp-content\/uploads\/2022\/11\/Kit-3-Baby-Dolls-Vivi-Tecido-Fibra-Natural-150x150.jpg",150,150,true],"medium":["https:\/\/promocaododia.com.br\/site\/wp-content\/uploads\/2022\/11\/Kit-3-Baby-Dolls-Vivi-Tecido-Fibra-Natural-300x300.jpg",300,300,true],"medium_large":["https:\/\/promocaododia.com.br\/site\/wp-content\/uploads\/2022\/11\/Kit-3-Baby-Dolls-Vivi-Tecido-Fibra-Natural.jpg",600,600,false],"large":["https:\/\/promocaododia.com.br\/site\/wp-content\/uploads\/2022\/11\/Kit-3-Baby-Dolls-Vivi-Tecido-Fibra-Natural.jpg",600,600,false],"1536x1536":["https:\/\/promocaododia.com.br\/site\/wp-content\/uploads\/2022\/11\/Kit-3-Baby-Dolls-Vivi-Tecido-Fibra-Natural.jpg",600,600,false],"2048x2048":["https:\/\/promocaododia.com.br\/site\/wp-content\/uploads\/2022\/11\/Kit-3-Baby-Dolls-Vivi-Tecido-Fibra-Natural.jpg",600,600,false],"woocommerce_thumbnail":["https:\/\/promocaododia.com.br\/site\/wp-content\/uploads\/2022\/11\/Kit-3-Baby-Dolls-Vivi-Tecido-Fibra-Natural-250x250.jpg",250,250,true],"woocommerce_single":["https:\/\/promocaododia.com.br\/site\/wp-content\/uploads\/2022\/11\/Kit-3-Baby-Dolls-Vivi-Tecido-Fibra-Natural-250x250.jpg",250,250,true],"woocommerce_gallery_thumbnail":["https:\/\/promocaododia.com.br\/site\/wp-content\/uploads\/2022\/11\/Kit-3-Baby-Dolls-Vivi-Tecido-Fibra-Natural-100x100.jpg",100,100,true]},"uagb_author_info":{"display_name":"danilo.gbr","author_link":"https:\/\/promocaododia.com.br\/site\/author\/"},"uagb_comment_info":0,"uagb_excerpt":"Kit com 3 Baby Dolls Vivi Fibra Natural Fabricado em tecido ecol\u00f3gico, fibra natural Composi\u00e7\u00e3o: 96% Viscose e 4% Elastano Tamanho P veste Manequim 34, Tamanho M veste Manequim 36\/38, Tamanho G veste manequim 40\/42, Tamanho GG veste manequim 44\/46 Tecido antial\u00e9rgico","_links":{"self":[{"href":"https:\/\/promocaododia.com.br\/site\/wp-json\/wp\/v2\/product\/1127","targetHints":{"allow":["GET"]}}],"collection":[{"href":"https:\/\/promocaododia.com.br\/site\/wp-json\/wp\/v2\/product"}],"about":[{"href":"https:\/\/promocaododia.com.br\/site\/wp-json\/wp\/v2\/types\/product"}],"wp:featuredmedia":[{"embeddable":true,"href":"https:\/\/promocaododia.com.br\/site\/wp-json\/wp\/v2\/media\/1128"}],"wp:attachment":[{"href":"https:\/\/promocaododia.com.br\/site\/wp-json\/wp\/v2\/media?parent=1127"}],"wp:term":[{"taxonomy":"product_brand","embeddable":true,"href":"https:\/\/promocaododia.com.br\/site\/wp-json\/wp\/v2\/product_brand?post=1127"},{"taxonomy":"product_cat","embeddable":true,"href":"https:\/\/promocaododia.com.br\/site\/wp-json\/wp\/v2\/product_cat?post=1127"},{"taxonomy":"product_tag","embeddable":true,"href":"https:\/\/promocaododia.com.br\/site\/wp-json\/wp\/v2\/product_tag?post=1127"}],"curies":[{"name":"wp","href":"https:\/\/api.w.org\/{rel}","templated":true}]}}