{"id":1129,"date":"2022-11-15T19:00:57","date_gmt":"2022-11-15T22:00:57","guid":{"rendered":"https:\/\/promocaododia.com.br\/site\/?post_type=product&#038;p=1129"},"modified":"2022-11-15T19:01:36","modified_gmt":"2022-11-15T22:01:36","slug":"smartphone-samsung-galaxy-m13-4g-128-gb-6-6-azul-2","status":"publish","type":"product","link":"https:\/\/promocaododia.com.br\/site\/produto\/smartphone-samsung-galaxy-m13-4g-128-gb-6-6-azul-2\/","title":{"rendered":"Smartphone Samsung Galaxy M13 4G 128 GB 6.6&#8243; Azul"},"content":{"rendered":"<p>Quem n\u00e3o quer um smartphone que n\u00e3o trava, com mem\u00f3ria boa, com c\u00e2mera que tira fotos maravilhosas e uma bateria que n\u00e3o te deixa na m\u00e3o?<br \/>\nSe voc\u00ea \u00e9 uma dessas pessoas, ent\u00e3o precisa conhecer o Smartphone Samsung Galaxy M13!<\/p>\n<p>Com uma tela de 6.6&#8243;, voc\u00ea poder\u00e1 assistir seus v\u00eddeos preferidos com \u00f3tima qualidade, e com a bateria de 5000mAh, n\u00e3o precisar\u00e1 se preocupar em procurar uma tomada pra recarregar seu smartphone t\u00e3o cedo.<\/p>\n<p>Quer tirar fotos lindas e n\u00e3o tem o que precisa? Sem problemas! O Smartphone Samsung Galaxy M13 tem 3 c\u00e2meras pra voc\u00ea n\u00e3o deixar de registrar mais nenhum momento especial com excelente qualidade, afinal, a c\u00e2mera traseira principal tem 50 MP e resolu\u00e7\u00e3o FHD (1920 x 1080), para a qualidade dos seus v\u00eddeos ficarem excelentes.<\/p>\n<p>Suas selfies tamb\u00e9m n\u00e3o ser\u00e3o mais como antes, ficar\u00e3o ainda melhores j\u00e1 que voc\u00ea contar\u00e1 com a c\u00e2mera frontal de 8MP!<\/p>\n<p>A mem\u00f3ria de 128GB, te d\u00e1 espa\u00e7o pra armazenar suas fotos, v\u00eddeos, aplicativos e ainda alguns epis\u00f3dios de suas s\u00e9ries favoritas sem se preocupar em ficar sem espa\u00e7o!<\/p>\n<p>E o processador Octa-Core garante um desempenho eficiente e r\u00e1pido para o smartphone, te deixando livre de preocupa\u00e7\u00f5es com travamento.<\/p>\n<p>Bom demais, n\u00e9?<\/p>\n","protected":false},"excerpt":{"rendered":"<p>Quem n\u00e3o quer um smartphone que n\u00e3o trava, com mem\u00f3ria boa, com c\u00e2mera que tira fotos maravilhosas e uma bateria que n\u00e3o te deixa na m\u00e3o? Se voc\u00ea \u00e9 uma dessas pessoas, ent\u00e3o precisa conhecer o Smartphone Samsung Galaxy M13! Com uma tela de 6.6&#8243;, voc\u00ea poder\u00e1 assistir seus v\u00eddeos preferidos com \u00f3tima qualidade, e com a bateria de 5000mAh, n\u00e3o precisar\u00e1 se preocupar em procurar uma tomada pra recarregar seu smartphone t\u00e3o cedo. Quer tirar fotos lindas e n\u00e3o tem o que precisa? Sem problemas! O Smartphone Samsung Galaxy M13 tem 3 c\u00e2meras pra voc\u00ea n\u00e3o deixar de registrar mais nenhum momento especial com excelente qualidade, afinal, a c\u00e2mera traseira principal tem 50 MP e resolu\u00e7\u00e3o FHD (1920 x 1080), para a qualidade dos seus v\u00eddeos ficarem excelentes. Suas selfies tamb\u00e9m n\u00e3o ser\u00e3o mais como antes, ficar\u00e3o ainda melhores j\u00e1 que voc\u00ea contar\u00e1 com a c\u00e2mera frontal de 8MP! A mem\u00f3ria de 128GB, te d\u00e1 espa\u00e7o pra armazenar suas fotos, v\u00eddeos, aplicativos e ainda alguns epis\u00f3dios de suas s\u00e9ries favoritas sem se preocupar em ficar sem espa\u00e7o! E o processador Octa-Core garante um desempenho eficiente e r\u00e1pido para o smartphone, te deixando livre de preocupa\u00e7\u00f5es com travamento. Bom demais, n\u00e9?<\/p>\n","protected":false},"featured_media":1130,"template":"","meta":{"_uag_custom_page_level_css":"","site-sidebar-layout":"default","site-content-layout":"default","ast-site-content-layout":"default","site-content-style":"default","site-sidebar-style":"default","ast-global-header-display":"","ast-banner-title-visibility":"","ast-main-header-display":"","ast-hfb-above-header-display":"","ast-hfb-below-header-display":"","ast-hfb-mobile-header-display":"","site-post-title":"","ast-breadcrumbs-content":"","ast-featured-img":"","footer-sml-layout":"","theme-transparent-header-meta":"default","adv-header-id-meta":"","stick-header-meta":"","header-above-stick-meta":"","header-main-stick-meta":"","header-below-stick-meta":"","astra-migrate-meta-layouts":"default","ast-page-background-enabled":"default","ast-page-background-meta":{"desktop":{"background-color":"","background-image":"","background-repeat":"repeat","background-position":"center center","background-size":"auto","background-attachment":"scroll","background-type":"","background-media":"","overlay-type":"","overlay-color":"","overlay-opacity":"","overlay-gradient":""},"tablet":{"background-color":"","background-image":"","background-repeat":"repeat","background-position":"center center","background-size":"auto","background-attachment":"scroll","background-type":"","background-media":"","overlay-type":"","overlay-color":"","overlay-opacity":"","overlay-gradient":""},"mobile":{"background-color":"","background-image":"","background-repeat":"repeat","background-position":"center center","background-size":"auto","background-attachment":"scroll","background-type":"","background-media":"","overlay-type":"","overlay-color":"","overlay-opacity":"","overlay-gradient":""}},"ast-content-background-meta":{"desktop":{"background-color":"var(--ast-global-color-5)","background-image":"","background-repeat":"repeat","background-position":"center center","background-size":"auto","background-attachment":"scroll","background-type":"","background-media":"","overlay-type":"","overlay-color":"","overlay-opacity":"","overlay-gradient":""},"tablet":{"background-color":"var(--ast-global-color-5)","background-image":"","background-repeat":"repeat","background-position":"center center","background-size":"auto","background-attachment":"scroll","background-type":"","background-media":"","overlay-type":"","overlay-color":"","overlay-opacity":"","overlay-gradient":""},"mobile":{"background-color":"var(--ast-global-color-5)","background-image":"","background-repeat":"repeat","background-position":"center center","background-size":"auto","background-attachment":"scroll","background-type":"","background-media":"","overlay-type":"","overlay-color":"","overlay-opacity":"","overlay-gradient":""}}},"product_brand":[],"product_cat":[23,35],"product_tag":[260,91,133,89,90],"class_list":{"0":"post-1129","1":"product","2":"type-product","3":"status-publish","4":"has-post-thumbnail","6":"product_cat-celulares-e-tablets","7":"product_cat-smartphone","8":"product_tag-128gb","9":"product_tag-celular","10":"product_tag-galaxy","11":"product_tag-samsung","12":"product_tag-smartphone","13":"desktop-align-center","14":"tablet-align-left","15":"mobile-align-center","17":"first","18":"instock","19":"sale","20":"shipping-taxable","21":"product-type-external"},"uagb_featured_image_src":{"full":["https:\/\/promocaododia.com.br\/site\/wp-content\/uploads\/2022\/11\/Smartphone-Samsung-Galaxy-M13-4G-128-GB-6.6-Azul.jpg",600,600,false],"thumbnail":["https:\/\/promocaododia.com.br\/site\/wp-content\/uploads\/2022\/11\/Smartphone-Samsung-Galaxy-M13-4G-128-GB-6.6-Azul-150x150.jpg",150,150,true],"medium":["https:\/\/promocaododia.com.br\/site\/wp-content\/uploads\/2022\/11\/Smartphone-Samsung-Galaxy-M13-4G-128-GB-6.6-Azul-300x300.jpg",300,300,true],"medium_large":["https:\/\/promocaododia.com.br\/site\/wp-content\/uploads\/2022\/11\/Smartphone-Samsung-Galaxy-M13-4G-128-GB-6.6-Azul.jpg",600,600,false],"large":["https:\/\/promocaododia.com.br\/site\/wp-content\/uploads\/2022\/11\/Smartphone-Samsung-Galaxy-M13-4G-128-GB-6.6-Azul.jpg",600,600,false],"1536x1536":["https:\/\/promocaododia.com.br\/site\/wp-content\/uploads\/2022\/11\/Smartphone-Samsung-Galaxy-M13-4G-128-GB-6.6-Azul.jpg",600,600,false],"2048x2048":["https:\/\/promocaododia.com.br\/site\/wp-content\/uploads\/2022\/11\/Smartphone-Samsung-Galaxy-M13-4G-128-GB-6.6-Azul.jpg",600,600,false],"woocommerce_thumbnail":["https:\/\/promocaododia.com.br\/site\/wp-content\/uploads\/2022\/11\/Smartphone-Samsung-Galaxy-M13-4G-128-GB-6.6-Azul-250x250.jpg",250,250,true],"woocommerce_single":["https:\/\/promocaododia.com.br\/site\/wp-content\/uploads\/2022\/11\/Smartphone-Samsung-Galaxy-M13-4G-128-GB-6.6-Azul-250x250.jpg",250,250,true],"woocommerce_gallery_thumbnail":["https:\/\/promocaododia.com.br\/site\/wp-content\/uploads\/2022\/11\/Smartphone-Samsung-Galaxy-M13-4G-128-GB-6.6-Azul-100x100.jpg",100,100,true]},"uagb_author_info":{"display_name":"danilo.gbr","author_link":"https:\/\/promocaododia.com.br\/site\/author\/"},"uagb_comment_info":0,"uagb_excerpt":"Quem n\u00e3o quer um smartphone que n\u00e3o trava, com mem\u00f3ria boa, com c\u00e2mera que tira fotos maravilhosas e uma bateria que n\u00e3o te deixa na m\u00e3o? Se voc\u00ea \u00e9 uma dessas pessoas, ent\u00e3o precisa conhecer o Smartphone Samsung Galaxy M13! Com uma tela de 6.6&#8243;, voc\u00ea poder\u00e1 assistir seus v\u00eddeos preferidos com \u00f3tima qualidade, e&hellip;","_links":{"self":[{"href":"https:\/\/promocaododia.com.br\/site\/wp-json\/wp\/v2\/product\/1129","targetHints":{"allow":["GET"]}}],"collection":[{"href":"https:\/\/promocaododia.com.br\/site\/wp-json\/wp\/v2\/product"}],"about":[{"href":"https:\/\/promocaododia.com.br\/site\/wp-json\/wp\/v2\/types\/product"}],"wp:featuredmedia":[{"embeddable":true,"href":"https:\/\/promocaododia.com.br\/site\/wp-json\/wp\/v2\/media\/1130"}],"wp:attachment":[{"href":"https:\/\/promocaododia.com.br\/site\/wp-json\/wp\/v2\/media?parent=1129"}],"wp:term":[{"taxonomy":"product_brand","embeddable":true,"href":"https:\/\/promocaododia.com.br\/site\/wp-json\/wp\/v2\/product_brand?post=1129"},{"taxonomy":"product_cat","embeddable":true,"href":"https:\/\/promocaododia.com.br\/site\/wp-json\/wp\/v2\/product_cat?post=1129"},{"taxonomy":"product_tag","embeddable":true,"href":"https:\/\/promocaododia.com.br\/site\/wp-json\/wp\/v2\/product_tag?post=1129"}],"curies":[{"name":"wp","href":"https:\/\/api.w.org\/{rel}","templated":true}]}}