{"id":1131,"date":"2022-11-15T19:11:11","date_gmt":"2022-11-15T22:11:11","guid":{"rendered":"https:\/\/promocaododia.com.br\/site\/?post_type=product&#038;p=1131"},"modified":"2022-11-15T19:11:12","modified_gmt":"2022-11-15T22:11:12","slug":"kit-sebastian-professional-dark-oil-home-care-duo-2-produtos","status":"publish","type":"product","link":"https:\/\/promocaododia.com.br\/site\/produto\/kit-sebastian-professional-dark-oil-home-care-duo-2-produtos\/","title":{"rendered":"Kit Sebastian Professional Dark Oil Home Care Duo (2 Produtos)"},"content":{"rendered":"<p>Kit Sebastian Professional Dark Oil Home Care Duo (2 Produtos)<br \/>\nKit de tratamento para todos os tipos de cabelo. Kit Sebastian Professional Dark Oil Home Care Duo adiciona muito mais maciez, brilho intenso e toque suave. Nutritivo, cuida do cabelo com a sofistica\u00e7\u00e3o do \u00f3leo capilar Dark Oil, best-seller de Sebastian Professional.<\/p>\n<p>Kit Sebastian Professional Dark Oil Home Care Duo age com blend de \u00f3leos luxuosos que nutrem e d\u00e3o emoli\u00eancia para os fios. Eles ficam encorpados e extremamente male\u00e1veis, mas leves, sem peso adicional. O tratamento completo revela um cabelo cheio de vida, sedoso e com brilho natural real\u00e7ado.<\/p>\n<p>Cont\u00e9m<\/p>\n<p>Sebastian Professional Dark Oil &#8211; Shampoo 250ml: com f\u00f3rmula transparente, realiza uma higieniza\u00e7\u00e3o suave enquanto d\u00e1 mais vida e maciez extrema.<\/p>\n<p>Sebastian Professional Dark Oil &#8211; Condicionador 250ml: com f\u00f3rmula nutritiva e emoliente, desembara\u00e7a e suaviza os fios, al\u00e9m de conferir corpo e maleabilidade sem pesar.<\/p>\n<p>A\u00e7\u00e3o<br \/>\n\u00d3leos de Argan, S\u00e2ndalo e Cedro: garantem nutri\u00e7\u00e3o intensa para recuperar os fios dos danos externos.<\/p>\n<p>Como Usar<br \/>\nKit Sebastian Professional Dark Oil Home Care Duo (2 Produtos)<br \/>\nConselho de Aplica\u00e7\u00e3o<br \/>\nAplique uma pequena quantidade do shampoo sobre o cabelo \u00famido e massageie delicadamente. Enx\u00e1gue com \u00e1gua em abund\u00e2ncia e repita se achar necess\u00e1rio.<\/p>\n<p>Seque o cabelo com uma toalha depois de lavar. Distribua o condicionador pelo comprimento e pontas. Espere poucos minutos e enx\u00e1gua completamente.<\/p>\n<p>Nossos Experts Ensinam<\/p>\n<p>Use o condicionador apenas do meio do cabelo para baixo. O shampoo ir\u00e1 tratar os fios pr\u00f3ximos \u00e0 raiz, enquanto o condicionador ir\u00e1 dar mais maciez e selar cut\u00edculas do comprimento e pontas apenas.<\/p>\n<p>Resultado<br \/>\nCabelo tr\u00eas vezes mais sedoso, macio e male\u00e1vel, com brilho intenso e natural.<\/p>\n","protected":false},"excerpt":{"rendered":"<p>Kit Sebastian Professional Dark Oil Home Care Duo (2 Produtos) Kit de tratamento para todos os tipos de cabelo. Kit Sebastian Professional Dark Oil Home Care Duo adiciona muito mais maciez, brilho intenso e toque suave. Nutritivo, cuida do cabelo com a sofistica\u00e7\u00e3o do \u00f3leo capilar Dark Oil, best-seller de Sebastian Professional. Kit Sebastian Professional Dark Oil Home Care Duo age com blend de \u00f3leos luxuosos que nutrem e d\u00e3o emoli\u00eancia para os fios. Eles ficam encorpados e extremamente male\u00e1veis, mas leves, sem peso adicional. O tratamento completo revela um cabelo cheio de vida, sedoso e com brilho natural real\u00e7ado. Cont\u00e9m Sebastian Professional Dark Oil &#8211; Shampoo 250ml: com f\u00f3rmula transparente, realiza uma higieniza\u00e7\u00e3o suave enquanto d\u00e1 mais vida e maciez extrema. Sebastian Professional Dark Oil &#8211; Condicionador 250ml: com f\u00f3rmula nutritiva e emoliente, desembara\u00e7a e suaviza os fios, al\u00e9m de conferir corpo e maleabilidade sem pesar. A\u00e7\u00e3o \u00d3leos de Argan, S\u00e2ndalo e Cedro: garantem nutri\u00e7\u00e3o intensa para recuperar os fios dos danos externos. Como Usar Kit Sebastian Professional Dark Oil Home Care Duo (2 Produtos) Conselho de Aplica\u00e7\u00e3o Aplique uma pequena quantidade do shampoo sobre o cabelo \u00famido e massageie delicadamente. Enx\u00e1gue com \u00e1gua em abund\u00e2ncia e repita se achar necess\u00e1rio. Seque o cabelo com uma toalha depois de lavar. Distribua o condicionador pelo comprimento e pontas. Espere poucos minutos e enx\u00e1gua completamente. Nossos Experts Ensinam Use o condicionador apenas do meio do cabelo para baixo. O shampoo ir\u00e1 tratar os fios pr\u00f3ximos \u00e0 raiz, enquanto o condicionador ir\u00e1 dar mais maciez e selar cut\u00edculas do comprimento e pontas apenas. Resultado Cabelo tr\u00eas vezes mais sedoso, macio e male\u00e1vel, com brilho intenso e natural.<\/p>\n","protected":false},"featured_media":1132,"template":"","meta":{"_uag_custom_page_level_css":"","site-sidebar-layout":"default","site-content-layout":"default","ast-site-content-layout":"default","site-content-style":"default","site-sidebar-style":"default","ast-global-header-display":"","ast-banner-title-visibility":"","ast-main-header-display":"","ast-hfb-above-header-display":"","ast-hfb-below-header-display":"","ast-hfb-mobile-header-display":"","site-post-title":"","ast-breadcrumbs-content":"","ast-featured-img":"","footer-sml-layout":"","theme-transparent-header-meta":"default","adv-header-id-meta":"","stick-header-meta":"","header-above-stick-meta":"","header-main-stick-meta":"","header-below-stick-meta":"","astra-migrate-meta-layouts":"default","ast-page-background-enabled":"default","ast-page-background-meta":{"desktop":{"background-color":"","background-image":"","background-repeat":"repeat","background-position":"center center","background-size":"auto","background-attachment":"scroll","background-type":"","background-media":"","overlay-type":"","overlay-color":"","overlay-opacity":"","overlay-gradient":""},"tablet":{"background-color":"","background-image":"","background-repeat":"repeat","background-position":"center center","background-size":"auto","background-attachment":"scroll","background-type":"","background-media":"","overlay-type":"","overlay-color":"","overlay-opacity":"","overlay-gradient":""},"mobile":{"background-color":"","background-image":"","background-repeat":"repeat","background-position":"center center","background-size":"auto","background-attachment":"scroll","background-type":"","background-media":"","overlay-type":"","overlay-color":"","overlay-opacity":"","overlay-gradient":""}},"ast-content-background-meta":{"desktop":{"background-color":"var(--ast-global-color-5)","background-image":"","background-repeat":"repeat","background-position":"center center","background-size":"auto","background-attachment":"scroll","background-type":"","background-media":"","overlay-type":"","overlay-color":"","overlay-opacity":"","overlay-gradient":""},"tablet":{"background-color":"var(--ast-global-color-5)","background-image":"","background-repeat":"repeat","background-position":"center center","background-size":"auto","background-attachment":"scroll","background-type":"","background-media":"","overlay-type":"","overlay-color":"","overlay-opacity":"","overlay-gradient":""},"mobile":{"background-color":"var(--ast-global-color-5)","background-image":"","background-repeat":"repeat","background-position":"center center","background-size":"auto","background-attachment":"scroll","background-type":"","background-media":"","overlay-type":"","overlay-color":"","overlay-opacity":"","overlay-gradient":""}}},"product_brand":[],"product_cat":[33,144],"product_tag":[100,147,146],"class_list":{"0":"post-1131","1":"product","2":"type-product","3":"status-publish","4":"has-post-thumbnail","6":"product_cat-beleza-e-perfumaria","7":"product_cat-higiene-pessoal","8":"product_tag-beleza","9":"product_tag-condicionador","10":"product_tag-shampoo","11":"desktop-align-center","12":"tablet-align-left","13":"mobile-align-center","15":"first","16":"instock","17":"sale","18":"shipping-taxable","19":"product-type-external"},"uagb_featured_image_src":{"full":["https:\/\/promocaododia.com.br\/site\/wp-content\/uploads\/2022\/11\/Kit-Sebastian-Professional-Dark-Oil-Home-Care-Duo-2-Produtos.jpg",600,600,false],"thumbnail":["https:\/\/promocaododia.com.br\/site\/wp-content\/uploads\/2022\/11\/Kit-Sebastian-Professional-Dark-Oil-Home-Care-Duo-2-Produtos-150x150.jpg",150,150,true],"medium":["https:\/\/promocaododia.com.br\/site\/wp-content\/uploads\/2022\/11\/Kit-Sebastian-Professional-Dark-Oil-Home-Care-Duo-2-Produtos-300x300.jpg",300,300,true],"medium_large":["https:\/\/promocaododia.com.br\/site\/wp-content\/uploads\/2022\/11\/Kit-Sebastian-Professional-Dark-Oil-Home-Care-Duo-2-Produtos.jpg",600,600,false],"large":["https:\/\/promocaododia.com.br\/site\/wp-content\/uploads\/2022\/11\/Kit-Sebastian-Professional-Dark-Oil-Home-Care-Duo-2-Produtos.jpg",600,600,false],"1536x1536":["https:\/\/promocaododia.com.br\/site\/wp-content\/uploads\/2022\/11\/Kit-Sebastian-Professional-Dark-Oil-Home-Care-Duo-2-Produtos.jpg",600,600,false],"2048x2048":["https:\/\/promocaododia.com.br\/site\/wp-content\/uploads\/2022\/11\/Kit-Sebastian-Professional-Dark-Oil-Home-Care-Duo-2-Produtos.jpg",600,600,false],"woocommerce_thumbnail":["https:\/\/promocaododia.com.br\/site\/wp-content\/uploads\/2022\/11\/Kit-Sebastian-Professional-Dark-Oil-Home-Care-Duo-2-Produtos-250x250.jpg",250,250,true],"woocommerce_single":["https:\/\/promocaododia.com.br\/site\/wp-content\/uploads\/2022\/11\/Kit-Sebastian-Professional-Dark-Oil-Home-Care-Duo-2-Produtos-250x250.jpg",250,250,true],"woocommerce_gallery_thumbnail":["https:\/\/promocaododia.com.br\/site\/wp-content\/uploads\/2022\/11\/Kit-Sebastian-Professional-Dark-Oil-Home-Care-Duo-2-Produtos-100x100.jpg",100,100,true]},"uagb_author_info":{"display_name":"danilo.gbr","author_link":"https:\/\/promocaododia.com.br\/site\/author\/"},"uagb_comment_info":0,"uagb_excerpt":"Kit Sebastian Professional Dark Oil Home Care Duo (2 Produtos) Kit de tratamento para todos os tipos de cabelo. Kit Sebastian Professional Dark Oil Home Care Duo adiciona muito mais maciez, brilho intenso e toque suave. Nutritivo, cuida do cabelo com a sofistica\u00e7\u00e3o do \u00f3leo capilar Dark Oil, best-seller de Sebastian Professional. Kit Sebastian Professional&hellip;","_links":{"self":[{"href":"https:\/\/promocaododia.com.br\/site\/wp-json\/wp\/v2\/product\/1131","targetHints":{"allow":["GET"]}}],"collection":[{"href":"https:\/\/promocaododia.com.br\/site\/wp-json\/wp\/v2\/product"}],"about":[{"href":"https:\/\/promocaododia.com.br\/site\/wp-json\/wp\/v2\/types\/product"}],"wp:featuredmedia":[{"embeddable":true,"href":"https:\/\/promocaododia.com.br\/site\/wp-json\/wp\/v2\/media\/1132"}],"wp:attachment":[{"href":"https:\/\/promocaododia.com.br\/site\/wp-json\/wp\/v2\/media?parent=1131"}],"wp:term":[{"taxonomy":"product_brand","embeddable":true,"href":"https:\/\/promocaododia.com.br\/site\/wp-json\/wp\/v2\/product_brand?post=1131"},{"taxonomy":"product_cat","embeddable":true,"href":"https:\/\/promocaododia.com.br\/site\/wp-json\/wp\/v2\/product_cat?post=1131"},{"taxonomy":"product_tag","embeddable":true,"href":"https:\/\/promocaododia.com.br\/site\/wp-json\/wp\/v2\/product_tag?post=1131"}],"curies":[{"name":"wp","href":"https:\/\/api.w.org\/{rel}","templated":true}]}}