{"id":1134,"date":"2022-11-16T19:35:55","date_gmt":"2022-11-16T22:35:55","guid":{"rendered":"https:\/\/promocaododia.com.br\/site\/?post_type=product&#038;p=1134"},"modified":"2022-11-16T19:35:55","modified_gmt":"2022-11-16T22:35:55","slug":"tablet-mirage-7-polegadas-quad-core-32gb-preto-2018","status":"publish","type":"product","link":"https:\/\/promocaododia.com.br\/site\/produto\/tablet-mirage-7-polegadas-quad-core-32gb-preto-2018\/","title":{"rendered":"Tablet Mirage 7 Polegadas Quad Core 32GB Preto &#8211; 2018"},"content":{"rendered":"<p>O Tablet Mirage \u00e9 o tablet ideal para um uso di\u00e1rio e que vai te proporcionar uma experi\u00eancia agrad\u00e1vel, saiba o porqu\u00ea:<\/p>\n<p>&#8211; Processador Quad core: Com um processador de quatro n\u00facleos, voc\u00ea pode jogar, ver v\u00eddeos, navegar na internet e muito mais, tudo isso ao mesmo tempo e sem travamentos ou lentid\u00e3o;<br \/>\n&#8211; Android 11 Go Edition: Com uma das vers\u00f5es mais atualizadas do Android voc\u00ea tem acesso a milhares de aplicativos na Google Play;<\/p>\n<p>&#8211; Bateria de longa dura\u00e7\u00e3o: Autonomia de bateria para reprodu\u00e7\u00e3o de m\u00fasicas e v\u00eddeos de at\u00e9 3 horas sem voc\u00ea se preocupar em ter que parar para carregar.<br \/>\nCom autonomia de bateria para reprodu\u00e7\u00e3o de m\u00fasicas e v\u00eddeos voc\u00ea ter\u00e1 muito tempo para aproveitar seus conte\u00fados favoritos sem se preocupar em ter que parar para carregar, esse tempo pode variar de acordo com o uso.<\/p>\n<p>Um tablet ideal para suas tarefas do dia a dia e para ter acesso \u00e0 diversos conte\u00fados!<\/p>\n<p>CARACTER\u00cdSTICAS T\u00c9CNICAS:<\/p>\n<p>Marca: Mirage<br \/>\nModelo: Tablet Mirage 46t &#8211; 7 Preto &#8211; 2018<br \/>\nCor Principal: Preto<br \/>\nTouch Screen: Sim<br \/>\nMem\u00f3ria Interna: 32GB<br \/>\nMem\u00f3ria RAM: 1GB<br \/>\nCapacidade Memoria Expans\u00edvel: 64gb<br \/>\nConex\u00e3o USB: Sim<br \/>\nCPU: 1.5ghz<br \/>\nEdi\u00e7\u00e3o de Arquivos Office: Sim<br \/>\nFormato da Tela: Ips<br \/>\nWi-fi: Sim<\/p>\n<p>C\u00e2mera Secund\u00e1ria: 1.3mp<br \/>\nAlto Falante Externo: Sim<br \/>\nBateria: 2400mah<br \/>\nTamanho da Tela (polegada): 7<br \/>\nQuantidade de Entradas USB: 1<br \/>\nEntrada Para Fone: Sim<\/p>\n<p>Sistema Operacional: Android 11 (go Edition)<br \/>\nCertificado Anatel: 07453-18-03111<br \/>\nMem\u00f3ria de Hd: 32gb<br \/>\nTipo de Processador: Quad Core<br \/>\nAlimenta\u00e7\u00e3o: Bivolt<br \/>\nAcess\u00f3rios: Carregador e Cabo Usb Tipo C<\/p>\n<p>Dimens\u00f5es do Produto:<br \/>\n(LxAxC): 11,6 x 0,1 x 19,2 cm<br \/>\nPeso Produto (kg): 0.460<\/p>\n<p>Conte\u00fado da Embalagem:<br \/>\n1 M7 (wifi\/32gb)<br \/>\n1 Cabo Usb Tipo C<br \/>\n1 Carregador<br \/>\n1 Guia R\u00e1pido<\/p>\n<p>Garantia 1 Ano (3 Meses Acess\u00f3rios)<\/p>\n","protected":false},"excerpt":{"rendered":"<p>O Tablet Mirage \u00e9 o tablet ideal para um uso di\u00e1rio e que vai te proporcionar uma experi\u00eancia agrad\u00e1vel, saiba o porqu\u00ea: &#8211; Processador Quad core: Com um processador de quatro n\u00facleos, voc\u00ea pode jogar, ver v\u00eddeos, navegar na internet e muito mais, tudo isso ao mesmo tempo e sem travamentos ou lentid\u00e3o; &#8211; Android 11 Go Edition: Com uma das vers\u00f5es mais atualizadas do Android voc\u00ea tem acesso a milhares de aplicativos na Google Play; &#8211; Bateria de longa dura\u00e7\u00e3o: Autonomia de bateria para reprodu\u00e7\u00e3o de m\u00fasicas e v\u00eddeos de at\u00e9 3 horas sem voc\u00ea se preocupar em ter que parar para carregar. Com autonomia de bateria para reprodu\u00e7\u00e3o de m\u00fasicas e v\u00eddeos voc\u00ea ter\u00e1 muito tempo para aproveitar seus conte\u00fados favoritos sem se preocupar em ter que parar para carregar, esse tempo pode variar de acordo com o uso. Um tablet ideal para suas tarefas do dia a dia e para ter acesso \u00e0 diversos conte\u00fados! CARACTER\u00cdSTICAS T\u00c9CNICAS: Marca: Mirage Modelo: Tablet Mirage 46t &#8211; 7 Preto &#8211; 2018 Cor Principal: Preto Touch Screen: Sim Mem\u00f3ria Interna: 32GB Mem\u00f3ria RAM: 1GB Capacidade Memoria Expans\u00edvel: 64gb Conex\u00e3o USB: Sim CPU: 1.5ghz Edi\u00e7\u00e3o de Arquivos Office: Sim Formato da Tela: Ips Wi-fi: Sim C\u00e2mera Secund\u00e1ria: 1.3mp Alto Falante Externo: Sim Bateria: 2400mah Tamanho da Tela (polegada): 7 Quantidade de Entradas USB: 1 Entrada Para Fone: Sim Sistema Operacional: Android 11 (go Edition) Certificado Anatel: 07453-18-03111 Mem\u00f3ria de Hd: 32gb Tipo de Processador: Quad Core Alimenta\u00e7\u00e3o: Bivolt Acess\u00f3rios: Carregador e Cabo Usb Tipo C Dimens\u00f5es do Produto: (LxAxC): 11,6 x 0,1 x 19,2 cm Peso Produto (kg): 0.460 Conte\u00fado da Embalagem: 1 M7 (wifi\/32gb) 1 Cabo Usb Tipo C 1 Carregador 1 Guia R\u00e1pido Garantia 1 Ano (3 Meses Acess\u00f3rios)<\/p>\n","protected":false},"featured_media":1135,"template":"","meta":{"_uag_custom_page_level_css":"","site-sidebar-layout":"default","site-content-layout":"default","ast-site-content-layout":"default","site-content-style":"default","site-sidebar-style":"default","ast-global-header-display":"","ast-banner-title-visibility":"","ast-main-header-display":"","ast-hfb-above-header-display":"","ast-hfb-below-header-display":"","ast-hfb-mobile-header-display":"","site-post-title":"","ast-breadcrumbs-content":"","ast-featured-img":"","footer-sml-layout":"","theme-transparent-header-meta":"default","adv-header-id-meta":"","stick-header-meta":"","header-above-stick-meta":"","header-main-stick-meta":"","header-below-stick-meta":"","astra-migrate-meta-layouts":"default","ast-page-background-enabled":"default","ast-page-background-meta":{"desktop":{"background-color":"","background-image":"","background-repeat":"repeat","background-position":"center center","background-size":"auto","background-attachment":"scroll","background-type":"","background-media":"","overlay-type":"","overlay-color":"","overlay-opacity":"","overlay-gradient":""},"tablet":{"background-color":"","background-image":"","background-repeat":"repeat","background-position":"center center","background-size":"auto","background-attachment":"scroll","background-type":"","background-media":"","overlay-type":"","overlay-color":"","overlay-opacity":"","overlay-gradient":""},"mobile":{"background-color":"","background-image":"","background-repeat":"repeat","background-position":"center center","background-size":"auto","background-attachment":"scroll","background-type":"","background-media":"","overlay-type":"","overlay-color":"","overlay-opacity":"","overlay-gradient":""}},"ast-content-background-meta":{"desktop":{"background-color":"var(--ast-global-color-5)","background-image":"","background-repeat":"repeat","background-position":"center center","background-size":"auto","background-attachment":"scroll","background-type":"","background-media":"","overlay-type":"","overlay-color":"","overlay-opacity":"","overlay-gradient":""},"tablet":{"background-color":"var(--ast-global-color-5)","background-image":"","background-repeat":"repeat","background-position":"center center","background-size":"auto","background-attachment":"scroll","background-type":"","background-media":"","overlay-type":"","overlay-color":"","overlay-opacity":"","overlay-gradient":""},"mobile":{"background-color":"var(--ast-global-color-5)","background-image":"","background-repeat":"repeat","background-position":"center center","background-size":"auto","background-attachment":"scroll","background-type":"","background-media":"","overlay-type":"","overlay-color":"","overlay-opacity":"","overlay-gradient":""}}},"product_brand":[],"product_cat":[23,457],"product_tag":[377],"class_list":{"0":"post-1134","1":"product","2":"type-product","3":"status-publish","4":"has-post-thumbnail","6":"product_cat-celulares-e-tablets","7":"product_cat-tablets","8":"product_tag-tablet","9":"desktop-align-center","10":"tablet-align-left","11":"mobile-align-center","13":"first","14":"instock","15":"sale","16":"shipping-taxable","17":"product-type-external"},"uagb_featured_image_src":{"full":["https:\/\/promocaododia.com.br\/site\/wp-content\/uploads\/2022\/11\/Tablet-Mirage-7-Polegadas-Quad-Core-32GB-Preto-2018.jpg",600,600,false],"thumbnail":["https:\/\/promocaododia.com.br\/site\/wp-content\/uploads\/2022\/11\/Tablet-Mirage-7-Polegadas-Quad-Core-32GB-Preto-2018-150x150.jpg",150,150,true],"medium":["https:\/\/promocaododia.com.br\/site\/wp-content\/uploads\/2022\/11\/Tablet-Mirage-7-Polegadas-Quad-Core-32GB-Preto-2018-300x300.jpg",300,300,true],"medium_large":["https:\/\/promocaododia.com.br\/site\/wp-content\/uploads\/2022\/11\/Tablet-Mirage-7-Polegadas-Quad-Core-32GB-Preto-2018.jpg",600,600,false],"large":["https:\/\/promocaododia.com.br\/site\/wp-content\/uploads\/2022\/11\/Tablet-Mirage-7-Polegadas-Quad-Core-32GB-Preto-2018.jpg",600,600,false],"1536x1536":["https:\/\/promocaododia.com.br\/site\/wp-content\/uploads\/2022\/11\/Tablet-Mirage-7-Polegadas-Quad-Core-32GB-Preto-2018.jpg",600,600,false],"2048x2048":["https:\/\/promocaododia.com.br\/site\/wp-content\/uploads\/2022\/11\/Tablet-Mirage-7-Polegadas-Quad-Core-32GB-Preto-2018.jpg",600,600,false],"woocommerce_thumbnail":["https:\/\/promocaododia.com.br\/site\/wp-content\/uploads\/2022\/11\/Tablet-Mirage-7-Polegadas-Quad-Core-32GB-Preto-2018-250x250.jpg",250,250,true],"woocommerce_single":["https:\/\/promocaododia.com.br\/site\/wp-content\/uploads\/2022\/11\/Tablet-Mirage-7-Polegadas-Quad-Core-32GB-Preto-2018-250x250.jpg",250,250,true],"woocommerce_gallery_thumbnail":["https:\/\/promocaododia.com.br\/site\/wp-content\/uploads\/2022\/11\/Tablet-Mirage-7-Polegadas-Quad-Core-32GB-Preto-2018-100x100.jpg",100,100,true]},"uagb_author_info":{"display_name":"danilo.gbr","author_link":"https:\/\/promocaododia.com.br\/site\/author\/"},"uagb_comment_info":0,"uagb_excerpt":"O Tablet Mirage \u00e9 o tablet ideal para um uso di\u00e1rio e que vai te proporcionar uma experi\u00eancia agrad\u00e1vel, saiba o porqu\u00ea: &#8211; Processador Quad core: Com um processador de quatro n\u00facleos, voc\u00ea pode jogar, ver v\u00eddeos, navegar na internet e muito mais, tudo isso ao mesmo tempo e sem travamentos ou lentid\u00e3o; &#8211; Android&hellip;","_links":{"self":[{"href":"https:\/\/promocaododia.com.br\/site\/wp-json\/wp\/v2\/product\/1134","targetHints":{"allow":["GET"]}}],"collection":[{"href":"https:\/\/promocaododia.com.br\/site\/wp-json\/wp\/v2\/product"}],"about":[{"href":"https:\/\/promocaododia.com.br\/site\/wp-json\/wp\/v2\/types\/product"}],"wp:featuredmedia":[{"embeddable":true,"href":"https:\/\/promocaododia.com.br\/site\/wp-json\/wp\/v2\/media\/1135"}],"wp:attachment":[{"href":"https:\/\/promocaododia.com.br\/site\/wp-json\/wp\/v2\/media?parent=1134"}],"wp:term":[{"taxonomy":"product_brand","embeddable":true,"href":"https:\/\/promocaododia.com.br\/site\/wp-json\/wp\/v2\/product_brand?post=1134"},{"taxonomy":"product_cat","embeddable":true,"href":"https:\/\/promocaododia.com.br\/site\/wp-json\/wp\/v2\/product_cat?post=1134"},{"taxonomy":"product_tag","embeddable":true,"href":"https:\/\/promocaododia.com.br\/site\/wp-json\/wp\/v2\/product_tag?post=1134"}],"curies":[{"name":"wp","href":"https:\/\/api.w.org\/{rel}","templated":true}]}}