{"id":1138,"date":"2022-11-16T19:48:19","date_gmt":"2022-11-16T22:48:19","guid":{"rendered":"https:\/\/promocaododia.com.br\/site\/?post_type=product&#038;p=1138"},"modified":"2022-11-16T19:48:19","modified_gmt":"2022-11-16T22:48:19","slug":"notebook-acer-aspire-5-intel-core-i5-8gb-256gb-ssd-156-full-hd-windows-11-home-2","status":"publish","type":"product","link":"https:\/\/promocaododia.com.br\/site\/produto\/notebook-acer-aspire-5-intel-core-i5-8gb-256gb-ssd-156-full-hd-windows-11-home-2\/","title":{"rendered":"Notebook Acer Aspire 5 Intel Core i5 8GB 256GB SSD &#8211; 15,6\u201d Full HD Windows 11 Home"},"content":{"rendered":"<p>O notebook A515-54-505Q da linha Aspire 5 da Acer \u00e9 convenientemente port\u00e1til e elegante para acompanhar suas tarefas do dia a dia. Os recursos tecnol\u00f3gicos de sua confian\u00e7a ao seu lado sempre que precisar. Desempenho suficiente para todas as tarefas com processador Intel Core i5 10210U de 10\u00aa gera\u00e7\u00e3o. Voc\u00ea cria, edita, compartilha e assiste v\u00eddeos, fotos e imagens sem dificuldades. Com capacidade de 256GB no SSD, voc\u00ea pode ler e gravar arquivos muito mais r\u00e1pido do que em um HD tradicional. Ap\u00f3s pouco segundos da inicializa\u00e7\u00e3o do sistema operacional, voc\u00ea j\u00e1 tem acesso completo as funcionalidades do seu notebook. Com 8GB de mem\u00f3ria RAM, voc\u00ea ganha mais fluidez em suas a\u00e7\u00f5es no dia a dia. A tela de 15,6\u201d LED FULL HD entrega uma experi\u00eancia de imagens muito rica, perfeita para assistir seus filmes e editar seus projetos em v\u00eddeo. E para completar vem com Windows 11 Home 64-bits<\/p>\n","protected":false},"excerpt":{"rendered":"<p>O notebook A515-54-505Q da linha Aspire 5 da Acer \u00e9 convenientemente port\u00e1til e elegante para acompanhar suas tarefas do dia a dia. Os recursos tecnol\u00f3gicos de sua confian\u00e7a ao seu lado sempre que precisar. Desempenho suficiente para todas as tarefas com processador Intel Core i5 10210U de 10\u00aa gera\u00e7\u00e3o. Voc\u00ea cria, edita, compartilha e assiste v\u00eddeos, fotos e imagens sem dificuldades. Com capacidade de 256GB no SSD, voc\u00ea pode ler e gravar arquivos muito mais r\u00e1pido do que em um HD tradicional. Ap\u00f3s pouco segundos da inicializa\u00e7\u00e3o do sistema operacional, voc\u00ea j\u00e1 tem acesso completo as funcionalidades do seu notebook. Com 8GB de mem\u00f3ria RAM, voc\u00ea ganha mais fluidez em suas a\u00e7\u00f5es no dia a dia. A tela de 15,6\u201d LED FULL HD entrega uma experi\u00eancia de imagens muito rica, perfeita para assistir seus filmes e editar seus projetos em v\u00eddeo. E para completar vem com Windows 11 Home 64-bits<\/p>\n","protected":false},"featured_media":1140,"template":"","meta":{"_uag_custom_page_level_css":"","site-sidebar-layout":"default","site-content-layout":"default","ast-site-content-layout":"default","site-content-style":"default","site-sidebar-style":"default","ast-global-header-display":"","ast-banner-title-visibility":"","ast-main-header-display":"","ast-hfb-above-header-display":"","ast-hfb-below-header-display":"","ast-hfb-mobile-header-display":"","site-post-title":"","ast-breadcrumbs-content":"","ast-featured-img":"","footer-sml-layout":"","theme-transparent-header-meta":"default","adv-header-id-meta":"","stick-header-meta":"","header-above-stick-meta":"","header-main-stick-meta":"","header-below-stick-meta":"","astra-migrate-meta-layouts":"default","ast-page-background-enabled":"default","ast-page-background-meta":{"desktop":{"background-color":"","background-image":"","background-repeat":"repeat","background-position":"center center","background-size":"auto","background-attachment":"scroll","background-type":"","background-media":"","overlay-type":"","overlay-color":"","overlay-opacity":"","overlay-gradient":""},"tablet":{"background-color":"","background-image":"","background-repeat":"repeat","background-position":"center center","background-size":"auto","background-attachment":"scroll","background-type":"","background-media":"","overlay-type":"","overlay-color":"","overlay-opacity":"","overlay-gradient":""},"mobile":{"background-color":"","background-image":"","background-repeat":"repeat","background-position":"center center","background-size":"auto","background-attachment":"scroll","background-type":"","background-media":"","overlay-type":"","overlay-color":"","overlay-opacity":"","overlay-gradient":""}},"ast-content-background-meta":{"desktop":{"background-color":"var(--ast-global-color-5)","background-image":"","background-repeat":"repeat","background-position":"center center","background-size":"auto","background-attachment":"scroll","background-type":"","background-media":"","overlay-type":"","overlay-color":"","overlay-opacity":"","overlay-gradient":""},"tablet":{"background-color":"var(--ast-global-color-5)","background-image":"","background-repeat":"repeat","background-position":"center center","background-size":"auto","background-attachment":"scroll","background-type":"","background-media":"","overlay-type":"","overlay-color":"","overlay-opacity":"","overlay-gradient":""},"mobile":{"background-color":"var(--ast-global-color-5)","background-image":"","background-repeat":"repeat","background-position":"center center","background-size":"auto","background-attachment":"scroll","background-type":"","background-media":"","overlay-type":"","overlay-color":"","overlay-opacity":"","overlay-gradient":""}}},"product_brand":[],"product_cat":[75,62],"product_tag":[239,403,158,316,160,82],"class_list":{"0":"post-1138","1":"product","2":"type-product","3":"status-publish","4":"has-post-thumbnail","6":"product_cat-informatica-e-acessorios","7":"product_cat-notebook","8":"product_tag-256gb-ssd","9":"product_tag-8gb-ram","10":"product_tag-acer","11":"product_tag-core-i5","12":"product_tag-intel","13":"product_tag-notebook","14":"desktop-align-center","15":"tablet-align-left","16":"mobile-align-center","18":"first","19":"instock","20":"sale","21":"shipping-taxable","22":"product-type-external"},"uagb_featured_image_src":{"full":["https:\/\/promocaododia.com.br\/site\/wp-content\/uploads\/2022\/11\/Notebook-Acer-Aspire-5-Intel-Core-i5-8GB-256GB-SSD-156-Full-HD-Windows-11-Home-1.jpg",600,600,false],"thumbnail":["https:\/\/promocaododia.com.br\/site\/wp-content\/uploads\/2022\/11\/Notebook-Acer-Aspire-5-Intel-Core-i5-8GB-256GB-SSD-156-Full-HD-Windows-11-Home-1-150x150.jpg",150,150,true],"medium":["https:\/\/promocaododia.com.br\/site\/wp-content\/uploads\/2022\/11\/Notebook-Acer-Aspire-5-Intel-Core-i5-8GB-256GB-SSD-156-Full-HD-Windows-11-Home-1-300x300.jpg",300,300,true],"medium_large":["https:\/\/promocaododia.com.br\/site\/wp-content\/uploads\/2022\/11\/Notebook-Acer-Aspire-5-Intel-Core-i5-8GB-256GB-SSD-156-Full-HD-Windows-11-Home-1.jpg",600,600,false],"large":["https:\/\/promocaododia.com.br\/site\/wp-content\/uploads\/2022\/11\/Notebook-Acer-Aspire-5-Intel-Core-i5-8GB-256GB-SSD-156-Full-HD-Windows-11-Home-1.jpg",600,600,false],"1536x1536":["https:\/\/promocaododia.com.br\/site\/wp-content\/uploads\/2022\/11\/Notebook-Acer-Aspire-5-Intel-Core-i5-8GB-256GB-SSD-156-Full-HD-Windows-11-Home-1.jpg",600,600,false],"2048x2048":["https:\/\/promocaododia.com.br\/site\/wp-content\/uploads\/2022\/11\/Notebook-Acer-Aspire-5-Intel-Core-i5-8GB-256GB-SSD-156-Full-HD-Windows-11-Home-1.jpg",600,600,false],"woocommerce_thumbnail":["https:\/\/promocaododia.com.br\/site\/wp-content\/uploads\/2022\/11\/Notebook-Acer-Aspire-5-Intel-Core-i5-8GB-256GB-SSD-156-Full-HD-Windows-11-Home-1-250x250.jpg",250,250,true],"woocommerce_single":["https:\/\/promocaododia.com.br\/site\/wp-content\/uploads\/2022\/11\/Notebook-Acer-Aspire-5-Intel-Core-i5-8GB-256GB-SSD-156-Full-HD-Windows-11-Home-1-250x250.jpg",250,250,true],"woocommerce_gallery_thumbnail":["https:\/\/promocaododia.com.br\/site\/wp-content\/uploads\/2022\/11\/Notebook-Acer-Aspire-5-Intel-Core-i5-8GB-256GB-SSD-156-Full-HD-Windows-11-Home-1-100x100.jpg",100,100,true]},"uagb_author_info":{"display_name":"danilo.gbr","author_link":"https:\/\/promocaododia.com.br\/site\/author\/"},"uagb_comment_info":0,"uagb_excerpt":"O notebook A515-54-505Q da linha Aspire 5 da Acer \u00e9 convenientemente port\u00e1til e elegante para acompanhar suas tarefas do dia a dia. Os recursos tecnol\u00f3gicos de sua confian\u00e7a ao seu lado sempre que precisar. Desempenho suficiente para todas as tarefas com processador Intel Core i5 10210U de 10\u00aa gera\u00e7\u00e3o. Voc\u00ea cria, edita, compartilha e assiste&hellip;","_links":{"self":[{"href":"https:\/\/promocaododia.com.br\/site\/wp-json\/wp\/v2\/product\/1138","targetHints":{"allow":["GET"]}}],"collection":[{"href":"https:\/\/promocaododia.com.br\/site\/wp-json\/wp\/v2\/product"}],"about":[{"href":"https:\/\/promocaododia.com.br\/site\/wp-json\/wp\/v2\/types\/product"}],"wp:featuredmedia":[{"embeddable":true,"href":"https:\/\/promocaododia.com.br\/site\/wp-json\/wp\/v2\/media\/1140"}],"wp:attachment":[{"href":"https:\/\/promocaododia.com.br\/site\/wp-json\/wp\/v2\/media?parent=1138"}],"wp:term":[{"taxonomy":"product_brand","embeddable":true,"href":"https:\/\/promocaododia.com.br\/site\/wp-json\/wp\/v2\/product_brand?post=1138"},{"taxonomy":"product_cat","embeddable":true,"href":"https:\/\/promocaododia.com.br\/site\/wp-json\/wp\/v2\/product_cat?post=1138"},{"taxonomy":"product_tag","embeddable":true,"href":"https:\/\/promocaododia.com.br\/site\/wp-json\/wp\/v2\/product_tag?post=1138"}],"curies":[{"name":"wp","href":"https:\/\/api.w.org\/{rel}","templated":true}]}}