{"id":1149,"date":"2022-11-17T18:54:08","date_gmt":"2022-11-17T21:54:08","guid":{"rendered":"https:\/\/promocaododia.com.br\/site\/?post_type=product&#038;p=1149"},"modified":"2022-11-17T18:54:08","modified_gmt":"2022-11-17T21:54:08","slug":"smartphone-lg-k41s-32gb-preto-4g-octa-core-3gb-ram-tela-655-cam-quadrupla-selfie-8mp","status":"publish","type":"product","link":"https:\/\/promocaododia.com.br\/site\/produto\/smartphone-lg-k41s-32gb-preto-4g-octa-core-3gb-ram-tela-655-cam-quadrupla-selfie-8mp\/","title":{"rendered":"Smartphone LG K41S 32GB Preto 4G Octa-Core &#8211; 3GB RAM Tela 6,55\u201d C\u00e2m. Qu\u00e1drupla + Selfie 8MP"},"content":{"rendered":"<p>Para voc\u00ea que busca um Smartphone novo para voc\u00ea ou para presentear algu\u00e9m que ama, opte pelo LG K41S na cor preta.Ele tem c\u00e2mera traseira qu\u00e1drupla de 13MP + 5MP + 2MP + 2MP com Zoom digital de 4x e Selfie de 8MP com Flash LED, detector de faces e foco autom\u00e1tico, tudo para voc\u00ea tirar fotos com alta qualidade.Conta com tela V-Notch HD+ de 6,55&#8243;, 32GB de mem\u00f3ria interna para armazenar fotos, v\u00eddeos e v\u00e1rios aplicativos, 3GB de mem\u00f3ria RAM e processador Media Tek MT6762 Octa Core de 2.0GHz.E ainda, tem sensor de impress\u00e3o digital, bateria de 4000mAh que dura o dia todo e \u00e9 Dual Chip, podendo usar a tecnologia 4G de 2 operadoras que voc\u00ea escolher.<\/p>\n","protected":false},"excerpt":{"rendered":"<p>Para voc\u00ea que busca um Smartphone novo para voc\u00ea ou para presentear algu\u00e9m que ama, opte pelo LG K41S na cor preta.Ele tem c\u00e2mera traseira qu\u00e1drupla de 13MP + 5MP + 2MP + 2MP com Zoom digital de 4x e Selfie de 8MP com Flash LED, detector de faces e foco autom\u00e1tico, tudo para voc\u00ea tirar fotos com alta qualidade.Conta com tela V-Notch HD+ de 6,55&#8243;, 32GB de mem\u00f3ria interna para armazenar fotos, v\u00eddeos e v\u00e1rios aplicativos, 3GB de mem\u00f3ria RAM e processador Media Tek MT6762 Octa Core de 2.0GHz.E ainda, tem sensor de impress\u00e3o digital, bateria de 4000mAh que dura o dia todo e \u00e9 Dual Chip, podendo usar a tecnologia 4G de 2 operadoras que voc\u00ea escolher.<\/p>\n","protected":false},"featured_media":1150,"template":"","meta":{"_uag_custom_page_level_css":"","site-sidebar-layout":"default","site-content-layout":"default","ast-site-content-layout":"default","site-content-style":"default","site-sidebar-style":"default","ast-global-header-display":"","ast-banner-title-visibility":"","ast-main-header-display":"","ast-hfb-above-header-display":"","ast-hfb-below-header-display":"","ast-hfb-mobile-header-display":"","site-post-title":"","ast-breadcrumbs-content":"","ast-featured-img":"","footer-sml-layout":"","theme-transparent-header-meta":"default","adv-header-id-meta":"","stick-header-meta":"","header-above-stick-meta":"","header-main-stick-meta":"","header-below-stick-meta":"","astra-migrate-meta-layouts":"default","ast-page-background-enabled":"default","ast-page-background-meta":{"desktop":{"background-color":"","background-image":"","background-repeat":"repeat","background-position":"center center","background-size":"auto","background-attachment":"scroll","background-type":"","background-media":"","overlay-type":"","overlay-color":"","overlay-opacity":"","overlay-gradient":""},"tablet":{"background-color":"","background-image":"","background-repeat":"repeat","background-position":"center center","background-size":"auto","background-attachment":"scroll","background-type":"","background-media":"","overlay-type":"","overlay-color":"","overlay-opacity":"","overlay-gradient":""},"mobile":{"background-color":"","background-image":"","background-repeat":"repeat","background-position":"center center","background-size":"auto","background-attachment":"scroll","background-type":"","background-media":"","overlay-type":"","overlay-color":"","overlay-opacity":"","overlay-gradient":""}},"ast-content-background-meta":{"desktop":{"background-color":"var(--ast-global-color-5)","background-image":"","background-repeat":"repeat","background-position":"center center","background-size":"auto","background-attachment":"scroll","background-type":"","background-media":"","overlay-type":"","overlay-color":"","overlay-opacity":"","overlay-gradient":""},"tablet":{"background-color":"var(--ast-global-color-5)","background-image":"","background-repeat":"repeat","background-position":"center center","background-size":"auto","background-attachment":"scroll","background-type":"","background-media":"","overlay-type":"","overlay-color":"","overlay-opacity":"","overlay-gradient":""},"mobile":{"background-color":"var(--ast-global-color-5)","background-image":"","background-repeat":"repeat","background-position":"center center","background-size":"auto","background-attachment":"scroll","background-type":"","background-media":"","overlay-type":"","overlay-color":"","overlay-opacity":"","overlay-gradient":""}}},"product_brand":[],"product_cat":[23,35],"product_tag":[91,90],"class_list":{"0":"post-1149","1":"product","2":"type-product","3":"status-publish","4":"has-post-thumbnail","6":"product_cat-celulares-e-tablets","7":"product_cat-smartphone","8":"product_tag-celular","9":"product_tag-smartphone","10":"desktop-align-center","11":"tablet-align-left","12":"mobile-align-center","14":"first","15":"instock","16":"shipping-taxable","17":"product-type-external"},"uagb_featured_image_src":{"full":["https:\/\/promocaododia.com.br\/site\/wp-content\/uploads\/2022\/11\/Smartphone-LG-K41S-32GB-Preto-4G-Octa-Core-3GB-RAM-Tela-655-Cam.-Quadrupla-Selfie-8MP.jpg",600,600,false],"thumbnail":["https:\/\/promocaododia.com.br\/site\/wp-content\/uploads\/2022\/11\/Smartphone-LG-K41S-32GB-Preto-4G-Octa-Core-3GB-RAM-Tela-655-Cam.-Quadrupla-Selfie-8MP-150x150.jpg",150,150,true],"medium":["https:\/\/promocaododia.com.br\/site\/wp-content\/uploads\/2022\/11\/Smartphone-LG-K41S-32GB-Preto-4G-Octa-Core-3GB-RAM-Tela-655-Cam.-Quadrupla-Selfie-8MP-300x300.jpg",300,300,true],"medium_large":["https:\/\/promocaododia.com.br\/site\/wp-content\/uploads\/2022\/11\/Smartphone-LG-K41S-32GB-Preto-4G-Octa-Core-3GB-RAM-Tela-655-Cam.-Quadrupla-Selfie-8MP.jpg",600,600,false],"large":["https:\/\/promocaododia.com.br\/site\/wp-content\/uploads\/2022\/11\/Smartphone-LG-K41S-32GB-Preto-4G-Octa-Core-3GB-RAM-Tela-655-Cam.-Quadrupla-Selfie-8MP.jpg",600,600,false],"1536x1536":["https:\/\/promocaododia.com.br\/site\/wp-content\/uploads\/2022\/11\/Smartphone-LG-K41S-32GB-Preto-4G-Octa-Core-3GB-RAM-Tela-655-Cam.-Quadrupla-Selfie-8MP.jpg",600,600,false],"2048x2048":["https:\/\/promocaododia.com.br\/site\/wp-content\/uploads\/2022\/11\/Smartphone-LG-K41S-32GB-Preto-4G-Octa-Core-3GB-RAM-Tela-655-Cam.-Quadrupla-Selfie-8MP.jpg",600,600,false],"woocommerce_thumbnail":["https:\/\/promocaododia.com.br\/site\/wp-content\/uploads\/2022\/11\/Smartphone-LG-K41S-32GB-Preto-4G-Octa-Core-3GB-RAM-Tela-655-Cam.-Quadrupla-Selfie-8MP-250x250.jpg",250,250,true],"woocommerce_single":["https:\/\/promocaododia.com.br\/site\/wp-content\/uploads\/2022\/11\/Smartphone-LG-K41S-32GB-Preto-4G-Octa-Core-3GB-RAM-Tela-655-Cam.-Quadrupla-Selfie-8MP-250x250.jpg",250,250,true],"woocommerce_gallery_thumbnail":["https:\/\/promocaododia.com.br\/site\/wp-content\/uploads\/2022\/11\/Smartphone-LG-K41S-32GB-Preto-4G-Octa-Core-3GB-RAM-Tela-655-Cam.-Quadrupla-Selfie-8MP-100x100.jpg",100,100,true]},"uagb_author_info":{"display_name":"danilo.gbr","author_link":"https:\/\/promocaododia.com.br\/site\/author\/"},"uagb_comment_info":0,"uagb_excerpt":"Para voc\u00ea que busca um Smartphone novo para voc\u00ea ou para presentear algu\u00e9m que ama, opte pelo LG K41S na cor preta.Ele tem c\u00e2mera traseira qu\u00e1drupla de 13MP + 5MP + 2MP + 2MP com Zoom digital de 4x e Selfie de 8MP com Flash LED, detector de faces e foco autom\u00e1tico, tudo para voc\u00ea&hellip;","_links":{"self":[{"href":"https:\/\/promocaododia.com.br\/site\/wp-json\/wp\/v2\/product\/1149","targetHints":{"allow":["GET"]}}],"collection":[{"href":"https:\/\/promocaododia.com.br\/site\/wp-json\/wp\/v2\/product"}],"about":[{"href":"https:\/\/promocaododia.com.br\/site\/wp-json\/wp\/v2\/types\/product"}],"wp:featuredmedia":[{"embeddable":true,"href":"https:\/\/promocaododia.com.br\/site\/wp-json\/wp\/v2\/media\/1150"}],"wp:attachment":[{"href":"https:\/\/promocaododia.com.br\/site\/wp-json\/wp\/v2\/media?parent=1149"}],"wp:term":[{"taxonomy":"product_brand","embeddable":true,"href":"https:\/\/promocaododia.com.br\/site\/wp-json\/wp\/v2\/product_brand?post=1149"},{"taxonomy":"product_cat","embeddable":true,"href":"https:\/\/promocaododia.com.br\/site\/wp-json\/wp\/v2\/product_cat?post=1149"},{"taxonomy":"product_tag","embeddable":true,"href":"https:\/\/promocaododia.com.br\/site\/wp-json\/wp\/v2\/product_tag?post=1149"}],"curies":[{"name":"wp","href":"https:\/\/api.w.org\/{rel}","templated":true}]}}