{"id":1156,"date":"2022-11-17T19:30:03","date_gmt":"2022-11-17T22:30:03","guid":{"rendered":"https:\/\/promocaododia.com.br\/site\/?post_type=product&#038;p=1156"},"modified":"2022-11-17T19:30:03","modified_gmt":"2022-11-17T22:30:03","slug":"robo-aspirador-mondial-rb-07-30w","status":"publish","type":"product","link":"https:\/\/promocaododia.com.br\/site\/produto\/robo-aspirador-mondial-rb-07-30w\/","title":{"rendered":"Rob\u00f4 Aspirador Mondial RB-07 30W"},"content":{"rendered":"<p>Com o Rob\u00f4 aspirador Smart Clean RB-07 da Mondial a limpeza do dia a dia ficou mais f\u00e1cil e pr\u00e1tica. Com pot\u00eancia de 30W e autonomia de 90 minutos, ele tem a &#8220;for\u00e7a&#8221; necess\u00e1ria para desenvolver as tarefas mais pesadas. Possui 3 sensores para tornar o sistema antiqueda mais eficiente e regulagem de intensidade, para ajustes conforme a tonalidade do piso, identificando os desn\u00edveis e evitando quedas. Isso sem contar na prote\u00e7\u00e3o de borracha, que vai proteger seu m\u00f3veis, pisos e paredes contra riscos e dados. Tem altura de 7,5cm e fun\u00e7\u00e3o MOP, assim ele passa pano enquanto aspira. A combina\u00e7\u00e3o perfeita para limpar embaixo de m\u00f3veis e sof\u00e1s.<\/p>\n","protected":false},"excerpt":{"rendered":"<p>Com o Rob\u00f4 aspirador Smart Clean RB-07 da Mondial a limpeza do dia a dia ficou mais f\u00e1cil e pr\u00e1tica. Com pot\u00eancia de 30W e autonomia de 90 minutos, ele tem a &#8220;for\u00e7a&#8221; necess\u00e1ria para desenvolver as tarefas mais pesadas. Possui 3 sensores para tornar o sistema antiqueda mais eficiente e regulagem de intensidade, para ajustes conforme a tonalidade do piso, identificando os desn\u00edveis e evitando quedas. Isso sem contar na prote\u00e7\u00e3o de borracha, que vai proteger seu m\u00f3veis, pisos e paredes contra riscos e dados. Tem altura de 7,5cm e fun\u00e7\u00e3o MOP, assim ele passa pano enquanto aspira. A combina\u00e7\u00e3o perfeita para limpar embaixo de m\u00f3veis e sof\u00e1s.<\/p>\n","protected":false},"featured_media":1157,"template":"","meta":{"_uag_custom_page_level_css":"","site-sidebar-layout":"default","site-content-layout":"default","ast-site-content-layout":"default","site-content-style":"default","site-sidebar-style":"default","ast-global-header-display":"","ast-banner-title-visibility":"","ast-main-header-display":"","ast-hfb-above-header-display":"","ast-hfb-below-header-display":"","ast-hfb-mobile-header-display":"","site-post-title":"","ast-breadcrumbs-content":"","ast-featured-img":"","footer-sml-layout":"","theme-transparent-header-meta":"default","adv-header-id-meta":"","stick-header-meta":"","header-above-stick-meta":"","header-main-stick-meta":"","header-below-stick-meta":"","astra-migrate-meta-layouts":"default","ast-page-background-enabled":"default","ast-page-background-meta":{"desktop":{"background-color":"","background-image":"","background-repeat":"repeat","background-position":"center center","background-size":"auto","background-attachment":"scroll","background-type":"","background-media":"","overlay-type":"","overlay-color":"","overlay-opacity":"","overlay-gradient":""},"tablet":{"background-color":"","background-image":"","background-repeat":"repeat","background-position":"center center","background-size":"auto","background-attachment":"scroll","background-type":"","background-media":"","overlay-type":"","overlay-color":"","overlay-opacity":"","overlay-gradient":""},"mobile":{"background-color":"","background-image":"","background-repeat":"repeat","background-position":"center center","background-size":"auto","background-attachment":"scroll","background-type":"","background-media":"","overlay-type":"","overlay-color":"","overlay-opacity":"","overlay-gradient":""}},"ast-content-background-meta":{"desktop":{"background-color":"var(--ast-global-color-5)","background-image":"","background-repeat":"repeat","background-position":"center center","background-size":"auto","background-attachment":"scroll","background-type":"","background-media":"","overlay-type":"","overlay-color":"","overlay-opacity":"","overlay-gradient":""},"tablet":{"background-color":"var(--ast-global-color-5)","background-image":"","background-repeat":"repeat","background-position":"center center","background-size":"auto","background-attachment":"scroll","background-type":"","background-media":"","overlay-type":"","overlay-color":"","overlay-opacity":"","overlay-gradient":""},"mobile":{"background-color":"var(--ast-global-color-5)","background-image":"","background-repeat":"repeat","background-position":"center center","background-size":"auto","background-attachment":"scroll","background-type":"","background-media":"","overlay-type":"","overlay-color":"","overlay-opacity":"","overlay-gradient":""}}},"product_brand":[],"product_cat":[153,53],"product_tag":[434,432,175,138,532],"class_list":{"0":"post-1156","1":"product","2":"type-product","3":"status-publish","4":"has-post-thumbnail","6":"product_cat-casa-e-construcao","7":"product_cat-eletroportateis","8":"product_tag-aspirador-de-po","9":"product_tag-casa","10":"product_tag-casa-inteligente","11":"product_tag-mondial","12":"product_tag-robo-aspirador","13":"desktop-align-center","14":"tablet-align-left","15":"mobile-align-center","17":"first","18":"instock","19":"sale","20":"shipping-taxable","21":"product-type-external"},"uagb_featured_image_src":{"full":["https:\/\/promocaododia.com.br\/site\/wp-content\/uploads\/2022\/11\/Robo-Aspirador-Mondial-RB-07-30W.jpg",600,600,false],"thumbnail":["https:\/\/promocaododia.com.br\/site\/wp-content\/uploads\/2022\/11\/Robo-Aspirador-Mondial-RB-07-30W-150x150.jpg",150,150,true],"medium":["https:\/\/promocaododia.com.br\/site\/wp-content\/uploads\/2022\/11\/Robo-Aspirador-Mondial-RB-07-30W-300x300.jpg",300,300,true],"medium_large":["https:\/\/promocaododia.com.br\/site\/wp-content\/uploads\/2022\/11\/Robo-Aspirador-Mondial-RB-07-30W.jpg",600,600,false],"large":["https:\/\/promocaododia.com.br\/site\/wp-content\/uploads\/2022\/11\/Robo-Aspirador-Mondial-RB-07-30W.jpg",600,600,false],"1536x1536":["https:\/\/promocaododia.com.br\/site\/wp-content\/uploads\/2022\/11\/Robo-Aspirador-Mondial-RB-07-30W.jpg",600,600,false],"2048x2048":["https:\/\/promocaododia.com.br\/site\/wp-content\/uploads\/2022\/11\/Robo-Aspirador-Mondial-RB-07-30W.jpg",600,600,false],"woocommerce_thumbnail":["https:\/\/promocaododia.com.br\/site\/wp-content\/uploads\/2022\/11\/Robo-Aspirador-Mondial-RB-07-30W-250x250.jpg",250,250,true],"woocommerce_single":["https:\/\/promocaododia.com.br\/site\/wp-content\/uploads\/2022\/11\/Robo-Aspirador-Mondial-RB-07-30W-250x250.jpg",250,250,true],"woocommerce_gallery_thumbnail":["https:\/\/promocaododia.com.br\/site\/wp-content\/uploads\/2022\/11\/Robo-Aspirador-Mondial-RB-07-30W-100x100.jpg",100,100,true]},"uagb_author_info":{"display_name":"danilo.gbr","author_link":"https:\/\/promocaododia.com.br\/site\/author\/"},"uagb_comment_info":0,"uagb_excerpt":"Com o Rob\u00f4 aspirador Smart Clean RB-07 da Mondial a limpeza do dia a dia ficou mais f\u00e1cil e pr\u00e1tica. Com pot\u00eancia de 30W e autonomia de 90 minutos, ele tem a &#8220;for\u00e7a&#8221; necess\u00e1ria para desenvolver as tarefas mais pesadas. Possui 3 sensores para tornar o sistema antiqueda mais eficiente e regulagem de intensidade, para&hellip;","_links":{"self":[{"href":"https:\/\/promocaododia.com.br\/site\/wp-json\/wp\/v2\/product\/1156","targetHints":{"allow":["GET"]}}],"collection":[{"href":"https:\/\/promocaododia.com.br\/site\/wp-json\/wp\/v2\/product"}],"about":[{"href":"https:\/\/promocaododia.com.br\/site\/wp-json\/wp\/v2\/types\/product"}],"wp:featuredmedia":[{"embeddable":true,"href":"https:\/\/promocaododia.com.br\/site\/wp-json\/wp\/v2\/media\/1157"}],"wp:attachment":[{"href":"https:\/\/promocaododia.com.br\/site\/wp-json\/wp\/v2\/media?parent=1156"}],"wp:term":[{"taxonomy":"product_brand","embeddable":true,"href":"https:\/\/promocaododia.com.br\/site\/wp-json\/wp\/v2\/product_brand?post=1156"},{"taxonomy":"product_cat","embeddable":true,"href":"https:\/\/promocaododia.com.br\/site\/wp-json\/wp\/v2\/product_cat?post=1156"},{"taxonomy":"product_tag","embeddable":true,"href":"https:\/\/promocaododia.com.br\/site\/wp-json\/wp\/v2\/product_tag?post=1156"}],"curies":[{"name":"wp","href":"https:\/\/api.w.org\/{rel}","templated":true}]}}