{"id":1160,"date":"2022-11-18T20:07:40","date_gmt":"2022-11-18T23:07:40","guid":{"rendered":"https:\/\/promocaododia.com.br\/site\/?post_type=product&#038;p=1160"},"modified":"2022-11-18T20:15:15","modified_gmt":"2022-11-18T23:15:15","slug":"ate-43-off-em-echo-com-alexa","status":"publish","type":"product","link":"https:\/\/promocaododia.com.br\/site\/produto\/ate-43-off-em-echo-com-alexa\/","title":{"rendered":"At\u00e9 43% off em Echo com Alexa"},"content":{"rendered":"<div class=\"a-row\">\n<div class=\"make-money-tracking-wrapper\">\n<div class=\"as-body desktop\" data-devicetype=\"desktop\">\n<div id=\"\" class=\"flex-container flex-align-items-stretch flex-align-content-flex-start flex-full-width alexa2018 ember background-color-transparent border-color-transparent\">\n<div id=\"\" class=\"flex-container flex-align-items-stretch flex-align-content-flex-start flex-full-width alexa2018 ember background-color-transparent border-color-transparent\">\n<div id=\"\" class=\"flex-container flex-align-items-stretch flex-align-content-flex-start alexa2018 ember background-color-transparent border-color-transparent\">\n<div id=\"\" class=\"padding-bottom-small flex-container flex-align-items-stretch flex-align-content-flex-start flex-full-width alexa2018 ember background-color-transparent border-color-transparent\">\n<h2 class=\"heading align-center color-squid-ink font-weight-normal line-height-highest\">Conhe\u00e7a os principais recursos de Alexa<\/h2>\n<\/div>\n<div id=\"\" class=\"flex-container flex-align-items-stretch flex-align-content-flex-start flex-full-width alexa2018 ember background-color-transparent border-color-transparent\">\n<div class=\"spacer\"><\/div>\n<\/div>\n<div id=\"\" class=\"flex-container flex-align-items-stretch flex-align-content-flex-start flex-full-width alexa2018 ember background-color-transparent border-color-transparent\">\n<div id=\"\" class=\"flex-container flex-align-items-stretch flex-align-content-flex-start alexa2018 ember background-color-transparent border-color-transparent\">\n<div id=\"\" class=\"padding-top-small flex-container flex-align-items-stretch flex-align-content-flex-start flex-full-width alexa2018 ember background-color-transparent border-color-transparent\">\n<div class=\"image align-center\"><img decoding=\"async\" title=\"\" src=\"https:\/\/m.media-amazon.com\/images\/G\/01\/AlexaSkills\/2021\/LandingPages\/Ah-Home-LP\/smart_home_v2.jpg\" alt=\"Learn more about family and kids devices\" height=\"150\" \/><\/div>\n<\/div>\n<div id=\"\" class=\"padding-top-mini padding-bottom-xsmall flex-container flex-align-items-stretch flex-align-content-flex-start flex-full-width alexa2018 ember background-color-transparent border-color-transparent\">\n<div class=\"text align-center color-squid-ink font-size-regular font-weight-normal\"><strong>Casa Inteligente<\/strong><\/div>\n<\/div>\n<div id=\"\" class=\"padding-bottom-minibase flex-container flex-align-items-stretch flex-align-content-flex-start flex-full-width alexa2018 ember background-color-transparent border-color-transparent\">\n<div class=\"text align-center color-squid-ink font-size-regular font-weight-normal\"><em><strong>&#8220;Alexa, acende a luz da sala.&#8221;<br \/>\n<\/strong><br \/>\n<\/em>Controle seus dispositivos de casa inteligente por voz: luzes, c\u00e2meras, plugues, controles universais e mais.<\/div>\n<\/div>\n<\/div>\n<div id=\"\" class=\"flex-container flex-align-items-stretch flex-align-content-flex-start alexa2018 ember background-color-transparent border-color-transparent\">\n<div class=\"spacer\"><\/div>\n<\/div>\n<div id=\"\" class=\"flex-container flex-align-items-stretch flex-align-content-flex-start alexa2018 ember background-color-transparent border-color-transparent\">\n<div id=\"\" class=\"padding-top-small flex-container flex-align-items-stretch flex-align-content-flex-start flex-full-width alexa2018 ember background-color-transparent border-color-transparent\">\n<div class=\"image align-center\"><img decoding=\"async\" title=\"\" src=\"https:\/\/m.media-amazon.com\/images\/G\/01\/AlexaSkills\/2021\/LandingPages\/Ah-Home-LP\/entertainment_v2.jpg\" alt=\"Learn more about family and kids devices\" height=\"150\" \/><\/div>\n<\/div>\n<div id=\"\" class=\"padding-top-mini padding-bottom-xsmall flex-container flex-align-items-stretch flex-align-content-flex-start flex-full-width alexa2018 ember background-color-transparent border-color-transparent\">\n<div class=\"text align-center color-squid-ink font-size-regular font-weight-normal\"><strong>M\u00fasica e entretenimento<\/strong><\/div>\n<\/div>\n<div id=\"\" class=\"padding-bottom-minibase flex-container flex-align-items-stretch flex-align-content-flex-start flex-full-width alexa2018 ember background-color-transparent border-color-transparent\">\n<div class=\"text align-center color-squid-ink font-size-regular font-weight-normal\">\n<p><em><strong>&#8220;Alexa, toca m\u00fasicas da Iza.&#8221;<\/strong><\/em><\/p>\n<p>Pe\u00e7a m\u00fasicas, artistas ou g\u00eaneros por voz pelo Amazon Music, Spotify, Apple Music, Deezer e outros.<\/p>\n<\/div>\n<\/div>\n<\/div>\n<div id=\"\" class=\"flex-container flex-align-items-stretch flex-align-content-flex-start alexa2018 ember background-color-transparent border-color-transparent\">\n<div class=\"spacer\"><\/div>\n<\/div>\n<div id=\"\" class=\"flex-container flex-align-items-stretch flex-align-content-flex-start alexa2018 ember background-color-transparent border-color-transparent\">\n<div id=\"\" class=\"padding-top-small flex-container flex-align-items-stretch flex-align-content-flex-start flex-full-width alexa2018 ember background-color-transparent border-color-transparent\">\n<div class=\"image align-center\"><img decoding=\"async\" title=\"\" src=\"https:\/\/m.media-amazon.com\/images\/G\/01\/AlexaSkills\/2021\/LandingPages\/Ah-Home-LP\/productivity_v2.jpg\" alt=\"Learn more about kitchen\" height=\"150\" \/><\/div>\n<\/div>\n<div id=\"\" class=\"padding-top-mini padding-bottom-small flex-container flex-align-items-stretch flex-align-content-flex-start flex-full-width alexa2018 ember background-color-transparent border-color-transparent\">\n<div class=\"text align-center color-squid-ink font-size-regular font-weight-normal\"><strong>Produtividade<\/strong><\/div>\n<\/div>\n<div id=\"\" class=\"padding-bottom-minibase flex-container flex-align-items-stretch flex-align-content-flex-start flex-full-width alexa2018 ember background-color-transparent border-color-transparent\">\n<div class=\"text align-center color-squid-ink font-size-regular font-weight-normal\">\n<p><strong><em>&#8220;Alexa, timer de 20 minutos&#8221;<\/em><\/strong><\/p>\n<p>Sincronize seu calend\u00e1rio, crie lembretes, timers e alarmes. Alexa te lembra do que voc\u00ea quiser.<\/p>\n<\/div>\n<\/div>\n<\/div>\n<\/div>\n<div id=\"\" class=\"flex-container flex-align-items-stretch flex-align-content-flex-start flex-full-width alexa2018 ember background-color-transparent border-color-transparent\">\n<div id=\"\" class=\"flex-container flex-align-items-stretch flex-align-content-flex-start alexa2018 ember background-color-transparent border-color-transparent\">\n<div id=\"\" class=\"padding-top-small flex-container flex-align-items-stretch flex-align-content-flex-start flex-full-width alexa2018 ember background-color-transparent border-color-transparent\">\n<div class=\"image align-center\"><img decoding=\"async\" title=\"\" src=\"https:\/\/m.media-amazon.com\/images\/G\/32\/kindle\/devices\/2022\/AlexaHub\/v2_ski.l.jpg\" alt=\"Learn more about family and kids devices\" height=\"150\" \/><\/div>\n<\/div>\n<div id=\"\" class=\"padding-top-mini padding-bottom-xsmall flex-container flex-align-items-stretch flex-align-content-flex-start flex-full-width alexa2018 ember background-color-transparent border-color-transparent\">\n<div class=\"text align-center color-squid-ink font-size-regular font-weight-normal\"><strong>Skills<\/strong><\/div>\n<\/div>\n<div id=\"\" class=\"padding-bottom-minibase flex-container flex-align-items-stretch flex-align-content-flex-start flex-full-width alexa2018 ember background-color-transparent border-color-transparent\">\n<div class=\"text align-center color-squid-ink font-size-regular font-weight-normal\">\n<p><em><strong>\u201cAlexa, jogar Akinator.\u201d<\/strong><\/em><\/p>\n<p>As skills s\u00e3o como aplicativos que te ajudam a fazer ainda mais coisas com Alexa.<\/p>\n<\/div>\n<\/div>\n<\/div>\n<div id=\"\" class=\"flex-container flex-align-items-stretch flex-align-content-flex-start alexa2018 ember background-color-transparent border-color-transparent\">\n<div class=\"spacer\"><\/div>\n<\/div>\n<div id=\"\" class=\"flex-container flex-align-items-stretch flex-align-content-flex-start alexa2018 ember background-color-transparent border-color-transparent\">\n<div id=\"\" class=\"padding-top-small flex-container flex-align-items-stretch flex-align-content-flex-start flex-full-width alexa2018 ember background-color-transparent border-color-transparent\">\n<div class=\"image align-center\"><img decoding=\"async\" title=\"\" src=\"https:\/\/m.media-amazon.com\/images\/G\/01\/AlexaSkills\/2021\/LandingPages\/Ah-Home-LP\/routines_v2.jpg\" alt=\"Learn more about family and kids devices\" height=\"150\" \/><\/div>\n<\/div>\n<div id=\"\" class=\"padding-top-mini padding-bottom-xsmall flex-container flex-align-items-stretch flex-align-content-flex-start flex-full-width alexa2018 ember background-color-transparent border-color-transparent\">\n<div class=\"text align-center color-squid-ink font-size-regular font-weight-normal\"><strong>Rotinas<\/strong><\/div>\n<\/div>\n<div id=\"\" class=\"padding-bottom-minibase flex-container flex-align-items-stretch flex-align-content-flex-start flex-full-width alexa2018 ember background-color-transparent border-color-transparent\">\n<div class=\"text align-center color-squid-ink font-size-regular font-weight-normal\">\n<p><strong><em>\u201cAlexa, comece meu dia.\u201d<\/em><\/strong><\/p>\n<p>Pe\u00e7a para Alexa executar uma s\u00e9rie de a\u00e7\u00f5es em sequ\u00eancia com um simples comando.<\/p>\n<\/div>\n<\/div>\n<\/div>\n<div id=\"\" class=\"flex-container flex-align-items-stretch flex-align-content-flex-start alexa2018 ember background-color-transparent border-color-transparent\">\n<div class=\"spacer\"><\/div>\n<\/div>\n<div id=\"\" class=\"flex-container flex-align-items-stretch flex-align-content-flex-start alexa2018 ember background-color-transparent border-color-transparent\">\n<div id=\"\" class=\"padding-top-small flex-container flex-align-items-stretch flex-align-content-flex-start flex-full-width alexa2018 ember background-color-transparent border-color-transparent\">\n<div class=\"image align-center\"><img decoding=\"async\" title=\"\" src=\"https:\/\/m.media-amazon.com\/images\/G\/01\/AlexaSkills\/2021\/LandingPages\/Ah-Home-LP\/shopping_v2.jpg\" alt=\"Learn more about kitchen\" height=\"150\" \/><\/div>\n<\/div>\n<div id=\"\" class=\"padding-top-mini padding-bottom-small flex-container flex-align-items-stretch flex-align-content-flex-start flex-full-width alexa2018 ember background-color-transparent border-color-transparent\">\n<div class=\"text align-center color-squid-ink font-size-regular font-weight-normal\"><strong>Compras<\/strong><\/div>\n<\/div>\n<div id=\"\" class=\"padding-bottom-minibase flex-container flex-align-items-stretch flex-align-content-flex-start flex-full-width alexa2018 ember background-color-transparent border-color-transparent\">\n<div class=\"text align-center color-squid-ink font-size-regular font-weight-normal\">\n<p><strong><em>&#8220;Alexa, onde est\u00e1 meu pedido?&#8221;<\/em><\/strong><\/p>\n<p>Adicione produtos \u00e0 sua lista de compras e acompanhe o status dos seus pedidos da Amazon por voz.<\/p>\n<\/div>\n<\/div>\n<\/div>\n<\/div>\n<div id=\"\" class=\"padding-bottom-base flex-container flex-align-items-stretch flex-align-content-flex-start flex-full-width alexa2018 ember background-color-transparent border-color-transparent\">\n<div class=\"spacer\"><\/div>\n<\/div>\n<div id=\"\" class=\"padding-bottom-minibase flex-container flex-align-items-stretch flex-align-content-flex-start flex-full-width alexa2018 ember background-color-transparent border-color-transparent\">\n<div class=\"align-center\"><a class=\"link button button-type-primary font-size-regular\" href=\"https:\/\/www.amazon.com.br\/conhecaalexa\" aria-label=\"saiba mais\">Veja Tudo<\/a><\/div>\n<\/div>\n<div id=\"\" class=\"padding-top-base padding-bottom-small flex-container flex-align-items-stretch flex-align-content-flex-start flex-full-width alexa2018 ember background-color-transparent border-color-transparent\">\n<div id=\"\" class=\"flex-container flex-align-items-stretch flex-align-content-flex-start alexa2018 ember background-color-transparent border-color-transparent\">\n<div class=\"spacer\"><\/div>\n<\/div>\n<div id=\"\" class=\"flex-container flex-align-items-stretch flex-align-content-flex-start alexa2018 ember background-color-transparent border-color-transparent\">\n<div id=\"\" class=\"flex-container flex-align-items-stretch flex-align-content-flex-start flex-full-width alexa2018 ember background-color-transparent border-color-transparent\">\n<h2 class=\"heading align-center color-squid-ink font-weight-normal \">Skills em destaque<\/h2>\n<\/div>\n<div id=\"\" class=\"padding-left-large padding-right-large padding-top-xsmall flex-container flex-align-items-stretch flex-align-content-flex-start flex-full-width alexa2018 ember background-color-transparent border-color-transparent\">\n<div class=\"text align-center color-squid-ink font-size-regular font-weight-normal\">As skills que s\u00e3o como aplicativos que te ajudam a fazer ainda mais coisas com Alexa, como aprender novas receitas, assistir canais de televis\u00e3o, divertir-se com jogos como Show do Milh\u00e3o e entreter as crian\u00e7as com a Galinha Pintadinha.<\/div>\n<\/div>\n<\/div>\n<div id=\"\" class=\"flex-container flex-align-items-stretch flex-align-content-flex-start alexa2018 ember background-color-transparent border-color-transparent\">\n<div class=\"spacer\"><\/div>\n<\/div>\n<\/div>\n<\/div>\n<div id=\"\" class=\"flex-container flex-align-items-stretch flex-align-content-flex-start alexa2018 ember background-color-transparent border-color-transparent\">\n<div class=\"spacer\"><\/div>\n<\/div>\n<\/div>\n<\/div>\n<\/div>\n<\/div>\n<\/div>\n<div class=\"a-row\">\n<div class=\"celwidget pf_rd_p-2a66a661-fa0e-40bd-a92f-a729baee2fb1 pf_rd_r-MSHH1VGCB4J3MNKW9Z8Z\" data-csa-op-log-render=\"\" data-csa-c-content-id=\"amzn1.sym.2a66a661-fa0e-40bd-a92f-a729baee2fb1\" data-csa-c-slot-id=\"DsUnknown-20\" data-csa-c-type=\"widget\" data-csa-c-painter=\"raw:__NA_leo-widget_1.0\" data-csa-c-id=\"hauvvr-e43ujx-pfr2oh-6ngmim\" data-cel-widget=\"0d96d257-4482-4b27-a3f8-3e54f125bd3a\">\n<div id=\"carousel_84620\" class=\"acswidget acswidget-carousel celwidget a-spacing-base acswidget-carousel--shoveler acswidget-carousel--default\" data-csa-c-id=\"g53l78-o5keev-sl2ec5-45w7em\" data-cel-widget=\"acsux-widgets_carousel_merchandised-search-16\">\n<div class=\"a-box-group acswidget-carousel__carousel-container\">\n<div id=\"carousel\" class=\"a-begin a-carousel-container a-carousel-display-swap a-carousel-transition-swap a-spacing-top-small min-items--3\" data-a-carousel-options=\"{&quot;set_size&quot;:9,&quot;minimum_gutter_width&quot;:15,&quot;maintain_state&quot;:false,&quot;show_partial_next&quot;:false,&quot;name&quot;:&quot;carousel&quot;,&quot;single_page_align&quot;:&quot;stretch&quot;,&quot;first_item_flush_left&quot;:true,&quot;hide_off_screen&quot;:false}\" data-a-display-strategy=\"swap\" data-a-transition-strategy=\"swap\" data-a-ajax-strategy=\"none\">\n<div class=\"a-row a-carousel-controls a-carousel-row a-carousel-has-buttons a-carousel-overlay-buttons\">\n<div class=\"a-carousel-row-inner\">\n<div class=\"a-carousel-col a-carousel-left\"><\/div>\n<div class=\"a-carousel-col a-carousel-center\">\n<div class=\"a-carousel-viewport\">\n<ol class=\"a-carousel\" role=\"list\">\n<li class=\"a-carousel-card acswidget-carousel__card\" role=\"listitem\" aria-setsize=\"9\">\n<div id=\"acs-product-block-0\" class=\"a-section acs-product-block acs-product-block--default\" data-asin=\"B09D8J2Q9N\" data-default-order=\"0\">\n<div class=\"a-section a-spacing-mini a-spacing-top-micro acs-product-block__product-image\">\n<div class=\"acs-product-block__empty-badge\"><\/div>\n<\/div>\n<\/div>\n<\/li>\n<\/ol>\n<\/div>\n<\/div>\n<\/div>\n<\/div>\n<\/div>\n<\/div>\n<\/div>\n<\/div>\n<\/div>\n","protected":false},"excerpt":{"rendered":"<p>Conhe\u00e7a os principais recursos de Alexa Casa Inteligente &#8220;Alexa, acende a luz da sala.&#8221; Controle seus dispositivos de casa inteligente por voz: luzes, c\u00e2meras, plugues, controles universais e mais. M\u00fasica e entretenimento &#8220;Alexa, toca m\u00fasicas da Iza.&#8221; Pe\u00e7a m\u00fasicas, artistas ou g\u00eaneros por voz pelo Amazon Music, Spotify, Apple Music, Deezer e outros. Produtividade &#8220;Alexa, timer de 20 minutos&#8221; Sincronize seu calend\u00e1rio, crie lembretes, timers e alarmes. Alexa te lembra do que voc\u00ea quiser. Skills \u201cAlexa, jogar Akinator.\u201d As skills s\u00e3o como aplicativos que te ajudam a fazer ainda mais coisas com Alexa. Rotinas \u201cAlexa, comece meu dia.\u201d Pe\u00e7a para Alexa executar uma s\u00e9rie de a\u00e7\u00f5es em sequ\u00eancia com um simples comando. Compras &#8220;Alexa, onde est\u00e1 meu pedido?&#8221; Adicione produtos \u00e0 sua lista de compras e acompanhe o status dos seus pedidos da Amazon por voz. Veja Tudo Skills em destaque As skills que s\u00e3o como aplicativos que te ajudam a fazer ainda mais coisas com Alexa, como aprender novas receitas, assistir canais de televis\u00e3o, divertir-se com jogos como Show do Milh\u00e3o e entreter as crian\u00e7as com a Galinha Pintadinha.<\/p>\n","protected":false},"featured_media":1164,"template":"","meta":{"_uag_custom_page_level_css":"","site-sidebar-layout":"default","site-content-layout":"default","ast-site-content-layout":"default","site-content-style":"default","site-sidebar-style":"default","ast-global-header-display":"","ast-banner-title-visibility":"","ast-main-header-display":"","ast-hfb-above-header-display":"","ast-hfb-below-header-display":"","ast-hfb-mobile-header-display":"","site-post-title":"","ast-breadcrumbs-content":"","ast-featured-img":"","footer-sml-layout":"","theme-transparent-header-meta":"default","adv-header-id-meta":"","stick-header-meta":"","header-above-stick-meta":"","header-main-stick-meta":"","header-below-stick-meta":"","astra-migrate-meta-layouts":"default","ast-page-background-enabled":"default","ast-page-background-meta":{"desktop":{"background-color":"","background-image":"","background-repeat":"repeat","background-position":"center center","background-size":"auto","background-attachment":"scroll","background-type":"","background-media":"","overlay-type":"","overlay-color":"","overlay-opacity":"","overlay-gradient":""},"tablet":{"background-color":"","background-image":"","background-repeat":"repeat","background-position":"center center","background-size":"auto","background-attachment":"scroll","background-type":"","background-media":"","overlay-type":"","overlay-color":"","overlay-opacity":"","overlay-gradient":""},"mobile":{"background-color":"","background-image":"","background-repeat":"repeat","background-position":"center center","background-size":"auto","background-attachment":"scroll","background-type":"","background-media":"","overlay-type":"","overlay-color":"","overlay-opacity":"","overlay-gradient":""}},"ast-content-background-meta":{"desktop":{"background-color":"var(--ast-global-color-5)","background-image":"","background-repeat":"repeat","background-position":"center center","background-size":"auto","background-attachment":"scroll","background-type":"","background-media":"","overlay-type":"","overlay-color":"","overlay-opacity":"","overlay-gradient":""},"tablet":{"background-color":"var(--ast-global-color-5)","background-image":"","background-repeat":"repeat","background-position":"center center","background-size":"auto","background-attachment":"scroll","background-type":"","background-media":"","overlay-type":"","overlay-color":"","overlay-opacity":"","overlay-gradient":""},"mobile":{"background-color":"var(--ast-global-color-5)","background-image":"","background-repeat":"repeat","background-position":"center center","background-size":"auto","background-attachment":"scroll","background-type":"","background-media":"","overlay-type":"","overlay-color":"","overlay-opacity":"","overlay-gradient":""}}},"product_brand":[],"product_cat":[53,231],"product_tag":[131,174,176,177,175,178],"class_list":{"0":"post-1160","1":"product","2":"type-product","3":"status-publish","4":"has-post-thumbnail","6":"product_cat-eletroportateis","7":"product_cat-som","8":"product_tag-alexa","9":"product_tag-amazon","10":"product_tag-automacao","11":"product_tag-caixa-de-som","12":"product_tag-casa-inteligente","13":"product_tag-echo-dot","14":"desktop-align-center","15":"tablet-align-left","16":"mobile-align-center","18":"first","19":"instock","20":"shipping-taxable","21":"product-type-external"},"uagb_featured_image_src":{"full":["https:\/\/promocaododia.com.br\/site\/wp-content\/uploads\/2022\/11\/promocaoAmazon.jpg",1000,1000,false],"thumbnail":["https:\/\/promocaododia.com.br\/site\/wp-content\/uploads\/2022\/11\/promocaoAmazon-150x150.jpg",150,150,true],"medium":["https:\/\/promocaododia.com.br\/site\/wp-content\/uploads\/2022\/11\/promocaoAmazon-300x300.jpg",300,300,true],"medium_large":["https:\/\/promocaododia.com.br\/site\/wp-content\/uploads\/2022\/11\/promocaoAmazon-768x768.jpg",768,768,true],"large":["https:\/\/promocaododia.com.br\/site\/wp-content\/uploads\/2022\/11\/promocaoAmazon.jpg",1000,1000,false],"1536x1536":["https:\/\/promocaododia.com.br\/site\/wp-content\/uploads\/2022\/11\/promocaoAmazon.jpg",1000,1000,false],"2048x2048":["https:\/\/promocaododia.com.br\/site\/wp-content\/uploads\/2022\/11\/promocaoAmazon.jpg",1000,1000,false],"woocommerce_thumbnail":["https:\/\/promocaododia.com.br\/site\/wp-content\/uploads\/2022\/11\/promocaoAmazon-250x250.jpg",250,250,true],"woocommerce_single":["https:\/\/promocaododia.com.br\/site\/wp-content\/uploads\/2022\/11\/promocaoAmazon-250x250.jpg",250,250,true],"woocommerce_gallery_thumbnail":["https:\/\/promocaododia.com.br\/site\/wp-content\/uploads\/2022\/11\/promocaoAmazon-100x100.jpg",100,100,true]},"uagb_author_info":{"display_name":"danilo.gbr","author_link":"https:\/\/promocaododia.com.br\/site\/author\/"},"uagb_comment_info":0,"uagb_excerpt":"Conhe\u00e7a os principais recursos de Alexa Casa Inteligente &#8220;Alexa, acende a luz da sala.&#8221; Controle seus dispositivos de casa inteligente por voz: luzes, c\u00e2meras, plugues, controles universais e mais. M\u00fasica e entretenimento &#8220;Alexa, toca m\u00fasicas da Iza.&#8221; Pe\u00e7a m\u00fasicas, artistas ou g\u00eaneros por voz pelo Amazon Music, Spotify, Apple Music, Deezer e outros. Produtividade &#8220;Alexa,&hellip;","_links":{"self":[{"href":"https:\/\/promocaododia.com.br\/site\/wp-json\/wp\/v2\/product\/1160","targetHints":{"allow":["GET"]}}],"collection":[{"href":"https:\/\/promocaododia.com.br\/site\/wp-json\/wp\/v2\/product"}],"about":[{"href":"https:\/\/promocaododia.com.br\/site\/wp-json\/wp\/v2\/types\/product"}],"wp:featuredmedia":[{"embeddable":true,"href":"https:\/\/promocaododia.com.br\/site\/wp-json\/wp\/v2\/media\/1164"}],"wp:attachment":[{"href":"https:\/\/promocaododia.com.br\/site\/wp-json\/wp\/v2\/media?parent=1160"}],"wp:term":[{"taxonomy":"product_brand","embeddable":true,"href":"https:\/\/promocaododia.com.br\/site\/wp-json\/wp\/v2\/product_brand?post=1160"},{"taxonomy":"product_cat","embeddable":true,"href":"https:\/\/promocaododia.com.br\/site\/wp-json\/wp\/v2\/product_cat?post=1160"},{"taxonomy":"product_tag","embeddable":true,"href":"https:\/\/promocaododia.com.br\/site\/wp-json\/wp\/v2\/product_tag?post=1160"}],"curies":[{"name":"wp","href":"https:\/\/api.w.org\/{rel}","templated":true}]}}