{"id":1162,"date":"2022-11-18T20:14:22","date_gmt":"2022-11-18T23:14:22","guid":{"rendered":"https:\/\/promocaododia.com.br\/site\/?post_type=product&#038;p=1162"},"modified":"2022-11-18T20:14:22","modified_gmt":"2022-11-18T23:14:22","slug":"conjunto-de-frigideiras-rochedo-todo-dia-18cm-20cm-e-24cm","status":"publish","type":"product","link":"https:\/\/promocaododia.com.br\/site\/produto\/conjunto-de-frigideiras-rochedo-todo-dia-18cm-20cm-e-24cm\/","title":{"rendered":"Conjunto de Frigideiras Rochedo Todo Dia 18cm, 20cm e 24cm"},"content":{"rendered":"<p>Pensando nas suas necessidades da rotina a Rochedo traz o Kit Todo Dia com 3 pe\u00e7as em tamanhos e capacidade diferentes, s\u00e3o frigideiras antiaderentes nos tamanhos 18cm, 20cm e 24cm de di\u00e2metro. Voc\u00ea n\u00e3o sabia que esse kit era t\u00e3o essencial at\u00e9 perceber que voc\u00ea ir\u00e1 utiliz\u00e1-lo em diferentes momentos na cozinha, desde o omelete do caf\u00e9 da manh\u00e3 at\u00e9 um jantar para a fam\u00edlia.As Frigideiras Todo Dia da Rochedo possuem antiaderente interno e externo, facilitando a limpeza e o preparo dos alimentos. N\u00e3o gruda nada! Al\u00e9m disso possuem base semi-usinada que n\u00e3o permite que escorregue no fog\u00e3o.O Jogo de Frigideiras Todo Dia conta com a qualidade da marca Rochedo, produzindo no Brasil h\u00e1 mais de 100 anos, \u00e9 livre de subst\u00e2ncias t\u00f3xicas (PFOA) e pode ser utilizado em fog\u00e3o a g\u00e1s, vitrocer\u00e2mico e el\u00e9trico, exceto indu\u00e7\u00e3o.Linha Rochedo Todo Dia \u2013 Cozinhe todos os dias com facilidade e rapidez.Pensando nas suas necessidades da rotina a Rochedo traz o Kit Todo Dia com 3 pe\u00e7as em tamanhos e capacidade diferentes, s\u00e3o frigideiras antiaderentes nos tamanhos 18cm, 20cm e 24cm de di\u00e2metro. Voc\u00ea n\u00e3o sabia que esse kit era t\u00e3o essencial at\u00e9 perceber que voc\u00ea ir\u00e1 utiliz\u00e1-lo em diferentes momentos na cozinha, desde o omelete do caf\u00e9 da manh\u00e3 at\u00e9 um jantar para a fam\u00edlia.As Frigideiras Todo Dia da Rochedo possuem antiaderente interno e externo, facilitando a limpeza e o preparo dos alimentos. N\u00e3o gruda nada! Al\u00e9m disso possuem base semi-usinada que n\u00e3o permite que escorregue no fog\u00e3o.O Jogo de Frigideiras Todo Dia conta com a qualidade da marca Rochedo, produzindo no Brasil h\u00e1 mais de 100 anos, \u00e9 livre de subst\u00e2ncias t\u00f3xicas (PFOA) e pode ser utilizado em fog\u00e3o a g\u00e1s, vitrocer\u00e2mico e el\u00e9trico, exceto indu\u00e7\u00e3o.Linha Rochedo Todo Dia \u2013 Cozinhe todos os dias com facilidade e rapidez.Pensando nas suas necessidades da rotina a Rochedo traz o Kit Todo Dia com 3 pe\u00e7as em tamanhos e capacidade diferentes, s\u00e3o frigideiras antiaderentes nos tamanhos 18cm, 20cm e 24cm de di\u00e2metro. Voc\u00ea n\u00e3o sabia que esse kit era t\u00e3o essencial at\u00e9 perceber que voc\u00ea ir\u00e1 utiliz\u00e1-lo em diferentes momentos na cozinha, desde o omelete do caf\u00e9 da manh\u00e3 at\u00e9 um jantar para a fam\u00edlia.As Frigideiras Todo Dia da Rochedo possuem antiaderente interno e externo, facilitando a limpeza e o preparo dos alimentos. N\u00e3o gruda nada! Al\u00e9m disso possuem base semi-usinada que n\u00e3o permite que escorregue no fog\u00e3o.O Jogo de Frigideiras Todo Dia conta com a qualidade da marca Rochedo, produzindo no Brasil h\u00e1 mais de 100 anos, \u00e9 livre de subst\u00e2ncias t\u00f3xicas (PFOA) e pode ser utilizado em fog\u00e3o a g\u00e1s, vitrocer\u00e2mico e el\u00e9trico, exceto indu\u00e7\u00e3o.Linha Rochedo Todo Dia \u2013 Cozinhe todos os dias com facilidade e rapidez.<\/p>\n","protected":false},"excerpt":{"rendered":"<p>Pensando nas suas necessidades da rotina a Rochedo traz o Kit Todo Dia com 3 pe\u00e7as em tamanhos e capacidade diferentes, s\u00e3o frigideiras antiaderentes nos tamanhos 18cm, 20cm e 24cm de di\u00e2metro. Voc\u00ea n\u00e3o sabia que esse kit era t\u00e3o essencial at\u00e9 perceber que voc\u00ea ir\u00e1 utiliz\u00e1-lo em diferentes momentos na cozinha, desde o omelete do caf\u00e9 da manh\u00e3 at\u00e9 um jantar para a fam\u00edlia.As Frigideiras Todo Dia da Rochedo possuem antiaderente interno e externo, facilitando a limpeza e o preparo dos alimentos. N\u00e3o gruda nada! Al\u00e9m disso possuem base semi-usinada que n\u00e3o permite que escorregue no fog\u00e3o.O Jogo de Frigideiras Todo Dia conta com a qualidade da marca Rochedo, produzindo no Brasil h\u00e1 mais de 100 anos, \u00e9 livre de subst\u00e2ncias t\u00f3xicas (PFOA) e pode ser utilizado em fog\u00e3o a g\u00e1s, vitrocer\u00e2mico e el\u00e9trico, exceto indu\u00e7\u00e3o.Linha Rochedo Todo Dia \u2013 Cozinhe todos os dias com facilidade e rapidez.Pensando nas suas necessidades da rotina a Rochedo traz o Kit Todo Dia com 3 pe\u00e7as em tamanhos e capacidade diferentes, s\u00e3o frigideiras antiaderentes nos tamanhos 18cm, 20cm e 24cm de di\u00e2metro. Voc\u00ea n\u00e3o sabia que esse kit era t\u00e3o essencial at\u00e9 perceber que voc\u00ea ir\u00e1 utiliz\u00e1-lo em diferentes momentos na cozinha, desde o omelete do caf\u00e9 da manh\u00e3 at\u00e9 um jantar para a fam\u00edlia.As Frigideiras Todo Dia da Rochedo possuem antiaderente interno e externo, facilitando a limpeza e o preparo dos alimentos. N\u00e3o gruda nada! Al\u00e9m disso possuem base semi-usinada que n\u00e3o permite que escorregue no fog\u00e3o.O Jogo de Frigideiras Todo Dia conta com a qualidade da marca Rochedo, produzindo no Brasil h\u00e1 mais de 100 anos, \u00e9 livre de subst\u00e2ncias t\u00f3xicas (PFOA) e pode ser utilizado em fog\u00e3o a g\u00e1s, vitrocer\u00e2mico e el\u00e9trico, exceto indu\u00e7\u00e3o.Linha Rochedo Todo Dia \u2013 Cozinhe todos os dias com facilidade e rapidez.Pensando nas suas necessidades da rotina a Rochedo traz o Kit Todo Dia com 3 pe\u00e7as em tamanhos e capacidade diferentes, s\u00e3o frigideiras antiaderentes nos tamanhos 18cm, 20cm e 24cm de di\u00e2metro. Voc\u00ea n\u00e3o sabia que esse kit era t\u00e3o essencial at\u00e9 perceber que voc\u00ea ir\u00e1 utiliz\u00e1-lo em diferentes momentos na cozinha, desde o omelete do caf\u00e9 da manh\u00e3 at\u00e9 um jantar para a fam\u00edlia.As Frigideiras Todo Dia da Rochedo possuem antiaderente interno e externo, facilitando a limpeza e o preparo dos alimentos. N\u00e3o gruda nada! Al\u00e9m disso possuem base semi-usinada que n\u00e3o permite que escorregue no fog\u00e3o.O Jogo de Frigideiras Todo Dia conta com a qualidade da marca Rochedo, produzindo no Brasil h\u00e1 mais de 100 anos, \u00e9 livre de subst\u00e2ncias t\u00f3xicas (PFOA) e pode ser utilizado em fog\u00e3o a g\u00e1s, vitrocer\u00e2mico e el\u00e9trico, exceto indu\u00e7\u00e3o.Linha Rochedo Todo Dia \u2013 Cozinhe todos os dias com facilidade e rapidez.<\/p>\n","protected":false},"featured_media":1163,"template":"","meta":{"_uag_custom_page_level_css":"","site-sidebar-layout":"default","site-content-layout":"default","ast-site-content-layout":"default","site-content-style":"default","site-sidebar-style":"default","ast-global-header-display":"","ast-banner-title-visibility":"","ast-main-header-display":"","ast-hfb-above-header-display":"","ast-hfb-below-header-display":"","ast-hfb-mobile-header-display":"","site-post-title":"","ast-breadcrumbs-content":"","ast-featured-img":"","footer-sml-layout":"","theme-transparent-header-meta":"default","adv-header-id-meta":"","stick-header-meta":"","header-above-stick-meta":"","header-main-stick-meta":"","header-below-stick-meta":"","astra-migrate-meta-layouts":"default","ast-page-background-enabled":"default","ast-page-background-meta":{"desktop":{"background-color":"","background-image":"","background-repeat":"repeat","background-position":"center center","background-size":"auto","background-attachment":"scroll","background-type":"","background-media":"","overlay-type":"","overlay-color":"","overlay-opacity":"","overlay-gradient":""},"tablet":{"background-color":"","background-image":"","background-repeat":"repeat","background-position":"center center","background-size":"auto","background-attachment":"scroll","background-type":"","background-media":"","overlay-type":"","overlay-color":"","overlay-opacity":"","overlay-gradient":""},"mobile":{"background-color":"","background-image":"","background-repeat":"repeat","background-position":"center center","background-size":"auto","background-attachment":"scroll","background-type":"","background-media":"","overlay-type":"","overlay-color":"","overlay-opacity":"","overlay-gradient":""}},"ast-content-background-meta":{"desktop":{"background-color":"var(--ast-global-color-5)","background-image":"","background-repeat":"repeat","background-position":"center center","background-size":"auto","background-attachment":"scroll","background-type":"","background-media":"","overlay-type":"","overlay-color":"","overlay-opacity":"","overlay-gradient":""},"tablet":{"background-color":"var(--ast-global-color-5)","background-image":"","background-repeat":"repeat","background-position":"center center","background-size":"auto","background-attachment":"scroll","background-type":"","background-media":"","overlay-type":"","overlay-color":"","overlay-opacity":"","overlay-gradient":""},"mobile":{"background-color":"var(--ast-global-color-5)","background-image":"","background-repeat":"repeat","background-position":"center center","background-size":"auto","background-attachment":"scroll","background-type":"","background-media":"","overlay-type":"","overlay-color":"","overlay-opacity":"","overlay-gradient":""}}},"product_brand":[],"product_cat":[19,18],"product_tag":[432,206,117,344],"class_list":{"0":"post-1162","1":"product","2":"type-product","3":"status-publish","4":"has-post-thumbnail","6":"product_cat-conjunto-de-panelas","7":"product_cat-utensilios-para-cozinhar","8":"product_tag-casa","9":"product_tag-conjunto-de-panelas","10":"product_tag-cozinha","11":"product_tag-utensilios","12":"desktop-align-center","13":"tablet-align-left","14":"mobile-align-center","16":"first","17":"instock","18":"shipping-taxable","19":"product-type-external"},"uagb_featured_image_src":{"full":["https:\/\/promocaododia.com.br\/site\/wp-content\/uploads\/2022\/11\/Conjunto-de-Frigideiras-Rochedo-Todo-Dia-18cm-20cm-e-24cm.jpg",600,600,false],"thumbnail":["https:\/\/promocaododia.com.br\/site\/wp-content\/uploads\/2022\/11\/Conjunto-de-Frigideiras-Rochedo-Todo-Dia-18cm-20cm-e-24cm-150x150.jpg",150,150,true],"medium":["https:\/\/promocaododia.com.br\/site\/wp-content\/uploads\/2022\/11\/Conjunto-de-Frigideiras-Rochedo-Todo-Dia-18cm-20cm-e-24cm-300x300.jpg",300,300,true],"medium_large":["https:\/\/promocaododia.com.br\/site\/wp-content\/uploads\/2022\/11\/Conjunto-de-Frigideiras-Rochedo-Todo-Dia-18cm-20cm-e-24cm.jpg",600,600,false],"large":["https:\/\/promocaododia.com.br\/site\/wp-content\/uploads\/2022\/11\/Conjunto-de-Frigideiras-Rochedo-Todo-Dia-18cm-20cm-e-24cm.jpg",600,600,false],"1536x1536":["https:\/\/promocaododia.com.br\/site\/wp-content\/uploads\/2022\/11\/Conjunto-de-Frigideiras-Rochedo-Todo-Dia-18cm-20cm-e-24cm.jpg",600,600,false],"2048x2048":["https:\/\/promocaododia.com.br\/site\/wp-content\/uploads\/2022\/11\/Conjunto-de-Frigideiras-Rochedo-Todo-Dia-18cm-20cm-e-24cm.jpg",600,600,false],"woocommerce_thumbnail":["https:\/\/promocaododia.com.br\/site\/wp-content\/uploads\/2022\/11\/Conjunto-de-Frigideiras-Rochedo-Todo-Dia-18cm-20cm-e-24cm-250x250.jpg",250,250,true],"woocommerce_single":["https:\/\/promocaododia.com.br\/site\/wp-content\/uploads\/2022\/11\/Conjunto-de-Frigideiras-Rochedo-Todo-Dia-18cm-20cm-e-24cm-250x250.jpg",250,250,true],"woocommerce_gallery_thumbnail":["https:\/\/promocaododia.com.br\/site\/wp-content\/uploads\/2022\/11\/Conjunto-de-Frigideiras-Rochedo-Todo-Dia-18cm-20cm-e-24cm-100x100.jpg",100,100,true]},"uagb_author_info":{"display_name":"danilo.gbr","author_link":"https:\/\/promocaododia.com.br\/site\/author\/"},"uagb_comment_info":0,"uagb_excerpt":"Pensando nas suas necessidades da rotina a Rochedo traz o Kit Todo Dia com 3 pe\u00e7as em tamanhos e capacidade diferentes, s\u00e3o frigideiras antiaderentes nos tamanhos 18cm, 20cm e 24cm de di\u00e2metro. Voc\u00ea n\u00e3o sabia que esse kit era t\u00e3o essencial at\u00e9 perceber que voc\u00ea ir\u00e1 utiliz\u00e1-lo em diferentes momentos na cozinha, desde o omelete&hellip;","_links":{"self":[{"href":"https:\/\/promocaododia.com.br\/site\/wp-json\/wp\/v2\/product\/1162","targetHints":{"allow":["GET"]}}],"collection":[{"href":"https:\/\/promocaododia.com.br\/site\/wp-json\/wp\/v2\/product"}],"about":[{"href":"https:\/\/promocaododia.com.br\/site\/wp-json\/wp\/v2\/types\/product"}],"wp:featuredmedia":[{"embeddable":true,"href":"https:\/\/promocaododia.com.br\/site\/wp-json\/wp\/v2\/media\/1163"}],"wp:attachment":[{"href":"https:\/\/promocaododia.com.br\/site\/wp-json\/wp\/v2\/media?parent=1162"}],"wp:term":[{"taxonomy":"product_brand","embeddable":true,"href":"https:\/\/promocaododia.com.br\/site\/wp-json\/wp\/v2\/product_brand?post=1162"},{"taxonomy":"product_cat","embeddable":true,"href":"https:\/\/promocaododia.com.br\/site\/wp-json\/wp\/v2\/product_cat?post=1162"},{"taxonomy":"product_tag","embeddable":true,"href":"https:\/\/promocaododia.com.br\/site\/wp-json\/wp\/v2\/product_tag?post=1162"}],"curies":[{"name":"wp","href":"https:\/\/api.w.org\/{rel}","templated":true}]}}