{"id":1171,"date":"2022-11-18T20:52:01","date_gmt":"2022-11-18T23:52:01","guid":{"rendered":"https:\/\/promocaododia.com.br\/site\/?post_type=product&#038;p=1171"},"modified":"2022-11-18T20:52:01","modified_gmt":"2022-11-18T23:52:01","slug":"smart-tv-lg-50-led-4k-wi-fi-bluetooth-hdr-thinq-ai-google-assis-alexa-built-in-apple-airplay-e-homekit-50uq801c0sb-bwz","status":"publish","type":"product","link":"https:\/\/promocaododia.com.br\/site\/produto\/smart-tv-lg-50-led-4k-wi-fi-bluetooth-hdr-thinq-ai-google-assis-alexa-built-in-apple-airplay-e-homekit-50uq801c0sb-bwz\/","title":{"rendered":"Smart TV LG 50 LED 4K Wi Fi Bluetooth HDR Thinq AI Google Assis Alexa built in Apple Airplay e HomeKit &#8211; 50UQ801C0SB BWZ"},"content":{"rendered":"<p>Smart TV LG 50 LED 4K Wi-Fi Bluetooth HDR Thinq AI Google Assis. Airplay e HomeKit &#8211; 50UQ801C0SB.BWZ<\/p>\n<p>Visualiza\u00e7\u00e3o Vibrante em Ultra Alta Resolu\u00e7\u00e3o 4K UHD<br \/>\nAs TVs LG UHD sempre superam suas expectativas. Experimente qualidade de imagem realista e cores vivas com quatro vezes mais precis\u00e3o de pixels do que Full HD.<\/p>\n<p>ThinQ AI<br \/>\nO LG ThinQ est\u00e1 aqui para maximizar sua experi\u00eancia de TV. Escolha seu assistente de voz favorito e controle sua TV usando sua voz com uma tela inicial totalmente nova, proporcionando mais conveni\u00eancia e controle.<\/p>\n<p>Melhore seu interior<br \/>\nAdicione UHD a sua decora\u00e7\u00e3o de interiores. Um painel e uma moldura finos combinados com um design est\u00e9tico elevam qualquer interior.<\/p>\n<p>HGiG, Mergulhe no Jogo<br \/>\nO HGiG (HDR Gaming Interest Group) reconhece o desempenho e a qualidade da imagem da TV e, em seguida, ajusta os gr\u00e1ficos HDR para fornecer a melhor experi\u00eancia de jogo HDR.<\/p>\n<p>Experi\u00eancia Esportiva Emocionante<br \/>\nSinta-se como se estivesse no est\u00e1dio. O Bluetooth Surround Ready faz voc\u00ea experimentar o jogo como se estivesse a margem. E com o Alerta Esportivo voc\u00ea sempre saber\u00e1 quando seus times favoritos est\u00e3o jogando.<\/p>\n<p>Traga o Cinema para Casa<br \/>\nAs cores vivas e os detalhes precisos com Active HDR lhe proporciona uma experi\u00eancia de visualiza\u00e7\u00e3o mais imersiva. Desfrute dos seus filmes favoritos com a mesma qualidade originalmente pretendida com v\u00e1rios formatos HDR, incluindo HDR10 e HLG.<\/p>\n<p>Especifica\u00e7\u00f5es:<\/p>\n<p>Geral<br \/>\nTamanho da Tela: 50<br \/>\nTipo de Painel: LCD\/LED<br \/>\nProcessador: a5 Gen6 Processor 4K<br \/>\nResolu\u00e7\u00e3o: 4k UHD<br \/>\nSistema Operacional: webOS 6.0<\/p>\n<p>Cor da Borda: Dark Iron Gray<br \/>\nCor da Base TV: Rocky Black<\/p>\n<p>Funcionalidades<br \/>\nGoogle Assistente Built-In<br \/>\nA l e x a Works-With: Sim<br \/>\nWorks with AirPlay 2: Sim<br \/>\nWorks with HomeKit: Sim<br \/>\nOCF: Sim<br \/>\nConte\u00fados 360VR: Sim<br \/>\nLG Content Store: Sim<br \/>\nThinQ AI Sim<br \/>\nA l e x a Built-In: Sim<br \/>\nPainel de Controle: Sim<br \/>\nHGIG: Sim<br \/>\nScreenshare Sim<br \/>\nModo Hotel Sim<br \/>\nMusic Player: Sim<br \/>\nNavegador Sim<br \/>\nReprodutor Audio Bluetooth Sim<\/p>\n<p>Imagem<br \/>\nFrequencia Nativa (Hz): 60Hz<br \/>\nHDR10: Sim<br \/>\nUpscaler: 4K<br \/>\nDTV: Sim<br \/>\nFILMMAKER MODE: Sim<br \/>\nPadr\u00e3o de Imagem: NTSC, PAL-M\/N, SBTVD<br \/>\nAI Picture Pro Sim<br \/>\nAI Brightness Sim<\/p>\n<p>\u00c1udio<br \/>\nCanais: 2.0<br \/>\nSurround: Ultra Surround<br \/>\nPot\u00eancia: 20W<br \/>\nAl Acoustic Tuning: Sim<br \/>\nAI Sound Sim<br \/>\nSound Sync Sim<\/p>\n<p>Energia<br \/>\nAlimenta\u00e7\u00e3o 100-240V &#8211; 50\/60Hz<br \/>\nConsumo M\u00e9dio 130W<br \/>\nConsumo Standby (W): 100,01<\/p>\n<p>Conex\u00f5es<br \/>\nEntrada HDMI 2.0: 3<br \/>\nEntrada RF: 1<br \/>\nBluetooth In\/Out: Sim<br \/>\nEntrada USB: 2<br \/>\nSa\u00edda Digital \u00d3ptica: 1<\/p>\n<p>Dimens\u00f5es e peso<br \/>\nPeso Produto c\/Base (Kg): 12<br \/>\nPEso Produto s\/Base (Kg): 11,8<br \/>\nPeso Produto com Caixa (Kg): 15<\/p>\n<p>Dimens\u00e3o c\/Base (LxAxP) (mm): 1,121 x 713 x 231<br \/>\nDimens\u00e3o s\/base (LxAxP) (mm): 1,121 x 651 x 57<br \/>\nDimens\u00e3o base (LxAxP) (mm): 1215 x 775 x 152<br \/>\nFura\u00e7\u00e3o VESA: 200 x 200<\/p>\n<p>Itens Inclusos<br \/>\nControle Remoto: Smart Magic (MR22GA)<br \/>\nParafusos<br \/>\nCabo de For\u00e7a<br \/>\nBase<br \/>\nManual em Portugu\u00eas<\/p>\n<p>Anatel: 11524-20-01925<\/p>\n<p>Imagens de car\u00e1ter ilustrativo<\/p>\n<p>Informa\u00e7\u00f5es divulgadas de acordo com o manual do fabricante<\/p>\n<p>Em caso de d\u00favidas sobre informa\u00e7\u00f5es t\u00e9cnicas, utiliza\u00e7\u00e3o, limita\u00e7\u00f5es e manuseio do produto, verifique o manual do fabricante.<\/p>\n<p>EAN: 7893299922985<\/p>\n<p>NAC010661<\/p>\n","protected":false},"excerpt":{"rendered":"<p>Smart TV LG 50 LED 4K Wi-Fi Bluetooth HDR Thinq AI Google Assis. Airplay e HomeKit &#8211; 50UQ801C0SB.BWZ Visualiza\u00e7\u00e3o Vibrante em Ultra Alta Resolu\u00e7\u00e3o 4K UHD As TVs LG UHD sempre superam suas expectativas. Experimente qualidade de imagem realista e cores vivas com quatro vezes mais precis\u00e3o de pixels do que Full HD. ThinQ AI O LG ThinQ est\u00e1 aqui para maximizar sua experi\u00eancia de TV. Escolha seu assistente de voz favorito e controle sua TV usando sua voz com uma tela inicial totalmente nova, proporcionando mais conveni\u00eancia e controle. Melhore seu interior Adicione UHD a sua decora\u00e7\u00e3o de interiores. Um painel e uma moldura finos combinados com um design est\u00e9tico elevam qualquer interior. HGiG, Mergulhe no Jogo O HGiG (HDR Gaming Interest Group) reconhece o desempenho e a qualidade da imagem da TV e, em seguida, ajusta os gr\u00e1ficos HDR para fornecer a melhor experi\u00eancia de jogo HDR. Experi\u00eancia Esportiva Emocionante Sinta-se como se estivesse no est\u00e1dio. O Bluetooth Surround Ready faz voc\u00ea experimentar o jogo como se estivesse a margem. E com o Alerta Esportivo voc\u00ea sempre saber\u00e1 quando seus times favoritos est\u00e3o jogando. Traga o Cinema para Casa As cores vivas e os detalhes precisos com Active HDR lhe proporciona uma experi\u00eancia de visualiza\u00e7\u00e3o mais imersiva. Desfrute dos seus filmes favoritos com a mesma qualidade originalmente pretendida com v\u00e1rios formatos HDR, incluindo HDR10 e HLG. Especifica\u00e7\u00f5es: Geral Tamanho da Tela: 50 Tipo de Painel: LCD\/LED Processador: a5 Gen6 Processor 4K Resolu\u00e7\u00e3o: 4k UHD Sistema Operacional: webOS 6.0 Cor da Borda: Dark Iron Gray Cor da Base TV: Rocky Black Funcionalidades Google Assistente Built-In A l e x a Works-With: Sim Works with AirPlay 2: Sim Works with HomeKit: Sim OCF: Sim Conte\u00fados 360VR: Sim LG Content Store: Sim ThinQ AI Sim A l e x a Built-In: Sim Painel de Controle: Sim HGIG: Sim Screenshare Sim Modo Hotel Sim Music Player: Sim Navegador Sim Reprodutor Audio Bluetooth Sim Imagem Frequencia Nativa (Hz): 60Hz HDR10: Sim Upscaler: 4K DTV: Sim FILMMAKER MODE: Sim Padr\u00e3o de Imagem: NTSC, PAL-M\/N, SBTVD AI Picture Pro Sim AI Brightness Sim \u00c1udio Canais: 2.0 Surround: Ultra Surround Pot\u00eancia: 20W Al Acoustic Tuning: Sim AI Sound Sim Sound Sync Sim Energia Alimenta\u00e7\u00e3o 100-240V &#8211; 50\/60Hz Consumo M\u00e9dio 130W Consumo Standby (W): 100,01 Conex\u00f5es Entrada HDMI 2.0: 3 Entrada RF: 1 Bluetooth In\/Out: Sim Entrada USB: 2 Sa\u00edda Digital \u00d3ptica: 1 Dimens\u00f5es e peso Peso Produto c\/Base (Kg): 12 PEso Produto s\/Base (Kg): 11,8 Peso Produto com Caixa (Kg): 15 Dimens\u00e3o c\/Base (LxAxP) (mm): 1,121 x 713 x 231 Dimens\u00e3o s\/base (LxAxP) (mm): 1,121 x 651 x 57 Dimens\u00e3o base (LxAxP) (mm): 1215 x 775 x 152 Fura\u00e7\u00e3o VESA: 200 x 200 Itens Inclusos Controle Remoto: Smart Magic (MR22GA) Parafusos Cabo de For\u00e7a Base Manual em Portugu\u00eas Anatel: 11524-20-01925 Imagens de car\u00e1ter ilustrativo Informa\u00e7\u00f5es divulgadas de acordo com o manual do fabricante Em caso de d\u00favidas sobre informa\u00e7\u00f5es t\u00e9cnicas, utiliza\u00e7\u00e3o, limita\u00e7\u00f5es e manuseio do produto, verifique o manual do fabricante. EAN: 7893299922985 NAC010661<\/p>\n","protected":false},"featured_media":1172,"template":"","meta":{"_uag_custom_page_level_css":"","site-sidebar-layout":"default","site-content-layout":"default","ast-site-content-layout":"default","site-content-style":"default","site-sidebar-style":"default","ast-global-header-display":"","ast-banner-title-visibility":"","ast-main-header-display":"","ast-hfb-above-header-display":"","ast-hfb-below-header-display":"","ast-hfb-mobile-header-display":"","site-post-title":"","ast-breadcrumbs-content":"","ast-featured-img":"","footer-sml-layout":"","theme-transparent-header-meta":"default","adv-header-id-meta":"","stick-header-meta":"","header-above-stick-meta":"","header-main-stick-meta":"","header-below-stick-meta":"","astra-migrate-meta-layouts":"default","ast-page-background-enabled":"default","ast-page-background-meta":{"desktop":{"background-color":"","background-image":"","background-repeat":"repeat","background-position":"center center","background-size":"auto","background-attachment":"scroll","background-type":"","background-media":"","overlay-type":"","overlay-color":"","overlay-opacity":"","overlay-gradient":""},"tablet":{"background-color":"","background-image":"","background-repeat":"repeat","background-position":"center center","background-size":"auto","background-attachment":"scroll","background-type":"","background-media":"","overlay-type":"","overlay-color":"","overlay-opacity":"","overlay-gradient":""},"mobile":{"background-color":"","background-image":"","background-repeat":"repeat","background-position":"center center","background-size":"auto","background-attachment":"scroll","background-type":"","background-media":"","overlay-type":"","overlay-color":"","overlay-opacity":"","overlay-gradient":""}},"ast-content-background-meta":{"desktop":{"background-color":"var(--ast-global-color-5)","background-image":"","background-repeat":"repeat","background-position":"center center","background-size":"auto","background-attachment":"scroll","background-type":"","background-media":"","overlay-type":"","overlay-color":"","overlay-opacity":"","overlay-gradient":""},"tablet":{"background-color":"var(--ast-global-color-5)","background-image":"","background-repeat":"repeat","background-position":"center center","background-size":"auto","background-attachment":"scroll","background-type":"","background-media":"","overlay-type":"","overlay-color":"","overlay-opacity":"","overlay-gradient":""},"mobile":{"background-color":"var(--ast-global-color-5)","background-image":"","background-repeat":"repeat","background-position":"center center","background-size":"auto","background-attachment":"scroll","background-type":"","background-media":"","overlay-type":"","overlay-color":"","overlay-opacity":"","overlay-gradient":""}}},"product_brand":[],"product_cat":[38,25,76],"product_tag":[129,131,317,374,241,373,128],"class_list":{"0":"post-1171","1":"product","2":"type-product","3":"status-publish","4":"has-post-thumbnail","6":"product_cat-eletronicos","7":"product_cat-smart-tv","8":"product_cat-tv-e-video","9":"product_tag-4k","10":"product_tag-alexa","11":"product_tag-geforce","12":"product_tag-geforce-now","13":"product_tag-google-assistente","14":"product_tag-hdr","15":"product_tag-uhd","16":"desktop-align-center","17":"tablet-align-left","18":"mobile-align-center","20":"first","21":"instock","22":"sale","23":"shipping-taxable","24":"product-type-external"},"uagb_featured_image_src":{"full":["https:\/\/promocaododia.com.br\/site\/wp-content\/uploads\/2022\/11\/Smart-TV-LG-50-LED-4K-Wi-Fi-Bluetooth-HDR-Thinq-AI-Google-Assis-Alexa-built-in-Apple-Airplay-e-HomeKit-50UQ801C0SB-BWZ.jpg",600,600,false],"thumbnail":["https:\/\/promocaododia.com.br\/site\/wp-content\/uploads\/2022\/11\/Smart-TV-LG-50-LED-4K-Wi-Fi-Bluetooth-HDR-Thinq-AI-Google-Assis-Alexa-built-in-Apple-Airplay-e-HomeKit-50UQ801C0SB-BWZ-150x150.jpg",150,150,true],"medium":["https:\/\/promocaododia.com.br\/site\/wp-content\/uploads\/2022\/11\/Smart-TV-LG-50-LED-4K-Wi-Fi-Bluetooth-HDR-Thinq-AI-Google-Assis-Alexa-built-in-Apple-Airplay-e-HomeKit-50UQ801C0SB-BWZ-300x300.jpg",300,300,true],"medium_large":["https:\/\/promocaododia.com.br\/site\/wp-content\/uploads\/2022\/11\/Smart-TV-LG-50-LED-4K-Wi-Fi-Bluetooth-HDR-Thinq-AI-Google-Assis-Alexa-built-in-Apple-Airplay-e-HomeKit-50UQ801C0SB-BWZ.jpg",600,600,false],"large":["https:\/\/promocaododia.com.br\/site\/wp-content\/uploads\/2022\/11\/Smart-TV-LG-50-LED-4K-Wi-Fi-Bluetooth-HDR-Thinq-AI-Google-Assis-Alexa-built-in-Apple-Airplay-e-HomeKit-50UQ801C0SB-BWZ.jpg",600,600,false],"1536x1536":["https:\/\/promocaododia.com.br\/site\/wp-content\/uploads\/2022\/11\/Smart-TV-LG-50-LED-4K-Wi-Fi-Bluetooth-HDR-Thinq-AI-Google-Assis-Alexa-built-in-Apple-Airplay-e-HomeKit-50UQ801C0SB-BWZ.jpg",600,600,false],"2048x2048":["https:\/\/promocaododia.com.br\/site\/wp-content\/uploads\/2022\/11\/Smart-TV-LG-50-LED-4K-Wi-Fi-Bluetooth-HDR-Thinq-AI-Google-Assis-Alexa-built-in-Apple-Airplay-e-HomeKit-50UQ801C0SB-BWZ.jpg",600,600,false],"woocommerce_thumbnail":["https:\/\/promocaododia.com.br\/site\/wp-content\/uploads\/2022\/11\/Smart-TV-LG-50-LED-4K-Wi-Fi-Bluetooth-HDR-Thinq-AI-Google-Assis-Alexa-built-in-Apple-Airplay-e-HomeKit-50UQ801C0SB-BWZ-250x250.jpg",250,250,true],"woocommerce_single":["https:\/\/promocaododia.com.br\/site\/wp-content\/uploads\/2022\/11\/Smart-TV-LG-50-LED-4K-Wi-Fi-Bluetooth-HDR-Thinq-AI-Google-Assis-Alexa-built-in-Apple-Airplay-e-HomeKit-50UQ801C0SB-BWZ-250x250.jpg",250,250,true],"woocommerce_gallery_thumbnail":["https:\/\/promocaododia.com.br\/site\/wp-content\/uploads\/2022\/11\/Smart-TV-LG-50-LED-4K-Wi-Fi-Bluetooth-HDR-Thinq-AI-Google-Assis-Alexa-built-in-Apple-Airplay-e-HomeKit-50UQ801C0SB-BWZ-100x100.jpg",100,100,true]},"uagb_author_info":{"display_name":"danilo.gbr","author_link":"https:\/\/promocaododia.com.br\/site\/author\/"},"uagb_comment_info":0,"uagb_excerpt":"Smart TV LG 50 LED 4K Wi-Fi Bluetooth HDR Thinq AI Google Assis. Airplay e HomeKit &#8211; 50UQ801C0SB.BWZ Visualiza\u00e7\u00e3o Vibrante em Ultra Alta Resolu\u00e7\u00e3o 4K UHD As TVs LG UHD sempre superam suas expectativas. Experimente qualidade de imagem realista e cores vivas com quatro vezes mais precis\u00e3o de pixels do que Full HD. ThinQ AI&hellip;","_links":{"self":[{"href":"https:\/\/promocaododia.com.br\/site\/wp-json\/wp\/v2\/product\/1171","targetHints":{"allow":["GET"]}}],"collection":[{"href":"https:\/\/promocaododia.com.br\/site\/wp-json\/wp\/v2\/product"}],"about":[{"href":"https:\/\/promocaododia.com.br\/site\/wp-json\/wp\/v2\/types\/product"}],"wp:featuredmedia":[{"embeddable":true,"href":"https:\/\/promocaododia.com.br\/site\/wp-json\/wp\/v2\/media\/1172"}],"wp:attachment":[{"href":"https:\/\/promocaododia.com.br\/site\/wp-json\/wp\/v2\/media?parent=1171"}],"wp:term":[{"taxonomy":"product_brand","embeddable":true,"href":"https:\/\/promocaododia.com.br\/site\/wp-json\/wp\/v2\/product_brand?post=1171"},{"taxonomy":"product_cat","embeddable":true,"href":"https:\/\/promocaododia.com.br\/site\/wp-json\/wp\/v2\/product_cat?post=1171"},{"taxonomy":"product_tag","embeddable":true,"href":"https:\/\/promocaododia.com.br\/site\/wp-json\/wp\/v2\/product_tag?post=1171"}],"curies":[{"name":"wp","href":"https:\/\/api.w.org\/{rel}","templated":true}]}}