{"id":1173,"date":"2022-11-19T08:37:39","date_gmt":"2022-11-19T11:37:39","guid":{"rendered":"https:\/\/promocaododia.com.br\/site\/?post_type=product&#038;p=1173"},"modified":"2022-11-19T08:40:19","modified_gmt":"2022-11-19T11:40:19","slug":"refil-para-aparelho-de-barbear-gillette-mach3-16-unidades","status":"publish","type":"product","link":"https:\/\/promocaododia.com.br\/site\/produto\/refil-para-aparelho-de-barbear-gillette-mach3-16-unidades\/","title":{"rendered":"Refil para Aparelho de Barbear Gillette Mach3 &#8211; 16 Unidades"},"content":{"rendered":"<p>Os refis do Aparelho para Barbear Gillette Mach3 possui 3 l\u00e2minas resistentes que se mantem afiada por mais tempo para proporciona um barbear completo e perfeito. Desenvolvida para peles mais sens\u00edveis. Isso porque ela conta com uma fita lubrificante para um maior cuidado para a pele, evitando irrita\u00e7\u00f5es.<br \/>\nPossui ainda uma cabe\u00e7a m\u00f3vel que se adapta perfeitamente ao contorno da sua pele proporcionando um barbear perfeito. Al\u00e9m disso, conta com uma fita lubrificante que protege a pele e se adapta aos cabos da linha Mach3.<\/p>\n<p>Para um barbear perfeito Gillette Mach3.<\/p>\n","protected":false},"excerpt":{"rendered":"<p>Os refis do Aparelho para Barbear Gillette Mach3 possui 3 l\u00e2minas resistentes que se mantem afiada por mais tempo para proporciona um barbear completo e perfeito. Desenvolvida para peles mais sens\u00edveis. Isso porque ela conta com uma fita lubrificante para um maior cuidado para a pele, evitando irrita\u00e7\u00f5es. Possui ainda uma cabe\u00e7a m\u00f3vel que se adapta perfeitamente ao contorno da sua pele proporcionando um barbear perfeito. Al\u00e9m disso, conta com uma fita lubrificante que protege a pele e se adapta aos cabos da linha Mach3. Para um barbear perfeito Gillette Mach3.<\/p>\n","protected":false},"featured_media":1176,"template":"","meta":{"_uag_custom_page_level_css":"","site-sidebar-layout":"default","site-content-layout":"default","ast-site-content-layout":"default","site-content-style":"default","site-sidebar-style":"default","ast-global-header-display":"","ast-banner-title-visibility":"","ast-main-header-display":"","ast-hfb-above-header-display":"","ast-hfb-below-header-display":"","ast-hfb-mobile-header-display":"","site-post-title":"","ast-breadcrumbs-content":"","ast-featured-img":"","footer-sml-layout":"","theme-transparent-header-meta":"default","adv-header-id-meta":"","stick-header-meta":"","header-above-stick-meta":"","header-main-stick-meta":"","header-below-stick-meta":"","astra-migrate-meta-layouts":"default","ast-page-background-enabled":"default","ast-page-background-meta":{"desktop":{"background-color":"","background-image":"","background-repeat":"repeat","background-position":"center center","background-size":"auto","background-attachment":"scroll","background-type":"","background-media":"","overlay-type":"","overlay-color":"","overlay-opacity":"","overlay-gradient":""},"tablet":{"background-color":"","background-image":"","background-repeat":"repeat","background-position":"center center","background-size":"auto","background-attachment":"scroll","background-type":"","background-media":"","overlay-type":"","overlay-color":"","overlay-opacity":"","overlay-gradient":""},"mobile":{"background-color":"","background-image":"","background-repeat":"repeat","background-position":"center center","background-size":"auto","background-attachment":"scroll","background-type":"","background-media":"","overlay-type":"","overlay-color":"","overlay-opacity":"","overlay-gradient":""}},"ast-content-background-meta":{"desktop":{"background-color":"var(--ast-global-color-5)","background-image":"","background-repeat":"repeat","background-position":"center center","background-size":"auto","background-attachment":"scroll","background-type":"","background-media":"","overlay-type":"","overlay-color":"","overlay-opacity":"","overlay-gradient":""},"tablet":{"background-color":"var(--ast-global-color-5)","background-image":"","background-repeat":"repeat","background-position":"center center","background-size":"auto","background-attachment":"scroll","background-type":"","background-media":"","overlay-type":"","overlay-color":"","overlay-opacity":"","overlay-gradient":""},"mobile":{"background-color":"var(--ast-global-color-5)","background-image":"","background-repeat":"repeat","background-position":"center center","background-size":"auto","background-attachment":"scroll","background-type":"","background-media":"","overlay-type":"","overlay-color":"","overlay-opacity":"","overlay-gradient":""}}},"product_brand":[],"product_cat":[84],"product_tag":[266,262,261,263,264,265],"class_list":{"0":"post-1173","1":"product","2":"type-product","3":"status-publish","4":"has-post-thumbnail","6":"product_cat-mercado","7":"product_tag-16-cargas","8":"product_tag-aparelho-de-barbear","9":"product_tag-carga","10":"product_tag-gillette","11":"product_tag-mach3","12":"product_tag-sensitive","13":"desktop-align-center","14":"tablet-align-left","15":"mobile-align-center","17":"first","18":"instock","19":"sale","20":"shipping-taxable","21":"product-type-external"},"uagb_featured_image_src":{"full":["https:\/\/promocaododia.com.br\/site\/wp-content\/uploads\/2022\/11\/Refil-para-Aparelho-de-Barbear-Gillette-Mach3-16-Unidades-2.jpg",600,600,false],"thumbnail":["https:\/\/promocaododia.com.br\/site\/wp-content\/uploads\/2022\/11\/Refil-para-Aparelho-de-Barbear-Gillette-Mach3-16-Unidades-2-150x150.jpg",150,150,true],"medium":["https:\/\/promocaododia.com.br\/site\/wp-content\/uploads\/2022\/11\/Refil-para-Aparelho-de-Barbear-Gillette-Mach3-16-Unidades-2-300x300.jpg",300,300,true],"medium_large":["https:\/\/promocaododia.com.br\/site\/wp-content\/uploads\/2022\/11\/Refil-para-Aparelho-de-Barbear-Gillette-Mach3-16-Unidades-2.jpg",600,600,false],"large":["https:\/\/promocaododia.com.br\/site\/wp-content\/uploads\/2022\/11\/Refil-para-Aparelho-de-Barbear-Gillette-Mach3-16-Unidades-2.jpg",600,600,false],"1536x1536":["https:\/\/promocaododia.com.br\/site\/wp-content\/uploads\/2022\/11\/Refil-para-Aparelho-de-Barbear-Gillette-Mach3-16-Unidades-2.jpg",600,600,false],"2048x2048":["https:\/\/promocaododia.com.br\/site\/wp-content\/uploads\/2022\/11\/Refil-para-Aparelho-de-Barbear-Gillette-Mach3-16-Unidades-2.jpg",600,600,false],"woocommerce_thumbnail":["https:\/\/promocaododia.com.br\/site\/wp-content\/uploads\/2022\/11\/Refil-para-Aparelho-de-Barbear-Gillette-Mach3-16-Unidades-2-250x250.jpg",250,250,true],"woocommerce_single":["https:\/\/promocaododia.com.br\/site\/wp-content\/uploads\/2022\/11\/Refil-para-Aparelho-de-Barbear-Gillette-Mach3-16-Unidades-2-250x250.jpg",250,250,true],"woocommerce_gallery_thumbnail":["https:\/\/promocaododia.com.br\/site\/wp-content\/uploads\/2022\/11\/Refil-para-Aparelho-de-Barbear-Gillette-Mach3-16-Unidades-2-100x100.jpg",100,100,true]},"uagb_author_info":{"display_name":"danilo.gbr","author_link":"https:\/\/promocaododia.com.br\/site\/author\/"},"uagb_comment_info":0,"uagb_excerpt":"Os refis do Aparelho para Barbear Gillette Mach3 possui 3 l\u00e2minas resistentes que se mantem afiada por mais tempo para proporciona um barbear completo e perfeito. Desenvolvida para peles mais sens\u00edveis. Isso porque ela conta com uma fita lubrificante para um maior cuidado para a pele, evitando irrita\u00e7\u00f5es. Possui ainda uma cabe\u00e7a m\u00f3vel que se&hellip;","_links":{"self":[{"href":"https:\/\/promocaododia.com.br\/site\/wp-json\/wp\/v2\/product\/1173","targetHints":{"allow":["GET"]}}],"collection":[{"href":"https:\/\/promocaododia.com.br\/site\/wp-json\/wp\/v2\/product"}],"about":[{"href":"https:\/\/promocaododia.com.br\/site\/wp-json\/wp\/v2\/types\/product"}],"wp:featuredmedia":[{"embeddable":true,"href":"https:\/\/promocaododia.com.br\/site\/wp-json\/wp\/v2\/media\/1176"}],"wp:attachment":[{"href":"https:\/\/promocaododia.com.br\/site\/wp-json\/wp\/v2\/media?parent=1173"}],"wp:term":[{"taxonomy":"product_brand","embeddable":true,"href":"https:\/\/promocaododia.com.br\/site\/wp-json\/wp\/v2\/product_brand?post=1173"},{"taxonomy":"product_cat","embeddable":true,"href":"https:\/\/promocaododia.com.br\/site\/wp-json\/wp\/v2\/product_cat?post=1173"},{"taxonomy":"product_tag","embeddable":true,"href":"https:\/\/promocaododia.com.br\/site\/wp-json\/wp\/v2\/product_tag?post=1173"}],"curies":[{"name":"wp","href":"https:\/\/api.w.org\/{rel}","templated":true}]}}