{"id":1179,"date":"2022-11-19T14:30:31","date_gmt":"2022-11-19T17:30:31","guid":{"rendered":"https:\/\/promocaododia.com.br\/site\/?post_type=product&#038;p=1179"},"modified":"2022-11-19T14:30:31","modified_gmt":"2022-11-19T17:30:31","slug":"cafeteira-nespresso-inissia-preta-para-cafe-expresso-d40-br-bk-ne4","status":"publish","type":"product","link":"https:\/\/promocaododia.com.br\/site\/produto\/cafeteira-nespresso-inissia-preta-para-cafe-expresso-d40-br-bk-ne4\/","title":{"rendered":"Cafeteira Nespresso Inissia Preta para Caf\u00e9 Expresso &#8211; D40-BR-BK-NE4"},"content":{"rendered":"<p align=\"justify\">Inissia foi desenhada para tornar a sua vida simples. Pensamos em tudo: do ajuste para dois tamanhos de x\u00edcaras at\u00e9 o desligamento autom\u00e1tico ap\u00f3s 9 min de inatividade. Com apenas um toque e em 25s, a \u00e1gua alcan\u00e7a a temperatura ideal para servir at\u00e9 9 caf\u00e9s sem a necessidade de reabastecer o reservat\u00f3rio de 0,7 L. Compacta e leve, com uma al\u00e7a ergon\u00f4mica, Inissia se adapta perfeitamente em qualquer design<b>.<\/b><\/p>\n<p><b>Caracter\u00edsticas<br \/>\n<\/b>Tipo: Cafeteira<br \/>\nTipo de Caf\u00e9: Expresso<br \/>\nCapacidade do Reservat\u00f3rio: 1,8 litros<br \/>\nPress\u00e3o: 26 Bars<br \/>\nQuantidade de X\u00edcaras: 8<br \/>\nTipos de Bebidas: Caf\u00e9<br \/>\nSistema Corta Pingos<br \/>\nBandeja para Res\u00edduos<br \/>\nTrava na Tampa<br \/>\nIndicador do n\u00edvel de \u00e1gua<br \/>\nReservat\u00f3rio Remov\u00edvel<br \/>\nDesligamento Autom\u00e1tico<br \/>\nLuz Indicadora de Funcionamento<br \/>\nSeletor de Quantidade de Caf\u00e9<br \/>\nTempo de Preparo: 1-2min<br \/>\nMaterial: Pl\u00e1stico<br \/>\n2 program\u00e1veis para a prepara\u00e7\u00e3o de Expresso e Lungo<\/p>\n<p><b>Especifica\u00e7\u00f5es T\u00e9cnicas<br \/>\n<\/b>Modelo: D40-BR-BK-NE4 (110V) \/ D40-BR3-BK-NE4 (220V)<br \/>\nCor: Preto<br \/>\nPot\u00eancia: 1.200 W<br \/>\nVoltagem: 110V \/ 220V (N\u00e3o \u00e9 bivolt)<br \/>\nEAN: 7630477855099 (110v) \/ 7630477855051 (220v)<br \/>\nGarantia: 12 meses<\/p>\n<p><b>Dimens\u00f5es e Peso<br \/>\n<\/b>Dimens\u00f5es do produto sem embalagem (AxLxP): 321x120x230 mm<br \/>\nDimens\u00f5es do produto com embalagem (AxLxP): 193x343x333 mm<br \/>\nPeso do produto sem embalagem: 2,4 Kg<br \/>\nPeso do produto com embalagem: 2,9 Kg<\/p>\n<p><b>Itens Inclusos<br \/>\n<\/b>01 Kit Boas Vindas<br \/>\n14 C\u00e1psulas<\/p>\n<p><b>Agente Validador<br \/>\n<\/b>Produto possui certifica\u00e7\u00e3o de seguran\u00e7a compuls\u00f3ria, certificado pela TUV 19.0555, organismo acreditado pela CGCRE do Inmetro.<\/p>\n","protected":false},"excerpt":{"rendered":"<p>Inissia foi desenhada para tornar a sua vida simples. Pensamos em tudo: do ajuste para dois tamanhos de x\u00edcaras at\u00e9 o desligamento autom\u00e1tico ap\u00f3s 9 min de inatividade. Com apenas um toque e em 25s, a \u00e1gua alcan\u00e7a a temperatura ideal para servir at\u00e9 9 caf\u00e9s sem a necessidade de reabastecer o reservat\u00f3rio de 0,7 L. Compacta e leve, com uma al\u00e7a ergon\u00f4mica, Inissia se adapta perfeitamente em qualquer design. Caracter\u00edsticas Tipo: Cafeteira Tipo de Caf\u00e9: Expresso Capacidade do Reservat\u00f3rio: 1,8 litros Press\u00e3o: 26 Bars Quantidade de X\u00edcaras: 8 Tipos de Bebidas: Caf\u00e9 Sistema Corta Pingos Bandeja para Res\u00edduos Trava na Tampa Indicador do n\u00edvel de \u00e1gua Reservat\u00f3rio Remov\u00edvel Desligamento Autom\u00e1tico Luz Indicadora de Funcionamento Seletor de Quantidade de Caf\u00e9 Tempo de Preparo: 1-2min Material: Pl\u00e1stico 2 program\u00e1veis para a prepara\u00e7\u00e3o de Expresso e Lungo Especifica\u00e7\u00f5es T\u00e9cnicas Modelo: D40-BR-BK-NE4 (110V) \/ D40-BR3-BK-NE4 (220V) Cor: Preto Pot\u00eancia: 1.200 W Voltagem: 110V \/ 220V (N\u00e3o \u00e9 bivolt) EAN: 7630477855099 (110v) \/ 7630477855051 (220v) Garantia: 12 meses Dimens\u00f5es e Peso Dimens\u00f5es do produto sem embalagem (AxLxP): 321x120x230 mm Dimens\u00f5es do produto com embalagem (AxLxP): 193x343x333 mm Peso do produto sem embalagem: 2,4 Kg Peso do produto com embalagem: 2,9 Kg Itens Inclusos 01 Kit Boas Vindas 14 C\u00e1psulas Agente Validador Produto possui certifica\u00e7\u00e3o de seguran\u00e7a compuls\u00f3ria, certificado pela TUV 19.0555, organismo acreditado pela CGCRE do Inmetro.<\/p>\n","protected":false},"featured_media":1180,"template":"","meta":{"_uag_custom_page_level_css":"","site-sidebar-layout":"default","site-content-layout":"default","ast-site-content-layout":"default","site-content-style":"default","site-sidebar-style":"default","ast-global-header-display":"","ast-banner-title-visibility":"","ast-main-header-display":"","ast-hfb-above-header-display":"","ast-hfb-below-header-display":"","ast-hfb-mobile-header-display":"","site-post-title":"","ast-breadcrumbs-content":"","ast-featured-img":"","footer-sml-layout":"","theme-transparent-header-meta":"default","adv-header-id-meta":"","stick-header-meta":"","header-above-stick-meta":"","header-main-stick-meta":"","header-below-stick-meta":"","astra-migrate-meta-layouts":"default","ast-page-background-enabled":"default","ast-page-background-meta":{"desktop":{"background-color":"","background-image":"","background-repeat":"repeat","background-position":"center center","background-size":"auto","background-attachment":"scroll","background-type":"","background-media":"","overlay-type":"","overlay-color":"","overlay-opacity":"","overlay-gradient":""},"tablet":{"background-color":"","background-image":"","background-repeat":"repeat","background-position":"center center","background-size":"auto","background-attachment":"scroll","background-type":"","background-media":"","overlay-type":"","overlay-color":"","overlay-opacity":"","overlay-gradient":""},"mobile":{"background-color":"","background-image":"","background-repeat":"repeat","background-position":"center center","background-size":"auto","background-attachment":"scroll","background-type":"","background-media":"","overlay-type":"","overlay-color":"","overlay-opacity":"","overlay-gradient":""}},"ast-content-background-meta":{"desktop":{"background-color":"var(--ast-global-color-5)","background-image":"","background-repeat":"repeat","background-position":"center center","background-size":"auto","background-attachment":"scroll","background-type":"","background-media":"","overlay-type":"","overlay-color":"","overlay-opacity":"","overlay-gradient":""},"tablet":{"background-color":"var(--ast-global-color-5)","background-image":"","background-repeat":"repeat","background-position":"center center","background-size":"auto","background-attachment":"scroll","background-type":"","background-media":"","overlay-type":"","overlay-color":"","overlay-opacity":"","overlay-gradient":""},"mobile":{"background-color":"var(--ast-global-color-5)","background-image":"","background-repeat":"repeat","background-position":"center center","background-size":"auto","background-attachment":"scroll","background-type":"","background-media":"","overlay-type":"","overlay-color":"","overlay-opacity":"","overlay-gradient":""}}},"product_brand":[],"product_cat":[526,28],"product_tag":[533,527,534,535],"class_list":{"0":"post-1179","1":"product","2":"type-product","3":"status-publish","4":"has-post-thumbnail","6":"product_cat-cafeteira","7":"product_cat-eletrodomesticos","8":"product_tag-cafe-expresso","9":"product_tag-cafeteira","10":"product_tag-dolce-gusto","11":"product_tag-nescafe","12":"desktop-align-center","13":"tablet-align-left","14":"mobile-align-center","16":"first","17":"instock","18":"sale","19":"shipping-taxable","20":"product-type-external"},"uagb_featured_image_src":{"full":["https:\/\/promocaododia.com.br\/site\/wp-content\/uploads\/2022\/11\/Cafeteira-Nespresso-Inissia-Preta-para-Cafe-Expresso-D40-BR-BK-NE4.jpg",600,600,false],"thumbnail":["https:\/\/promocaododia.com.br\/site\/wp-content\/uploads\/2022\/11\/Cafeteira-Nespresso-Inissia-Preta-para-Cafe-Expresso-D40-BR-BK-NE4-150x150.jpg",150,150,true],"medium":["https:\/\/promocaododia.com.br\/site\/wp-content\/uploads\/2022\/11\/Cafeteira-Nespresso-Inissia-Preta-para-Cafe-Expresso-D40-BR-BK-NE4-300x300.jpg",300,300,true],"medium_large":["https:\/\/promocaododia.com.br\/site\/wp-content\/uploads\/2022\/11\/Cafeteira-Nespresso-Inissia-Preta-para-Cafe-Expresso-D40-BR-BK-NE4.jpg",600,600,false],"large":["https:\/\/promocaododia.com.br\/site\/wp-content\/uploads\/2022\/11\/Cafeteira-Nespresso-Inissia-Preta-para-Cafe-Expresso-D40-BR-BK-NE4.jpg",600,600,false],"1536x1536":["https:\/\/promocaododia.com.br\/site\/wp-content\/uploads\/2022\/11\/Cafeteira-Nespresso-Inissia-Preta-para-Cafe-Expresso-D40-BR-BK-NE4.jpg",600,600,false],"2048x2048":["https:\/\/promocaododia.com.br\/site\/wp-content\/uploads\/2022\/11\/Cafeteira-Nespresso-Inissia-Preta-para-Cafe-Expresso-D40-BR-BK-NE4.jpg",600,600,false],"woocommerce_thumbnail":["https:\/\/promocaododia.com.br\/site\/wp-content\/uploads\/2022\/11\/Cafeteira-Nespresso-Inissia-Preta-para-Cafe-Expresso-D40-BR-BK-NE4-250x250.jpg",250,250,true],"woocommerce_single":["https:\/\/promocaododia.com.br\/site\/wp-content\/uploads\/2022\/11\/Cafeteira-Nespresso-Inissia-Preta-para-Cafe-Expresso-D40-BR-BK-NE4-250x250.jpg",250,250,true],"woocommerce_gallery_thumbnail":["https:\/\/promocaododia.com.br\/site\/wp-content\/uploads\/2022\/11\/Cafeteira-Nespresso-Inissia-Preta-para-Cafe-Expresso-D40-BR-BK-NE4-100x100.jpg",100,100,true]},"uagb_author_info":{"display_name":"danilo.gbr","author_link":"https:\/\/promocaododia.com.br\/site\/author\/"},"uagb_comment_info":0,"uagb_excerpt":"Inissia foi desenhada para tornar a sua vida simples. Pensamos em tudo: do ajuste para dois tamanhos de x\u00edcaras at\u00e9 o desligamento autom\u00e1tico ap\u00f3s 9 min de inatividade. Com apenas um toque e em 25s, a \u00e1gua alcan\u00e7a a temperatura ideal para servir at\u00e9 9 caf\u00e9s sem a necessidade de reabastecer o reservat\u00f3rio de 0,7&hellip;","_links":{"self":[{"href":"https:\/\/promocaododia.com.br\/site\/wp-json\/wp\/v2\/product\/1179","targetHints":{"allow":["GET"]}}],"collection":[{"href":"https:\/\/promocaododia.com.br\/site\/wp-json\/wp\/v2\/product"}],"about":[{"href":"https:\/\/promocaododia.com.br\/site\/wp-json\/wp\/v2\/types\/product"}],"wp:featuredmedia":[{"embeddable":true,"href":"https:\/\/promocaododia.com.br\/site\/wp-json\/wp\/v2\/media\/1180"}],"wp:attachment":[{"href":"https:\/\/promocaododia.com.br\/site\/wp-json\/wp\/v2\/media?parent=1179"}],"wp:term":[{"taxonomy":"product_brand","embeddable":true,"href":"https:\/\/promocaododia.com.br\/site\/wp-json\/wp\/v2\/product_brand?post=1179"},{"taxonomy":"product_cat","embeddable":true,"href":"https:\/\/promocaododia.com.br\/site\/wp-json\/wp\/v2\/product_cat?post=1179"},{"taxonomy":"product_tag","embeddable":true,"href":"https:\/\/promocaododia.com.br\/site\/wp-json\/wp\/v2\/product_tag?post=1179"}],"curies":[{"name":"wp","href":"https:\/\/api.w.org\/{rel}","templated":true}]}}