{"id":1182,"date":"2022-11-20T09:48:30","date_gmt":"2022-11-20T12:48:30","guid":{"rendered":"https:\/\/promocaododia.com.br\/site\/?post_type=product&#038;p=1182"},"modified":"2022-11-20T09:48:30","modified_gmt":"2022-11-20T12:48:30","slug":"kit-2-cerave-locao-hidratante-473ml","status":"publish","type":"product","link":"https:\/\/promocaododia.com.br\/site\/produto\/kit-2-cerave-locao-hidratante-473ml\/","title":{"rendered":"Kit 2 CeraVe Lo\u00e7\u00e3o Hidratante 473ml"},"content":{"rendered":"<p><strong>CERAVE LO\u00c7\u00c3O HIDRATANTE<\/strong><\/p>\n<p>Pele seca e extra seca. Textura fluida de r\u00e1pida absor\u00e7\u00e3o, hidrata e ajuda a restaurar a barreira protetora da pele. Encontrar os produtos certos para a sua rotina de cuidados com a pele deve se resumir a alguns passos f\u00e1ceis. Al\u00e9m da limpeza, um hidratante di\u00e1rio \u00e9 essencial. Recomendamos procurar ingredientes como \u00e1cido hialur\u00f4nico e ceramidas para ajudar a manter a barreira protetora da pele. A Lo\u00e7\u00e3o Hidratante CeraVe rep\u00f5e os lip\u00eddios essenciais para que a pele fique equilibrada e confort\u00e1vel. A Lo\u00e7\u00e3o Hidratante CeraVe \u00e9 um hidratante leve e livre de \u00f3leo que ajuda a hidratar a pele e restaurar sua barreira natural. Formulada com tr\u00eas ceramidas essenciais e \u00e1cido hialur\u00f4nico, esta lo\u00e7\u00e3o hidratante possui a tecnologia patenteada MVE para hidrata\u00e7\u00e3o de longa dura\u00e7\u00e3o e uma f\u00f3rmula leve e n\u00e3o comedog\u00eanica que n\u00e3o obstrui os poros. Hipoalerg\u00eanico e n\u00e3o irritante, este hidratante di\u00e1rio \u00e9 suave para a pele, pois proporciona um fluxo constante de hidrata\u00e7\u00e3o de 24 horas. Hidrata e ajuda a restaurar a barreira protetora da pele;Leve e n\u00e3o oleosa; Tecnologia MVE: Este sistema de libera\u00e7\u00e3o patenteado libera continuamente ingredientes hidratantes para uma hidrata\u00e7\u00e3o 24 horas:Ceramidas: Essenciais para uma pele saud\u00e1vel, as ceramidas ajudam a restaurar e manter a barreira natural da pele\u00c1cido hialur\u00f4nico: Este ingrediente atrai hidrata\u00e7\u00e3o para a superf\u00edcie da pele e ajuda a pele a reter a umidade N\u00e3o comedog\u00eanica, hipoalerg\u00eanica, livre de \u00f3leo e sem perfumeDesenvolvida com dermatologistasAceita pela National Eczema Association<\/p>\n<p><strong>Modo de usar: <\/strong>Aplique generosamente sempre que necess\u00e1rio, ou conforme orienta\u00e7\u00e3o m\u00e9dica.<\/p>\n","protected":false},"excerpt":{"rendered":"<p>CERAVE LO\u00c7\u00c3O HIDRATANTE Pele seca e extra seca. Textura fluida de r\u00e1pida absor\u00e7\u00e3o, hidrata e ajuda a restaurar a barreira protetora da pele. Encontrar os produtos certos para a sua rotina de cuidados com a pele deve se resumir a alguns passos f\u00e1ceis. Al\u00e9m da limpeza, um hidratante di\u00e1rio \u00e9 essencial. Recomendamos procurar ingredientes como \u00e1cido hialur\u00f4nico e ceramidas para ajudar a manter a barreira protetora da pele. A Lo\u00e7\u00e3o Hidratante CeraVe rep\u00f5e os lip\u00eddios essenciais para que a pele fique equilibrada e confort\u00e1vel. A Lo\u00e7\u00e3o Hidratante CeraVe \u00e9 um hidratante leve e livre de \u00f3leo que ajuda a hidratar a pele e restaurar sua barreira natural. Formulada com tr\u00eas ceramidas essenciais e \u00e1cido hialur\u00f4nico, esta lo\u00e7\u00e3o hidratante possui a tecnologia patenteada MVE para hidrata\u00e7\u00e3o de longa dura\u00e7\u00e3o e uma f\u00f3rmula leve e n\u00e3o comedog\u00eanica que n\u00e3o obstrui os poros. Hipoalerg\u00eanico e n\u00e3o irritante, este hidratante di\u00e1rio \u00e9 suave para a pele, pois proporciona um fluxo constante de hidrata\u00e7\u00e3o de 24 horas. Hidrata e ajuda a restaurar a barreira protetora da pele;Leve e n\u00e3o oleosa; Tecnologia MVE: Este sistema de libera\u00e7\u00e3o patenteado libera continuamente ingredientes hidratantes para uma hidrata\u00e7\u00e3o 24 horas:Ceramidas: Essenciais para uma pele saud\u00e1vel, as ceramidas ajudam a restaurar e manter a barreira natural da pele\u00c1cido hialur\u00f4nico: Este ingrediente atrai hidrata\u00e7\u00e3o para a superf\u00edcie da pele e ajuda a pele a reter a umidade N\u00e3o comedog\u00eanica, hipoalerg\u00eanica, livre de \u00f3leo e sem perfumeDesenvolvida com dermatologistasAceita pela National Eczema Association Modo de usar: Aplique generosamente sempre que necess\u00e1rio, ou conforme orienta\u00e7\u00e3o m\u00e9dica.<\/p>\n","protected":false},"featured_media":1183,"template":"","meta":{"_uag_custom_page_level_css":"","site-sidebar-layout":"default","site-content-layout":"default","ast-site-content-layout":"default","site-content-style":"default","site-sidebar-style":"default","ast-global-header-display":"","ast-banner-title-visibility":"","ast-main-header-display":"","ast-hfb-above-header-display":"","ast-hfb-below-header-display":"","ast-hfb-mobile-header-display":"","site-post-title":"","ast-breadcrumbs-content":"","ast-featured-img":"","footer-sml-layout":"","theme-transparent-header-meta":"default","adv-header-id-meta":"","stick-header-meta":"","header-above-stick-meta":"","header-main-stick-meta":"","header-below-stick-meta":"","astra-migrate-meta-layouts":"default","ast-page-background-enabled":"default","ast-page-background-meta":{"desktop":{"background-color":"","background-image":"","background-repeat":"repeat","background-position":"center center","background-size":"auto","background-attachment":"scroll","background-type":"","background-media":"","overlay-type":"","overlay-color":"","overlay-opacity":"","overlay-gradient":""},"tablet":{"background-color":"","background-image":"","background-repeat":"repeat","background-position":"center center","background-size":"auto","background-attachment":"scroll","background-type":"","background-media":"","overlay-type":"","overlay-color":"","overlay-opacity":"","overlay-gradient":""},"mobile":{"background-color":"","background-image":"","background-repeat":"repeat","background-position":"center center","background-size":"auto","background-attachment":"scroll","background-type":"","background-media":"","overlay-type":"","overlay-color":"","overlay-opacity":"","overlay-gradient":""}},"ast-content-background-meta":{"desktop":{"background-color":"var(--ast-global-color-5)","background-image":"","background-repeat":"repeat","background-position":"center center","background-size":"auto","background-attachment":"scroll","background-type":"","background-media":"","overlay-type":"","overlay-color":"","overlay-opacity":"","overlay-gradient":""},"tablet":{"background-color":"var(--ast-global-color-5)","background-image":"","background-repeat":"repeat","background-position":"center center","background-size":"auto","background-attachment":"scroll","background-type":"","background-media":"","overlay-type":"","overlay-color":"","overlay-opacity":"","overlay-gradient":""},"mobile":{"background-color":"var(--ast-global-color-5)","background-image":"","background-repeat":"repeat","background-position":"center center","background-size":"auto","background-attachment":"scroll","background-type":"","background-media":"","overlay-type":"","overlay-color":"","overlay-opacity":"","overlay-gradient":""}}},"product_brand":[],"product_cat":[33,536],"product_tag":[100,450,505],"class_list":{"0":"post-1182","1":"product","2":"type-product","3":"status-publish","4":"has-post-thumbnail","6":"product_cat-beleza-e-perfumaria","7":"product_cat-cuidados","8":"product_tag-beleza","9":"product_tag-hidratante","10":"product_tag-saude","11":"desktop-align-center","12":"tablet-align-left","13":"mobile-align-center","15":"first","16":"instock","17":"sale","18":"shipping-taxable","19":"product-type-external"},"uagb_featured_image_src":{"full":["https:\/\/promocaododia.com.br\/site\/wp-content\/uploads\/2022\/11\/Kit-2-CeraVe-Locao-Hidratante-473ml.jpg",600,600,false],"thumbnail":["https:\/\/promocaododia.com.br\/site\/wp-content\/uploads\/2022\/11\/Kit-2-CeraVe-Locao-Hidratante-473ml-150x150.jpg",150,150,true],"medium":["https:\/\/promocaododia.com.br\/site\/wp-content\/uploads\/2022\/11\/Kit-2-CeraVe-Locao-Hidratante-473ml-300x300.jpg",300,300,true],"medium_large":["https:\/\/promocaododia.com.br\/site\/wp-content\/uploads\/2022\/11\/Kit-2-CeraVe-Locao-Hidratante-473ml.jpg",600,600,false],"large":["https:\/\/promocaododia.com.br\/site\/wp-content\/uploads\/2022\/11\/Kit-2-CeraVe-Locao-Hidratante-473ml.jpg",600,600,false],"1536x1536":["https:\/\/promocaododia.com.br\/site\/wp-content\/uploads\/2022\/11\/Kit-2-CeraVe-Locao-Hidratante-473ml.jpg",600,600,false],"2048x2048":["https:\/\/promocaododia.com.br\/site\/wp-content\/uploads\/2022\/11\/Kit-2-CeraVe-Locao-Hidratante-473ml.jpg",600,600,false],"woocommerce_thumbnail":["https:\/\/promocaododia.com.br\/site\/wp-content\/uploads\/2022\/11\/Kit-2-CeraVe-Locao-Hidratante-473ml-250x250.jpg",250,250,true],"woocommerce_single":["https:\/\/promocaododia.com.br\/site\/wp-content\/uploads\/2022\/11\/Kit-2-CeraVe-Locao-Hidratante-473ml-250x250.jpg",250,250,true],"woocommerce_gallery_thumbnail":["https:\/\/promocaododia.com.br\/site\/wp-content\/uploads\/2022\/11\/Kit-2-CeraVe-Locao-Hidratante-473ml-100x100.jpg",100,100,true]},"uagb_author_info":{"display_name":"danilo.gbr","author_link":"https:\/\/promocaododia.com.br\/site\/author\/"},"uagb_comment_info":0,"uagb_excerpt":"CERAVE LO\u00c7\u00c3O HIDRATANTE Pele seca e extra seca. Textura fluida de r\u00e1pida absor\u00e7\u00e3o, hidrata e ajuda a restaurar a barreira protetora da pele. Encontrar os produtos certos para a sua rotina de cuidados com a pele deve se resumir a alguns passos f\u00e1ceis. Al\u00e9m da limpeza, um hidratante di\u00e1rio \u00e9 essencial. Recomendamos procurar ingredientes como&hellip;","_links":{"self":[{"href":"https:\/\/promocaododia.com.br\/site\/wp-json\/wp\/v2\/product\/1182","targetHints":{"allow":["GET"]}}],"collection":[{"href":"https:\/\/promocaododia.com.br\/site\/wp-json\/wp\/v2\/product"}],"about":[{"href":"https:\/\/promocaododia.com.br\/site\/wp-json\/wp\/v2\/types\/product"}],"wp:featuredmedia":[{"embeddable":true,"href":"https:\/\/promocaododia.com.br\/site\/wp-json\/wp\/v2\/media\/1183"}],"wp:attachment":[{"href":"https:\/\/promocaododia.com.br\/site\/wp-json\/wp\/v2\/media?parent=1182"}],"wp:term":[{"taxonomy":"product_brand","embeddable":true,"href":"https:\/\/promocaododia.com.br\/site\/wp-json\/wp\/v2\/product_brand?post=1182"},{"taxonomy":"product_cat","embeddable":true,"href":"https:\/\/promocaododia.com.br\/site\/wp-json\/wp\/v2\/product_cat?post=1182"},{"taxonomy":"product_tag","embeddable":true,"href":"https:\/\/promocaododia.com.br\/site\/wp-json\/wp\/v2\/product_tag?post=1182"}],"curies":[{"name":"wp","href":"https:\/\/api.w.org\/{rel}","templated":true}]}}