{"id":1184,"date":"2022-11-20T10:01:58","date_gmt":"2022-11-20T13:01:58","guid":{"rendered":"https:\/\/promocaododia.com.br\/site\/?post_type=product&#038;p=1184"},"modified":"2022-11-20T10:11:16","modified_gmt":"2022-11-20T13:11:16","slug":"tablet-samsung-s6-lite-p619-com-tela-10-4-128gb-4g-wi-fi-camera-8mp-android-12-e-processador-octa-core-cinza","status":"publish","type":"product","link":"https:\/\/promocaododia.com.br\/site\/produto\/tablet-samsung-s6-lite-p619-com-tela-10-4-128gb-4g-wi-fi-camera-8mp-android-12-e-processador-octa-core-cinza\/","title":{"rendered":"Tablet Samsung S6 Lite P619 com Tela 10.4&#8243;, 128GB, 4G, Wi-fi, C\u00e2mera 8MP, Android 12 e Processador Octa Core &#8211; Cinza"},"content":{"rendered":"<p>O\u00a0<strong>Tablet S6 Lite da Samsung<\/strong>\u00a0\u00e9 perfeito para quem est\u00e1 em busca de um tablet completo, vers\u00e1til e de alta performance!<\/p>\n<p>Com uma excelente tela grande e imersiva de\u00a0<strong>10.4\u201d<\/strong>\u00a0polegadas e bordas mais finas, esse tablet ir\u00e1 proporcionar muito mais espa\u00e7o vis\u00edvel para que voc\u00ea execute suas tarefas di\u00e1rias, e para os momentos de lazer, permitindo assistir a filmes e s\u00e9ries favoritos com o m\u00e1ximo de conforto.<br \/>\nAl\u00e9m disso, o tablet acompanha uma caneta\u00a0<strong>S Pen<\/strong>, que funciona como um conjunto de ferramentas. Ela \u00e9 ergon\u00f4mica, tem resposta r\u00e1pida com baixa lat\u00eancia, e uma impressionante sensibilidade \u00e0 press\u00e3o, fazendo com que ela seja ideal para todo tipo de cria\u00e7\u00e3o, desde desenhos \u00e0 edi\u00e7\u00e3o de documentos.<br \/>\nO\u00a0<strong>Tablet S6 Lite<\/strong>\u00a0tamb\u00e9m possui uma capa protetora\u00a0<strong>Book Cover<\/strong>\u00a0super moderna, com estilo diferenciado e muito pr\u00e1tica. Sua aba com dobra e fechamento magn\u00e9tico mant\u00e9m seu tablet sempre protegido, al\u00e9m de garantir fixa\u00e7\u00e3o da S Pen, garantindo que ela n\u00e3o se perca.<\/p>\n<p>Com ele, voc\u00ea poder\u00e1 jogar com muito mais velocidade, reproduzir v\u00eddeos com excelente resolu\u00e7\u00e3o, ouvir m\u00fasicas com \u00e1udio limpo e eficiente, e executar tarefas e trabalhos do dia a dia, sem ter que se preocupar com a bateria e com o espa\u00e7o dispon\u00edvel na mem\u00f3ria.<br \/>\nN\u00e3o perca mais tempo e adquira agora mesmo o seu\u00a0<strong>Tablet S6 Lite da Samsung<\/strong>!<\/p>\n","protected":false},"excerpt":{"rendered":"<p>O\u00a0Tablet S6 Lite da Samsung\u00a0\u00e9 perfeito para quem est\u00e1 em busca de um tablet completo, vers\u00e1til e de alta performance! Com uma excelente tela grande e imersiva de\u00a010.4\u201d\u00a0polegadas e bordas mais finas, esse tablet ir\u00e1 proporcionar muito mais espa\u00e7o vis\u00edvel para que voc\u00ea execute suas tarefas di\u00e1rias, e para os momentos de lazer, permitindo assistir a filmes e s\u00e9ries favoritos com o m\u00e1ximo de conforto. Al\u00e9m disso, o tablet acompanha uma caneta\u00a0S Pen, que funciona como um conjunto de ferramentas. Ela \u00e9 ergon\u00f4mica, tem resposta r\u00e1pida com baixa lat\u00eancia, e uma impressionante sensibilidade \u00e0 press\u00e3o, fazendo com que ela seja ideal para todo tipo de cria\u00e7\u00e3o, desde desenhos \u00e0 edi\u00e7\u00e3o de documentos. O\u00a0Tablet S6 Lite\u00a0tamb\u00e9m possui uma capa protetora\u00a0Book Cover\u00a0super moderna, com estilo diferenciado e muito pr\u00e1tica. Sua aba com dobra e fechamento magn\u00e9tico mant\u00e9m seu tablet sempre protegido, al\u00e9m de garantir fixa\u00e7\u00e3o da S Pen, garantindo que ela n\u00e3o se perca. Com ele, voc\u00ea poder\u00e1 jogar com muito mais velocidade, reproduzir v\u00eddeos com excelente resolu\u00e7\u00e3o, ouvir m\u00fasicas com \u00e1udio limpo e eficiente, e executar tarefas e trabalhos do dia a dia, sem ter que se preocupar com a bateria e com o espa\u00e7o dispon\u00edvel na mem\u00f3ria. N\u00e3o perca mais tempo e adquira agora mesmo o seu\u00a0Tablet S6 Lite da Samsung!<\/p>\n","protected":false},"featured_media":1185,"template":"","meta":{"_uag_custom_page_level_css":"","site-sidebar-layout":"default","site-content-layout":"default","ast-site-content-layout":"default","site-content-style":"default","site-sidebar-style":"default","ast-global-header-display":"","ast-banner-title-visibility":"","ast-main-header-display":"","ast-hfb-above-header-display":"","ast-hfb-below-header-display":"","ast-hfb-mobile-header-display":"","site-post-title":"","ast-breadcrumbs-content":"","ast-featured-img":"","footer-sml-layout":"","theme-transparent-header-meta":"default","adv-header-id-meta":"","stick-header-meta":"","header-above-stick-meta":"","header-main-stick-meta":"","header-below-stick-meta":"","astra-migrate-meta-layouts":"default","ast-page-background-enabled":"default","ast-page-background-meta":{"desktop":{"background-color":"","background-image":"","background-repeat":"repeat","background-position":"center center","background-size":"auto","background-attachment":"scroll","background-type":"","background-media":"","overlay-type":"","overlay-color":"","overlay-opacity":"","overlay-gradient":""},"tablet":{"background-color":"","background-image":"","background-repeat":"repeat","background-position":"center center","background-size":"auto","background-attachment":"scroll","background-type":"","background-media":"","overlay-type":"","overlay-color":"","overlay-opacity":"","overlay-gradient":""},"mobile":{"background-color":"","background-image":"","background-repeat":"repeat","background-position":"center center","background-size":"auto","background-attachment":"scroll","background-type":"","background-media":"","overlay-type":"","overlay-color":"","overlay-opacity":"","overlay-gradient":""}},"ast-content-background-meta":{"desktop":{"background-color":"var(--ast-global-color-5)","background-image":"","background-repeat":"repeat","background-position":"center center","background-size":"auto","background-attachment":"scroll","background-type":"","background-media":"","overlay-type":"","overlay-color":"","overlay-opacity":"","overlay-gradient":""},"tablet":{"background-color":"var(--ast-global-color-5)","background-image":"","background-repeat":"repeat","background-position":"center center","background-size":"auto","background-attachment":"scroll","background-type":"","background-media":"","overlay-type":"","overlay-color":"","overlay-opacity":"","overlay-gradient":""},"mobile":{"background-color":"var(--ast-global-color-5)","background-image":"","background-repeat":"repeat","background-position":"center center","background-size":"auto","background-attachment":"scroll","background-type":"","background-media":"","overlay-type":"","overlay-color":"","overlay-opacity":"","overlay-gradient":""}}},"product_brand":[],"product_cat":[23,457],"product_tag":[375,376,89,377],"class_list":{"0":"post-1184","1":"product","2":"type-product","3":"status-publish","4":"has-post-thumbnail","6":"product_cat-celulares-e-tablets","7":"product_cat-tablets","8":"product_tag-galaxy-tab-s6","9":"product_tag-octa-core","10":"product_tag-samsung","11":"product_tag-tablet","12":"desktop-align-center","13":"tablet-align-left","14":"mobile-align-center","16":"first","17":"instock","18":"sale","19":"shipping-taxable","20":"product-type-external"},"uagb_featured_image_src":{"full":["https:\/\/promocaododia.com.br\/site\/wp-content\/uploads\/2022\/11\/Tablet-Samsung-S6-Lite-P619-com-Tela-10.4-128GB-4G-Wi-fi-Camera-8MP-Android-12-e-Processador-Octa-Core-Cinza.jpg",600,600,false],"thumbnail":["https:\/\/promocaododia.com.br\/site\/wp-content\/uploads\/2022\/11\/Tablet-Samsung-S6-Lite-P619-com-Tela-10.4-128GB-4G-Wi-fi-Camera-8MP-Android-12-e-Processador-Octa-Core-Cinza-150x150.jpg",150,150,true],"medium":["https:\/\/promocaododia.com.br\/site\/wp-content\/uploads\/2022\/11\/Tablet-Samsung-S6-Lite-P619-com-Tela-10.4-128GB-4G-Wi-fi-Camera-8MP-Android-12-e-Processador-Octa-Core-Cinza-300x300.jpg",300,300,true],"medium_large":["https:\/\/promocaododia.com.br\/site\/wp-content\/uploads\/2022\/11\/Tablet-Samsung-S6-Lite-P619-com-Tela-10.4-128GB-4G-Wi-fi-Camera-8MP-Android-12-e-Processador-Octa-Core-Cinza.jpg",600,600,false],"large":["https:\/\/promocaododia.com.br\/site\/wp-content\/uploads\/2022\/11\/Tablet-Samsung-S6-Lite-P619-com-Tela-10.4-128GB-4G-Wi-fi-Camera-8MP-Android-12-e-Processador-Octa-Core-Cinza.jpg",600,600,false],"1536x1536":["https:\/\/promocaododia.com.br\/site\/wp-content\/uploads\/2022\/11\/Tablet-Samsung-S6-Lite-P619-com-Tela-10.4-128GB-4G-Wi-fi-Camera-8MP-Android-12-e-Processador-Octa-Core-Cinza.jpg",600,600,false],"2048x2048":["https:\/\/promocaododia.com.br\/site\/wp-content\/uploads\/2022\/11\/Tablet-Samsung-S6-Lite-P619-com-Tela-10.4-128GB-4G-Wi-fi-Camera-8MP-Android-12-e-Processador-Octa-Core-Cinza.jpg",600,600,false],"woocommerce_thumbnail":["https:\/\/promocaododia.com.br\/site\/wp-content\/uploads\/2022\/11\/Tablet-Samsung-S6-Lite-P619-com-Tela-10.4-128GB-4G-Wi-fi-Camera-8MP-Android-12-e-Processador-Octa-Core-Cinza-250x250.jpg",250,250,true],"woocommerce_single":["https:\/\/promocaododia.com.br\/site\/wp-content\/uploads\/2022\/11\/Tablet-Samsung-S6-Lite-P619-com-Tela-10.4-128GB-4G-Wi-fi-Camera-8MP-Android-12-e-Processador-Octa-Core-Cinza-250x250.jpg",250,250,true],"woocommerce_gallery_thumbnail":["https:\/\/promocaododia.com.br\/site\/wp-content\/uploads\/2022\/11\/Tablet-Samsung-S6-Lite-P619-com-Tela-10.4-128GB-4G-Wi-fi-Camera-8MP-Android-12-e-Processador-Octa-Core-Cinza-100x100.jpg",100,100,true]},"uagb_author_info":{"display_name":"danilo.gbr","author_link":"https:\/\/promocaododia.com.br\/site\/author\/"},"uagb_comment_info":0,"uagb_excerpt":"O\u00a0Tablet S6 Lite da Samsung\u00a0\u00e9 perfeito para quem est\u00e1 em busca de um tablet completo, vers\u00e1til e de alta performance! Com uma excelente tela grande e imersiva de\u00a010.4\u201d\u00a0polegadas e bordas mais finas, esse tablet ir\u00e1 proporcionar muito mais espa\u00e7o vis\u00edvel para que voc\u00ea execute suas tarefas di\u00e1rias, e para os momentos de lazer, permitindo assistir&hellip;","_links":{"self":[{"href":"https:\/\/promocaododia.com.br\/site\/wp-json\/wp\/v2\/product\/1184","targetHints":{"allow":["GET"]}}],"collection":[{"href":"https:\/\/promocaododia.com.br\/site\/wp-json\/wp\/v2\/product"}],"about":[{"href":"https:\/\/promocaododia.com.br\/site\/wp-json\/wp\/v2\/types\/product"}],"wp:featuredmedia":[{"embeddable":true,"href":"https:\/\/promocaododia.com.br\/site\/wp-json\/wp\/v2\/media\/1185"}],"wp:attachment":[{"href":"https:\/\/promocaododia.com.br\/site\/wp-json\/wp\/v2\/media?parent=1184"}],"wp:term":[{"taxonomy":"product_brand","embeddable":true,"href":"https:\/\/promocaododia.com.br\/site\/wp-json\/wp\/v2\/product_brand?post=1184"},{"taxonomy":"product_cat","embeddable":true,"href":"https:\/\/promocaododia.com.br\/site\/wp-json\/wp\/v2\/product_cat?post=1184"},{"taxonomy":"product_tag","embeddable":true,"href":"https:\/\/promocaododia.com.br\/site\/wp-json\/wp\/v2\/product_tag?post=1184"}],"curies":[{"name":"wp","href":"https:\/\/api.w.org\/{rel}","templated":true}]}}