{"id":1186,"date":"2022-11-20T10:15:10","date_gmt":"2022-11-20T13:15:10","guid":{"rendered":"https:\/\/promocaododia.com.br\/site\/?post_type=product&#038;p=1186"},"modified":"2022-11-20T10:15:10","modified_gmt":"2022-11-20T13:15:10","slug":"lola-cosmetics-meu-cacho-minha-vida-kit-shampoo-condicionador-mascara-creme-gel","status":"publish","type":"product","link":"https:\/\/promocaododia.com.br\/site\/produto\/lola-cosmetics-meu-cacho-minha-vida-kit-shampoo-condicionador-mascara-creme-gel\/","title":{"rendered":"Lola Cosmetics Meu Cacho Minha Vida Kit Shampoo + Condicionador + M\u00e1scara + Creme + Gel"},"content":{"rendered":"<p>Shampoo Hidratante Meu Cacho Minha Vida \u00e9 um ritual de beleza di\u00e1rio para nossas Loletes Curlies! O \u00f3leo de patau\u00e1 e os extratos vegetais presentes na f\u00f3rmula promovem suavidade e maciez aos cabelos, aumentando a sua umidade natural e elasticidade. N\u00e3o importa quantas vezes voc\u00ea lava seu cabelo, mas o fato \u00e9 que o shampoo \u00e9 o primeiro passo para manter seus cachos saud\u00e1veis, limpos e vibrantes. O Shampoo Hidratante Meu Cacho Minha Vida \u00e9 suave, sem sulfato e emoliente. Indicado para: Cabelos crespos e cacheados. Por que voc\u00ea vai amar? \u2022 Suaviza \u2022 Maciez \u2022 Elasticidade \u2022 Emoli\u00eancia \u2022 Sem Sulfato #\u00e9dica de aplica\u00e7\u00e3o: Aplique uma pequena quantidade do shampoo nos cabelos \u00famidos e massageie suavemente com as pontas dos dedos atrav\u00e9s dos fios e couro cabeludo. Enx\u00e1gue e repita a opera\u00e7\u00e3o, deixando agir por 1 minuto e em seguida, enx\u00e1gue novamente. Para resultados incr\u00edveis siga o tratamento com a cole\u00e7\u00e3o Meu Cacho Minha Vida. Resultado: Seus cachos muito mais definidos! O que \u00e9: O Condicionador Meu Cacho Minha Vida de Lola Cosmetics nutre e condiciona cabelos crespos e cacheados, cabelos desidratados, quebradi\u00e7os, dif\u00edceis de gerenciar, relaxados ou naturais. Pois \u00e9 \u00f3timo tamb\u00e9m para Loletes Curlies que possuem cabelos mara e querem manter. O que faz: \u00c9 um excelente tratamento condicionante e restaurador para qualquer tipo ou textura, incluindo o cabelo natural, colorido, descolorido e texturizado. Al\u00e9m de ser suave o suficiente para ser usado diariamente, \u00e9 rico em \u00f3leo de patau\u00e1 e extratos vegetais. Benef\u00edcios: \u2022 Nutre \u2022 Condiciona \u2022 Restaura Modo de Usar: \u2022 Aplique o Condicionador Meu Cacho Minha Vida nos cabelos \u00famidos, emulsione e deixe agir por 1 ou 2 minutos. \u2022 Amasse os cachos de baixo para cima para aumentar o poder de defini\u00e7\u00e3o. \u2022 Enx\u00e1gue abundantemente, mandando embora todos os paranau\u00eas que estragam a beleza de suas ondas e cachos. \u2022 Finalize com o Creme de Pentear | Umidificador | Ativador | Memorizador de Cachos Meu Cacho Minha Vida para a perfeita defini\u00e7\u00e3o dos cachos e aumento exponencial do seu amor pr\u00f3prio. Dicas: Ap\u00f3s o uso do Shampoo Hidratante Meu Cacho Minha Vida, use o condicionador em quantidades generosas e cheias de amor. Pode ser usado diariamente ou quando necess\u00e1rio. Complemente com a cole\u00e7\u00e3o\u00a0<em>Meu Cacho Minha Vida<\/em>\u00a0e corra pro abra\u00e7o. Pras loletes crespas e cacheadas de plant\u00e3o! A M\u00e1scara de hidrata\u00e7\u00e3o Meu Cacho, Minha Vida da Lola previne o ressecamento dos cabelos, mesmo em condi\u00e7\u00f5es de baixa umidade. Melhora a maleabilidade dos fios e reduz o efeito fly-way. O efeito hidratante do \u00f3leo de patau\u00e1 desembara\u00e7a e reconstr\u00f3i o fio danificado. Os extratos vegetais de algas e aloe vera equilibram e recuperam intensamente. Indicado para: Cabelos crespos e cacheados Por que voc\u00ea vai amar? \u2022 Super desembara\u00e7os dos fios \u2022 Emoli\u00eancia \u2022 Defini\u00e7\u00e3o de cachos \u2022 Penteabilidade \u2022 Sela as cut\u00edculas \u2022 Crescimento saud\u00e1vel \u2022 Liberada para no poo \u2022 Brilho \u2022 Sem Gl\u00faten \u2022 Sem Sulfatos \u2022 Sem Ftalatos \u2022 Sem Parafina \u2022 Sem Silicone \u2022 Sem Derivados de Animais \u2022 Sem Parabeno \u2022 Sem OGMS \u2022 Sem Sal \u2022 Sem \u00d3leo Mineral #\u00e9dica de aplica\u00e7\u00e3o: Coloque uma pequena quantidade nas m\u00e3os e distribua uniformemente pelo comprimento e pontas dos cabelos. Massageie e deixe agir por 3 minutos e enx\u00e1gue. Finalize como desejar utilizando o Creme de pentear e o Jelly Gel da linha Meu Cacho, Minha Vida. Resultado: Seus cachos muito mais definidos! O Creme de Pentear | Umidificador | Ativador | Memorizador de Cachos Meu Cacho Minha Vida da Lola \u00e9 multifuncional e o passo MAIS importante para um styling de arrasar! Al\u00e9m da finaliza\u00e7\u00e3o incr\u00edvel, ainda proporciona um super desembara\u00e7o dos fios com emoli\u00eancia e defini\u00e7\u00e3o dos cachos. Ele ser\u00e1 o lover de nossas Loletes Curlies. A manteiga de cupua\u00e7u e os extratos vegetais presentes na f\u00f3rmula promovem suavidade e maciez aos cabelos, aumentando a sua umidade natural e elasticidade. Indicado para cabelos cacheados! Por que voc\u00ea vai amar? &#8211; Penteabilidade a \u00famido mais f\u00e1cil &#8211; Selagem das cut\u00edculas &#8211; Crescimento saud\u00e1vel do cabelo &#8211; Brilho, umidade e defini\u00e7\u00e3o aos cachos. #\u00e9dica de aplica\u00e7\u00e3o: \u2022 Nos cabelos limpos, \u00famidos e condicionados, distribua uma quantidade generosa nas m\u00e3os e aplique uniformemente da raiz \u00e0s pontas. \u2022 Penteie para desembara\u00e7ar bem os fios. \u2022 Finalize como de costume, preferencialmente amassando os cabelos de baixo para cima para estimular os cachos. \u2022 Para um revival no day after, umede\u00e7a levemente os fios e reaplique uma tampinha ou mais do Creme de Pentear | Umidificador | Ativador | Memorizador de Cachos Meu Cacho Minha Vida, finalizando com difusor ou naturalmente. Use em conjunto com Jelly Gel Meu Cacho Minha Vida para a finaliza\u00e7\u00e3o maravilhosa e days afters ainda mais incr\u00edveis. Agora \u00e9 s\u00f3 trabalhar o estilo que voc\u00ea gosta e ser feliz. Resultado: Seus cachos MUITO mais definidos! O que \u00e9: O Jelly Gel Meu Cacho Minha Vida de Lola Cosmetics cria cachos e ondas vibrantes com alta defini\u00e7\u00e3o. Pois \u00e9 formulado com ingredientes umectantes que proporcionam acabamento livre de frizz. Al\u00e9m de ser \u00f3timo tamb\u00e9m para Loletes Curlies que possuem cabelos mara e querem manter. O que faz: Seus cachos est\u00e3o confusos? Jelly Gel Meu Cacho Minha Vida define e estiliza suas ondas, acrescentando volume duradouro e days afters incr\u00edveis. Quinoa e \u00f3leo de patau\u00e1 fornecem a umecta\u00e7\u00e3o que previne os estragos que a perda de umidade pode causar em todos os tipos de cabelo texturizados. Benef\u00edcios: \u2022 Cachos e ondas vibrante \u2022 Alta defini\u00e7\u00e3o \u2022 Acabamento livre de frizz Modo de Usar: \u2022 Use o Jelly Gel Meu Cacho Minha Vida nos cabelos \u00famidos. \u2022 Coloque uma pequena quantidade entre a palma das m\u00e3os e distribua de baixo para cima, modelando os cachos com as m\u00e3os para aumentar o poder de defini\u00e7\u00e3o. \u2022 Pulverize com \u00e1gua se o cabelo come\u00e7ar a secar antes de terminar. \u2022 Use em conjunto com o Creme de Pentear | Umidificador | Ativador | Memorizador de Cachos Meu Cacho Minha Vida Meu Cacho Minha Vida para a perfeita defini\u00e7\u00e3o dos cachos e aumento exponencial do seu amor pr\u00f3prio. Dicas: Ap\u00f3s o uso do Shampoo e Condicionador Meu Cacho Minha Vida, use Jelly Gel em pequenas quantidades e cheias de amor. Pode ser usado sozinho ou, se preferir, em conjunto com o Creme de Pentear | Umidificador | Ativador | Memorizador de Cachos Meu Cacho Minha Vida.<\/p>\n","protected":false},"excerpt":{"rendered":"<p>Shampoo Hidratante Meu Cacho Minha Vida \u00e9 um ritual de beleza di\u00e1rio para nossas Loletes Curlies! O \u00f3leo de patau\u00e1 e os extratos vegetais presentes na f\u00f3rmula promovem suavidade e maciez aos cabelos, aumentando a sua umidade natural e elasticidade. N\u00e3o importa quantas vezes voc\u00ea lava seu cabelo, mas o fato \u00e9 que o shampoo \u00e9 o primeiro passo para manter seus cachos saud\u00e1veis, limpos e vibrantes. O Shampoo Hidratante Meu Cacho Minha Vida \u00e9 suave, sem sulfato e emoliente. Indicado para: Cabelos crespos e cacheados. Por que voc\u00ea vai amar? \u2022 Suaviza \u2022 Maciez \u2022 Elasticidade \u2022 Emoli\u00eancia \u2022 Sem Sulfato #\u00e9dica de aplica\u00e7\u00e3o: Aplique uma pequena quantidade do shampoo nos cabelos \u00famidos e massageie suavemente com as pontas dos dedos atrav\u00e9s dos fios e couro cabeludo. Enx\u00e1gue e repita a opera\u00e7\u00e3o, deixando agir por 1 minuto e em seguida, enx\u00e1gue novamente. Para resultados incr\u00edveis siga o tratamento com a cole\u00e7\u00e3o Meu Cacho Minha Vida. Resultado: Seus cachos muito mais definidos! O que \u00e9: O Condicionador Meu Cacho Minha Vida de Lola Cosmetics nutre e condiciona cabelos crespos e cacheados, cabelos desidratados, quebradi\u00e7os, dif\u00edceis de gerenciar, relaxados ou naturais. Pois \u00e9 \u00f3timo tamb\u00e9m para Loletes Curlies que possuem cabelos mara e querem manter. O que faz: \u00c9 um excelente tratamento condicionante e restaurador para qualquer tipo ou textura, incluindo o cabelo natural, colorido, descolorido e texturizado. Al\u00e9m de ser suave o suficiente para ser usado diariamente, \u00e9 rico em \u00f3leo de patau\u00e1 e extratos vegetais. Benef\u00edcios: \u2022 Nutre \u2022 Condiciona \u2022 Restaura Modo de Usar: \u2022 Aplique o Condicionador Meu Cacho Minha Vida nos cabelos \u00famidos, emulsione e deixe agir por 1 ou 2 minutos. \u2022 Amasse os cachos de baixo para cima para aumentar o poder de defini\u00e7\u00e3o. \u2022 Enx\u00e1gue abundantemente, mandando embora todos os paranau\u00eas que estragam a beleza de suas ondas e cachos. \u2022 Finalize com o Creme de Pentear | Umidificador | Ativador | Memorizador de Cachos Meu Cacho Minha Vida para a perfeita defini\u00e7\u00e3o dos cachos e aumento exponencial do seu amor pr\u00f3prio. Dicas: Ap\u00f3s o uso do Shampoo Hidratante Meu Cacho Minha Vida, use o condicionador em quantidades generosas e cheias de amor. Pode ser usado diariamente ou quando necess\u00e1rio. Complemente com a cole\u00e7\u00e3o\u00a0Meu Cacho Minha Vida\u00a0e corra pro abra\u00e7o. Pras loletes crespas e cacheadas de plant\u00e3o! A M\u00e1scara de hidrata\u00e7\u00e3o Meu Cacho, Minha Vida da Lola previne o ressecamento dos cabelos, mesmo em condi\u00e7\u00f5es de baixa umidade. Melhora a maleabilidade dos fios e reduz o efeito fly-way. O efeito hidratante do \u00f3leo de patau\u00e1 desembara\u00e7a e reconstr\u00f3i o fio danificado. Os extratos vegetais de algas e aloe vera equilibram e recuperam intensamente. Indicado para: Cabelos crespos e cacheados Por que voc\u00ea vai amar? \u2022 Super desembara\u00e7os dos fios \u2022 Emoli\u00eancia \u2022 Defini\u00e7\u00e3o de cachos \u2022 Penteabilidade \u2022 Sela as cut\u00edculas \u2022 Crescimento saud\u00e1vel \u2022 Liberada para no poo \u2022 Brilho \u2022 Sem Gl\u00faten \u2022 Sem Sulfatos \u2022 Sem Ftalatos \u2022 Sem Parafina \u2022 Sem Silicone \u2022 Sem Derivados de Animais \u2022 Sem Parabeno \u2022 Sem OGMS \u2022 Sem Sal \u2022 Sem \u00d3leo Mineral #\u00e9dica de aplica\u00e7\u00e3o: Coloque uma pequena quantidade nas m\u00e3os e distribua uniformemente pelo comprimento e pontas dos cabelos. Massageie e deixe agir por 3 minutos e enx\u00e1gue. Finalize como desejar utilizando o Creme de pentear e o Jelly Gel da linha Meu Cacho, Minha Vida. Resultado: Seus cachos muito mais definidos! O Creme de Pentear | Umidificador | Ativador | Memorizador de Cachos Meu Cacho Minha Vida da Lola \u00e9 multifuncional e o passo MAIS importante para um styling de arrasar! Al\u00e9m da finaliza\u00e7\u00e3o incr\u00edvel, ainda proporciona um super desembara\u00e7o dos fios com emoli\u00eancia e defini\u00e7\u00e3o dos cachos. Ele ser\u00e1 o lover de nossas Loletes Curlies. A manteiga de cupua\u00e7u e os extratos vegetais presentes na f\u00f3rmula promovem suavidade e maciez aos cabelos, aumentando a sua umidade natural e elasticidade. Indicado para cabelos cacheados! Por que voc\u00ea vai amar? &#8211; Penteabilidade a \u00famido mais f\u00e1cil &#8211; Selagem das cut\u00edculas &#8211; Crescimento saud\u00e1vel do cabelo &#8211; Brilho, umidade e defini\u00e7\u00e3o aos cachos. #\u00e9dica de aplica\u00e7\u00e3o: \u2022 Nos cabelos limpos, \u00famidos e condicionados, distribua uma quantidade generosa nas m\u00e3os e aplique uniformemente da raiz \u00e0s pontas. \u2022 Penteie para desembara\u00e7ar bem os fios. \u2022 Finalize como de costume, preferencialmente amassando os cabelos de baixo para cima para estimular os cachos. \u2022 Para um revival no day after, umede\u00e7a levemente os fios e reaplique uma tampinha ou mais do Creme de Pentear | Umidificador | Ativador | Memorizador de Cachos Meu Cacho Minha Vida, finalizando com difusor ou naturalmente. Use em conjunto com Jelly Gel Meu Cacho Minha Vida para a finaliza\u00e7\u00e3o maravilhosa e days afters ainda mais incr\u00edveis. Agora \u00e9 s\u00f3 trabalhar o estilo que voc\u00ea gosta e ser feliz. Resultado: Seus cachos MUITO mais definidos! O que \u00e9: O Jelly Gel Meu Cacho Minha Vida de Lola Cosmetics cria cachos e ondas vibrantes com alta defini\u00e7\u00e3o. Pois \u00e9 formulado com ingredientes umectantes que proporcionam acabamento livre de frizz. Al\u00e9m de ser \u00f3timo tamb\u00e9m para Loletes Curlies que possuem cabelos mara e querem manter. O que faz: Seus cachos est\u00e3o confusos? Jelly Gel Meu Cacho Minha Vida define e estiliza suas ondas, acrescentando volume duradouro e days afters incr\u00edveis. Quinoa e \u00f3leo de patau\u00e1 fornecem a umecta\u00e7\u00e3o que previne os estragos que a perda de umidade pode causar em todos os tipos de cabelo texturizados. Benef\u00edcios: \u2022 Cachos e ondas vibrante \u2022 Alta defini\u00e7\u00e3o \u2022 Acabamento livre de frizz Modo de Usar: \u2022 Use o Jelly Gel Meu Cacho Minha Vida nos cabelos \u00famidos. \u2022 Coloque uma pequena quantidade entre a palma das m\u00e3os e distribua de baixo para cima, modelando os cachos com as m\u00e3os para aumentar o poder de defini\u00e7\u00e3o. \u2022 Pulverize com \u00e1gua se o cabelo come\u00e7ar a secar antes de terminar. \u2022 Use em conjunto com o Creme de Pentear | Umidificador | Ativador | Memorizador de Cachos Meu Cacho Minha Vida Meu Cacho Minha Vida para a perfeita defini\u00e7\u00e3o dos cachos e aumento exponencial do<\/p>\n","protected":false},"featured_media":1188,"template":"","meta":{"_uag_custom_page_level_css":"","site-sidebar-layout":"default","site-content-layout":"default","ast-site-content-layout":"default","site-content-style":"default","site-sidebar-style":"default","ast-global-header-display":"","ast-banner-title-visibility":"","ast-main-header-display":"","ast-hfb-above-header-display":"","ast-hfb-below-header-display":"","ast-hfb-mobile-header-display":"","site-post-title":"","ast-breadcrumbs-content":"","ast-featured-img":"","footer-sml-layout":"","theme-transparent-header-meta":"default","adv-header-id-meta":"","stick-header-meta":"","header-above-stick-meta":"","header-main-stick-meta":"","header-below-stick-meta":"","astra-migrate-meta-layouts":"default","ast-page-background-enabled":"default","ast-page-background-meta":{"desktop":{"background-color":"","background-image":"","background-repeat":"repeat","background-position":"center center","background-size":"auto","background-attachment":"scroll","background-type":"","background-media":"","overlay-type":"","overlay-color":"","overlay-opacity":"","overlay-gradient":""},"tablet":{"background-color":"","background-image":"","background-repeat":"repeat","background-position":"center center","background-size":"auto","background-attachment":"scroll","background-type":"","background-media":"","overlay-type":"","overlay-color":"","overlay-opacity":"","overlay-gradient":""},"mobile":{"background-color":"","background-image":"","background-repeat":"repeat","background-position":"center center","background-size":"auto","background-attachment":"scroll","background-type":"","background-media":"","overlay-type":"","overlay-color":"","overlay-opacity":"","overlay-gradient":""}},"ast-content-background-meta":{"desktop":{"background-color":"var(--ast-global-color-5)","background-image":"","background-repeat":"repeat","background-position":"center center","background-size":"auto","background-attachment":"scroll","background-type":"","background-media":"","overlay-type":"","overlay-color":"","overlay-opacity":"","overlay-gradient":""},"tablet":{"background-color":"var(--ast-global-color-5)","background-image":"","background-repeat":"repeat","background-position":"center center","background-size":"auto","background-attachment":"scroll","background-type":"","background-media":"","overlay-type":"","overlay-color":"","overlay-opacity":"","overlay-gradient":""},"mobile":{"background-color":"var(--ast-global-color-5)","background-image":"","background-repeat":"repeat","background-position":"center center","background-size":"auto","background-attachment":"scroll","background-type":"","background-media":"","overlay-type":"","overlay-color":"","overlay-opacity":"","overlay-gradient":""}}},"product_brand":[],"product_cat":[33,536,144],"product_tag":[147,274,537,149,146],"class_list":{"0":"post-1186","1":"product","2":"type-product","3":"status-publish","4":"has-post-thumbnail","6":"product_cat-beleza-e-perfumaria","7":"product_cat-cuidados","8":"product_cat-higiene-pessoal","9":"product_tag-condicionador","10":"product_tag-creme","11":"product_tag-gel","12":"product_tag-mascara","13":"product_tag-shampoo","14":"desktop-align-center","15":"tablet-align-left","16":"mobile-align-center","18":"first","19":"instock","20":"shipping-taxable","21":"product-type-external"},"uagb_featured_image_src":{"full":["https:\/\/promocaododia.com.br\/site\/wp-content\/uploads\/2022\/11\/Lola-Cosmetics-Meu-Cacho-Minha-Vida-Kit-Shampoo-Condicionador-Mascara-Creme-Gel.jpg",600,600,false],"thumbnail":["https:\/\/promocaododia.com.br\/site\/wp-content\/uploads\/2022\/11\/Lola-Cosmetics-Meu-Cacho-Minha-Vida-Kit-Shampoo-Condicionador-Mascara-Creme-Gel-150x150.jpg",150,150,true],"medium":["https:\/\/promocaododia.com.br\/site\/wp-content\/uploads\/2022\/11\/Lola-Cosmetics-Meu-Cacho-Minha-Vida-Kit-Shampoo-Condicionador-Mascara-Creme-Gel-300x300.jpg",300,300,true],"medium_large":["https:\/\/promocaododia.com.br\/site\/wp-content\/uploads\/2022\/11\/Lola-Cosmetics-Meu-Cacho-Minha-Vida-Kit-Shampoo-Condicionador-Mascara-Creme-Gel.jpg",600,600,false],"large":["https:\/\/promocaododia.com.br\/site\/wp-content\/uploads\/2022\/11\/Lola-Cosmetics-Meu-Cacho-Minha-Vida-Kit-Shampoo-Condicionador-Mascara-Creme-Gel.jpg",600,600,false],"1536x1536":["https:\/\/promocaododia.com.br\/site\/wp-content\/uploads\/2022\/11\/Lola-Cosmetics-Meu-Cacho-Minha-Vida-Kit-Shampoo-Condicionador-Mascara-Creme-Gel.jpg",600,600,false],"2048x2048":["https:\/\/promocaododia.com.br\/site\/wp-content\/uploads\/2022\/11\/Lola-Cosmetics-Meu-Cacho-Minha-Vida-Kit-Shampoo-Condicionador-Mascara-Creme-Gel.jpg",600,600,false],"woocommerce_thumbnail":["https:\/\/promocaododia.com.br\/site\/wp-content\/uploads\/2022\/11\/Lola-Cosmetics-Meu-Cacho-Minha-Vida-Kit-Shampoo-Condicionador-Mascara-Creme-Gel-250x250.jpg",250,250,true],"woocommerce_single":["https:\/\/promocaododia.com.br\/site\/wp-content\/uploads\/2022\/11\/Lola-Cosmetics-Meu-Cacho-Minha-Vida-Kit-Shampoo-Condicionador-Mascara-Creme-Gel-250x250.jpg",250,250,true],"woocommerce_gallery_thumbnail":["https:\/\/promocaododia.com.br\/site\/wp-content\/uploads\/2022\/11\/Lola-Cosmetics-Meu-Cacho-Minha-Vida-Kit-Shampoo-Condicionador-Mascara-Creme-Gel-100x100.jpg",100,100,true]},"uagb_author_info":{"display_name":"danilo.gbr","author_link":"https:\/\/promocaododia.com.br\/site\/author\/"},"uagb_comment_info":0,"uagb_excerpt":"Shampoo Hidratante Meu Cacho Minha Vida \u00e9 um ritual de beleza di\u00e1rio para nossas Loletes Curlies! O \u00f3leo de patau\u00e1 e os extratos vegetais presentes na f\u00f3rmula promovem suavidade e maciez aos cabelos, aumentando a sua umidade natural e elasticidade. N\u00e3o importa quantas vezes voc\u00ea lava seu cabelo, mas o fato \u00e9 que o shampoo&hellip;","_links":{"self":[{"href":"https:\/\/promocaododia.com.br\/site\/wp-json\/wp\/v2\/product\/1186","targetHints":{"allow":["GET"]}}],"collection":[{"href":"https:\/\/promocaododia.com.br\/site\/wp-json\/wp\/v2\/product"}],"about":[{"href":"https:\/\/promocaododia.com.br\/site\/wp-json\/wp\/v2\/types\/product"}],"wp:featuredmedia":[{"embeddable":true,"href":"https:\/\/promocaododia.com.br\/site\/wp-json\/wp\/v2\/media\/1188"}],"wp:attachment":[{"href":"https:\/\/promocaododia.com.br\/site\/wp-json\/wp\/v2\/media?parent=1186"}],"wp:term":[{"taxonomy":"product_brand","embeddable":true,"href":"https:\/\/promocaododia.com.br\/site\/wp-json\/wp\/v2\/product_brand?post=1186"},{"taxonomy":"product_cat","embeddable":true,"href":"https:\/\/promocaododia.com.br\/site\/wp-json\/wp\/v2\/product_cat?post=1186"},{"taxonomy":"product_tag","embeddable":true,"href":"https:\/\/promocaododia.com.br\/site\/wp-json\/wp\/v2\/product_tag?post=1186"}],"curies":[{"name":"wp","href":"https:\/\/api.w.org\/{rel}","templated":true}]}}