{"id":1189,"date":"2022-11-21T19:26:35","date_gmt":"2022-11-21T22:26:35","guid":{"rendered":"https:\/\/promocaododia.com.br\/site\/?post_type=product&#038;p=1189"},"modified":"2022-11-21T20:06:29","modified_gmt":"2022-11-21T23:06:29","slug":"aspirador-vertical-ciclone-premium-1100w-ho084-preto-220v","status":"publish","type":"product","link":"https:\/\/promocaododia.com.br\/site\/produto\/aspirador-vertical-ciclone-premium-1100w-ho084-preto-220v\/","title":{"rendered":"Aspirador Vertical Ciclone Premium 1100w Ho084 Preto 220v"},"content":{"rendered":"<p>Aspirador Vertical Ciclone Premium 220v 1100w &#8211; Ho084 Preto 220v<br \/>\nAspirador Vertical Ciclone Premium 220v &#8211; Ho084<\/p>\n<p>A melhor solu\u00e7\u00e3o para uma limpeza r\u00e1pida<br \/>\nPara voc\u00ea que n\u00e3o quer perder mais tempo com a limpeza de casa, o Aspirador Vertical Multilaser Ciclone \u00e9 a sua melhor op\u00e7\u00e3o. Saiba o porqu\u00ea:<\/p>\n<p>&#8211; 2 em 1: utilize como aspirador vertical ou aspirador de m\u00e3o;<br \/>\n&#8211; fun\u00e7\u00e3o ciclone: aspira toda a sujeira em movimento espiral;<br \/>\n&#8211; pot\u00eancia 1100W<br \/>\n&#8211; filtro hepa: filtra 99,9 de impurezas e agentes causadores de alergias;<br \/>\n&#8211; bocal para cantos e frestas;<br \/>\n&#8211; capacidade de 0,8L;<br \/>\n&#8211; cord\u00e3o de 5 metros.<\/p>\n<p>Ficha T\u00e9cnica<\/p>\n<p>Marca: Multilaser<br \/>\nModelo: Aspirador Vertical Ciclone Premium 220v &#8211; Ho084<br \/>\nAlimenta\u00e7\u00e3o: 220V<br \/>\nAplica\u00e7\u00e3o: Uso Residencial<br \/>\nChave de Liga e Desliga: Sim<br \/>\nDesmont\u00e1vel: Sim<br \/>\nCor Principal: Preto<br \/>\nFun\u00e7\u00f5es do Produto: Aspirador Vertical Bast\u00e3o com Funcionamento de Motor Ciclone<br \/>\nPlug Padr\u00e3o: Brasileiro<br \/>\nDimens\u00f5es do produto (LxAxC): 10 x 109 x 12 cm<br \/>\nPeso (Kg): 1,63<br \/>\nCertificado Inmetro: Ul-br19.1680<br \/>\nConte\u00fado da Embalagem: 1 Aspirador Vertical Ciclone Premium 1 Manual de Instru\u00e7\u00f5es<br \/>\nGarantia: 1 AnoCor: Preto Voltagem: 220V<\/p>\n","protected":false},"excerpt":{"rendered":"<p>Aspirador Vertical Ciclone Premium 220v 1100w &#8211; Ho084 Preto 220v Aspirador Vertical Ciclone Premium 220v &#8211; Ho084 A melhor solu\u00e7\u00e3o para uma limpeza r\u00e1pida Para voc\u00ea que n\u00e3o quer perder mais tempo com a limpeza de casa, o Aspirador Vertical Multilaser Ciclone \u00e9 a sua melhor op\u00e7\u00e3o. Saiba o porqu\u00ea: &#8211; 2 em 1: utilize como aspirador vertical ou aspirador de m\u00e3o; &#8211; fun\u00e7\u00e3o ciclone: aspira toda a sujeira em movimento espiral; &#8211; pot\u00eancia 1100W &#8211; filtro hepa: filtra 99,9 de impurezas e agentes causadores de alergias; &#8211; bocal para cantos e frestas; &#8211; capacidade de 0,8L; &#8211; cord\u00e3o de 5 metros. Ficha T\u00e9cnica Marca: Multilaser Modelo: Aspirador Vertical Ciclone Premium 220v &#8211; Ho084 Alimenta\u00e7\u00e3o: 220V Aplica\u00e7\u00e3o: Uso Residencial Chave de Liga e Desliga: Sim Desmont\u00e1vel: Sim Cor Principal: Preto Fun\u00e7\u00f5es do Produto: Aspirador Vertical Bast\u00e3o com Funcionamento de Motor Ciclone Plug Padr\u00e3o: Brasileiro Dimens\u00f5es do produto (LxAxC): 10 x 109 x 12 cm Peso (Kg): 1,63 Certificado Inmetro: Ul-br19.1680 Conte\u00fado da Embalagem: 1 Aspirador Vertical Ciclone Premium 1 Manual de Instru\u00e7\u00f5es Garantia: 1 AnoCor: Preto Voltagem: 220V<\/p>\n","protected":false},"featured_media":1191,"template":"","meta":{"_uag_custom_page_level_css":"","site-sidebar-layout":"default","site-content-layout":"default","ast-site-content-layout":"default","site-content-style":"default","site-sidebar-style":"default","ast-global-header-display":"","ast-banner-title-visibility":"","ast-main-header-display":"","ast-hfb-above-header-display":"","ast-hfb-below-header-display":"","ast-hfb-mobile-header-display":"","site-post-title":"","ast-breadcrumbs-content":"","ast-featured-img":"","footer-sml-layout":"","theme-transparent-header-meta":"default","adv-header-id-meta":"","stick-header-meta":"","header-above-stick-meta":"","header-main-stick-meta":"","header-below-stick-meta":"","astra-migrate-meta-layouts":"default","ast-page-background-enabled":"default","ast-page-background-meta":{"desktop":{"background-color":"","background-image":"","background-repeat":"repeat","background-position":"center center","background-size":"auto","background-attachment":"scroll","background-type":"","background-media":"","overlay-type":"","overlay-color":"","overlay-opacity":"","overlay-gradient":""},"tablet":{"background-color":"","background-image":"","background-repeat":"repeat","background-position":"center center","background-size":"auto","background-attachment":"scroll","background-type":"","background-media":"","overlay-type":"","overlay-color":"","overlay-opacity":"","overlay-gradient":""},"mobile":{"background-color":"","background-image":"","background-repeat":"repeat","background-position":"center center","background-size":"auto","background-attachment":"scroll","background-type":"","background-media":"","overlay-type":"","overlay-color":"","overlay-opacity":"","overlay-gradient":""}},"ast-content-background-meta":{"desktop":{"background-color":"var(--ast-global-color-5)","background-image":"","background-repeat":"repeat","background-position":"center center","background-size":"auto","background-attachment":"scroll","background-type":"","background-media":"","overlay-type":"","overlay-color":"","overlay-opacity":"","overlay-gradient":""},"tablet":{"background-color":"var(--ast-global-color-5)","background-image":"","background-repeat":"repeat","background-position":"center center","background-size":"auto","background-attachment":"scroll","background-type":"","background-media":"","overlay-type":"","overlay-color":"","overlay-opacity":"","overlay-gradient":""},"mobile":{"background-color":"var(--ast-global-color-5)","background-image":"","background-repeat":"repeat","background-position":"center center","background-size":"auto","background-attachment":"scroll","background-type":"","background-media":"","overlay-type":"","overlay-color":"","overlay-opacity":"","overlay-gradient":""}}},"product_brand":[],"product_cat":[433,28],"product_tag":[538,434],"class_list":{"0":"post-1189","1":"product","2":"type-product","3":"status-publish","4":"has-post-thumbnail","6":"product_cat-aspirador","7":"product_cat-eletrodomesticos","8":"product_tag-1100w","9":"product_tag-aspirador-de-po","10":"desktop-align-center","11":"tablet-align-left","12":"mobile-align-center","14":"first","15":"instock","16":"sale","17":"shipping-taxable","18":"product-type-external"},"uagb_featured_image_src":{"full":["https:\/\/promocaododia.com.br\/site\/wp-content\/uploads\/2022\/11\/Aspirador-Vertical-Ciclone-Premium-1100w-Ho084-Preto-220v-1.jpg",600,600,false],"thumbnail":["https:\/\/promocaododia.com.br\/site\/wp-content\/uploads\/2022\/11\/Aspirador-Vertical-Ciclone-Premium-1100w-Ho084-Preto-220v-1-150x150.jpg",150,150,true],"medium":["https:\/\/promocaododia.com.br\/site\/wp-content\/uploads\/2022\/11\/Aspirador-Vertical-Ciclone-Premium-1100w-Ho084-Preto-220v-1-300x300.jpg",300,300,true],"medium_large":["https:\/\/promocaododia.com.br\/site\/wp-content\/uploads\/2022\/11\/Aspirador-Vertical-Ciclone-Premium-1100w-Ho084-Preto-220v-1.jpg",600,600,false],"large":["https:\/\/promocaododia.com.br\/site\/wp-content\/uploads\/2022\/11\/Aspirador-Vertical-Ciclone-Premium-1100w-Ho084-Preto-220v-1.jpg",600,600,false],"1536x1536":["https:\/\/promocaododia.com.br\/site\/wp-content\/uploads\/2022\/11\/Aspirador-Vertical-Ciclone-Premium-1100w-Ho084-Preto-220v-1.jpg",600,600,false],"2048x2048":["https:\/\/promocaododia.com.br\/site\/wp-content\/uploads\/2022\/11\/Aspirador-Vertical-Ciclone-Premium-1100w-Ho084-Preto-220v-1.jpg",600,600,false],"woocommerce_thumbnail":["https:\/\/promocaododia.com.br\/site\/wp-content\/uploads\/2022\/11\/Aspirador-Vertical-Ciclone-Premium-1100w-Ho084-Preto-220v-1-250x250.jpg",250,250,true],"woocommerce_single":["https:\/\/promocaododia.com.br\/site\/wp-content\/uploads\/2022\/11\/Aspirador-Vertical-Ciclone-Premium-1100w-Ho084-Preto-220v-1-250x250.jpg",250,250,true],"woocommerce_gallery_thumbnail":["https:\/\/promocaododia.com.br\/site\/wp-content\/uploads\/2022\/11\/Aspirador-Vertical-Ciclone-Premium-1100w-Ho084-Preto-220v-1-100x100.jpg",100,100,true]},"uagb_author_info":{"display_name":"danilo.gbr","author_link":"https:\/\/promocaododia.com.br\/site\/author\/"},"uagb_comment_info":0,"uagb_excerpt":"Aspirador Vertical Ciclone Premium 220v 1100w &#8211; Ho084 Preto 220v Aspirador Vertical Ciclone Premium 220v &#8211; Ho084 A melhor solu\u00e7\u00e3o para uma limpeza r\u00e1pida Para voc\u00ea que n\u00e3o quer perder mais tempo com a limpeza de casa, o Aspirador Vertical Multilaser Ciclone \u00e9 a sua melhor op\u00e7\u00e3o. Saiba o porqu\u00ea: &#8211; 2 em 1: utilize&hellip;","_links":{"self":[{"href":"https:\/\/promocaododia.com.br\/site\/wp-json\/wp\/v2\/product\/1189","targetHints":{"allow":["GET"]}}],"collection":[{"href":"https:\/\/promocaododia.com.br\/site\/wp-json\/wp\/v2\/product"}],"about":[{"href":"https:\/\/promocaododia.com.br\/site\/wp-json\/wp\/v2\/types\/product"}],"wp:featuredmedia":[{"embeddable":true,"href":"https:\/\/promocaododia.com.br\/site\/wp-json\/wp\/v2\/media\/1191"}],"wp:attachment":[{"href":"https:\/\/promocaododia.com.br\/site\/wp-json\/wp\/v2\/media?parent=1189"}],"wp:term":[{"taxonomy":"product_brand","embeddable":true,"href":"https:\/\/promocaododia.com.br\/site\/wp-json\/wp\/v2\/product_brand?post=1189"},{"taxonomy":"product_cat","embeddable":true,"href":"https:\/\/promocaododia.com.br\/site\/wp-json\/wp\/v2\/product_cat?post=1189"},{"taxonomy":"product_tag","embeddable":true,"href":"https:\/\/promocaododia.com.br\/site\/wp-json\/wp\/v2\/product_tag?post=1189"}],"curies":[{"name":"wp","href":"https:\/\/api.w.org\/{rel}","templated":true}]}}