{"id":1192,"date":"2022-11-21T19:36:12","date_gmt":"2022-11-21T22:36:12","guid":{"rendered":"https:\/\/promocaododia.com.br\/site\/?post_type=product&#038;p=1192"},"modified":"2022-11-21T19:36:13","modified_gmt":"2022-11-21T22:36:13","slug":"notebook-lenovo-ideapad-82bs0005br-intel-core-i5-10a-gen-8gb-256gb-ssd-156-windows-10","status":"publish","type":"product","link":"https:\/\/promocaododia.com.br\/site\/produto\/notebook-lenovo-ideapad-82bs0005br-intel-core-i5-10a-gen-8gb-256gb-ssd-156-windows-10\/","title":{"rendered":"Notebook Lenovo Ideapad 82BS0005BR Intel Core i5 10\u00aa Gen 8GB 256GB ssd 15,6 Windows 10"},"content":{"rendered":"<p>Notebook Lenovo Ultrafino IdeaPad 3i i5-10210U 8GB 256 gb ssd Windows 10 15.6 82BS0005BR Prata.<\/p>\n<p>Lenovo IdeaPad 3i possui design leve e compacto. Com tela antirreflexo de 15.6&#8243; para mais conforto visual.<\/p>\n<p>Notebook ideal para todos os momentos. Conta com WiFi ac ultrarr\u00e1pido e teclado num\u00e9rico para trabalhar com mais agilidade nas suas planilhas.<\/p>\n<p>Possibilidade de utilizar o armazenamento de forma h\u00edbrida e ganhar muito mais agilidade e produtividade no seu dia a dia. Com o slot dispon\u00edvel, voc\u00ea tem a op\u00e7\u00e3o de adicionar um hdd sata para ter mais seguran\u00e7a ao armazenar seus dados.<\/p>\n<p>Nitidez e alta qualidade de som com Dolby Audio. Sua privacidade pessoal \u00e9 muito importante. \u00e9 por isso que o IdeaPad 3i est\u00e1 equipado com porta de privacidade da webcam.<\/p>\n<p>Quando n\u00e3o estiver em uma chamada de v\u00eddeo ou gravando algo, basta desliz\u00e1-la. Fa\u00e7a v\u00eddeo-confer\u00eancias em alta-defini\u00e7\u00e3o com a c\u00e2mera HD-720p.<\/p>\n","protected":false},"excerpt":{"rendered":"<p>Notebook Lenovo Ultrafino IdeaPad 3i i5-10210U 8GB 256 gb ssd Windows 10 15.6 82BS0005BR Prata. Lenovo IdeaPad 3i possui design leve e compacto. Com tela antirreflexo de 15.6&#8243; para mais conforto visual. Notebook ideal para todos os momentos. Conta com WiFi ac ultrarr\u00e1pido e teclado num\u00e9rico para trabalhar com mais agilidade nas suas planilhas. Possibilidade de utilizar o armazenamento de forma h\u00edbrida e ganhar muito mais agilidade e produtividade no seu dia a dia. Com o slot dispon\u00edvel, voc\u00ea tem a op\u00e7\u00e3o de adicionar um hdd sata para ter mais seguran\u00e7a ao armazenar seus dados. Nitidez e alta qualidade de som com Dolby Audio. Sua privacidade pessoal \u00e9 muito importante. \u00e9 por isso que o IdeaPad 3i est\u00e1 equipado com porta de privacidade da webcam. Quando n\u00e3o estiver em uma chamada de v\u00eddeo ou gravando algo, basta desliz\u00e1-la. Fa\u00e7a v\u00eddeo-confer\u00eancias em alta-defini\u00e7\u00e3o com a c\u00e2mera HD-720p.<\/p>\n","protected":false},"featured_media":1193,"template":"","meta":{"_uag_custom_page_level_css":"","site-sidebar-layout":"default","site-content-layout":"default","ast-site-content-layout":"default","site-content-style":"default","site-sidebar-style":"default","ast-global-header-display":"","ast-banner-title-visibility":"","ast-main-header-display":"","ast-hfb-above-header-display":"","ast-hfb-below-header-display":"","ast-hfb-mobile-header-display":"","site-post-title":"","ast-breadcrumbs-content":"","ast-featured-img":"","footer-sml-layout":"","theme-transparent-header-meta":"default","adv-header-id-meta":"","stick-header-meta":"","header-above-stick-meta":"","header-main-stick-meta":"","header-below-stick-meta":"","astra-migrate-meta-layouts":"default","ast-page-background-enabled":"default","ast-page-background-meta":{"desktop":{"background-color":"","background-image":"","background-repeat":"repeat","background-position":"center center","background-size":"auto","background-attachment":"scroll","background-type":"","background-media":"","overlay-type":"","overlay-color":"","overlay-opacity":"","overlay-gradient":""},"tablet":{"background-color":"","background-image":"","background-repeat":"repeat","background-position":"center center","background-size":"auto","background-attachment":"scroll","background-type":"","background-media":"","overlay-type":"","overlay-color":"","overlay-opacity":"","overlay-gradient":""},"mobile":{"background-color":"","background-image":"","background-repeat":"repeat","background-position":"center center","background-size":"auto","background-attachment":"scroll","background-type":"","background-media":"","overlay-type":"","overlay-color":"","overlay-opacity":"","overlay-gradient":""}},"ast-content-background-meta":{"desktop":{"background-color":"var(--ast-global-color-5)","background-image":"","background-repeat":"repeat","background-position":"center center","background-size":"auto","background-attachment":"scroll","background-type":"","background-media":"","overlay-type":"","overlay-color":"","overlay-opacity":"","overlay-gradient":""},"tablet":{"background-color":"var(--ast-global-color-5)","background-image":"","background-repeat":"repeat","background-position":"center center","background-size":"auto","background-attachment":"scroll","background-type":"","background-media":"","overlay-type":"","overlay-color":"","overlay-opacity":"","overlay-gradient":""},"mobile":{"background-color":"var(--ast-global-color-5)","background-image":"","background-repeat":"repeat","background-position":"center center","background-size":"auto","background-attachment":"scroll","background-type":"","background-media":"","overlay-type":"","overlay-color":"","overlay-opacity":"","overlay-gradient":""}}},"product_brand":[],"product_cat":[75,62],"product_tag":[239,403,316,160],"class_list":{"0":"post-1192","1":"product","2":"type-product","3":"status-publish","4":"has-post-thumbnail","6":"product_cat-informatica-e-acessorios","7":"product_cat-notebook","8":"product_tag-256gb-ssd","9":"product_tag-8gb-ram","10":"product_tag-core-i5","11":"product_tag-intel","12":"desktop-align-center","13":"tablet-align-left","14":"mobile-align-center","16":"first","17":"instock","18":"sale","19":"shipping-taxable","20":"product-type-external"},"uagb_featured_image_src":{"full":["https:\/\/promocaododia.com.br\/site\/wp-content\/uploads\/2022\/11\/Notebook-Lenovo-Ideapad-82BS0005BR-Intel-Core-i5-10a-Gen-8GB-256GB-ssd-156-Windows-10.jpg",600,600,false],"thumbnail":["https:\/\/promocaododia.com.br\/site\/wp-content\/uploads\/2022\/11\/Notebook-Lenovo-Ideapad-82BS0005BR-Intel-Core-i5-10a-Gen-8GB-256GB-ssd-156-Windows-10-150x150.jpg",150,150,true],"medium":["https:\/\/promocaododia.com.br\/site\/wp-content\/uploads\/2022\/11\/Notebook-Lenovo-Ideapad-82BS0005BR-Intel-Core-i5-10a-Gen-8GB-256GB-ssd-156-Windows-10-300x300.jpg",300,300,true],"medium_large":["https:\/\/promocaododia.com.br\/site\/wp-content\/uploads\/2022\/11\/Notebook-Lenovo-Ideapad-82BS0005BR-Intel-Core-i5-10a-Gen-8GB-256GB-ssd-156-Windows-10.jpg",600,600,false],"large":["https:\/\/promocaododia.com.br\/site\/wp-content\/uploads\/2022\/11\/Notebook-Lenovo-Ideapad-82BS0005BR-Intel-Core-i5-10a-Gen-8GB-256GB-ssd-156-Windows-10.jpg",600,600,false],"1536x1536":["https:\/\/promocaododia.com.br\/site\/wp-content\/uploads\/2022\/11\/Notebook-Lenovo-Ideapad-82BS0005BR-Intel-Core-i5-10a-Gen-8GB-256GB-ssd-156-Windows-10.jpg",600,600,false],"2048x2048":["https:\/\/promocaododia.com.br\/site\/wp-content\/uploads\/2022\/11\/Notebook-Lenovo-Ideapad-82BS0005BR-Intel-Core-i5-10a-Gen-8GB-256GB-ssd-156-Windows-10.jpg",600,600,false],"woocommerce_thumbnail":["https:\/\/promocaododia.com.br\/site\/wp-content\/uploads\/2022\/11\/Notebook-Lenovo-Ideapad-82BS0005BR-Intel-Core-i5-10a-Gen-8GB-256GB-ssd-156-Windows-10-250x250.jpg",250,250,true],"woocommerce_single":["https:\/\/promocaododia.com.br\/site\/wp-content\/uploads\/2022\/11\/Notebook-Lenovo-Ideapad-82BS0005BR-Intel-Core-i5-10a-Gen-8GB-256GB-ssd-156-Windows-10-250x250.jpg",250,250,true],"woocommerce_gallery_thumbnail":["https:\/\/promocaododia.com.br\/site\/wp-content\/uploads\/2022\/11\/Notebook-Lenovo-Ideapad-82BS0005BR-Intel-Core-i5-10a-Gen-8GB-256GB-ssd-156-Windows-10-100x100.jpg",100,100,true]},"uagb_author_info":{"display_name":"danilo.gbr","author_link":"https:\/\/promocaododia.com.br\/site\/author\/"},"uagb_comment_info":0,"uagb_excerpt":"Notebook Lenovo Ultrafino IdeaPad 3i i5-10210U 8GB 256 gb ssd Windows 10 15.6 82BS0005BR Prata. Lenovo IdeaPad 3i possui design leve e compacto. Com tela antirreflexo de 15.6&#8243; para mais conforto visual. Notebook ideal para todos os momentos. Conta com WiFi ac ultrarr\u00e1pido e teclado num\u00e9rico para trabalhar com mais agilidade nas suas planilhas. Possibilidade&hellip;","_links":{"self":[{"href":"https:\/\/promocaododia.com.br\/site\/wp-json\/wp\/v2\/product\/1192","targetHints":{"allow":["GET"]}}],"collection":[{"href":"https:\/\/promocaododia.com.br\/site\/wp-json\/wp\/v2\/product"}],"about":[{"href":"https:\/\/promocaododia.com.br\/site\/wp-json\/wp\/v2\/types\/product"}],"wp:featuredmedia":[{"embeddable":true,"href":"https:\/\/promocaododia.com.br\/site\/wp-json\/wp\/v2\/media\/1193"}],"wp:attachment":[{"href":"https:\/\/promocaododia.com.br\/site\/wp-json\/wp\/v2\/media?parent=1192"}],"wp:term":[{"taxonomy":"product_brand","embeddable":true,"href":"https:\/\/promocaododia.com.br\/site\/wp-json\/wp\/v2\/product_brand?post=1192"},{"taxonomy":"product_cat","embeddable":true,"href":"https:\/\/promocaododia.com.br\/site\/wp-json\/wp\/v2\/product_cat?post=1192"},{"taxonomy":"product_tag","embeddable":true,"href":"https:\/\/promocaododia.com.br\/site\/wp-json\/wp\/v2\/product_tag?post=1192"}],"curies":[{"name":"wp","href":"https:\/\/api.w.org\/{rel}","templated":true}]}}