{"id":1201,"date":"2022-11-21T20:14:59","date_gmt":"2022-11-21T23:14:59","guid":{"rendered":"https:\/\/promocaododia.com.br\/site\/?post_type=product&#038;p=1201"},"modified":"2022-11-21T20:14:59","modified_gmt":"2022-11-21T23:14:59","slug":"notebook-gamer-acer-nitro-5-intel-core-i5-8gb-512gb-ssd-156-full-hd-nvidia-gtx-1650-4gb-linux","status":"publish","type":"product","link":"https:\/\/promocaododia.com.br\/site\/produto\/notebook-gamer-acer-nitro-5-intel-core-i5-8gb-512gb-ssd-156-full-hd-nvidia-gtx-1650-4gb-linux\/","title":{"rendered":"Notebook Gamer Acer Nitro 5 Intel Core i5 8GB &#8211; 512GB SSD 15,6\u201d Full HD NVIDIA GTX 1650 4GB Linux"},"content":{"rendered":"<p>Para voc\u00ea que \u00e9 fan\u00e1tico por games, precisa equipamentos a altura do que os games oferecem. E para te ajudar nisso, a Acer apresenta o notebook gamer Nitro 5 AN515-57-52ZQ.<br \/>\nEle tem processador Intel Core i5 11400H &#8211; Six Core de 11\u00aa Gera\u00e7\u00e3o, 8GB de RAM e 512GB de SSD.<br \/>\nConta com tela LED com design ultrafino de 15,6&#8243;, resolu\u00e7\u00e3o Full HD, painel IPS e 144Hz de frequ\u00eancia.<br \/>\nPara te acompanhar nos jogos, ele tem placa de v\u00eddeo dedicada NVIDIA GeForce GTX 1650 4GB GDDR6 (TGP de 50W), sistema operacional Linux Gutta, teclado FineTip em portugu\u00eas do Brasil (ABNT2) retroiluminado na cor vermelha, touchpad multigestual suportando rolagem com dois dedos e som com tecnologia DTS X Ultra \u00c1udio.<\/p>\n","protected":false},"excerpt":{"rendered":"<p>Para voc\u00ea que \u00e9 fan\u00e1tico por games, precisa equipamentos a altura do que os games oferecem. E para te ajudar nisso, a Acer apresenta o notebook gamer Nitro 5 AN515-57-52ZQ. Ele tem processador Intel Core i5 11400H &#8211; Six Core de 11\u00aa Gera\u00e7\u00e3o, 8GB de RAM e 512GB de SSD. Conta com tela LED com design ultrafino de 15,6&#8243;, resolu\u00e7\u00e3o Full HD, painel IPS e 144Hz de frequ\u00eancia. Para te acompanhar nos jogos, ele tem placa de v\u00eddeo dedicada NVIDIA GeForce GTX 1650 4GB GDDR6 (TGP de 50W), sistema operacional Linux Gutta, teclado FineTip em portugu\u00eas do Brasil (ABNT2) retroiluminado na cor vermelha, touchpad multigestual suportando rolagem com dois dedos e som com tecnologia DTS X Ultra \u00c1udio.<\/p>\n","protected":false},"featured_media":1202,"template":"","meta":{"_uag_custom_page_level_css":"","site-sidebar-layout":"default","site-content-layout":"default","ast-site-content-layout":"default","site-content-style":"default","site-sidebar-style":"default","ast-global-header-display":"","ast-banner-title-visibility":"","ast-main-header-display":"","ast-hfb-above-header-display":"","ast-hfb-below-header-display":"","ast-hfb-mobile-header-display":"","site-post-title":"","ast-breadcrumbs-content":"","ast-featured-img":"","footer-sml-layout":"","theme-transparent-header-meta":"default","adv-header-id-meta":"","stick-header-meta":"","header-above-stick-meta":"","header-main-stick-meta":"","header-below-stick-meta":"","astra-migrate-meta-layouts":"default","ast-page-background-enabled":"default","ast-page-background-meta":{"desktop":{"background-color":"","background-image":"","background-repeat":"repeat","background-position":"center center","background-size":"auto","background-attachment":"scroll","background-type":"","background-media":"","overlay-type":"","overlay-color":"","overlay-opacity":"","overlay-gradient":""},"tablet":{"background-color":"","background-image":"","background-repeat":"repeat","background-position":"center center","background-size":"auto","background-attachment":"scroll","background-type":"","background-media":"","overlay-type":"","overlay-color":"","overlay-opacity":"","overlay-gradient":""},"mobile":{"background-color":"","background-image":"","background-repeat":"repeat","background-position":"center center","background-size":"auto","background-attachment":"scroll","background-type":"","background-media":"","overlay-type":"","overlay-color":"","overlay-opacity":"","overlay-gradient":""}},"ast-content-background-meta":{"desktop":{"background-color":"var(--ast-global-color-5)","background-image":"","background-repeat":"repeat","background-position":"center center","background-size":"auto","background-attachment":"scroll","background-type":"","background-media":"","overlay-type":"","overlay-color":"","overlay-opacity":"","overlay-gradient":""},"tablet":{"background-color":"var(--ast-global-color-5)","background-image":"","background-repeat":"repeat","background-position":"center center","background-size":"auto","background-attachment":"scroll","background-type":"","background-media":"","overlay-type":"","overlay-color":"","overlay-opacity":"","overlay-gradient":""},"mobile":{"background-color":"var(--ast-global-color-5)","background-image":"","background-repeat":"repeat","background-position":"center center","background-size":"auto","background-attachment":"scroll","background-type":"","background-media":"","overlay-type":"","overlay-color":"","overlay-opacity":"","overlay-gradient":""}}},"product_brand":[],"product_cat":[244,75,62],"product_tag":[352,316,81,318,83,160,82,491,353],"class_list":{"0":"post-1201","1":"product","2":"type-product","3":"status-publish","4":"has-post-thumbnail","6":"product_cat-games","7":"product_cat-informatica-e-acessorios","8":"product_cat-notebook","9":"product_tag-acer-nitro","10":"product_tag-core-i5","11":"product_tag-gamer","12":"product_tag-gtx-1650","13":"product_tag-informatica","14":"product_tag-intel","15":"product_tag-notebook","16":"product_tag-nvidia","17":"product_tag-ssd","18":"desktop-align-center","19":"tablet-align-left","20":"mobile-align-center","22":"first","23":"instock","24":"sale","25":"shipping-taxable","26":"product-type-external"},"uagb_featured_image_src":{"full":["https:\/\/promocaododia.com.br\/site\/wp-content\/uploads\/2022\/11\/Notebook-Gamer-Acer-Nitro-5-Intel-Core-i5-8GB-512GB-SSD-156-Full-HD-NVIDIA-GTX-1650-4GB-Linux.jpg",600,600,false],"thumbnail":["https:\/\/promocaododia.com.br\/site\/wp-content\/uploads\/2022\/11\/Notebook-Gamer-Acer-Nitro-5-Intel-Core-i5-8GB-512GB-SSD-156-Full-HD-NVIDIA-GTX-1650-4GB-Linux-150x150.jpg",150,150,true],"medium":["https:\/\/promocaododia.com.br\/site\/wp-content\/uploads\/2022\/11\/Notebook-Gamer-Acer-Nitro-5-Intel-Core-i5-8GB-512GB-SSD-156-Full-HD-NVIDIA-GTX-1650-4GB-Linux-300x300.jpg",300,300,true],"medium_large":["https:\/\/promocaododia.com.br\/site\/wp-content\/uploads\/2022\/11\/Notebook-Gamer-Acer-Nitro-5-Intel-Core-i5-8GB-512GB-SSD-156-Full-HD-NVIDIA-GTX-1650-4GB-Linux.jpg",600,600,false],"large":["https:\/\/promocaododia.com.br\/site\/wp-content\/uploads\/2022\/11\/Notebook-Gamer-Acer-Nitro-5-Intel-Core-i5-8GB-512GB-SSD-156-Full-HD-NVIDIA-GTX-1650-4GB-Linux.jpg",600,600,false],"1536x1536":["https:\/\/promocaododia.com.br\/site\/wp-content\/uploads\/2022\/11\/Notebook-Gamer-Acer-Nitro-5-Intel-Core-i5-8GB-512GB-SSD-156-Full-HD-NVIDIA-GTX-1650-4GB-Linux.jpg",600,600,false],"2048x2048":["https:\/\/promocaododia.com.br\/site\/wp-content\/uploads\/2022\/11\/Notebook-Gamer-Acer-Nitro-5-Intel-Core-i5-8GB-512GB-SSD-156-Full-HD-NVIDIA-GTX-1650-4GB-Linux.jpg",600,600,false],"woocommerce_thumbnail":["https:\/\/promocaododia.com.br\/site\/wp-content\/uploads\/2022\/11\/Notebook-Gamer-Acer-Nitro-5-Intel-Core-i5-8GB-512GB-SSD-156-Full-HD-NVIDIA-GTX-1650-4GB-Linux-250x250.jpg",250,250,true],"woocommerce_single":["https:\/\/promocaododia.com.br\/site\/wp-content\/uploads\/2022\/11\/Notebook-Gamer-Acer-Nitro-5-Intel-Core-i5-8GB-512GB-SSD-156-Full-HD-NVIDIA-GTX-1650-4GB-Linux-250x250.jpg",250,250,true],"woocommerce_gallery_thumbnail":["https:\/\/promocaododia.com.br\/site\/wp-content\/uploads\/2022\/11\/Notebook-Gamer-Acer-Nitro-5-Intel-Core-i5-8GB-512GB-SSD-156-Full-HD-NVIDIA-GTX-1650-4GB-Linux-100x100.jpg",100,100,true]},"uagb_author_info":{"display_name":"danilo.gbr","author_link":"https:\/\/promocaododia.com.br\/site\/author\/"},"uagb_comment_info":0,"uagb_excerpt":"Para voc\u00ea que \u00e9 fan\u00e1tico por games, precisa equipamentos a altura do que os games oferecem. E para te ajudar nisso, a Acer apresenta o notebook gamer Nitro 5 AN515-57-52ZQ. Ele tem processador Intel Core i5 11400H &#8211; Six Core de 11\u00aa Gera\u00e7\u00e3o, 8GB de RAM e 512GB de SSD. Conta com tela LED com&hellip;","_links":{"self":[{"href":"https:\/\/promocaododia.com.br\/site\/wp-json\/wp\/v2\/product\/1201","targetHints":{"allow":["GET"]}}],"collection":[{"href":"https:\/\/promocaododia.com.br\/site\/wp-json\/wp\/v2\/product"}],"about":[{"href":"https:\/\/promocaododia.com.br\/site\/wp-json\/wp\/v2\/types\/product"}],"wp:featuredmedia":[{"embeddable":true,"href":"https:\/\/promocaododia.com.br\/site\/wp-json\/wp\/v2\/media\/1202"}],"wp:attachment":[{"href":"https:\/\/promocaododia.com.br\/site\/wp-json\/wp\/v2\/media?parent=1201"}],"wp:term":[{"taxonomy":"product_brand","embeddable":true,"href":"https:\/\/promocaododia.com.br\/site\/wp-json\/wp\/v2\/product_brand?post=1201"},{"taxonomy":"product_cat","embeddable":true,"href":"https:\/\/promocaododia.com.br\/site\/wp-json\/wp\/v2\/product_cat?post=1201"},{"taxonomy":"product_tag","embeddable":true,"href":"https:\/\/promocaododia.com.br\/site\/wp-json\/wp\/v2\/product_tag?post=1201"}],"curies":[{"name":"wp","href":"https:\/\/api.w.org\/{rel}","templated":true}]}}