{"id":1203,"date":"2022-11-22T20:55:48","date_gmt":"2022-11-22T23:55:48","guid":{"rendered":"https:\/\/promocaododia.com.br\/site\/?post_type=product&#038;p=1203"},"modified":"2022-11-22T20:55:48","modified_gmt":"2022-11-22T23:55:48","slug":"smart-tv-led-50-semp-50rk8500-rokuuhd-hdr-wifi-dual-band-4-hdmi-1-usb-super-cashback-ame","status":"publish","type":"product","link":"https:\/\/promocaododia.com.br\/site\/produto\/smart-tv-led-50-semp-50rk8500-rokuuhd-hdr-wifi-dual-band-4-hdmi-1-usb-super-cashback-ame\/","title":{"rendered":"Smart Tv Led 50&#8243; Semp 50rk8500 Rokuuhd Hdr Wifi Dual Band 4 Hdmi 1 Usb (SUPER CASHBACK AME)"},"content":{"rendered":"<div class=\"src__TextWrapper-sc-10qje1m-8 guiktZ\">\n<h2 class=\"src__Title-sc-10qje1m-1 fThxDu\">Ficha t\u00e9cnica<\/h2>\n<\/div>\n<div class=\"src__DeskWrapper-sc-10qje1m-0 bGsyxx\">\n<table class=\"src__SpecsCell-sc-10qje1m-2 bqHqeR\">\n<tbody>\n<tr class=\"src__View-sc-10qje1m-3 hIUuMp\">\n<td class=\"src__Text-sc-10qje1m-4 fyapQy\">C\u00f3digo<\/td>\n<td class=\"src__Text-sc-10qje1m-4 fyapQy\">4240755656<\/td>\n<\/tr>\n<tr class=\"src__View-sc-10qje1m-3 hIUuMp\">\n<td class=\"src__Text-sc-10qje1m-4 fyapQy\">C\u00f3digo de barras<\/td>\n<td class=\"src__Text-sc-10qje1m-4 fyapQy\">7899968301167<\/td>\n<\/tr>\n<tr class=\"src__View-sc-10qje1m-3 hIUuMp\">\n<td class=\"src__Text-sc-10qje1m-4 fyapQy\">Fabricante<\/td>\n<td class=\"src__Text-sc-10qje1m-4 fyapQy\">SEMP TCL<\/td>\n<\/tr>\n<tr class=\"src__View-sc-10qje1m-3 hIUuMp\">\n<td class=\"src__Text-sc-10qje1m-4 fyapQy\">Marca<\/td>\n<td class=\"src__Text-sc-10qje1m-4 fyapQy\">Semp<\/td>\n<\/tr>\n<tr class=\"src__View-sc-10qje1m-3 hIUuMp\">\n<td class=\"src__Text-sc-10qje1m-4 fyapQy\">Recursos de V\u00eddeos<\/td>\n<td class=\"src__Text-sc-10qje1m-4 fyapQy\">4K HDR, MODO DE IMAGEM Filme, Normal, V\u00edvido, Baixa energia, Esportes, AJUSTE DE COR Normal, Quente, Frio.<\/td>\n<\/tr>\n<tr class=\"src__View-sc-10qje1m-3 hIUuMp\">\n<td class=\"src__Text-sc-10qje1m-4 fyapQy\">Recursos\/Funcionalidades<\/td>\n<td class=\"src__Text-sc-10qje1m-4 fyapQy\">4K HDR &#8211; Com resolu\u00e7\u00e3o 4 vezes maior que a Full HD, a TV 4K reproduz detalhes impressionantes, tornando seus conte\u00fados muito mais realistas com uma experi\u00eancia de visualiza\u00e7\u00e3o imersiva. A tecnologia High Dynamic Range (HDR) oferece um padr\u00e3o superior de contraste e brilho, exibindo muito mais detalhes da imagem, com cores mais vivas.<\/td>\n<\/tr>\n<tr class=\"src__View-sc-10qje1m-3 hIUuMp\">\n<td class=\"src__Text-sc-10qje1m-4 fyapQy\">Processador<\/td>\n<td class=\"src__Text-sc-10qje1m-4 fyapQy\">Dual Core<\/td>\n<\/tr>\n<tr class=\"src__View-sc-10qje1m-3 hIUuMp\">\n<td class=\"src__Text-sc-10qje1m-4 fyapQy\">Consumo (KW\/h)<\/td>\n<td class=\"src__Text-sc-10qje1m-4 fyapQy\">CONSUMO STAND BY &lt; 0,5W &#8211; CONSUMO M\u00c1XIMO 50\u201d = 95W<\/td>\n<\/tr>\n<tr class=\"src__View-sc-10qje1m-3 hIUuMp\">\n<td class=\"src__Text-sc-10qje1m-4 fyapQy\">Recursos de \u00c1udio<\/td>\n<td class=\"src__Text-sc-10qje1m-4 fyapQy\">MODO SOM Fala, Teatro, Graves, Agudos altos, M\u00fasica e Normal<\/td>\n<\/tr>\n<tr class=\"src__View-sc-10qje1m-3 hIUuMp\">\n<td class=\"src__Text-sc-10qje1m-4 fyapQy\">Tipo de TV<\/td>\n<td class=\"src__Text-sc-10qje1m-4 fyapQy\">Smart TV<\/td>\n<\/tr>\n<tr class=\"src__View-sc-10qje1m-3 hIUuMp\">\n<td class=\"src__Text-sc-10qje1m-4 fyapQy\">Tecnologia da Tela<\/td>\n<td class=\"src__Text-sc-10qje1m-4 fyapQy\">LED<\/td>\n<\/tr>\n<tr class=\"src__View-sc-10qje1m-3 hIUuMp\">\n<td class=\"src__Text-sc-10qje1m-4 fyapQy\">Polegadas<\/td>\n<td class=\"src__Text-sc-10qje1m-4 fyapQy\">50&#8243;<\/td>\n<\/tr>\n<tr class=\"src__View-sc-10qje1m-3 hIUuMp\">\n<td class=\"src__Text-sc-10qje1m-4 fyapQy\">Monitor<\/td>\n<td class=\"src__Text-sc-10qje1m-4 fyapQy\">Ultra HD 4k<\/td>\n<\/tr>\n<tr class=\"src__View-sc-10qje1m-3 hIUuMp\">\n<td class=\"src__Text-sc-10qje1m-4 fyapQy\">Taxa de Atualiza\u00e7\u00e3o<\/td>\n<td class=\"src__Text-sc-10qje1m-4 fyapQy\">60Hz<\/td>\n<\/tr>\n<tr class=\"src__View-sc-10qje1m-3 hIUuMp\">\n<td class=\"src__Text-sc-10qje1m-4 fyapQy\">Taxa de Atualiza\u00e7\u00e3o com Tecnologia<\/td>\n<td class=\"src__Text-sc-10qje1m-4 fyapQy\">60Hz<\/td>\n<\/tr>\n<tr class=\"src__View-sc-10qje1m-3 hIUuMp\">\n<td class=\"src__Text-sc-10qje1m-4 fyapQy\">Quantidade de entradas USB<\/td>\n<td class=\"src__Text-sc-10qje1m-4 fyapQy\">1<\/td>\n<\/tr>\n<tr class=\"src__View-sc-10qje1m-3 hIUuMp\">\n<td class=\"src__Text-sc-10qje1m-4 fyapQy\">Local das entradas USB<\/td>\n<td class=\"src__Text-sc-10qje1m-4 fyapQy\">1 entrada lateral<\/td>\n<\/tr>\n<tr class=\"src__View-sc-10qje1m-3 hIUuMp\">\n<td class=\"src__Text-sc-10qje1m-4 fyapQy\">HDMI<\/td>\n<td class=\"src__Text-sc-10qje1m-4 fyapQy\">4<\/td>\n<\/tr>\n<tr class=\"src__View-sc-10qje1m-3 hIUuMp\">\n<td class=\"src__Text-sc-10qje1m-4 fyapQy\">Local das entradas HDMI<\/td>\n<td class=\"src__Text-sc-10qje1m-4 fyapQy\">3 entradas laterais<\/td>\n<\/tr>\n<tr class=\"src__View-sc-10qje1m-3 hIUuMp\">\n<td class=\"src__Text-sc-10qje1m-4 fyapQy\">Outras Conex\u00f5es<\/td>\n<td class=\"src__Text-sc-10qje1m-4 fyapQy\">1 HDMI (ARC),1 Entrada AV (\u00c1udio &amp; V\u00eddeo), 1 Entrada RF para Antena\/cabo, 1 Sa\u00edda \u00c1udio digital (\u00f3tica) e 1 Sa\u00edda para fone de ouvido<\/td>\n<\/tr>\n<tr class=\"src__View-sc-10qje1m-3 hIUuMp\">\n<td class=\"src__Text-sc-10qje1m-4 fyapQy\">Wi-Fi Integrado<\/td>\n<td class=\"src__Text-sc-10qje1m-4 fyapQy\">Sim<\/td>\n<\/tr>\n<tr class=\"src__View-sc-10qje1m-3 hIUuMp\">\n<td class=\"src__Text-sc-10qje1m-4 fyapQy\">Conversor Digital Integrado<\/td>\n<td class=\"src__Text-sc-10qje1m-4 fyapQy\">Sim<\/td>\n<\/tr>\n<tr class=\"src__View-sc-10qje1m-3 hIUuMp\">\n<td class=\"src__Text-sc-10qje1m-4 fyapQy\">PIP (Picture in Picture)<\/td>\n<td class=\"src__Text-sc-10qje1m-4 fyapQy\">N\u00e3o<\/td>\n<\/tr>\n<tr class=\"src__View-sc-10qje1m-3 hIUuMp\">\n<td class=\"src__Text-sc-10qje1m-4 fyapQy\">Timer On\/Off<\/td>\n<td class=\"src__Text-sc-10qje1m-4 fyapQy\">N\u00e3o<\/td>\n<\/tr>\n<tr class=\"src__View-sc-10qje1m-3 hIUuMp\">\n<td class=\"src__Text-sc-10qje1m-4 fyapQy\">Sleep Timer<\/td>\n<td class=\"src__Text-sc-10qje1m-4 fyapQy\">Sim<\/td>\n<\/tr>\n<tr class=\"src__View-sc-10qje1m-3 hIUuMp\">\n<td class=\"src__Text-sc-10qje1m-4 fyapQy\">Closed Caption<\/td>\n<td class=\"src__Text-sc-10qje1m-4 fyapQy\">Sim<\/td>\n<\/tr>\n<tr class=\"src__View-sc-10qje1m-3 hIUuMp\">\n<td class=\"src__Text-sc-10qje1m-4 fyapQy\">Principais Aplicativos<\/td>\n<td class=\"src__Text-sc-10qje1m-4 fyapQy\">GLOBOPLAY, YOUTUBE, DISNEY, PRIME VIDEO, NETFLIX, APPLE TV<\/td>\n<\/tr>\n<tr class=\"src__View-sc-10qje1m-3 hIUuMp\">\n<td class=\"src__Text-sc-10qje1m-4 fyapQy\">Pot\u00eancia do \u00c1udio (RMS)<\/td>\n<td class=\"src__Text-sc-10qje1m-4 fyapQy\">2*10 = 20W<\/td>\n<\/tr>\n<tr class=\"src__View-sc-10qje1m-3 hIUuMp\">\n<td class=\"src__Text-sc-10qje1m-4 fyapQy\">Wi-Fi<\/td>\n<td class=\"src__Text-sc-10qje1m-4 fyapQy\">Wi-Fi integrado<\/td>\n<\/tr>\n<tr class=\"src__View-sc-10qje1m-3 hIUuMp\">\n<td class=\"src__Text-sc-10qje1m-4 fyapQy\">Cor<\/td>\n<td class=\"src__Text-sc-10qje1m-4 fyapQy\">Preto<\/td>\n<\/tr>\n<tr class=\"src__View-sc-10qje1m-3 hIUuMp\">\n<td class=\"src__Text-sc-10qje1m-4 fyapQy\">Peso liq. aproximado do produto (Kg)<\/td>\n<td class=\"src__Text-sc-10qje1m-4 fyapQy\">9,9kg<\/td>\n<\/tr>\n<tr class=\"src__View-sc-10qje1m-3 hIUuMp\">\n<td class=\"src__Text-sc-10qje1m-4 fyapQy\">Conte\u00fado da Embalagem<\/td>\n<td class=\"src__Text-sc-10qje1m-4 fyapQy\">1 TELEVISOR 50RK8500, 1 Controle Remoto RC703, 2 Pilhas AAA, 1 Cabo Adaptador P2\/RCA, Cabo sem pino terra, 2 Bases (Pedestal), 4 Parafusos M4x30mm. Para fixar as bases ao televisor<\/td>\n<\/tr>\n<tr class=\"src__View-sc-10qje1m-3 hIUuMp\">\n<td class=\"src__Text-sc-10qje1m-4 fyapQy\">Garantia do Fornecedor<\/td>\n<td class=\"src__Text-sc-10qje1m-4 fyapQy\">12 Meses<\/td>\n<\/tr>\n<tr class=\"src__View-sc-10qje1m-3 hIUuMp\">\n<td class=\"src__Text-sc-10qje1m-4 fyapQy\">Dimens\u00f5es do produto &#8211; cm (AxLxP)<\/td>\n<td class=\"src__Text-sc-10qje1m-4 fyapQy\">65,5&#215;112,4&#215;8,4cm<\/td>\n<\/tr>\n<tr class=\"src__View-sc-10qje1m-3 hIUuMp\">\n<td class=\"src__Text-sc-10qje1m-4 fyapQy\">Refer\u00eancia do Modelo<\/td>\n<td class=\"src__Text-sc-10qje1m-4 fyapQy\">50RK8500<\/td>\n<\/tr>\n<tr class=\"src__View-sc-10qje1m-3 hIUuMp\">\n<td class=\"src__Text-sc-10qje1m-4 fyapQy\">SAC<\/td>\n<td class=\"src__Text-sc-10qje1m-4 fyapQy\">(11) 30047570<\/td>\n<\/tr>\n<\/tbody>\n<\/table>\n<\/div>\n","protected":false},"excerpt":{"rendered":"<p>Ficha t\u00e9cnica C\u00f3digo 4240755656 C\u00f3digo de barras 7899968301167 Fabricante SEMP TCL Marca Semp Recursos de V\u00eddeos 4K HDR, MODO DE IMAGEM Filme, Normal, V\u00edvido, Baixa energia, Esportes, AJUSTE DE COR Normal, Quente, Frio. Recursos\/Funcionalidades 4K HDR &#8211; Com resolu\u00e7\u00e3o 4 vezes maior que a Full HD, a TV 4K reproduz detalhes impressionantes, tornando seus conte\u00fados muito mais realistas com uma experi\u00eancia de visualiza\u00e7\u00e3o imersiva. A tecnologia High Dynamic Range (HDR) oferece um padr\u00e3o superior de contraste e brilho, exibindo muito mais detalhes da imagem, com cores mais vivas. Processador Dual Core Consumo (KW\/h) CONSUMO STAND BY &lt; 0,5W &#8211; CONSUMO M\u00c1XIMO 50\u201d = 95W Recursos de \u00c1udio MODO SOM Fala, Teatro, Graves, Agudos altos, M\u00fasica e Normal Tipo de TV Smart TV Tecnologia da Tela LED Polegadas 50&#8243; Monitor Ultra HD 4k Taxa de Atualiza\u00e7\u00e3o 60Hz Taxa de Atualiza\u00e7\u00e3o com Tecnologia 60Hz Quantidade de entradas USB 1 Local das entradas USB 1 entrada lateral HDMI 4 Local das entradas HDMI 3 entradas laterais Outras Conex\u00f5es 1 HDMI (ARC),1 Entrada AV (\u00c1udio &amp; V\u00eddeo), 1 Entrada RF para Antena\/cabo, 1 Sa\u00edda \u00c1udio digital (\u00f3tica) e 1 Sa\u00edda para fone de ouvido Wi-Fi Integrado Sim Conversor Digital Integrado Sim PIP (Picture in Picture) N\u00e3o Timer On\/Off N\u00e3o Sleep Timer Sim Closed Caption Sim Principais Aplicativos GLOBOPLAY, YOUTUBE, DISNEY, PRIME VIDEO, NETFLIX, APPLE TV Pot\u00eancia do \u00c1udio (RMS) 2*10 = 20W Wi-Fi Wi-Fi integrado Cor Preto Peso liq. aproximado do produto (Kg) 9,9kg Conte\u00fado da Embalagem 1 TELEVISOR 50RK8500, 1 Controle Remoto RC703, 2 Pilhas AAA, 1 Cabo Adaptador P2\/RCA, Cabo sem pino terra, 2 Bases (Pedestal), 4 Parafusos M4x30mm. Para fixar as bases ao televisor Garantia do Fornecedor 12 Meses Dimens\u00f5es do produto &#8211; cm (AxLxP) 65,5&#215;112,4&#215;8,4cm Refer\u00eancia do Modelo 50RK8500 SAC (11) 30047570<\/p>\n","protected":false},"featured_media":1205,"template":"","meta":{"_uag_custom_page_level_css":"","site-sidebar-layout":"default","site-content-layout":"default","ast-site-content-layout":"default","site-content-style":"default","site-sidebar-style":"default","ast-global-header-display":"","ast-banner-title-visibility":"","ast-main-header-display":"","ast-hfb-above-header-display":"","ast-hfb-below-header-display":"","ast-hfb-mobile-header-display":"","site-post-title":"","ast-breadcrumbs-content":"","ast-featured-img":"","footer-sml-layout":"","theme-transparent-header-meta":"default","adv-header-id-meta":"","stick-header-meta":"","header-above-stick-meta":"","header-main-stick-meta":"","header-below-stick-meta":"","astra-migrate-meta-layouts":"default","ast-page-background-enabled":"default","ast-page-background-meta":{"desktop":{"background-color":"","background-image":"","background-repeat":"repeat","background-position":"center center","background-size":"auto","background-attachment":"scroll","background-type":"","background-media":"","overlay-type":"","overlay-color":"","overlay-opacity":"","overlay-gradient":""},"tablet":{"background-color":"","background-image":"","background-repeat":"repeat","background-position":"center center","background-size":"auto","background-attachment":"scroll","background-type":"","background-media":"","overlay-type":"","overlay-color":"","overlay-opacity":"","overlay-gradient":""},"mobile":{"background-color":"","background-image":"","background-repeat":"repeat","background-position":"center center","background-size":"auto","background-attachment":"scroll","background-type":"","background-media":"","overlay-type":"","overlay-color":"","overlay-opacity":"","overlay-gradient":""}},"ast-content-background-meta":{"desktop":{"background-color":"var(--ast-global-color-5)","background-image":"","background-repeat":"repeat","background-position":"center center","background-size":"auto","background-attachment":"scroll","background-type":"","background-media":"","overlay-type":"","overlay-color":"","overlay-opacity":"","overlay-gradient":""},"tablet":{"background-color":"var(--ast-global-color-5)","background-image":"","background-repeat":"repeat","background-position":"center center","background-size":"auto","background-attachment":"scroll","background-type":"","background-media":"","overlay-type":"","overlay-color":"","overlay-opacity":"","overlay-gradient":""},"mobile":{"background-color":"var(--ast-global-color-5)","background-image":"","background-repeat":"repeat","background-position":"center center","background-size":"auto","background-attachment":"scroll","background-type":"","background-media":"","overlay-type":"","overlay-color":"","overlay-opacity":"","overlay-gradient":""}}},"product_brand":[],"product_cat":[38,25,76],"product_tag":[129,373,128],"class_list":{"0":"post-1203","1":"product","2":"type-product","3":"status-publish","4":"has-post-thumbnail","6":"product_cat-eletronicos","7":"product_cat-smart-tv","8":"product_cat-tv-e-video","9":"product_tag-4k","10":"product_tag-hdr","11":"product_tag-uhd","12":"desktop-align-center","13":"tablet-align-left","14":"mobile-align-center","16":"first","17":"instock","18":"shipping-taxable","19":"product-type-external"},"uagb_featured_image_src":{"full":["https:\/\/promocaododia.com.br\/site\/wp-content\/uploads\/2022\/11\/Smart-Tv-Led-50-Semp-50rk8500-Rokuuhd-Hdr-Wifi-Dual-Band-4-Hdmi-1-Usb-1.jpg",600,600,false],"thumbnail":["https:\/\/promocaododia.com.br\/site\/wp-content\/uploads\/2022\/11\/Smart-Tv-Led-50-Semp-50rk8500-Rokuuhd-Hdr-Wifi-Dual-Band-4-Hdmi-1-Usb-1-150x150.jpg",150,150,true],"medium":["https:\/\/promocaododia.com.br\/site\/wp-content\/uploads\/2022\/11\/Smart-Tv-Led-50-Semp-50rk8500-Rokuuhd-Hdr-Wifi-Dual-Band-4-Hdmi-1-Usb-1-300x300.jpg",300,300,true],"medium_large":["https:\/\/promocaododia.com.br\/site\/wp-content\/uploads\/2022\/11\/Smart-Tv-Led-50-Semp-50rk8500-Rokuuhd-Hdr-Wifi-Dual-Band-4-Hdmi-1-Usb-1.jpg",600,600,false],"large":["https:\/\/promocaododia.com.br\/site\/wp-content\/uploads\/2022\/11\/Smart-Tv-Led-50-Semp-50rk8500-Rokuuhd-Hdr-Wifi-Dual-Band-4-Hdmi-1-Usb-1.jpg",600,600,false],"1536x1536":["https:\/\/promocaododia.com.br\/site\/wp-content\/uploads\/2022\/11\/Smart-Tv-Led-50-Semp-50rk8500-Rokuuhd-Hdr-Wifi-Dual-Band-4-Hdmi-1-Usb-1.jpg",600,600,false],"2048x2048":["https:\/\/promocaododia.com.br\/site\/wp-content\/uploads\/2022\/11\/Smart-Tv-Led-50-Semp-50rk8500-Rokuuhd-Hdr-Wifi-Dual-Band-4-Hdmi-1-Usb-1.jpg",600,600,false],"woocommerce_thumbnail":["https:\/\/promocaododia.com.br\/site\/wp-content\/uploads\/2022\/11\/Smart-Tv-Led-50-Semp-50rk8500-Rokuuhd-Hdr-Wifi-Dual-Band-4-Hdmi-1-Usb-1-250x250.jpg",250,250,true],"woocommerce_single":["https:\/\/promocaododia.com.br\/site\/wp-content\/uploads\/2022\/11\/Smart-Tv-Led-50-Semp-50rk8500-Rokuuhd-Hdr-Wifi-Dual-Band-4-Hdmi-1-Usb-1-250x250.jpg",250,250,true],"woocommerce_gallery_thumbnail":["https:\/\/promocaododia.com.br\/site\/wp-content\/uploads\/2022\/11\/Smart-Tv-Led-50-Semp-50rk8500-Rokuuhd-Hdr-Wifi-Dual-Band-4-Hdmi-1-Usb-1-100x100.jpg",100,100,true]},"uagb_author_info":{"display_name":"danilo.gbr","author_link":"https:\/\/promocaododia.com.br\/site\/author\/"},"uagb_comment_info":0,"uagb_excerpt":"Ficha t\u00e9cnica C\u00f3digo 4240755656 C\u00f3digo de barras 7899968301167 Fabricante SEMP TCL Marca Semp Recursos de V\u00eddeos 4K HDR, MODO DE IMAGEM Filme, Normal, V\u00edvido, Baixa energia, Esportes, AJUSTE DE COR Normal, Quente, Frio. Recursos\/Funcionalidades 4K HDR &#8211; Com resolu\u00e7\u00e3o 4 vezes maior que a Full HD, a TV 4K reproduz detalhes impressionantes, tornando seus conte\u00fados&hellip;","_links":{"self":[{"href":"https:\/\/promocaododia.com.br\/site\/wp-json\/wp\/v2\/product\/1203","targetHints":{"allow":["GET"]}}],"collection":[{"href":"https:\/\/promocaododia.com.br\/site\/wp-json\/wp\/v2\/product"}],"about":[{"href":"https:\/\/promocaododia.com.br\/site\/wp-json\/wp\/v2\/types\/product"}],"wp:featuredmedia":[{"embeddable":true,"href":"https:\/\/promocaododia.com.br\/site\/wp-json\/wp\/v2\/media\/1205"}],"wp:attachment":[{"href":"https:\/\/promocaododia.com.br\/site\/wp-json\/wp\/v2\/media?parent=1203"}],"wp:term":[{"taxonomy":"product_brand","embeddable":true,"href":"https:\/\/promocaododia.com.br\/site\/wp-json\/wp\/v2\/product_brand?post=1203"},{"taxonomy":"product_cat","embeddable":true,"href":"https:\/\/promocaododia.com.br\/site\/wp-json\/wp\/v2\/product_cat?post=1203"},{"taxonomy":"product_tag","embeddable":true,"href":"https:\/\/promocaododia.com.br\/site\/wp-json\/wp\/v2\/product_tag?post=1203"}],"curies":[{"name":"wp","href":"https:\/\/api.w.org\/{rel}","templated":true}]}}